{"id":838,"date":"2020-07-29T19:59:35","date_gmt":"2020-07-29T22:59:35","guid":{"rendered":"https:\/\/sites.usp.br\/papoipusp\/?page_id=838"},"modified":"2020-07-30T21:26:10","modified_gmt":"2020-07-31T00:26:10","slug":"sobre-o-projeto","status":"publish","type":"page","link":"https:\/\/sites.usp.br\/papoipusp\/sobre-o-projeto\/","title":{"rendered":"Sobre o Projeto"},"content":{"rendered":"<p>A pandemia COVID-19 nos obriga a reorganizar modos de vida e conviver com a apreens\u00e3o e as dores ligadas \u00e0s consequ\u00eancias diretas e indiretas da doen\u00e7a. Preocupados com as dificuldades psicol\u00f3gicas que surgem neste momento, o Instituto de Psicologia da Universidade de S\u00e3o Paulo est\u00e1 oferecendo, de modo p\u00fablico e gratuito, o atendimento pelo \u201cApoio Psicol\u00f3gico Online\u201d.<\/p>\n<p>Ap\u00f3s o cadastro pelo formul\u00e1rio, cujo link segue abaixo, voc\u00ea dever\u00e1 ser contatado em at\u00e9 2 dias \u00fateis por um psic\u00f3logo da nossa equipe que agendar\u00e1 um dia e hor\u00e1rio para um atendimento, preferencialmente via videoconfer\u00eancia.<\/p>\n<p>Sublinhamos que o projeto prop\u00f5e um atendimento pontual, uma \u00fanica ou, eventualmente, poucas sess\u00f5es, com o objetivo de auxiliar na travessia das dificuldades psicol\u00f3gicas deste per\u00edodo, diferenciando-se assim de um tratamento psicoterap\u00eautico.<\/p>\n<p>Nesta fase do projeto atenderemos exclusivamente a comunidade USP, visite o site regularmente para atualiza\u00e7\u00f5es sobre o p\u00fablico alvo. A equipe de colaboradores de atendimento online \u00e9 composta por psic\u00f3logos ou psic\u00f3logas j\u00e1 formados que possuem algum v\u00ednculo com o Instituto de Psicologia da USP, tais como alunos de p\u00f3s-gradua\u00e7\u00e3o strictu e lato sensu, p\u00f3s-doutorandos, pesquisadores, docentes e psic\u00f3logos contratados pelo instituto.<\/p>\n<p>Para solicitar o atendimento, preencha :<a href=\"https:\/\/docs.google.com\/forms\/d\/e\/1FAIpQLSfqDojTg_MSc3EGyB7_Fn5lONRu8OzSJx0YWCt9DP2BJSpWBg\/viewform\"> Inscri\u00e7\u00e3o para atendimento<\/a><\/p>\n<p>Fale conosco pelo email: psi.online@usp.br<\/p>\n<p>&nbsp;<\/p>\n<h3>Hist\u00f3rico<\/h3>\n<div class=\"page\" title=\"Page 4\">\n<div class=\"section\">\n<div class=\"layoutArea\">\n<div class=\"column\">\n<p>O Projeto de Apoio Psicolo\u0301gico Online do IPUSP comec\u0327ou a ser formulado em meados de Marc\u0327o a partir da mobilizac\u0327a\u0303o do planta\u0303o psicolo\u0301gico (LEFE) e de membros do Conselho Gestor do Centro Escola do Instituto de Psicologia (CEIP) preocupados com a suspensa\u0303o dos planto\u0303es e do grupo de acolhimento durante a pandemia do Covid-19. Ale\u0301m destas preocupac\u0327o\u0303es, o projeto possui uma parceria especi\u0301fica desde seu ini\u0301cio com o Hospital Universita\u0301rio da USP.<\/p>\n<p>O projeto comec\u0327a a receber inscric\u0327o\u0303es no dia 1o de abril de 2020. Em um primeiro momento o projeto e\u0301 aberto ao pu\u0301blico em geral, mas logo se torna restrito a comunidade USP por conta do volume de solicitac\u0327o\u0303es, sendo efetivado o controle desta condic\u0327a\u0303o somente ao final do me\u0302s de abril. Posteriormente sa\u0303o estabelecidas algumas parcerias, como a parceria com o Hospital Ma\u0301rio Gatti em Campinas e com o cursinho pre\u0301-vestibular da Psicologia que permitem estender um pouco o pu\u0301blico alvo. Importante notar que todos que ja\u0301 foram atendidos pelo projeto em algum momento podem procura\u0301-lo novamente.<\/p>\n<p>A partir de maio, o projeto investe na interlocuc\u0327a\u0303o com outros projetos e servic\u0327os pu\u0301blicos e privados sem fins lucrativos, buscando difundir os conhecimentos acumulados e potencializar ac\u0327o\u0303es de enfrentamento aos efeitos psicolo\u0301gicos da pandemia de Covid-19. Nesta perspectiva, ja\u0301 foram desenvolvidas ac\u0327o\u0303es com secretarias de sau\u0301de, movimentos sociais, peritos judiciais, etc.<\/p>\n<p>E\u0301 necessa\u0301rio possuir um email @usp ou @alumni.usp.br, um CRP ativo e registro no e-psi (ao menos com cadastro em andamento) para realizar atendimentos pelo projeto. Alunos de graduac\u0327a\u0303o e outros profissionais executam importantes func\u0327o\u0303es na gesta\u0303o do projeto. De modo geral, participam docentes, funciona\u0301rios(as), graduandos(as), po\u0301s-graduandos(as) e ex-alunos(as) do Instituto de Psicologia e da Faculdade de Filosofia, Cie\u0302ncias e Letras de Ribeira\u0303o Preto nas atividades fins meio do projeto.<\/p>\n<\/div>\n<\/div>\n<\/div>\n<\/div>\n","protected":false},"excerpt":{"rendered":"<p>A pandemia COVID-19 nos obriga a reorganizar modos de vida e conviver com a apreens\u00e3o e as dores ligadas \u00e0s consequ\u00eancias diretas e indiretas da doen\u00e7a. Preocupados com as dificuldades psicol\u00f3gicas que surgem neste momento, o Instituto de Psicologia da Universidade de S\u00e3o Paulo est\u00e1 oferecendo, de modo p\u00fablico e gratuito, o atendimento pelo \u201cApoio Psicol\u00f3gico Online\u201d. Ap\u00f3s o cadastro pelo formul\u00e1rio, cujo link segue abaixo, voc\u00ea dever\u00e1 ser contatado em at\u00e9 2 dias \u00fateis por um psic\u00f3logo da nossa equipe que agendar\u00e1 um dia e hor\u00e1rio para um atendimento, preferencialmente via videoconfer\u00eancia. Sublinhamos que o projeto prop\u00f5e um atendimento pontual, uma \u00fanica ou, eventualmente, poucas sess\u00f5es, com o objetivo de auxiliar na travessia das dificuldades psicol\u00f3gicas deste per\u00edodo, diferenciando-se assim de um tratamento psicoterap\u00eautico. Nesta fase do projeto atenderemos exclusivamente a comunidade USP, visite o site regularmente para atualiza\u00e7\u00f5es sobre o p\u00fablico alvo. A equipe de colaboradores de atendimento online \u00e9 composta por psic\u00f3logos ou psic\u00f3logas j\u00e1 formados que possuem algum v\u00ednculo com o Instituto de Psicologia da USP, tais como alunos de p\u00f3s-gradua\u00e7\u00e3o strictu e lato sensu, p\u00f3s-doutorandos, pesquisadores, docentes e psic\u00f3logos contratados pelo instituto. Para solicitar o atendimento, preencha : Inscri\u00e7\u00e3o para atendimento Fale conosco pelo email: [&#8230;]<\/p>\n","protected":false},"author":22002,"featured_media":0,"parent":0,"menu_order":0,"comment_status":"closed","ping_status":"closed","template":"","meta":{"footnotes":"","_links_to":"","_links_to_target":""},"class_list":["post-838","page","type-page","status-publish","hentry"],"_links":{"self":[{"href":"https:\/\/sites.usp.br\/papoipusp\/wp-json\/wp\/v2\/pages\/838","targetHints":{"allow":["GET"]}}],"collection":[{"href":"https:\/\/sites.usp.br\/papoipusp\/wp-json\/wp\/v2\/pages"}],"about":[{"href":"https:\/\/sites.usp.br\/papoipusp\/wp-json\/wp\/v2\/types\/page"}],"author":[{"embeddable":true,"href":"https:\/\/sites.usp.br\/papoipusp\/wp-json\/wp\/v2\/users\/22002"}],"replies":[{"embeddable":true,"href":"https:\/\/sites.usp.br\/papoipusp\/wp-json\/wp\/v2\/comments?post=838"}],"version-history":[{"count":3,"href":"https:\/\/sites.usp.br\/papoipusp\/wp-json\/wp\/v2\/pages\/838\/revisions"}],"predecessor-version":[{"id":1037,"href":"https:\/\/sites.usp.br\/papoipusp\/wp-json\/wp\/v2\/pages\/838\/revisions\/1037"}],"wp:attachment":[{"href":"https:\/\/sites.usp.br\/papoipusp\/wp-json\/wp\/v2\/media?parent=838"}],"curies":[{"name":"wp","href":"https:\/\/api.w.org\/{rel}","templated":true}]}}