{"id":843,"date":"2020-07-29T20:03:35","date_gmt":"2020-07-29T23:03:35","guid":{"rendered":"https:\/\/sites.usp.br\/papoipusp\/?page_id=843"},"modified":"2022-07-08T18:01:55","modified_gmt":"2022-07-08T21:01:55","slug":"equipe","status":"publish","type":"page","link":"https:\/\/sites.usp.br\/papoipusp\/equipe\/","title":{"rendered":"Equipe"},"content":{"rendered":"<h2><strong>Equipe<\/strong><\/h2>\n<ul>\n<li>\n<h4><strong>Comit\u00ea Gestor e Executivo ano 2022-23<\/strong><\/h4>\n<\/li>\n<\/ul>\n<p><strong>Coordenadora<\/strong>: Heloisa Antonelli Aun (Psic\u00f3loga LEFE-PSA\/IPUSP)<\/p>\n<p><strong>Vice-coordenadora<\/strong>: Maria da Concei\u00e7\u00e3o Uvaldo (Psic\u00f3loga OP-PST\/IPUSP)<\/p>\n<p>Pedro Milanesi (Psic\u00f3logo\/LEFE\/IPUSP)<\/p>\n<p>Juliana Puglia Higa de Lima (Psic\u00f3loga)<\/p>\n<p>Alexandre Romansine (Psic\u00f3logo)<\/p>\n<p>&nbsp;<\/p>\n<ul>\n<li><strong>Comit\u00ea Gestor e Executivo ano 2021-22<\/strong><\/li>\n<\/ul>\n<p><strong>Coordenadora<\/strong>: Paula Fontana Fonseca (Psic\u00f3loga PSA\/IPSP)<\/p>\n<p><strong>Vice-coordenadora<\/strong>: Maria da Concei\u00e7\u00e3o Uvaldo (Psic\u00f3loga OP-PST\/IPUSP)<\/p>\n<p>Pedro Milanesi (Psic\u00f3logo\/LEFE\/IPUSP)<\/p>\n<p>Juliana Puglia Higa de Lima (Psic\u00f3loga)<\/p>\n<p>Alexandre Romansine (Psic\u00f3logo)<\/p>\n<p>&nbsp;<\/p>\n<ul>\n<li><strong>Comit\u00ea Gestor e Executivo ano 2020-21<\/strong><\/li>\n<\/ul>\n<p><strong>Coordenador<\/strong> Pablo Castanho (docente PSC\/ LipSic)<\/p>\n<p><strong>Vice-coordenadora<\/strong>: Paula Fontana Fonseca (Psic\u00f3loga &#8211; PSA)<\/p>\n<p>Pedro Milanesi (LEFE)<\/p>\n<p>Maria da Concei\u00e7\u00e3o Uvaldo (psic\u00f3loga OP-PST)<\/p>\n<p>Alexandre Romansine (Gradua\u00e7\u00e3o)<\/p>\n<p>Andr\u00e9 Ferreira Bezerra (Mestrando- PST)<\/p>\n<p>Solange Em\u00edlio (p\u00f3s-doc- PSC- LipSic\/Cligiap)<\/p>\n<p>Luciana Ruffo (LEFE-PSA)<\/p>\n<p>Juliana Puglia Higa de Lima (Aprimoranda OP)<\/p>\n<p>Mayara Coutinho (Doutoranda PSC- LipSic)<\/p>\n<p>Fernanda Nardoni (LEFE)<\/p>\n<p>&nbsp;<\/p>\n<ul>\n<li><strong>Secretaria e apoio t\u00e9cnico administrativo 2022-23<\/strong><\/li>\n<\/ul>\n<p>Pedro Milanesi (LEFE)<\/p>\n<p>Caroline Brito (Gradua\u00e7\u00e3o IPUSP)<\/p>\n<p>J\u00e9ssica Rocha dos Santos (Gradua\u00e7\u00e3o IPUSP)<\/p>\n<p>Luan Ricardo Pereira de Souza (Gradua\u00e7\u00e3o IPUSP)<\/p>\n<p>&nbsp;<\/p>\n<ul>\n<li><strong>Consultores especializados em atendimento psicol\u00f3gico online<\/strong><\/li>\n<\/ul>\n<p>Luciana Ruffo (LEFE-PSA- IPUSP)<\/p>\n<p>Juliana Puglia Higa de Lima (Aprimoranda OP IPUSP)<\/p>\n<p>&nbsp;<\/p>\n<ul>\n<li><strong>Supervisores cl\u00ednicos:<\/strong><\/li>\n<\/ul>\n<p>Profa. Henriette Morato (2020-atual)<\/p>\n<p>Prof. Pablo Castanho (2020-atual)<\/p>\n<p>Psic\u00f3logo Dr. Pedro Milanese (2020-atual)<\/p>\n<p>Psic\u00f3loga Dra. Helo\u00edsa A\u00fan (2020-21)<\/p>\n<p>Prof. Jos\u00e9\u00a0Moura Gon\u00e7alves Filho (202-21)<\/p>\n<p>Psic\u00f3loga. Dra. Paula Fontana Fonseca (2020-21)<\/p>\n<p>Profa. Marina Ribeiro (2021)<\/p>\n<p>Profa. Belinda Mandelbaum (2020)<\/p>\n<p>&nbsp;<\/p>\n<ul>\n<li><strong>Contribu\u00edram com o projeto:<\/strong><\/li>\n<\/ul>\n<p>Amanda dos Anjos Novo (Gradua\u00e7\u00e3o)<\/p>\n<p>Andr\u00e9 Ferreira Bezerra (Mestrando- PST)<\/p>\n<p>Anna Sophie Neves (Gradua\u00e7\u00e3o)<\/p>\n<p>Belinda Mandelbaum (Docente\/PST)<\/p>\n<p>Bruna Amaral (Gradua\u00e7\u00e3o IPUSP)<\/p>\n<p>Bruna Amaral (RD IPUSP)<\/p>\n<p>Camila Galafassi (LABOR\/PST)<\/p>\n<p>Catarina Tannus D\u2019Alessandro (Gradua\u00e7\u00e3o)<\/p>\n<p>Gabriela Loureiro (Gradua\u00e7\u00e3o)<\/p>\n<p>Gabrielle Vieira (NOP\/PST<\/p>\n<p>Heloisa Aun (Psic\u00f3loga LEFE-PSA)<\/p>\n<p>Henriette Morato (Coordenadora- LEFE-docente\/PSA)<\/p>\n<p>Jos\u00e9 Moura Gon\u00e7alves Filho (Docente\/PST)<\/p>\n<p>Julia Demetrio Salgado (Gradua\u00e7\u00e3o)<\/p>\n<p>Karen Louise Mascarenhas (Doutoranda- PST)<\/p>\n<p>Lu\u00eds Eduardo (Representante discente)<\/p>\n<p>Luiza Amaral Trindade (Gradua\u00e7\u00e3o)<\/p>\n<p>Maria Luiza Dias Sacco (tec\/adm PSC)<\/p>\n<p>Mariana Ros Stefani (Gradua\u00e7\u00e3o)<\/p>\n<p>Mariana Seuaciucc (Representante discente)<\/p>\n<p>Marina Gonzaga ( Mestranda PSC- LipSic)<\/p>\n<p>Marina Gonzaga (Mestranda- PSC- LipSic\/ Cligiap)<\/p>\n<p>Nara Helena Lopes P Silva (P\u00f3sdoc-PSC. Apoio FAPESP 2018\/11351-2)<\/p>\n<p>Paulo C\u00e9sar de Paiva (CEIP)<\/p>\n<p>Roberta Lia (Representante discente)<\/p>\n<p>Roberta Lia Campos (Gradua\u00e7\u00e3o)<\/p>\n<p>Selene Onila Thomaz (Assistente social \u2013 CEIP)<\/p>\n<p>Solange Em\u00edlio (P\u00f3s-doc- PSC- LipSic\/Cligiap)<\/p>\n<p>Ta\u00eds Silva da Mata (Gradua\u00e7\u00e3o)<\/p>\n<p>Vict\u00f3ria de Angelis (Gradua\u00e7\u00e3o)<\/p>\n<p>&nbsp;<\/p>\n<ul>\n<li><strong>Psic\u00f3logos(as) e alunos (as) colaboradores(das):<\/strong><\/li>\n<\/ul>\n<p>&nbsp;<\/p>\n","protected":false},"excerpt":{"rendered":"<p>Equipe Comit\u00ea Gestor e Executivo ano 2022-23 Coordenadora: Heloisa Antonelli Aun (Psic\u00f3loga LEFE-PSA\/IPUSP) Vice-coordenadora: Maria da Concei\u00e7\u00e3o Uvaldo (Psic\u00f3loga OP-PST\/IPUSP) Pedro Milanesi (Psic\u00f3logo\/LEFE\/IPUSP) Juliana Puglia Higa de Lima (Psic\u00f3loga) Alexandre Romansine (Psic\u00f3logo) &nbsp; Comit\u00ea Gestor e Executivo ano 2021-22 Coordenadora: Paula Fontana Fonseca (Psic\u00f3loga PSA\/IPSP) Vice-coordenadora: Maria da Concei\u00e7\u00e3o Uvaldo (Psic\u00f3loga OP-PST\/IPUSP) Pedro Milanesi (Psic\u00f3logo\/LEFE\/IPUSP) Juliana Puglia Higa de Lima (Psic\u00f3loga) Alexandre Romansine (Psic\u00f3logo) &nbsp; Comit\u00ea Gestor e Executivo ano 2020-21 Coordenador Pablo Castanho (docente PSC\/ LipSic) Vice-coordenadora: Paula Fontana Fonseca (Psic\u00f3loga &#8211; PSA) Pedro Milanesi (LEFE) Maria da Concei\u00e7\u00e3o Uvaldo (psic\u00f3loga OP-PST) Alexandre Romansine (Gradua\u00e7\u00e3o) Andr\u00e9 Ferreira Bezerra (Mestrando- PST) Solange Em\u00edlio (p\u00f3s-doc- PSC- LipSic\/Cligiap) Luciana Ruffo (LEFE-PSA) Juliana Puglia Higa de Lima (Aprimoranda OP) Mayara Coutinho (Doutoranda PSC- LipSic) Fernanda Nardoni (LEFE) &nbsp; Secretaria e apoio t\u00e9cnico administrativo 2022-23 Pedro Milanesi (LEFE) Caroline Brito (Gradua\u00e7\u00e3o IPUSP) J\u00e9ssica Rocha dos Santos (Gradua\u00e7\u00e3o IPUSP) Luan Ricardo Pereira de Souza (Gradua\u00e7\u00e3o IPUSP) &nbsp; Consultores especializados em atendimento psicol\u00f3gico online Luciana Ruffo (LEFE-PSA- IPUSP) Juliana Puglia Higa de Lima (Aprimoranda OP IPUSP) &nbsp; Supervisores cl\u00ednicos: Profa. Henriette Morato (2020-atual) Prof. Pablo Castanho (2020-atual) Psic\u00f3logo Dr. Pedro Milanese (2020-atual) Psic\u00f3loga Dra. Helo\u00edsa A\u00fan (2020-21) Prof. Jos\u00e9\u00a0Moura Gon\u00e7alves Filho (202-21) Psic\u00f3loga. Dra. Paula Fontana [&#8230;]<\/p>\n","protected":false},"author":22002,"featured_media":0,"parent":0,"menu_order":0,"comment_status":"closed","ping_status":"closed","template":"","meta":{"footnotes":"","_links_to":"","_links_to_target":""},"class_list":["post-843","page","type-page","status-publish","hentry"],"_links":{"self":[{"href":"https:\/\/sites.usp.br\/papoipusp\/wp-json\/wp\/v2\/pages\/843","targetHints":{"allow":["GET"]}}],"collection":[{"href":"https:\/\/sites.usp.br\/papoipusp\/wp-json\/wp\/v2\/pages"}],"about":[{"href":"https:\/\/sites.usp.br\/papoipusp\/wp-json\/wp\/v2\/types\/page"}],"author":[{"embeddable":true,"href":"https:\/\/sites.usp.br\/papoipusp\/wp-json\/wp\/v2\/users\/22002"}],"replies":[{"embeddable":true,"href":"https:\/\/sites.usp.br\/papoipusp\/wp-json\/wp\/v2\/comments?post=843"}],"version-history":[{"count":4,"href":"https:\/\/sites.usp.br\/papoipusp\/wp-json\/wp\/v2\/pages\/843\/revisions"}],"predecessor-version":[{"id":1342,"href":"https:\/\/sites.usp.br\/papoipusp\/wp-json\/wp\/v2\/pages\/843\/revisions\/1342"}],"wp:attachment":[{"href":"https:\/\/sites.usp.br\/papoipusp\/wp-json\/wp\/v2\/media?parent=843"}],"curies":[{"name":"wp","href":"https:\/\/api.w.org\/{rel}","templated":true}]}}