{"id":18,"date":"2023-09-25T14:31:30","date_gmt":"2023-09-25T17:31:30","guid":{"rendered":"https:\/\/sites.usp.br\/particulasmodais\/?page_id=18"},"modified":"2023-09-30T17:54:32","modified_gmt":"2023-09-30T20:54:32","slug":"historia-e-objetivos-do-projeto","status":"publish","type":"page","link":"https:\/\/sites.usp.br\/particulasmodais\/historia-e-objetivos-do-projeto\/","title":{"rendered":"Hist\u00f3ria e Objetivos do Projeto"},"content":{"rendered":"<p>O projeto das Part\u00edculas Modais na USP come\u00e7ou em 2018 e desde ent\u00e3o abarcou diferentes perspectivas e objetivos de pesquisa e ensino, entre eles:<\/p>\n<p>&#8211; A an\u00e1lise lingu\u00edstica da fun\u00e7\u00e3o pragm\u00e1tica das Part\u00edculas Modais alem\u00e3s;<br \/>\n&#8211; O Ensino e Aprendizagem das Part\u00edculas Modais alem\u00e3s;<br \/>\n&#8211; A an\u00e1lise contrastiva das Part\u00edculas Modais no par lingu\u00edstico Alem\u00e3o\/Portugu\u00eas;<br \/>\n&#8211; A tradu\u00e7\u00e3o das Part\u00edculas Modais Alem\u00e3s;<br \/>\n&#8211; A investiga\u00e7\u00e3o das Part\u00edculas Modais em l\u00edngua Portuguesa<\/p>\n<p>Com este grupo temos o intuito de pesquisar, divulgar e desenvolver materiais did\u00e1ticos para o ensino e aprendizagem das Part\u00edculas Modais atrav\u00e9s de um vi\u00e9s te\u00f3rico baseado nos estudos mais atuais de lingu\u00edstica e ensino de l\u00ednguas. Tamb\u00e9m temos o objetivo de desenvolver propostas did\u00e1ticas pr\u00e1ticas para o ensino destes elementos modais, por meio de diversos g\u00eaneros aut\u00eanticos voltado para o p\u00fablico local (filmes, s\u00e9ries, Instagram, Quadrinhos, Tiktok, Twitter, Podcasts, entre outros).<\/p>\n<p>As nossas pesquisas s\u00e3o realizadas no contexto da gradua\u00e7\u00e3o e p\u00f3s-gradua\u00e7\u00e3o, mas tamb\u00e9m como projetos de extens\u00e3o, envolvendo estudantes e professoras de alem\u00e3o de fora da universidade. Mantemos colabora\u00e7\u00e3o com universidades brasileiras, alem\u00e3s e argentinas: Universidade Estadual do Rio de Janeiro, Universidade Federal de Minas Gerais, Ludwig-Maximilians-Universit\u00e4t M\u00fcnchen, Leibniz University Hannover, Universit\u00e4t Leipzig e Universidad Nacional de C\u00f3rdoba.<\/p>\n<p>Consulte as abas do nosso site para explorar todas as possibilidades deste material aberto e gratuito. Viel Spa\u00df!<\/p>\n","protected":false},"excerpt":{"rendered":"<p>O projeto das Part\u00edculas Modais na USP come\u00e7ou em 2018 e desde ent\u00e3o abarcou diferentes perspectivas e objetivos de pesquisa e ensino, entre eles: &#8211; A an\u00e1lise lingu\u00edstica da fun\u00e7\u00e3o pragm\u00e1tica das Part\u00edculas Modais alem\u00e3s; &#8211; O Ensino e Aprendizagem das Part\u00edculas Modais alem\u00e3s; &#8211; A an\u00e1lise contrastiva das Part\u00edculas Modais no par lingu\u00edstico Alem\u00e3o\/Portugu\u00eas; [&hellip;]<\/p>\n","protected":false},"author":23776,"featured_media":0,"parent":0,"menu_order":0,"comment_status":"closed","ping_status":"closed","template":"","meta":{"footnotes":"","_links_to":"","_links_to_target":""},"categories":[2],"tags":[],"class_list":["post-18","page","type-page","status-publish","hentry","category-o-projeto"],"jetpack_sharing_enabled":true,"_links":{"self":[{"href":"https:\/\/sites.usp.br\/particulasmodais\/wp-json\/wp\/v2\/pages\/18","targetHints":{"allow":["GET"]}}],"collection":[{"href":"https:\/\/sites.usp.br\/particulasmodais\/wp-json\/wp\/v2\/pages"}],"about":[{"href":"https:\/\/sites.usp.br\/particulasmodais\/wp-json\/wp\/v2\/types\/page"}],"author":[{"embeddable":true,"href":"https:\/\/sites.usp.br\/particulasmodais\/wp-json\/wp\/v2\/users\/23776"}],"replies":[{"embeddable":true,"href":"https:\/\/sites.usp.br\/particulasmodais\/wp-json\/wp\/v2\/comments?post=18"}],"version-history":[{"count":3,"href":"https:\/\/sites.usp.br\/particulasmodais\/wp-json\/wp\/v2\/pages\/18\/revisions"}],"predecessor-version":[{"id":156,"href":"https:\/\/sites.usp.br\/particulasmodais\/wp-json\/wp\/v2\/pages\/18\/revisions\/156"}],"wp:attachment":[{"href":"https:\/\/sites.usp.br\/particulasmodais\/wp-json\/wp\/v2\/media?parent=18"}],"wp:term":[{"taxonomy":"category","embeddable":true,"href":"https:\/\/sites.usp.br\/particulasmodais\/wp-json\/wp\/v2\/categories?post=18"},{"taxonomy":"post_tag","embeddable":true,"href":"https:\/\/sites.usp.br\/particulasmodais\/wp-json\/wp\/v2\/tags?post=18"}],"curies":[{"name":"wp","href":"https:\/\/api.w.org\/{rel}","templated":true}]}}