{"id":190,"date":"2023-10-02T12:07:25","date_gmt":"2023-10-02T15:07:25","guid":{"rendered":"https:\/\/sites.usp.br\/particulasmodais\/?page_id=190"},"modified":"2025-04-29T16:32:35","modified_gmt":"2025-04-29T19:32:35","slug":"homonimos","status":"publish","type":"page","link":"https:\/\/sites.usp.br\/particulasmodais\/homonimos\/","title":{"rendered":"Hom\u00f4nimos"},"content":{"rendered":"<p><span style=\"font-weight: 400;\">As PMs derivam atrav\u00e9s da perda de complexidade sem\u00e2ntica, mas ganho de complexidade pragm\u00e1tica (ABRAHAM, 1991). O que significa que, pelo processo natural do uso da l\u00edngua, elas passam a formar uma nossa classe de palavras com fun\u00e7\u00f5es pragm\u00e1ticas mais complexas, mas com a perda de um significado espec\u00edfico. <\/span><span style=\"font-weight: 400;\">Com essa mudan\u00e7a de categoria, as PMs apresentam caracter\u00edsticas diferente dos lexemas do qual resultam (hom\u00f4nimos), tendo aspectos sem\u00e2nticos, sint\u00e1ticos e pragm\u00e1ticos distintos. Todas as PMs apresentam hom\u00f4nimos n\u00e3o modais em outras classes de palavras, como por exemplo, <\/span><span style=\"font-weight: 400;\">conjun\u00e7\u00f5es (<\/span><i><span style=\"font-weight: 400;\">aber<\/span><\/i><span style=\"font-weight: 400;\">, <\/span><i><span style=\"font-weight: 400;\">doch<\/span><\/i><span style=\"font-weight: 400;\">), <\/span><span style=\"font-weight: 400;\">adv\u00e9rbios (<\/span><i><span style=\"font-weight: 400;\">schon<\/span><\/i><span style=\"font-weight: 400;\">, <\/span><i><span style=\"font-weight: 400;\">auch<\/span><\/i><span style=\"font-weight: 400;\">), <\/span><span style=\"font-weight: 400;\">marcadores de discurso (<\/span><i><span style=\"font-weight: 400;\">ja, doch<\/span><\/i><span style=\"font-weight: 400;\">), <\/span><span style=\"font-weight: 400;\">adjetivos (<\/span><i><span style=\"font-weight: 400;\">eben<\/span><\/i><span style=\"font-weight: 400;\">, <\/span><i><span style=\"font-weight: 400;\">blo\u00df<\/span><\/i><span style=\"font-weight: 400;\">), verbos (<em>halten<\/em>), entre outros.\u00a0<\/span><\/p>\n<p>Ent\u00e3o como podemos identificar as PMs dos seus Hom\u00f4nimos? Pelas <a href=\"https:\/\/sites.usp.br\/particulasmodais\/o-que-sao-as-particulas-modais\/\">regras de uso e de categoriza\u00e7\u00e3o<\/a>, por exemplo: n\u00e3o formam frase sozinhas, se posicionadas no Campo Central, podem ser retiradas da ora\u00e7\u00e3o sem perda gramatical, mas comunicativa, entre outros. Vamos analisar uma compara\u00e7\u00e3o entre aber como conjun\u00e7\u00e3o e como PM:<\/p>\n<p><b>Sie ist Klein, <\/b><span style=\"color: #ff6600;\"><b><i>aber<\/i><\/b><\/span><b> stark <\/b><span style=\"font-weight: 400;\">(<span style=\"color: #ff6600;\">Konjunktion<\/span>) vs. <\/span><span style=\"font-weight: 400;\"><br \/>\n<\/span><b>Ihr seid <\/b><span style=\"color: #ff00ff;\"><b><i>aber<\/i><\/b><\/span><b> gro\u00df geworden <\/b><span style=\"font-weight: 400;\">(<span style=\"color: #ff00ff;\">MP<\/span>)<\/span><span style=\"font-weight: 400;\">\u00a0<\/span><\/p>\n<ul>\n<li aria-level=\"1\"><span style=\"color: #ff6600;\"><b>Konjunktion<\/b><\/span><span style=\"font-weight: 400;\">: verbindet zwei Elemente <\/span><i><span style=\"font-weight: 400;\">x<\/span><\/i><span style=\"font-weight: 400;\"> und <\/span><i><span style=\"font-weight: 400;\">y<\/span><\/i><span style=\"font-weight: 400;\">, von <\/span><i><span style=\"font-weight: 400;\">x<\/span><\/i><span style=\"font-weight: 400;\"> f\u00fchrt zu einer Sequenz <\/span><i><span style=\"font-weight: 400;\">z<\/span><\/i><span style=\"font-weight: 400;\">, die nicht wahr ist. Position: Null (verbindet zwei Haupts\u00e4tze) &#8211; Conjun\u00e7\u00f5es tem a fun\u00e7\u00e3o de relacionam, contrastam dois ou mais elementos da ora\u00e7\u00e3o em uma sequ\u00eancia. Ficam na posi\u00e7\u00e3o 0 (liga duas ora\u00e7\u00f5es principais), sendo separadas por v\u00edrgula<\/span><\/li>\n<\/ul>\n<ul>\n<li aria-level=\"1\"><span style=\"color: #ff00ff;\"><b>MP<\/b><\/span><span style=\"font-weight: 400;\">: Beziehen sich auf den gesamten Satz, zeigt eine \u00dcberraschung, ein Erwartungsbruch. Position: Mittelfeld (zwischen Rhema und Thema) &#8211; As PMs se relacionam com a ora\u00e7\u00e3o toda (n\u00e3o com elementos espec\u00edficos), tem a fun\u00e7\u00e3o de indicar uma quebra de expectativa ou surpresa. Se posicionam no campo central.\u00a0<\/span><\/li>\n<\/ul>\n<p>Logo, uma an\u00e1lise sint\u00e1tica e sem\u00e2ntica permite identificar uma classifica\u00e7\u00e3o adequada das PMs e de seu hom\u00f4nimo n\u00e3o modal. <a href=\"https:\/\/sites.usp.br\/particulasmodais\/2023\/10\/02\/identificacao-das-pms-em-relacao-ao-seu-homonimo\/\">Agora tente fazer essa distin\u00e7\u00e3o!<\/a><\/p>\n","protected":false},"excerpt":{"rendered":"<p>As PMs derivam atrav\u00e9s da perda de complexidade sem\u00e2ntica, mas ganho de complexidade pragm\u00e1tica (ABRAHAM, 1991). O que significa que, pelo processo natural do uso da l\u00edngua, elas passam a formar uma nossa classe de palavras com fun\u00e7\u00f5es pragm\u00e1ticas mais complexas, mas com a perda de um significado espec\u00edfico. Com essa mudan\u00e7a de categoria, as [&hellip;]<\/p>\n","protected":false},"author":23775,"featured_media":0,"parent":0,"menu_order":0,"comment_status":"closed","ping_status":"closed","template":"","meta":{"footnotes":"","_links_to":"","_links_to_target":""},"categories":[8],"tags":[],"class_list":["post-190","page","type-page","status-publish","hentry","category-homonimos"],"jetpack_sharing_enabled":true,"_links":{"self":[{"href":"https:\/\/sites.usp.br\/particulasmodais\/wp-json\/wp\/v2\/pages\/190","targetHints":{"allow":["GET"]}}],"collection":[{"href":"https:\/\/sites.usp.br\/particulasmodais\/wp-json\/wp\/v2\/pages"}],"about":[{"href":"https:\/\/sites.usp.br\/particulasmodais\/wp-json\/wp\/v2\/types\/page"}],"author":[{"embeddable":true,"href":"https:\/\/sites.usp.br\/particulasmodais\/wp-json\/wp\/v2\/users\/23775"}],"replies":[{"embeddable":true,"href":"https:\/\/sites.usp.br\/particulasmodais\/wp-json\/wp\/v2\/comments?post=190"}],"version-history":[{"count":3,"href":"https:\/\/sites.usp.br\/particulasmodais\/wp-json\/wp\/v2\/pages\/190\/revisions"}],"predecessor-version":[{"id":618,"href":"https:\/\/sites.usp.br\/particulasmodais\/wp-json\/wp\/v2\/pages\/190\/revisions\/618"}],"wp:attachment":[{"href":"https:\/\/sites.usp.br\/particulasmodais\/wp-json\/wp\/v2\/media?parent=190"}],"wp:term":[{"taxonomy":"category","embeddable":true,"href":"https:\/\/sites.usp.br\/particulasmodais\/wp-json\/wp\/v2\/categories?post=190"},{"taxonomy":"post_tag","embeddable":true,"href":"https:\/\/sites.usp.br\/particulasmodais\/wp-json\/wp\/v2\/tags?post=190"}],"curies":[{"name":"wp","href":"https:\/\/api.w.org\/{rel}","templated":true}]}}