{"id":284,"date":"2023-10-04T15:27:15","date_gmt":"2023-10-04T18:27:15","guid":{"rendered":"https:\/\/sites.usp.br\/particulasmodais\/?page_id=284"},"modified":"2025-04-29T18:39:30","modified_gmt":"2025-04-29T21:39:30","slug":"como-ensinar-as-pms","status":"publish","type":"page","link":"https:\/\/sites.usp.br\/particulasmodais\/como-ensinar-as-pms\/","title":{"rendered":"Como ensinar as PMs?"},"content":{"rendered":"<p><b>Por que estudar e ensinar sobre as PMs?<\/b> <span style=\"font-weight: 400;\">Tendo em vista os seus aspectos gramaticais, lexicais, pragm\u00e1ticos e socioculturais, as<\/span> <span style=\"font-weight: 400;\">PMs representam um tema muito relevante para ensino e pesquisa em l\u00edngua alem\u00e3. As part\u00edculas s\u00e3o\u00a0 frequentes e extensivamente empregadas na intera\u00e7\u00e3o, especialmente, mas n\u00e3o exclusivamente na linguagem oral informal, sendo, portanto, essenciais para desenvolvimento da compet\u00eancia comunicativa <\/span><span style=\"font-weight: 400;\">(AQUINO, 2020)<\/span><span style=\"font-weight: 400;\">. Sabendo que <\/span><span style=\"font-weight: 400;\">a linguagem em uso <\/span><span style=\"font-weight: 400;\">deve ter cada vez mais espa\u00e7o no ensino de alem\u00e3o<\/span><span style=\"font-weight: 400;\">, acreditamos que a discuss\u00e3o das PMs pode auxiliar na motiva\u00e7\u00e3o, j\u00e1 que quebra a expectativa de uma l\u00edngua muito objetiva\/dura e permite a recep\u00e7\u00e3o e produ\u00e7\u00e3o do idioma de forma mais engajada e criativa. Finalmente, destacamos alguns argumentos para que as PMs sejam trabalhadas em sala de aula em diferentes contextos:<\/span><span style=\"font-weight: 400;\"><br \/>\n<\/span><\/p>\n<p><span style=\"font-weight: 400;\">(i) <\/span><span style=\"font-weight: 400;\">Apresentam aspectos <\/span><span style=\"font-weight: 400;\">gramaticais<\/span><span style=\"font-weight: 400;\">, <\/span><span style=\"font-weight: 400;\">lexicais<\/span><span style=\"font-weight: 400;\">, <\/span><span style=\"font-weight: 400;\">pragm\u00e1ticos<\/span><span style=\"font-weight: 400;\"> e <\/span><span style=\"font-weight: 400;\">interculturais <\/span><span style=\"font-weight: 400;\">essenciais para a aprendizagem de alem\u00e3o.<br \/>\n<\/span><span style=\"font-weight: 400;\">(ii) As PMs s\u00e3o extensivamente utilizadas na intera\u00e7\u00e3o.<br \/>\n<\/span><span style=\"font-weight: 400;\">(iii) A compreens\u00e3o e uso das PMs fomenta a compet\u00eancia <\/span><span style=\"font-weight: 400;\">comunicativa.<\/span><span style=\"font-weight: 400;\"><br \/>\n<\/span><span style=\"font-weight: 400;\">(iv) N\u00e3o \u00e9 preciso planejar aulas apenas sobre as PM, elas podem ser facilmente trabalhadas junto a outros conte\u00fados lingu\u00edsticos e culturais.<br \/>\n<\/span><span style=\"font-weight: 400;\">(v) Poucos materiais trazem explica\u00e7\u00f5es e exerc\u00edcios objetivos sobre as PMs, assim, a sala de aula \u00e9 um espa\u00e7o privilegiado para o ensino destes elementos.\u00a0<\/span><\/p>\n<p><b>Quando trabalhar as PMs?<\/b><span style=\"font-weight: 400;\">: <\/span><span style=\"font-weight: 400;\">Esta pergunta apresenta respostas bastante divergentes nos estudos na \u00e1rea, no entanto, neste projeto acreditamos que o ensino de alem\u00e3o deve ir al\u00e9m das progress\u00f5es dos livros did\u00e1ticos e do QCER, logo defendemos que as PMs podem ser abordadas <\/span><span style=\"font-weight: 400;\">j\u00e1 no in\u00edcio da aprendizagem e continuar durante todos os n\u00edveis, adaptando as abordagens metodol\u00f3gicas. Esperamos com o projeto e este site demonstrar que \u00e9 poss\u00edvel <\/span><span style=\"font-weight: 400;\">oferecer <\/span><span style=\"font-weight: 400;\">regras objetivas<\/span><span style=\"font-weight: 400;\"> sobre a classifica\u00e7\u00e3o e fun\u00e7\u00e3o das PMs por meio de exemplos aut\u00eanticos. <\/span><span style=\"font-weight: 400;\">Finalmente destacamos que \u00e9 essencial que o contexto seja levado em conta durante o trabalho com o tema e, que o detalhamento da explica\u00e7\u00e3o deve depender do conhecimento e interesse do p\u00fablico alvo.<\/span><\/p>\n<p><b>Como trabalhar as PMs<\/b><span style=\"font-weight: 400;\">: <\/span><span style=\"font-weight: 400;\">\u00a0De maneira geral, sugerimos que sejam criadas a oportunidade para compreens\u00e3o e uso das PMs, com exemplos e exerc\u00edcios estimulantes e com <\/span><span style=\"font-weight: 400;\">linguagem aut\u00eantica<\/span> <span style=\"font-weight: 400;\">(mas tamb\u00e9m com exemplos do material did\u00e1tico). O tema das PMs podem ser uma ferramenta para fomentar uma aprendizagem <\/span><span style=\"font-weight: 400;\">aut\u00f4noma e reflexiva<\/span><span style=\"font-weight: 400;\">, <\/span><span style=\"font-weight: 400;\">despertando a curiosidade da l\u00edngua e cultura alem\u00e3. Sugerimos algumas <\/span><span style=\"font-weight: 400;\">quest\u00f5es que precisam ser levadas em considera\u00e7\u00e3o para a sensibiliza\u00e7\u00e3o sobre o tema:\u00a0<\/span><\/p>\n<p><span style=\"font-weight: 400;\">(i) Possuem inten\u00e7\u00f5es comunicativas espec\u00edficas, s\u00e3o diferentes dos seus hom\u00f4nimos;<br \/>\n<\/span><span style=\"font-weight: 400;\">(ii) Ter consci\u00eancia sobre o papel fundamental na linguagem e intera\u00e7\u00e3o em alem\u00e3o;<br \/>\n<\/span><span style=\"font-weight: 400;\">(iii) Existem regras objetivas para para identific\u00e1-las identific\u00e1-las;<br \/>\n<\/span><span style=\"font-weight: 400;\">(iv) Este \u00e9 um tema complexo da l\u00edngua, que precisa ser trabalhado com calma e paci\u00eancia.<\/span><\/p>\n<p><span style=\"font-weight: 400;\">Para explicar a fun\u00e7\u00e3o das PM sugerimos neste projeto o trabalho com a <a href=\"https:\/\/sites.usp.br\/particulasmodais\/funcao-vs-significado\/\">abordagem minimalista<\/a>, isto \u00e9, que cada PM tem uma fun\u00e7\u00e3o nuclear est\u00e1vel e o significado espec\u00edfico depende da an\u00e1lise contextual. Acreditamos que esta abordagem permite uma aprendizagem mais auto reflexiva, na qual as estudantes podem ser mais independentes e criativas com o uso do idioma. Defendemos o uso de materiais aut\u00eanticos para o trabalho com PMs (<a href=\"https:\/\/sites.usp.br\/particulasmodais\/series\/\">consultar o corpus<\/a>), no entanto, para introduzir o tema a professora pode discutir a fun\u00e7\u00e3o das PMs por meio de <a href=\"https:\/\/sites.usp.br\/particulasmodais\/frases-com-e-sem-pms\/\">compara\u00e7\u00e3o entre ora\u00e7\u00f5es com e sem PMs<\/a>, ou mesma ora\u00e7\u00e3o com PMs diferentes, por exemplo:<\/span><\/p>\n<ul>\n<li><span style=\"font-weight: 400;\">Ich habe es in der Zeitung gelesen <strong><em>vs.<\/em> <\/strong>Ich habe es <strong>doch<\/strong> in der Zeitung gelesen<\/span><\/li>\n<li><span style=\"font-weight: 400;\">Deutsch ist doch \/ aber \/ ja\/ wohl\/ halt\u00a0 nicht so schwer!<\/span><\/li>\n<\/ul>\n<p><span style=\"font-weight: 400;\">Como qualquer aspecto do ensino de l\u00ednguas, <span style=\"color: #ff0000;\">n\u00e3o existe receita pronta<\/span>! Para ensinar sobre as PMs \u00e9 importante tornar a sala de aula um ambiente lingu\u00edstico f\u00e9rtil, utilizando diferentes <\/span><span style=\"font-weight: 400;\">abordagens <\/span><span style=\"font-weight: 400;\">e <\/span><span style=\"font-weight: 400;\">materiais de ensino<\/span><span style=\"font-weight: 400;\">. Al\u00e9m disso, \u00e9 melhor tratar um <\/span><span style=\"font-weight: 400;\">menor n\u00famero<\/span> <span style=\"font-weight: 400;\">de PMs, mas com todas as suas <\/span><span style=\"font-weight: 400;\">variantes <\/span><span style=\"font-weight: 400;\">e em diferentes <\/span><span style=\"font-weight: 400;\">contextos<\/span><span style=\"font-weight: 400;\">. A tabela a seguir resume algumas das nossas sugest\u00f5es sobre o ensino-aprendizagem das PMs:<\/span><\/p>\n<table>\n<tbody>\n<tr>\n<td><b>Wie kann man sie <\/b><b><i>wohl<\/i><\/b><b> lernen?<\/b><b>\u00a0<\/b><\/td>\n<\/tr>\n<tr>\n<td><b>Sensibilizar<\/b><span style=\"font-weight: 400;\"> sobre as linguagem em uso, pragm\u00e1tica e PMs<\/span><\/td>\n<\/tr>\n<tr>\n<td><span style=\"font-weight: 400;\">Demonstrar a diferen\u00e7a entre<\/span><b> frases com e sem PMs<\/b><span style=\"font-weight: 400;\">, evidenciando a sua import\u00e2ncia no discurso\u00a0<\/span><\/td>\n<\/tr>\n<tr>\n<td><b>Fun\u00e7\u00e3o nuclear <\/b><span style=\"font-weight: 400;\">de cada PM e seu significado no <\/span><b>contexto<\/b><\/td>\n<\/tr>\n<tr>\n<td><b>N\u00edvel<\/b><span style=\"font-weight: 400;\"> de aprofundamento (formais e comunicativo) deve ser adequado<\/span><\/td>\n<\/tr>\n<tr>\n<td><b>Livro did\u00e1tico <\/b><span style=\"font-weight: 400;\">tamb\u00e9m pode ser utilizado, mas dar prefer\u00eancia para <\/span><b>materiais aut\u00eanticos<\/b><\/td>\n<\/tr>\n<tr>\n<td><span style=\"font-weight: 400;\">Diferentes<\/span><b> tarefas<\/b><span style=\"font-weight: 400;\">, <\/span><b>atividades<\/b><span style=\"font-weight: 400;\"> e <\/span><b>projetos<\/b><span style=\"font-weight: 400;\"> podem utilizados para este fim<\/span><\/td>\n<\/tr>\n<tr>\n<td><b>Reflex\u00e3o sociocultural <\/b><span style=\"font-weight: 400;\">tamb\u00e9m deve ser tematizada no ensino de PMs\u00a0<\/span><\/td>\n<\/tr>\n<tr>\n<td><span style=\"font-weight: 400;\">Trabalhar com <\/span><b>poucas PMs <\/b><span style=\"font-weight: 400;\">em <\/span><b>sess\u00f5es curtas<\/b><b>.\u00a0<\/b><\/td>\n<\/tr>\n<\/tbody>\n<\/table>\n<p><span style=\"color: #0000ff;\"><strong><br \/>\nPor fim o que voc\u00ea acha? Quais s\u00e3o as vantagens e desvantagens e desafios do ensino-aprendizagem das PMs? Como voc\u00ea j\u00e1 trabalhou ou trabalharia sobre o tema?<\/strong><\/span><\/p>\n<p>&nbsp;<\/p>\n","protected":false},"excerpt":{"rendered":"<p>Por que estudar e ensinar sobre as PMs? Tendo em vista os seus aspectos gramaticais, lexicais, pragm\u00e1ticos e socioculturais, as PMs representam um tema muito relevante para ensino e pesquisa em l\u00edngua alem\u00e3. As part\u00edculas s\u00e3o\u00a0 frequentes e extensivamente empregadas na intera\u00e7\u00e3o, especialmente, mas n\u00e3o exclusivamente na linguagem oral informal, sendo, portanto, essenciais para desenvolvimento [&hellip;]<\/p>\n","protected":false},"author":23775,"featured_media":0,"parent":0,"menu_order":0,"comment_status":"closed","ping_status":"closed","template":"","meta":{"footnotes":"","_links_to":"","_links_to_target":""},"categories":[28],"tags":[],"class_list":["post-284","page","type-page","status-publish","hentry","category-ensinar"],"jetpack_sharing_enabled":true,"_links":{"self":[{"href":"https:\/\/sites.usp.br\/particulasmodais\/wp-json\/wp\/v2\/pages\/284","targetHints":{"allow":["GET"]}}],"collection":[{"href":"https:\/\/sites.usp.br\/particulasmodais\/wp-json\/wp\/v2\/pages"}],"about":[{"href":"https:\/\/sites.usp.br\/particulasmodais\/wp-json\/wp\/v2\/types\/page"}],"author":[{"embeddable":true,"href":"https:\/\/sites.usp.br\/particulasmodais\/wp-json\/wp\/v2\/users\/23775"}],"replies":[{"embeddable":true,"href":"https:\/\/sites.usp.br\/particulasmodais\/wp-json\/wp\/v2\/comments?post=284"}],"version-history":[{"count":4,"href":"https:\/\/sites.usp.br\/particulasmodais\/wp-json\/wp\/v2\/pages\/284\/revisions"}],"predecessor-version":[{"id":632,"href":"https:\/\/sites.usp.br\/particulasmodais\/wp-json\/wp\/v2\/pages\/284\/revisions\/632"}],"wp:attachment":[{"href":"https:\/\/sites.usp.br\/particulasmodais\/wp-json\/wp\/v2\/media?parent=284"}],"wp:term":[{"taxonomy":"category","embeddable":true,"href":"https:\/\/sites.usp.br\/particulasmodais\/wp-json\/wp\/v2\/categories?post=284"},{"taxonomy":"post_tag","embeddable":true,"href":"https:\/\/sites.usp.br\/particulasmodais\/wp-json\/wp\/v2\/tags?post=284"}],"curies":[{"name":"wp","href":"https:\/\/api.w.org\/{rel}","templated":true}]}}