{"id":291,"date":"2023-10-04T16:03:02","date_gmt":"2023-10-04T19:03:02","guid":{"rendered":"https:\/\/sites.usp.br\/particulasmodais\/?page_id=291"},"modified":"2025-05-25T21:28:01","modified_gmt":"2025-05-26T00:28:01","slug":"pm-doch","status":"publish","type":"page","link":"https:\/\/sites.usp.br\/particulasmodais\/pm-doch\/","title":{"rendered":"PM doch"},"content":{"rendered":"<p dir=\"ltr\"><span style=\"font-weight: 400;\"><strong>1. Indique a fun\u00e7\u00e3o comunicativa e o significado das PMs <span style=\"color: #ff0000;\">doch<\/span> nos exemplos:<\/strong><br \/>\n(Os exemplos aut\u00eanticos foram retirados do nosso <a href=\"https:\/\/sites.usp.br\/particulasmodais\/como-acessar-o-corpus\/\">corpus<\/a>)<br \/>\n<\/span><\/p>\n<p><img data-recalc-dims=\"1\" fetchpriority=\"high\" decoding=\"async\" class=\"alignnone wp-image-279\" src=\"https:\/\/i0.wp.com\/sites.usp.br\/particulasmodais\/wp-content\/uploads\/sites\/1356\/2023\/10\/War-wohl-doch-kein-Wurm-Comic.jpg?resize=226%2C323&#038;ssl=1\" alt=\"\" width=\"226\" height=\"323\" srcset=\"https:\/\/i0.wp.com\/sites.usp.br\/particulasmodais\/wp-content\/uploads\/sites\/1356\/2023\/10\/War-wohl-doch-kein-Wurm-Comic.jpg?resize=210%2C300&amp;ssl=1 210w, https:\/\/i0.wp.com\/sites.usp.br\/particulasmodais\/wp-content\/uploads\/sites\/1356\/2023\/10\/War-wohl-doch-kein-Wurm-Comic.jpg?resize=716%2C1024&amp;ssl=1 716w, https:\/\/i0.wp.com\/sites.usp.br\/particulasmodais\/wp-content\/uploads\/sites\/1356\/2023\/10\/War-wohl-doch-kein-Wurm-Comic.jpg?w=753&amp;ssl=1 753w\" sizes=\"(max-width: 226px) 100vw, 226px\" \/><br \/>\nFonte: <a href=\"https:\/\/www.instagram.com\/ruthe_offiziell\/\">Ruthe<\/a><\/p>\n<div style=\"width: 368px;\" class=\"wp-video\"><video class=\"wp-video-shortcode\" id=\"video-291-1\" width=\"368\" height=\"656\" preload=\"metadata\" controls=\"controls\"><source type=\"video\/mp4\" src=\"https:\/\/sites.usp.br\/particulasmodais\/wp-content\/uploads\/sites\/1356\/2023\/10\/Video-Urlaub-com-doch.mp4?_=1\" \/><a href=\"https:\/\/sites.usp.br\/particulasmodais\/wp-content\/uploads\/sites\/1356\/2023\/10\/Video-Urlaub-com-doch.mp4\">https:\/\/sites.usp.br\/particulasmodais\/wp-content\/uploads\/sites\/1356\/2023\/10\/Video-Urlaub-com-doch.mp4<\/a><\/video><\/div>\n<p>Fonte: desconhecido<\/p>\n<p dir=\"ltr\"><span style=\"font-weight: 400;\"><img data-recalc-dims=\"1\" decoding=\"async\" class=\"alignnone wp-image-276\" src=\"https:\/\/i0.wp.com\/sites.usp.br\/particulasmodais\/wp-content\/uploads\/sites\/1356\/2023\/10\/Screenshot_20220818-092059_Instagram.jpg?resize=261%2C325&#038;ssl=1\" alt=\"\" width=\"261\" height=\"325\" srcset=\"https:\/\/i0.wp.com\/sites.usp.br\/particulasmodais\/wp-content\/uploads\/sites\/1356\/2023\/10\/Screenshot_20220818-092059_Instagram.jpg?resize=241%2C300&amp;ssl=1 241w, https:\/\/i0.wp.com\/sites.usp.br\/particulasmodais\/wp-content\/uploads\/sites\/1356\/2023\/10\/Screenshot_20220818-092059_Instagram.jpg?resize=822%2C1024&amp;ssl=1 822w, https:\/\/i0.wp.com\/sites.usp.br\/particulasmodais\/wp-content\/uploads\/sites\/1356\/2023\/10\/Screenshot_20220818-092059_Instagram.jpg?resize=768%2C956&amp;ssl=1 768w, https:\/\/i0.wp.com\/sites.usp.br\/particulasmodais\/wp-content\/uploads\/sites\/1356\/2023\/10\/Screenshot_20220818-092059_Instagram.jpg?w=1080&amp;ssl=1 1080w\" sizes=\"(max-width: 261px) 100vw, 261px\" \/><br \/>\nFonte: <a href=\"https:\/\/www.instagram.com\/spiegelmagazin\/\">Spiegel Magazin<\/a><\/span><\/p>\n\n<p><strong>2. Assista \u00e0s cenas da s\u00e9rie <span style=\"color: #ff0000;\">Queer Eye Germany <\/span><\/strong><a href=\"https:\/\/www.netflix.com\/browse\"><span style=\"color: #000000;\">(Netflix),<\/span><\/a><strong> explique a fun\u00e7\u00e3o e o significado contextualizado da PM <span style=\"color: #ff0000;\">doch<\/span>:<\/strong><br \/>\n<span style=\"font-weight: 400;\">(Para mais cenas da s\u00e9rie acesse <a href=\"https:\/\/sites.usp.br\/particulasmodais\/como-acessar-o-corpus\/\">o nosso Corpus<\/a>)<\/span><\/p>\n<p>(i)\u00a0 Epis\u00f3dio 1, ab 44:14: Aljosha : \u201cGeh <b>doch<\/b> <b>mal<\/b> rein. Geh <b>doch<\/b> <b>mal<\/b> rein. Das ist schon.\u201d<br \/>\n(ii) Epis\u00f3dio 2, ab 31:06: Aljosha : \u201cDas ist <b>doch<\/b> gar nicht das Ziel. Das Ziel ist <b>doch<\/b> erst mal nur dein Kopf freizubekommen, oder?\u201d<br \/>\n(iii) Epis\u00f3dio 3, ab 30:48: Aljosha: \u201cAber daf\u00fcr bist du <b>doch<\/b> da.\u201d<br \/>\n(iv) Epis\u00f3dio 4, ab 36:53: David: \u201cErz\u00e4hl mir <b>doch<\/b> einfach <b>mal<\/b>, was du morgens machst f\u00fcr dich.\u201d<br \/>\n(v) Epis\u00f3dio 5, ab 18:35: Ayan: \u201cGuck <b>mal<\/b>. Das ist <b>doch<\/b> \u2018n sch\u00f6ner Schlafplatz.\u201d<\/p>\n\n<p><strong>3. Assista \u00e0s cenas dos <span style=\"color: #ff0000;\">filmes<\/span> e discuta a legenda em portugu\u00eas, elas est\u00e3o de acordo com as fun\u00e7\u00f5es e significados no contexto da PM <span style=\"color: #ff0000;\">doch<\/span>? Voc\u00ea teria outra alternativa?<\/strong><\/p>\n<p><b><span style=\"color: #0000ff;\">Adeus, L\u00eanin (Good Bye Lenin \u2013 2001\/2003)<br \/>\n<\/span><\/b><span style=\"font-weight: 400;\">32:22 Ariane: Sei <\/span><b>doch <\/b><span style=\"font-weight: 400;\">verdammt <\/span><b>mal <\/b><span style=\"font-weight: 400;\">nur einmal realistisch!<br \/>\n<\/span><b><span style=\"font-weight: 400;\">Alex: Sei du <\/span>doch mal <span style=\"font-weight: 400;\">realistisch!<\/span><span style=\"font-weight: 400;\"><br \/>\n<\/span><span style=\"color: #ff9900;\">Legenda<\/span><span style=\"font-weight: 400;\">: Ariane: S\u00f3 dessa vez, seja realista.\u00a0 \u00a0 \u00a0 \u00a0 Alex: N\u00e3o, seja voc\u00ea realista.<\/span><\/b><\/p>\n<p>53:04 Alex: Singt <strong>doch<\/strong> was.<br \/>\n<strong><span style=\"color: #ff9900;\">Legenda<\/span><\/strong>: Rapazes, cantem alguma coisa, est\u00e1 bem?<\/p>\n<p>&nbsp;<\/p>\n<p><span style=\"color: #0000ff;\"><b>The Edukators (Die fetten Jahre sind vorbei \u2013 2004)<br \/>\n<\/b><\/span><b><\/b><span style=\"font-weight: 400;\">01:46:42 Jule: Du liebst mich <\/span><b>doch <\/b><span style=\"font-weight: 400;\">gar nicht mehr.<\/span><span style=\"font-weight: 400;\"><br \/>\n<\/span><span style=\"color: #ff9900;\"><b>Legenda<\/b><\/span><span style=\"font-weight: 400;\">:<\/span><span style=\"font-weight: 400;\"> Voc\u00ea n\u00e3o me ama mais.<\/span><\/p>\n<p>&nbsp;<\/p>\n<p><span style=\"color: #0000ff;\"><b>A vida dos outros (Das Leben der Anderen \u2013 2006)<br \/>\n<\/b><\/span><span style=\"font-weight: 400;\">37:37 Funcion\u00e1rio: Ich habe <\/span><b>doch <\/b><span style=\"font-weight: 400;\">nur&#8230;<br \/>\n<\/span><span style=\"font-weight: 400;\">Kulturminister: Sie haben <\/span><b>doch <\/b><span style=\"font-weight: 400;\">nur unser Partei verh\u00f6hnt.<br \/>\n<\/span><span style=\"font-weight: 400;\">K.M.: Das war <\/span><b>doch <\/b><span style=\"font-weight: 400;\">nur Spa\u00df.<br \/>\n<\/span><span style=\"color: #ff9900;\"><b>Legenda<\/b> <b>1<\/b><\/span><span style=\"font-weight: 400;\">: Eu s\u00f3 estava&#8230;<br \/>\n<\/span><span style=\"color: #ff9900;\"><b>Legenda<\/b> <b>2<\/b><\/span><span style=\"font-weight: 400;\">:\u00a0 Filme 2: Voc\u00ea estava zombando do partido.<br \/>\n<\/span><span style=\"font-weight: 400;\"><span style=\"color: #ff9900;\"><b>Legenda<\/b> <b>3<\/b><\/span> : Estou brincando.<br \/>\n<\/span><\/p>\n<p><b> <\/b><\/p>\n","protected":false},"excerpt":{"rendered":"<p>1. Indique a fun\u00e7\u00e3o comunicativa e o significado das PMs doch nos exemplos: (Os exemplos aut\u00eanticos foram retirados do nosso corpus) Fonte: Ruthe Fonte: desconhecido Fonte: Spiegel Magazin 2. Assista \u00e0s cenas da s\u00e9rie Queer Eye Germany (Netflix), explique a fun\u00e7\u00e3o e o significado contextualizado da PM doch: (Para mais cenas da s\u00e9rie acesse o [&hellip;]<\/p>\n","protected":false},"author":23775,"featured_media":0,"parent":0,"menu_order":0,"comment_status":"closed","ping_status":"closed","template":"","meta":{"footnotes":"","_links_to":"","_links_to_target":""},"categories":[16],"tags":[],"class_list":["post-291","page","type-page","status-publish","hentry","category-exercicios-de-funcao-nuclear"],"jetpack_sharing_enabled":true,"_links":{"self":[{"href":"https:\/\/sites.usp.br\/particulasmodais\/wp-json\/wp\/v2\/pages\/291","targetHints":{"allow":["GET"]}}],"collection":[{"href":"https:\/\/sites.usp.br\/particulasmodais\/wp-json\/wp\/v2\/pages"}],"about":[{"href":"https:\/\/sites.usp.br\/particulasmodais\/wp-json\/wp\/v2\/types\/page"}],"author":[{"embeddable":true,"href":"https:\/\/sites.usp.br\/particulasmodais\/wp-json\/wp\/v2\/users\/23775"}],"replies":[{"embeddable":true,"href":"https:\/\/sites.usp.br\/particulasmodais\/wp-json\/wp\/v2\/comments?post=291"}],"version-history":[{"count":4,"href":"https:\/\/sites.usp.br\/particulasmodais\/wp-json\/wp\/v2\/pages\/291\/revisions"}],"predecessor-version":[{"id":645,"href":"https:\/\/sites.usp.br\/particulasmodais\/wp-json\/wp\/v2\/pages\/291\/revisions\/645"}],"wp:attachment":[{"href":"https:\/\/sites.usp.br\/particulasmodais\/wp-json\/wp\/v2\/media?parent=291"}],"wp:term":[{"taxonomy":"category","embeddable":true,"href":"https:\/\/sites.usp.br\/particulasmodais\/wp-json\/wp\/v2\/categories?post=291"},{"taxonomy":"post_tag","embeddable":true,"href":"https:\/\/sites.usp.br\/particulasmodais\/wp-json\/wp\/v2\/tags?post=291"}],"curies":[{"name":"wp","href":"https:\/\/api.w.org\/{rel}","templated":true}]}}