{"id":294,"date":"2023-10-04T16:33:08","date_gmt":"2023-10-04T19:33:08","guid":{"rendered":"https:\/\/sites.usp.br\/particulasmodais\/?page_id=294"},"modified":"2023-10-15T20:41:43","modified_gmt":"2023-10-15T23:41:43","slug":"pm-denn","status":"publish","type":"page","link":"https:\/\/sites.usp.br\/particulasmodais\/pm-denn\/","title":{"rendered":"PM denn"},"content":{"rendered":"<p dir=\"ltr\"><span style=\"font-weight: 400;\"><strong>1. Indique a fun\u00e7\u00e3o comunicativa e o significado das PMs <span style=\"color: #ff0000;\">denn<\/span> nos exemplos:<\/strong><br \/>\n(Os exemplos aut\u00eanticos foram retirados do nosso <a href=\"https:\/\/sites.usp.br\/particulasmodais\/como-acessar-o-corpus\/\">corpus<\/a>)<br \/>\n<\/span><\/p>\n<p><a href=\"https:\/\/www.zeit.de\/zustimmung?url=https%3A%2F%2Fwww.zeit.de%2Fzeit-magazin%2Findex\"><img data-recalc-dims=\"1\" fetchpriority=\"high\" decoding=\"async\" class=\"alignnone wp-image-297\" src=\"https:\/\/i0.wp.com\/sites.usp.br\/particulasmodais\/wp-content\/uploads\/sites\/1356\/2023\/10\/Wie-komm-ich-denn-dann-nach-Hause_-Comic.jpg?resize=344%2C341&#038;ssl=1\" alt=\"\" width=\"344\" height=\"341\" srcset=\"https:\/\/i0.wp.com\/sites.usp.br\/particulasmodais\/wp-content\/uploads\/sites\/1356\/2023\/10\/Wie-komm-ich-denn-dann-nach-Hause_-Comic.jpg?resize=300%2C297&amp;ssl=1 300w, https:\/\/i0.wp.com\/sites.usp.br\/particulasmodais\/wp-content\/uploads\/sites\/1356\/2023\/10\/Wie-komm-ich-denn-dann-nach-Hause_-Comic.jpg?resize=1024%2C1014&amp;ssl=1 1024w, https:\/\/i0.wp.com\/sites.usp.br\/particulasmodais\/wp-content\/uploads\/sites\/1356\/2023\/10\/Wie-komm-ich-denn-dann-nach-Hause_-Comic.jpg?resize=150%2C150&amp;ssl=1 150w, https:\/\/i0.wp.com\/sites.usp.br\/particulasmodais\/wp-content\/uploads\/sites\/1356\/2023\/10\/Wie-komm-ich-denn-dann-nach-Hause_-Comic.jpg?resize=768%2C761&amp;ssl=1 768w, https:\/\/i0.wp.com\/sites.usp.br\/particulasmodais\/wp-content\/uploads\/sites\/1356\/2023\/10\/Wie-komm-ich-denn-dann-nach-Hause_-Comic.jpg?resize=45%2C45&amp;ssl=1 45w, https:\/\/i0.wp.com\/sites.usp.br\/particulasmodais\/wp-content\/uploads\/sites\/1356\/2023\/10\/Wie-komm-ich-denn-dann-nach-Hause_-Comic.jpg?w=1170&amp;ssl=1 1170w\" sizes=\"(max-width: 344px) 100vw, 344px\" \/><\/a><\/p>\n<p>Fonte: <a href=\"https:\/\/www.zeit.de\/zustimmung?url=https%3A%2F%2Fwww.zeit.de%2Fzeit-magazin%2Findex\">Zeitmagazin<\/a>; <a href=\"https:\/\/www.instagram.com\/zeit\/\">Spielplatz Landebahn<\/a>.<\/p>\n<p><img data-recalc-dims=\"1\" decoding=\"async\" class=\"alignnone wp-image-296\" src=\"https:\/\/i0.wp.com\/sites.usp.br\/particulasmodais\/wp-content\/uploads\/sites\/1356\/2023\/10\/Wie-geil-ist-das-denn-Post-Instagram.jpg?resize=294%2C368&#038;ssl=1\" alt=\"\" width=\"294\" height=\"368\" srcset=\"https:\/\/i0.wp.com\/sites.usp.br\/particulasmodais\/wp-content\/uploads\/sites\/1356\/2023\/10\/Wie-geil-ist-das-denn-Post-Instagram.jpg?resize=240%2C300&amp;ssl=1 240w, https:\/\/i0.wp.com\/sites.usp.br\/particulasmodais\/wp-content\/uploads\/sites\/1356\/2023\/10\/Wie-geil-ist-das-denn-Post-Instagram.jpg?resize=820%2C1024&amp;ssl=1 820w, https:\/\/i0.wp.com\/sites.usp.br\/particulasmodais\/wp-content\/uploads\/sites\/1356\/2023\/10\/Wie-geil-ist-das-denn-Post-Instagram.jpg?resize=768%2C959&amp;ssl=1 768w, https:\/\/i0.wp.com\/sites.usp.br\/particulasmodais\/wp-content\/uploads\/sites\/1356\/2023\/10\/Wie-geil-ist-das-denn-Post-Instagram.jpg?w=1079&amp;ssl=1 1079w\" sizes=\"(max-width: 294px) 100vw, 294px\" \/><br \/>\nFonte: <a href=\"https:\/\/www.instagram.com\/spiegelmagazin\/\">Spiegel Magazin<\/a><\/p>\n<p><img data-recalc-dims=\"1\" decoding=\"async\" class=\"alignnone wp-image-298\" src=\"https:\/\/i0.wp.com\/sites.usp.br\/particulasmodais\/wp-content\/uploads\/sites\/1356\/2023\/10\/Wo-sind-denn-Ingrid-und-Mark_-Comic.jpg?resize=347%2C245&#038;ssl=1\" alt=\"\" width=\"347\" height=\"245\" srcset=\"https:\/\/i0.wp.com\/sites.usp.br\/particulasmodais\/wp-content\/uploads\/sites\/1356\/2023\/10\/Wo-sind-denn-Ingrid-und-Mark_-Comic.jpg?resize=300%2C212&amp;ssl=1 300w, https:\/\/i0.wp.com\/sites.usp.br\/particulasmodais\/wp-content\/uploads\/sites\/1356\/2023\/10\/Wo-sind-denn-Ingrid-und-Mark_-Comic.jpg?resize=768%2C543&amp;ssl=1 768w, https:\/\/i0.wp.com\/sites.usp.br\/particulasmodais\/wp-content\/uploads\/sites\/1356\/2023\/10\/Wo-sind-denn-Ingrid-und-Mark_-Comic.jpg?w=830&amp;ssl=1 830w\" sizes=\"(max-width: 347px) 100vw, 347px\" \/><br \/>\nFonte: <a href=\"https:\/\/roth-cartoons.de\/\">Roth Cartoon<\/a><\/p>\n<p><strong>2. Assista \u00e0s cenas da s\u00e9rie<span style=\"color: #ff0000;\"> Queer Eye Germany <\/span><\/strong><span style=\"color: #000000;\"><a style=\"color: #000000;\" href=\"https:\/\/www.netflix.com\/browse\">(Netflix)<\/a><\/span><strong>, explique a fun\u00e7\u00e3o e o significado contextualizado da PM <span style=\"color: #ff0000;\">denn<\/span>:<\/strong><br \/>\n<span style=\"font-weight: 400;\">(Para mais cenas da s\u00e9rie acesse <a href=\"https:\/\/sites.usp.br\/particulasmodais\/como-acessar-o-corpus\/\">o nosso Corpus<\/a>)<\/span><\/p>\n<p>(i)\u00a0 Epis\u00f3dio 1, ab 49:56: Ayan: <span style=\"font-weight: 400;\">\u00a0<\/span>Warum braucht er <strong>denn<\/strong> Hilfe?<br \/>\n(ii) Epis\u00f3dio 2, ab 36:54: Aljosha : <span style=\"font-weight: 400;\">Was hast du <\/span><b>denn<\/b><span style=\"font-weight: 400;\"> gerne f\u00fcr \u2018n Sport gemacht?<br \/>\n<\/span>(iii) Epis\u00f3dio 3, ab 49:27: David: <span style=\"font-weight: 400;\">Aber warum <\/span><b>denn<\/b><span style=\"font-weight: 400;\">?<\/span><br \/>\n(iv) Epis\u00f3dio 4, ab 40:29: Ayan: Aber was ist <strong>denn<\/strong> eigentlich mit Selfcare, mit Sellove?<br \/>\n(v) Epis\u00f3dio 5, ab 37:25: Aljosha: <span style=\"font-weight: 400;\">Hast du <\/span><b>denn<\/b><span style=\"font-weight: 400;\"> das Bed\u00fcrfnis, also wie f\u00fchlst du dich <\/span><b>denn<\/b><span style=\"font-weight: 400;\"> gesundheitlich?<\/span><\/p>\n","protected":false},"excerpt":{"rendered":"<p>1. Indique a fun\u00e7\u00e3o comunicativa e o significado das PMs denn nos exemplos: (Os exemplos aut\u00eanticos foram retirados do nosso corpus) Fonte: Zeitmagazin; Spielplatz Landebahn. Fonte: Spiegel Magazin Fonte: Roth Cartoon 2. Assista \u00e0s cenas da s\u00e9rie Queer Eye Germany (Netflix), explique a fun\u00e7\u00e3o e o significado contextualizado da PM denn: (Para mais cenas da [&hellip;]<\/p>\n","protected":false},"author":23775,"featured_media":0,"parent":0,"menu_order":0,"comment_status":"closed","ping_status":"closed","template":"","meta":{"footnotes":"","_links_to":"","_links_to_target":""},"categories":[16],"tags":[],"class_list":["post-294","page","type-page","status-publish","hentry","category-exercicios-de-funcao-nuclear"],"jetpack_sharing_enabled":true,"_links":{"self":[{"href":"https:\/\/sites.usp.br\/particulasmodais\/wp-json\/wp\/v2\/pages\/294","targetHints":{"allow":["GET"]}}],"collection":[{"href":"https:\/\/sites.usp.br\/particulasmodais\/wp-json\/wp\/v2\/pages"}],"about":[{"href":"https:\/\/sites.usp.br\/particulasmodais\/wp-json\/wp\/v2\/types\/page"}],"author":[{"embeddable":true,"href":"https:\/\/sites.usp.br\/particulasmodais\/wp-json\/wp\/v2\/users\/23775"}],"replies":[{"embeddable":true,"href":"https:\/\/sites.usp.br\/particulasmodais\/wp-json\/wp\/v2\/comments?post=294"}],"version-history":[{"count":4,"href":"https:\/\/sites.usp.br\/particulasmodais\/wp-json\/wp\/v2\/pages\/294\/revisions"}],"predecessor-version":[{"id":467,"href":"https:\/\/sites.usp.br\/particulasmodais\/wp-json\/wp\/v2\/pages\/294\/revisions\/467"}],"wp:attachment":[{"href":"https:\/\/sites.usp.br\/particulasmodais\/wp-json\/wp\/v2\/media?parent=294"}],"wp:term":[{"taxonomy":"category","embeddable":true,"href":"https:\/\/sites.usp.br\/particulasmodais\/wp-json\/wp\/v2\/categories?post=294"},{"taxonomy":"post_tag","embeddable":true,"href":"https:\/\/sites.usp.br\/particulasmodais\/wp-json\/wp\/v2\/tags?post=294"}],"curies":[{"name":"wp","href":"https:\/\/api.w.org\/{rel}","templated":true}]}}