{"id":311,"date":"2023-10-04T17:18:36","date_gmt":"2023-10-04T20:18:36","guid":{"rendered":"https:\/\/sites.usp.br\/particulasmodais\/?page_id=311"},"modified":"2024-02-19T20:16:01","modified_gmt":"2024-02-19T23:16:01","slug":"pm-wohl","status":"publish","type":"page","link":"https:\/\/sites.usp.br\/particulasmodais\/pm-wohl\/","title":{"rendered":"PM wohl"},"content":{"rendered":"<p><span style=\"font-weight: 400;\"><strong>1. Indique a fun\u00e7\u00e3o comunicativa e o significado das PMs <span style=\"color: #ff0000;\">wohl<\/span> nos exemplos:<\/strong><br \/>\n(Os exemplos aut\u00eanticos foram retirados do nosso <a href=\"https:\/\/sites.usp.br\/particulasmodais\/como-acessar-o-corpus\/\">corpus<\/a>)<br \/>\n<\/span><\/p>\n<p><img data-recalc-dims=\"1\" fetchpriority=\"high\" decoding=\"async\" class=\"alignnone size-medium wp-image-326\" src=\"https:\/\/i0.wp.com\/sites.usp.br\/particulasmodais\/wp-content\/uploads\/sites\/1356\/2023\/10\/Es-ist-wohl-realistisch-an-wunder-zu-glauben-Post-Instagram.jpeg?resize=207%2C300&#038;ssl=1\" alt=\"\" width=\"207\" height=\"300\" srcset=\"https:\/\/i0.wp.com\/sites.usp.br\/particulasmodais\/wp-content\/uploads\/sites\/1356\/2023\/10\/Es-ist-wohl-realistisch-an-wunder-zu-glauben-Post-Instagram-scaled.jpeg?resize=207%2C300&amp;ssl=1 207w, https:\/\/i0.wp.com\/sites.usp.br\/particulasmodais\/wp-content\/uploads\/sites\/1356\/2023\/10\/Es-ist-wohl-realistisch-an-wunder-zu-glauben-Post-Instagram-scaled.jpeg?resize=707%2C1024&amp;ssl=1 707w, https:\/\/i0.wp.com\/sites.usp.br\/particulasmodais\/wp-content\/uploads\/sites\/1356\/2023\/10\/Es-ist-wohl-realistisch-an-wunder-zu-glauben-Post-Instagram-scaled.jpeg?resize=768%2C1112&amp;ssl=1 768w, https:\/\/i0.wp.com\/sites.usp.br\/particulasmodais\/wp-content\/uploads\/sites\/1356\/2023\/10\/Es-ist-wohl-realistisch-an-wunder-zu-glauben-Post-Instagram-scaled.jpeg?resize=1060%2C1536&amp;ssl=1 1060w, https:\/\/i0.wp.com\/sites.usp.br\/particulasmodais\/wp-content\/uploads\/sites\/1356\/2023\/10\/Es-ist-wohl-realistisch-an-wunder-zu-glauben-Post-Instagram-scaled.jpeg?resize=1414%2C2048&amp;ssl=1 1414w, https:\/\/i0.wp.com\/sites.usp.br\/particulasmodais\/wp-content\/uploads\/sites\/1356\/2023\/10\/Es-ist-wohl-realistisch-an-wunder-zu-glauben-Post-Instagram-scaled.jpeg?w=1767&amp;ssl=1 1767w, https:\/\/i0.wp.com\/sites.usp.br\/particulasmodais\/wp-content\/uploads\/sites\/1356\/2023\/10\/Es-ist-wohl-realistisch-an-wunder-zu-glauben-Post-Instagram-scaled.jpeg?w=1208&amp;ssl=1 1208w\" sizes=\"(max-width: 207px) 100vw, 207px\" \/><br \/>\nFonte: <a href=\"https:\/\/www.instagram.com\/mrmrspanda\/\">Mr. Mrs Panda<\/a><\/p>\n<p><img data-recalc-dims=\"1\" decoding=\"async\" class=\"alignnone size-medium wp-image-327\" src=\"https:\/\/i0.wp.com\/sites.usp.br\/particulasmodais\/wp-content\/uploads\/sites\/1356\/2023\/10\/Sie-haben-sich-im-wirklichem-Leben-aber-wohl-nie-so-richtig-gut-verstanden-Post-Instagram.jpg?resize=241%2C300&#038;ssl=1\" alt=\"\" width=\"241\" height=\"300\" srcset=\"https:\/\/i0.wp.com\/sites.usp.br\/particulasmodais\/wp-content\/uploads\/sites\/1356\/2023\/10\/Sie-haben-sich-im-wirklichem-Leben-aber-wohl-nie-so-richtig-gut-verstanden-Post-Instagram.jpg?resize=241%2C300&amp;ssl=1 241w, https:\/\/i0.wp.com\/sites.usp.br\/particulasmodais\/wp-content\/uploads\/sites\/1356\/2023\/10\/Sie-haben-sich-im-wirklichem-Leben-aber-wohl-nie-so-richtig-gut-verstanden-Post-Instagram.jpg?resize=822%2C1024&amp;ssl=1 822w, https:\/\/i0.wp.com\/sites.usp.br\/particulasmodais\/wp-content\/uploads\/sites\/1356\/2023\/10\/Sie-haben-sich-im-wirklichem-Leben-aber-wohl-nie-so-richtig-gut-verstanden-Post-Instagram.jpg?resize=768%2C957&amp;ssl=1 768w, https:\/\/i0.wp.com\/sites.usp.br\/particulasmodais\/wp-content\/uploads\/sites\/1356\/2023\/10\/Sie-haben-sich-im-wirklichem-Leben-aber-wohl-nie-so-richtig-gut-verstanden-Post-Instagram.jpg?w=1080&amp;ssl=1 1080w\" sizes=\"(max-width: 241px) 100vw, 241px\" \/><br \/>\nFonte: <a href=\"https:\/\/www.instagram.com\/taff\/\">Taff<\/a><\/p>\n<p><img data-recalc-dims=\"1\" decoding=\"async\" class=\"alignnone wp-image-325\" src=\"https:\/\/i0.wp.com\/sites.usp.br\/particulasmodais\/wp-content\/uploads\/sites\/1356\/2023\/10\/Du-bist-ja-wohl-noch-im-Team-Trump-oder-Comic.jpg?resize=444%2C323&#038;ssl=1\" alt=\"\" width=\"444\" height=\"323\" srcset=\"https:\/\/i0.wp.com\/sites.usp.br\/particulasmodais\/wp-content\/uploads\/sites\/1356\/2023\/10\/Du-bist-ja-wohl-noch-im-Team-Trump-oder-Comic.jpg?resize=300%2C218&amp;ssl=1 300w, https:\/\/i0.wp.com\/sites.usp.br\/particulasmodais\/wp-content\/uploads\/sites\/1356\/2023\/10\/Du-bist-ja-wohl-noch-im-Team-Trump-oder-Comic.jpg?resize=1024%2C744&amp;ssl=1 1024w, https:\/\/i0.wp.com\/sites.usp.br\/particulasmodais\/wp-content\/uploads\/sites\/1356\/2023\/10\/Du-bist-ja-wohl-noch-im-Team-Trump-oder-Comic.jpg?resize=768%2C558&amp;ssl=1 768w, https:\/\/i0.wp.com\/sites.usp.br\/particulasmodais\/wp-content\/uploads\/sites\/1356\/2023\/10\/Du-bist-ja-wohl-noch-im-Team-Trump-oder-Comic.jpg?resize=1536%2C1116&amp;ssl=1 1536w, https:\/\/i0.wp.com\/sites.usp.br\/particulasmodais\/wp-content\/uploads\/sites\/1356\/2023\/10\/Du-bist-ja-wohl-noch-im-Team-Trump-oder-Comic.jpg?w=1755&amp;ssl=1 1755w, https:\/\/i0.wp.com\/sites.usp.br\/particulasmodais\/wp-content\/uploads\/sites\/1356\/2023\/10\/Du-bist-ja-wohl-noch-im-Team-Trump-oder-Comic.jpg?w=1208&amp;ssl=1 1208w\" sizes=\"(max-width: 444px) 100vw, 444px\" \/><br \/>\nFonte: (desconhecido)<\/p>\n<p><strong>2. Assista \u00e0s cenas da s\u00e9rie <span style=\"color: #ff0000;\">How to sell drugs online <\/span><\/strong><a href=\"https:\/\/www.netflix.com\/browse\"><span style=\"color: #000000;\">(Netflix)<\/span><\/a><strong>, explique a fun\u00e7\u00e3o e o significado contextualizado da PM <span style=\"color: #ff0000;\">wohl<\/span>:<\/strong><br \/>\n<span style=\"font-weight: 400;\">(Para mais cenas da s\u00e9rie acesse <a href=\"https:\/\/sites.usp.br\/particulasmodais\/como-acessar-o-corpus\/\">o nosso Corpus<\/a>)<\/span><\/p>\n<p><span style=\"font-weight: 400;\">(i) Epis\u00f3dio 2, ab 08:00: <\/span><span style=\"font-weight: 400;\">Der Moment, auf den ich gewartet habe. <\/span><span style=\"font-weight: 400;\">Lisa braucht Hilfe, und es w\u00e4re <b>ja <\/b><strong>wohl<\/strong> unvern\u00fcnftig, das diesem Typen hier zu \u00fcberlassen.<br \/>\n(ii) Epis\u00f3dio 3, ab 23:30: Wenn das jemand wei\u00df, dann <strong>ja w<\/strong><b>ohl <\/b>ich, oder?<br \/>\n(iii) Epis\u00f3dio 4, ab 15:22: Dein Vater kommt <b>ja wohl <\/b>nicht mehr.<\/span><\/p>\n<p>&nbsp;<\/p>\n<p><strong>3. Assista \u00e0 reportagem da Logo do canal <a href=\"https:\/\/www.zdf.de\/kinder\/logo\">2DF<\/a> e explique a fun\u00e7\u00e3o e significado de <span style=\"color: #ff0000;\">wohl<\/span> em: \u201cDar\u00fcber wird <i>wohl<\/i> bis sp\u00e4t in die Nacht noch gestritten\u201d: <\/strong><a href=\"https:\/\/www.zdf.de\/kinder\/logo\/logo-vom-samstag-19-november-2022-102.html\">Themen: Weltklimakonferenz \/ Wie kommt Mineral\u00f6l in Lebensmittel \/ Kinderreporterin Kaya hinter den Kulissen von &#8220;Wetten, dass..?&#8221;<\/a><\/p>\n<p><span style=\"color: #0000ff;\"><strong>Voc\u00ea ouviu outras PMs no v\u00eddeo? Quais?<\/strong><\/span><\/p>\n<p>&nbsp;<\/p>\n","protected":false},"excerpt":{"rendered":"<p>1. Indique a fun\u00e7\u00e3o comunicativa e o significado das PMs wohl nos exemplos: (Os exemplos aut\u00eanticos foram retirados do nosso corpus) Fonte: Mr. Mrs Panda Fonte: Taff Fonte: (desconhecido) 2. Assista \u00e0s cenas da s\u00e9rie How to sell drugs online (Netflix), explique a fun\u00e7\u00e3o e o significado contextualizado da PM wohl: (Para mais cenas da [&hellip;]<\/p>\n","protected":false},"author":23775,"featured_media":0,"parent":0,"menu_order":0,"comment_status":"closed","ping_status":"closed","template":"","meta":{"footnotes":"","_links_to":"","_links_to_target":""},"categories":[16],"tags":[],"class_list":["post-311","page","type-page","status-publish","hentry","category-exercicios-de-funcao-nuclear"],"jetpack_sharing_enabled":true,"_links":{"self":[{"href":"https:\/\/sites.usp.br\/particulasmodais\/wp-json\/wp\/v2\/pages\/311","targetHints":{"allow":["GET"]}}],"collection":[{"href":"https:\/\/sites.usp.br\/particulasmodais\/wp-json\/wp\/v2\/pages"}],"about":[{"href":"https:\/\/sites.usp.br\/particulasmodais\/wp-json\/wp\/v2\/types\/page"}],"author":[{"embeddable":true,"href":"https:\/\/sites.usp.br\/particulasmodais\/wp-json\/wp\/v2\/users\/23775"}],"replies":[{"embeddable":true,"href":"https:\/\/sites.usp.br\/particulasmodais\/wp-json\/wp\/v2\/comments?post=311"}],"version-history":[{"count":4,"href":"https:\/\/sites.usp.br\/particulasmodais\/wp-json\/wp\/v2\/pages\/311\/revisions"}],"predecessor-version":[{"id":571,"href":"https:\/\/sites.usp.br\/particulasmodais\/wp-json\/wp\/v2\/pages\/311\/revisions\/571"}],"wp:attachment":[{"href":"https:\/\/sites.usp.br\/particulasmodais\/wp-json\/wp\/v2\/media?parent=311"}],"wp:term":[{"taxonomy":"category","embeddable":true,"href":"https:\/\/sites.usp.br\/particulasmodais\/wp-json\/wp\/v2\/categories?post=311"},{"taxonomy":"post_tag","embeddable":true,"href":"https:\/\/sites.usp.br\/particulasmodais\/wp-json\/wp\/v2\/tags?post=311"}],"curies":[{"name":"wp","href":"https:\/\/api.w.org\/{rel}","templated":true}]}}