{"id":398,"date":"2023-10-07T15:01:33","date_gmt":"2023-10-07T18:01:33","guid":{"rendered":"https:\/\/sites.usp.br\/particulasmodais\/?page_id=398"},"modified":"2025-05-25T21:34:31","modified_gmt":"2025-05-26T00:34:31","slug":"sobre-o-projeto","status":"publish","type":"page","link":"https:\/\/sites.usp.br\/particulasmodais\/sobre-o-projeto\/","title":{"rendered":"Sobre o Projeto"},"content":{"rendered":"<p><span style=\"font-weight: 400;\">Este projeto tem o objetivo de oferecer solu\u00e7\u00f5es did\u00e1ticas para preencher as lacunas de materiais de ensino-aprendizagem de PMs, por meio de tr\u00eas propostas: (i) o esquema das caracter\u00edsticas das PMs <\/span><i><span style=\"font-weight: 400;\">ja<\/span><\/i><span style=\"font-weight: 400;\"> e <\/span><i><span style=\"font-weight: 400;\">denn<\/span><\/i><span style=\"font-weight: 400;\"> pelo Formato Descritivo; (ii) a an\u00e1lise de <a href=\"https:\/\/sites.usp.br\/particulasmodais\/episodios\/\">exemplos do primeiro epis\u00f3dio<\/a> da s\u00e9rie da Netflix Queer Eye Germany; (iii) a introdu\u00e7\u00e3o de uma sequ\u00eancia did\u00e1tica dividida em introdu\u00e7\u00e3o, elabora\u00e7\u00e3o e produ\u00e7\u00e3o.\u00a0<\/span><\/p>\n<p><span style=\"font-weight: 400;\">Para delinear as caracter\u00edsticas das PMs <\/span><i><span style=\"font-weight: 400;\">ja<\/span><\/i><span style=\"font-weight: 400;\"> e <\/span><i><span style=\"font-weight: 400;\">denn<\/span><\/i><span style=\"font-weight: 400;\">, propomos uma categoriza\u00e7\u00e3o dentro do Formato Descritivo que esbo\u00e7a os significados espec\u00edficos do lexema e o tipo de refer\u00eancia ao contexto pragm\u00e1tico, ao mesmo tempo em que lista as caracter\u00edsticas morfol\u00f3gicas e sint\u00e1ticas relevantes da part\u00edcula <a href=\"https:\/\/www.revistas.usp.br\/pg\/article\/view\/208723\">(AQUINO, 2023).\u00a0<\/a><\/span><\/p>\n<p><strong>Formato Descritivo da PM ja<\/strong><\/p>\n<table>\n<tbody>\n<tr>\n<td><b>Ja<\/b><\/p>\n<p><i><span style=\"font-weight: 400;\">concord\u00e2ncia<\/span><\/i><\/td>\n<td><b>Declarativas e Exclamativas<\/b><\/p>\n<p><span style=\"font-weight: 400;\">Hom\u00f4nimo<\/span><span style=\"font-weight: 400;\">: marcador do discurso<\/span><\/td>\n<\/tr>\n<tr>\n<td><span style=\"font-weight: 400;\">Propriedades morfol\u00f3gicas e sint\u00e1ticas<\/span><\/td>\n<td><span style=\"font-weight: 400;\">Part\u00edcula Modal; Campo Central<\/span><\/td>\n<\/tr>\n<tr>\n<td><span style=\"font-weight: 400;\">Contexto<\/span><\/td>\n<td><span style=\"font-weight: 400;\">Confirma ou afirma a factualidade de um estado de coisas<\/span><\/td>\n<\/tr>\n<tr>\n<td><span style=\"font-weight: 400;\">Significado, par\u00e1frase:<\/span><\/p>\n<p><span style=\"font-weight: 400;\">Example de uso:<\/span><\/td>\n<td><span style=\"font-weight: 400;\">Digo isso sabendo que voc\u00ea j\u00e1 compartilha este conhecimento e\/ou concorda.<\/span><\/p>\n<p>&nbsp;<\/p>\n<p><span style=\"font-weight: 400;\">(Atrav\u00e9s de informa\u00e7\u00f5es contextuais, a bandeira do time pendurada, Roman indica que est\u00e1 evidente que ele \u00e9 um f\u00e3 de futebol)<\/span><span style=\"font-weight: 400;\">: Ja, sieht man <\/span><b>ja <\/b><span style=\"font-weight: 400;\">auch ein bisschen.\u00a0<\/span><\/p>\n<p><span style=\"font-weight: 400;\">(Roman v\u00ea o resultado da reforma que o programa fez em sua casa e exclama com surpresa)<\/span><span style=\"font-weight: 400;\">: Das sieht <\/span><b>ja<\/b><span style=\"font-weight: 400;\"> ganz anders aus!<\/span><\/td>\n<\/tr>\n<\/tbody>\n<\/table>\n<p><strong>Formato Descritivo da PM denn:<\/strong><\/p>\n<table>\n<tbody>\n<tr>\n<td><b>Denn<\/b><\/p>\n<p><i><span style=\"font-weight: 400;\">Pergunta Contextualizada<\/span><\/i><\/td>\n<td><b>Interrogativa (Wh-Frage)<\/b><\/p>\n<p><span style=\"font-weight: 400;\">Hom\u00f4nimo<\/span><span style=\"font-weight: 400;\">: conjun\u00e7\u00e3o<\/span><\/td>\n<\/tr>\n<tr>\n<td><span style=\"font-weight: 400;\">Propriedades morfol\u00f3gicas e sint\u00e1ticas<\/span><\/td>\n<td><span style=\"font-weight: 400;\">Part\u00edcula Modal; Campo Central<\/span><\/td>\n<\/tr>\n<tr>\n<td><span style=\"font-weight: 400;\">Contexto<\/span><\/td>\n<td><span style=\"font-weight: 400;\">A PM <\/span><i><span style=\"font-weight: 400;\">denn<\/span><\/i><span style=\"font-weight: 400;\"> \u00e9 usada para questionar algo espec\u00edfico que remete a uma informa\u00e7\u00e3o que pode ser encontrada no contexto anterior, e o interlocutor deve(ria) conhecer a resposta.<\/span><\/td>\n<\/tr>\n<tr>\n<td><span style=\"font-weight: 400;\">Significado, par\u00e1frase:<\/span><\/p>\n<p><span style=\"font-weight: 400;\">Exemplo de uso:<\/span><\/td>\n<td><span style=\"font-weight: 400;\">Eu digo isso, pois acho que voc\u00ea tem algo a dizer sobre alguma informa\u00e7\u00e3o contextual imediata. <\/span><\/p>\n<p>&nbsp;<\/p>\n<p><span style=\"font-weight: 400;\">(Ayan pergunta \u00e0 audi\u00eancia no in\u00edcio do epis\u00f3dio o qu\u00e3o legal \u00e9 o fato de a s\u00e9rie Queer Eye ter chegado \u00e0 Alemanha): Wie geil ist das <\/span><b>denn<\/b><span style=\"font-weight: 400;\">?<\/span><\/p>\n<p><span style=\"font-weight: 400;\">(Aljosha pergunta ao filho de Bj\u00f6rn por que ele acha que seu pai precisa da ajuda do programa): Warum braucht er <\/span><b>denn <\/b><span style=\"font-weight: 400;\">Hilfe?\u00a0<\/span><\/td>\n<\/tr>\n<\/tbody>\n<\/table>\n<p><span style=\"color: #0000ff;\"><strong>Na <a style=\"color: #0000ff;\" href=\"https:\/\/sites.usp.br\/particulasmodais\/sequencia-didatica\/\">pr\u00f3xima aba<\/a> apresentamos uma descri\u00e7\u00e3o da Sequ\u00eancia Did\u00e1tica.<\/strong><\/span><\/p>\n","protected":false},"excerpt":{"rendered":"<p>Este projeto tem o objetivo de oferecer solu\u00e7\u00f5es did\u00e1ticas para preencher as lacunas de materiais de ensino-aprendizagem de PMs, por meio de tr\u00eas propostas: (i) o esquema das caracter\u00edsticas das PMs ja e denn pelo Formato Descritivo; (ii) a an\u00e1lise de exemplos do primeiro epis\u00f3dio da s\u00e9rie da Netflix Queer Eye Germany; (iii) a introdu\u00e7\u00e3o [&hellip;]<\/p>\n","protected":false},"author":23775,"featured_media":0,"parent":0,"menu_order":0,"comment_status":"closed","ping_status":"closed","template":"","meta":{"footnotes":"","_links_to":"","_links_to_target":""},"categories":[4,11],"tags":[],"class_list":["post-398","page","type-page","status-publish","hentry","category-queer-eye","category-sobre"],"jetpack_sharing_enabled":true,"_links":{"self":[{"href":"https:\/\/sites.usp.br\/particulasmodais\/wp-json\/wp\/v2\/pages\/398","targetHints":{"allow":["GET"]}}],"collection":[{"href":"https:\/\/sites.usp.br\/particulasmodais\/wp-json\/wp\/v2\/pages"}],"about":[{"href":"https:\/\/sites.usp.br\/particulasmodais\/wp-json\/wp\/v2\/types\/page"}],"author":[{"embeddable":true,"href":"https:\/\/sites.usp.br\/particulasmodais\/wp-json\/wp\/v2\/users\/23775"}],"replies":[{"embeddable":true,"href":"https:\/\/sites.usp.br\/particulasmodais\/wp-json\/wp\/v2\/comments?post=398"}],"version-history":[{"count":4,"href":"https:\/\/sites.usp.br\/particulasmodais\/wp-json\/wp\/v2\/pages\/398\/revisions"}],"predecessor-version":[{"id":648,"href":"https:\/\/sites.usp.br\/particulasmodais\/wp-json\/wp\/v2\/pages\/398\/revisions\/648"}],"wp:attachment":[{"href":"https:\/\/sites.usp.br\/particulasmodais\/wp-json\/wp\/v2\/media?parent=398"}],"wp:term":[{"taxonomy":"category","embeddable":true,"href":"https:\/\/sites.usp.br\/particulasmodais\/wp-json\/wp\/v2\/categories?post=398"},{"taxonomy":"post_tag","embeddable":true,"href":"https:\/\/sites.usp.br\/particulasmodais\/wp-json\/wp\/v2\/tags?post=398"}],"curies":[{"name":"wp","href":"https:\/\/api.w.org\/{rel}","templated":true}]}}