{"id":40,"date":"2023-09-25T15:32:33","date_gmt":"2023-09-25T18:32:33","guid":{"rendered":"https:\/\/sites.usp.br\/particulasmodais\/?page_id=40"},"modified":"2025-09-11T12:57:19","modified_gmt":"2025-09-11T15:57:19","slug":"quem-somos","status":"publish","type":"page","link":"https:\/\/sites.usp.br\/particulasmodais\/quem-somos\/","title":{"rendered":"Quem Somos"},"content":{"rendered":"<p><img data-recalc-dims=\"1\" decoding=\"async\" class=\"wp-image-94 alignleft\" src=\"https:\/\/i0.wp.com\/sites.usp.br\/particulasmodais\/wp-content\/uploads\/sites\/1356\/2023\/09\/20220428_234345.jpg?resize=137%2C192&#038;ssl=1\" alt=\"\" width=\"137\" height=\"192\" srcset=\"https:\/\/i0.wp.com\/sites.usp.br\/particulasmodais\/wp-content\/uploads\/sites\/1356\/2023\/09\/20220428_234345.jpg?resize=215%2C300&amp;ssl=1 215w, https:\/\/i0.wp.com\/sites.usp.br\/particulasmodais\/wp-content\/uploads\/sites\/1356\/2023\/09\/20220428_234345.jpg?resize=733%2C1024&amp;ssl=1 733w, https:\/\/i0.wp.com\/sites.usp.br\/particulasmodais\/wp-content\/uploads\/sites\/1356\/2023\/09\/20220428_234345.jpg?resize=768%2C1072&amp;ssl=1 768w, https:\/\/i0.wp.com\/sites.usp.br\/particulasmodais\/wp-content\/uploads\/sites\/1356\/2023\/09\/20220428_234345.jpg?w=1080&amp;ssl=1 1080w\" sizes=\"(max-width: 137px) 100vw, 137px\" \/><\/p>\n<p><strong>Marceli Cherchiglia Aquino<br \/>\n<\/strong><a style=\"text-align: center;\" href=\"http:\/\/lattes.cnpq.br\/7701399030087107\">Docente de L\u00edngua e Lingu\u00edstica Alem\u00e3 <\/a><a style=\"text-align: center;\" href=\"http:\/\/lattes.cnpq.br\/7701399030087107\">(DLM-USP)<\/a><span style=\"text-align: center;\">. Tem experi\u00eancia nas \u00e1reas de Lingu\u00edstica Aplicada, com foco em pragm\u00e1tica, interculturalidade e perspectivas contrastivas; Ensino e Aprendizagem de Alem\u00e3o e Portugu\u00eas como L\u00edngua Adicional em contexto universit\u00e1rio; An\u00e1lise e Elabora\u00e7\u00e3o de Materiais Did\u00e1ticos para o ensino de Alem\u00e3o como L\u00edngua Adicional.<\/span><\/p>\n<div><img data-recalc-dims=\"1\" decoding=\"async\" class=\" wp-image-701 alignleft\" src=\"https:\/\/i0.wp.com\/sites.usp.br\/particulasmodais\/wp-content\/uploads\/sites\/1356\/2025\/06\/WhatsApp-Image-2025-06-18-at-16.12.06.jpeg?resize=133%2C172&#038;ssl=1\" alt=\"\" width=\"133\" height=\"172\" srcset=\"https:\/\/i0.wp.com\/sites.usp.br\/particulasmodais\/wp-content\/uploads\/sites\/1356\/2025\/06\/WhatsApp-Image-2025-06-18-at-16.12.06.jpeg?resize=231%2C300&amp;ssl=1 231w, https:\/\/i0.wp.com\/sites.usp.br\/particulasmodais\/wp-content\/uploads\/sites\/1356\/2025\/06\/WhatsApp-Image-2025-06-18-at-16.12.06.jpeg?resize=788%2C1024&amp;ssl=1 788w, https:\/\/i0.wp.com\/sites.usp.br\/particulasmodais\/wp-content\/uploads\/sites\/1356\/2025\/06\/WhatsApp-Image-2025-06-18-at-16.12.06.jpeg?resize=768%2C997&amp;ssl=1 768w, https:\/\/i0.wp.com\/sites.usp.br\/particulasmodais\/wp-content\/uploads\/sites\/1356\/2025\/06\/WhatsApp-Image-2025-06-18-at-16.12.06.jpeg?resize=1183%2C1536&amp;ssl=1 1183w, https:\/\/i0.wp.com\/sites.usp.br\/particulasmodais\/wp-content\/uploads\/sites\/1356\/2025\/06\/WhatsApp-Image-2025-06-18-at-16.12.06.jpeg?w=1232&amp;ssl=1 1232w\" sizes=\"(max-width: 133px) 100vw, 133px\" \/><\/div>\n<div>\n<p><strong><br \/>\nSofia Leria Alcoforado<br \/>\n<\/strong> Graduanda em Letras Portugu\u00eas-Alem\u00e3o pela Universidade de S\u00e3o Paulo (USP) e fez parte do projeto de PUB \u201cMaterial did\u00e1tico para o ensino de part\u00edculas modais alem\u00e3s no contexto local\u201d, coordenado pela Profa. Dra. Marceli Cherchiglia Aquino.<\/p>\n<\/div>\n<p>&nbsp;<\/p>\n<p><img data-recalc-dims=\"1\" decoding=\"async\" class=\"alignleft wp-image-705\" src=\"https:\/\/i0.wp.com\/sites.usp.br\/particulasmodais\/wp-content\/uploads\/sites\/1356\/2025\/09\/Ana-Julia-Corvisier-de-Abreu-Boldt.jpeg?resize=137%2C244&#038;ssl=1\" alt=\"\" width=\"137\" height=\"244\" srcset=\"https:\/\/i0.wp.com\/sites.usp.br\/particulasmodais\/wp-content\/uploads\/sites\/1356\/2025\/09\/Ana-Julia-Corvisier-de-Abreu-Boldt.jpeg?resize=169%2C300&amp;ssl=1 169w, https:\/\/i0.wp.com\/sites.usp.br\/particulasmodais\/wp-content\/uploads\/sites\/1356\/2025\/09\/Ana-Julia-Corvisier-de-Abreu-Boldt.jpeg?resize=575%2C1024&amp;ssl=1 575w, https:\/\/i0.wp.com\/sites.usp.br\/particulasmodais\/wp-content\/uploads\/sites\/1356\/2025\/09\/Ana-Julia-Corvisier-de-Abreu-Boldt.jpeg?w=719&amp;ssl=1 719w\" sizes=\"(max-width: 137px) 100vw, 137px\" \/><\/p>\n<div>\n<p><strong>Ana Julia Corvisier de Abreu Boldt<br \/>\n<\/strong>Graduanda em Letras Portugu\u00eas-Alem\u00e3o pela Universidade de S\u00e3o Paulo (USP) e bolsista PUB do projeto \u201cMaterial did\u00e1tico para o ensino de part\u00edculas modais alem\u00e3s no contexto local\u201d, coordenado pela Profa. Dra. Marceli Cherchiglia Aquino.<\/p>\n<p>&nbsp;<\/p>\n<p>&nbsp;<\/p>\n<p><span style=\"color: #ffffff;\">.<\/span><\/p>\n<\/div>\n<p><strong><img data-recalc-dims=\"1\" loading=\"lazy\" decoding=\"async\" class=\" wp-image-700 alignleft\" src=\"https:\/\/i0.wp.com\/sites.usp.br\/particulasmodais\/wp-content\/uploads\/sites\/1356\/2025\/06\/PHOTO-2025-06-18-16-09-31.jpg?resize=137%2C183&#038;ssl=1\" alt=\"\" width=\"137\" height=\"183\" srcset=\"https:\/\/i0.wp.com\/sites.usp.br\/particulasmodais\/wp-content\/uploads\/sites\/1356\/2025\/06\/PHOTO-2025-06-18-16-09-31.jpg?resize=225%2C300&amp;ssl=1 225w, https:\/\/i0.wp.com\/sites.usp.br\/particulasmodais\/wp-content\/uploads\/sites\/1356\/2025\/06\/PHOTO-2025-06-18-16-09-31.jpg?resize=768%2C1023&amp;ssl=1 768w, https:\/\/i0.wp.com\/sites.usp.br\/particulasmodais\/wp-content\/uploads\/sites\/1356\/2025\/06\/PHOTO-2025-06-18-16-09-31.jpg?resize=1153%2C1536&amp;ssl=1 1153w, https:\/\/i0.wp.com\/sites.usp.br\/particulasmodais\/wp-content\/uploads\/sites\/1356\/2025\/06\/PHOTO-2025-06-18-16-09-31.jpg?w=1200&amp;ssl=1 1200w\" sizes=\"(max-width: 137px) 100vw, 137px\" \/><\/strong><\/p>\n<p><strong><br \/>\nDrix Piccioni Marques Nogueira<\/strong><br \/>\nGraduando em Letras Portugu\u00eas-Alem\u00e3o pela Universidade de S\u00e3o Paulo (USP) e faz parte do projeto &#8220;Material did\u00e1tico para o ensino de part\u00edculas modais alem\u00e3s no contexto local&#8221; com bolsa PUB, coordenado pela Profa. Dra. Marceli Cherchiglia Aquino.<\/p>\n<p>&nbsp;<\/p>\n<p><img data-recalc-dims=\"1\" loading=\"lazy\" decoding=\"async\" class=\" wp-image-108 alignleft\" src=\"https:\/\/i0.wp.com\/sites.usp.br\/particulasmodais\/wp-content\/uploads\/sites\/1356\/2023\/09\/IMG_9107.jpeg?resize=139%2C157&#038;ssl=1\" alt=\"\" width=\"139\" height=\"157\" srcset=\"https:\/\/i0.wp.com\/sites.usp.br\/particulasmodais\/wp-content\/uploads\/sites\/1356\/2023\/09\/IMG_9107.jpeg?resize=267%2C300&amp;ssl=1 267w, https:\/\/i0.wp.com\/sites.usp.br\/particulasmodais\/wp-content\/uploads\/sites\/1356\/2023\/09\/IMG_9107.jpeg?resize=910%2C1024&amp;ssl=1 910w, https:\/\/i0.wp.com\/sites.usp.br\/particulasmodais\/wp-content\/uploads\/sites\/1356\/2023\/09\/IMG_9107.jpeg?resize=768%2C864&amp;ssl=1 768w, https:\/\/i0.wp.com\/sites.usp.br\/particulasmodais\/wp-content\/uploads\/sites\/1356\/2023\/09\/IMG_9107.jpeg?resize=1365%2C1536&amp;ssl=1 1365w, https:\/\/i0.wp.com\/sites.usp.br\/particulasmodais\/wp-content\/uploads\/sites\/1356\/2023\/09\/IMG_9107.jpeg?resize=1820%2C2048&amp;ssl=1 1820w, https:\/\/i0.wp.com\/sites.usp.br\/particulasmodais\/wp-content\/uploads\/sites\/1356\/2023\/09\/IMG_9107.jpeg?w=1923&amp;ssl=1 1923w, https:\/\/i0.wp.com\/sites.usp.br\/particulasmodais\/wp-content\/uploads\/sites\/1356\/2023\/09\/IMG_9107.jpeg?w=1208&amp;ssl=1 1208w\" sizes=\"(max-width: 139px) 100vw, 139px\" \/><\/p>\n<div><strong><br \/>\nMaria Luiza Sgnolf Martins de S\u00e1\u00a0<\/strong><\/div>\n<div>\n<p>Graduanda em Letras Portugu\u00eas-Alem\u00e3o pela Universidade de S\u00e3o Paulo (USP) e fez parte do projeto &#8220;Material did\u00e1tico para o ensino de part\u00edculas modais alem\u00e3s no contexto local&#8221; com bolsa PUB, coordenado pela Profa. Dra. Marceli Cherchiglia Aquino.<\/p>\n<\/div>\n<p><img data-recalc-dims=\"1\" loading=\"lazy\" decoding=\"async\" class=\"wp-image-116 alignleft\" src=\"https:\/\/i0.wp.com\/sites.usp.br\/particulasmodais\/wp-content\/uploads\/sites\/1356\/2023\/09\/FOTOVVVV.jpg?resize=139%2C173&#038;ssl=1\" alt=\"\" width=\"139\" height=\"173\" \/> <strong>Michelle Silva Goncalves<\/strong><br \/>\nGraduada em Industriekauffrau pela Faculdade Humboldt. Graduanda em Letras Portugu\u00eas-Alem\u00e3o pela USP com interc\u00e2mbio na Johannes Gutenberg Universit\u00e4t Mainz. Premiada pelo Goethe Institut\/UNESCO\u00a0 em projeto sobre desenvolvimento sustent\u00e1vel. Bolsita PUB no projeto\u00a0 &#8220;A pragm\u00e1tica em l\u00edngua portuguesa e alem\u00e3: uma an\u00e1lise contrastiva das PMs.<\/p>\n<p><img data-recalc-dims=\"1\" loading=\"lazy\" decoding=\"async\" class=\"wp-image-118 alignleft\" src=\"https:\/\/i0.wp.com\/sites.usp.br\/particulasmodais\/wp-content\/uploads\/sites\/1356\/2023\/09\/image0.jpeg?resize=140%2C177&#038;ssl=1\" alt=\"\" width=\"140\" height=\"177\" srcset=\"https:\/\/i0.wp.com\/sites.usp.br\/particulasmodais\/wp-content\/uploads\/sites\/1356\/2023\/09\/image0.jpeg?resize=237%2C300&amp;ssl=1 237w, https:\/\/i0.wp.com\/sites.usp.br\/particulasmodais\/wp-content\/uploads\/sites\/1356\/2023\/09\/image0.jpeg?resize=809%2C1024&amp;ssl=1 809w, https:\/\/i0.wp.com\/sites.usp.br\/particulasmodais\/wp-content\/uploads\/sites\/1356\/2023\/09\/image0.jpeg?resize=768%2C972&amp;ssl=1 768w, https:\/\/i0.wp.com\/sites.usp.br\/particulasmodais\/wp-content\/uploads\/sites\/1356\/2023\/09\/image0.jpeg?resize=1213%2C1536&amp;ssl=1 1213w, https:\/\/i0.wp.com\/sites.usp.br\/particulasmodais\/wp-content\/uploads\/sites\/1356\/2023\/09\/image0.jpeg?w=1264&amp;ssl=1 1264w\" sizes=\"(max-width: 140px) 100vw, 140px\" \/><\/p>\n<div><strong>Gabriela Sarmento Badain<\/strong><br \/>\nMestranda do Programa de P\u00f3s-Gradua\u00e7\u00e3o em Deutsch als Fremd- und Zweitsprache (Instituto Herder da Universidade de Leipzig) e fundadora do perfil de alem\u00e3o <a href=\"https:\/\/www.instagram.com\/dasgelbvomei\/\">@dasgelbvomei.<\/a> Tem experi\u00eancia com o ensino de Alem\u00e3o como LA e participou como ministrante do curso de extens\u00e3o \u201cComo ensinar as Part\u00edculas Modais Alem\u00e3s? A sequ\u00eancia did\u00e1tica como ferramenta de ensino.\u201d<\/div>\n<div><\/div>\n<div>\n<p><img data-recalc-dims=\"1\" loading=\"lazy\" decoding=\"async\" class=\"wp-image-168 alignleft\" src=\"https:\/\/i0.wp.com\/sites.usp.br\/particulasmodais\/wp-content\/uploads\/sites\/1356\/2023\/10\/image.png?resize=150%2C127&#038;ssl=1\" alt=\"\" width=\"150\" height=\"127\" srcset=\"https:\/\/i0.wp.com\/sites.usp.br\/particulasmodais\/wp-content\/uploads\/sites\/1356\/2023\/10\/image.png?resize=300%2C254&amp;ssl=1 300w, https:\/\/i0.wp.com\/sites.usp.br\/particulasmodais\/wp-content\/uploads\/sites\/1356\/2023\/10\/image.png?resize=768%2C650&amp;ssl=1 768w, https:\/\/i0.wp.com\/sites.usp.br\/particulasmodais\/wp-content\/uploads\/sites\/1356\/2023\/10\/image.png?w=959&amp;ssl=1 959w\" sizes=\"(max-width: 150px) 100vw, 150px\" \/><\/p>\n<\/div>\n<div dir=\"ltr\"><strong>Gisela Favaro<\/strong><\/div>\n<div dir=\"ltr\">\n<p>P\u00f3s-doutoranda do programa de L\u00edngua e Literatura Alem\u00e3\u00a0 na\u00a0 USP com pesquisa versando sobre \u201cO ensino de part\u00edculas modais mas e a\u00ed em l\u00edngua portuguesa em contexto escolar: conciliando os aspectos gramaticais e pragm\u00e1ticos\u201d. Tamb\u00e9m atua no ensino de L\u00edngua Portuguesa na Rede Adventista.<\/p>\n<\/div>\n<div dir=\"ltr\"><img data-recalc-dims=\"1\" loading=\"lazy\" decoding=\"async\" class=\"wp-image-169 alignleft\" src=\"https:\/\/i0.wp.com\/sites.usp.br\/particulasmodais\/wp-content\/uploads\/sites\/1356\/2023\/10\/FOTO.jpeg?resize=125%2C125&#038;ssl=1\" alt=\"\" width=\"125\" height=\"125\" srcset=\"https:\/\/i0.wp.com\/sites.usp.br\/particulasmodais\/wp-content\/uploads\/sites\/1356\/2023\/10\/FOTO.jpeg?resize=300%2C300&amp;ssl=1 300w, https:\/\/i0.wp.com\/sites.usp.br\/particulasmodais\/wp-content\/uploads\/sites\/1356\/2023\/10\/FOTO.jpeg?resize=150%2C150&amp;ssl=1 150w, https:\/\/i0.wp.com\/sites.usp.br\/particulasmodais\/wp-content\/uploads\/sites\/1356\/2023\/10\/FOTO.jpeg?resize=45%2C45&amp;ssl=1 45w, https:\/\/i0.wp.com\/sites.usp.br\/particulasmodais\/wp-content\/uploads\/sites\/1356\/2023\/10\/FOTO.jpeg?w=640&amp;ssl=1 640w\" sizes=\"(max-width: 125px) 100vw, 125px\" \/><strong>Paula Marin de Oliveira\u00a0<\/strong><br \/>\nGraduanda em Letras pela Universidade de S\u00e3o Paulo (USP) . Pesquisa na \u00e1rea de Lingu\u00edstica Textual, Discursiva e Computacional. Sua carreira \u00e9 focada na \u00e1rea de Processamento de Linguagem Natural e no estudo das modalidades lingu\u00edsticas.<\/div>\n<div dir=\"ltr\"><span style=\"color: #ffffff;\">.<\/span><\/div>\n<div dir=\"ltr\"><img data-recalc-dims=\"1\" loading=\"lazy\" decoding=\"async\" class=\"wp-image-223 alignleft\" src=\"https:\/\/i0.wp.com\/sites.usp.br\/particulasmodais\/wp-content\/uploads\/sites\/1356\/2023\/10\/IMG_5981.png?resize=109%2C164&#038;ssl=1\" alt=\"\" width=\"109\" height=\"164\" srcset=\"https:\/\/i0.wp.com\/sites.usp.br\/particulasmodais\/wp-content\/uploads\/sites\/1356\/2023\/10\/IMG_5981.png?resize=200%2C300&amp;ssl=1 200w, https:\/\/i0.wp.com\/sites.usp.br\/particulasmodais\/wp-content\/uploads\/sites\/1356\/2023\/10\/IMG_5981.png?resize=682%2C1024&amp;ssl=1 682w, https:\/\/i0.wp.com\/sites.usp.br\/particulasmodais\/wp-content\/uploads\/sites\/1356\/2023\/10\/IMG_5981.png?resize=768%2C1152&amp;ssl=1 768w, https:\/\/i0.wp.com\/sites.usp.br\/particulasmodais\/wp-content\/uploads\/sites\/1356\/2023\/10\/IMG_5981.png?w=853&amp;ssl=1 853w\" sizes=\"(max-width: 109px) 100vw, 109px\" \/><strong>Carolina Kina<\/strong><\/div>\n<div dir=\"ltr\">Bacharel em Letras Portugu\u00eas\/Franc\u00eas e atualmente cursando gradua\u00e7\u00e3o de Alem\u00e3o pela USP. Faz parte do projeto \u201cMaterial did\u00e1tico para o ensino de part\u00edculas modais alem\u00e3s no contexto local\u201d, coordenado pela Profa. Dra. Marceli Cherchiglia Aquino. Tamb\u00e9m atua como produtora de audiovisual.<\/div>\n","protected":false},"excerpt":{"rendered":"<p>Marceli Cherchiglia Aquino Docente de L\u00edngua e Lingu\u00edstica Alem\u00e3 (DLM-USP). Tem experi\u00eancia nas \u00e1reas de Lingu\u00edstica Aplicada, com foco em pragm\u00e1tica, interculturalidade e perspectivas contrastivas; Ensino e Aprendizagem de Alem\u00e3o e Portugu\u00eas como L\u00edngua Adicional em contexto universit\u00e1rio; An\u00e1lise e Elabora\u00e7\u00e3o de Materiais Did\u00e1ticos para o ensino de Alem\u00e3o como L\u00edngua Adicional. Sofia Leria Alcoforado [&hellip;]<\/p>\n","protected":false},"author":23776,"featured_media":0,"parent":0,"menu_order":0,"comment_status":"closed","ping_status":"closed","template":"","meta":{"footnotes":"","_links_to":"","_links_to_target":""},"categories":[2],"tags":[],"class_list":["post-40","page","type-page","status-publish","hentry","category-o-projeto"],"jetpack_sharing_enabled":true,"_links":{"self":[{"href":"https:\/\/sites.usp.br\/particulasmodais\/wp-json\/wp\/v2\/pages\/40","targetHints":{"allow":["GET"]}}],"collection":[{"href":"https:\/\/sites.usp.br\/particulasmodais\/wp-json\/wp\/v2\/pages"}],"about":[{"href":"https:\/\/sites.usp.br\/particulasmodais\/wp-json\/wp\/v2\/types\/page"}],"author":[{"embeddable":true,"href":"https:\/\/sites.usp.br\/particulasmodais\/wp-json\/wp\/v2\/users\/23776"}],"replies":[{"embeddable":true,"href":"https:\/\/sites.usp.br\/particulasmodais\/wp-json\/wp\/v2\/comments?post=40"}],"version-history":[{"count":4,"href":"https:\/\/sites.usp.br\/particulasmodais\/wp-json\/wp\/v2\/pages\/40\/revisions"}],"predecessor-version":[{"id":42,"href":"https:\/\/sites.usp.br\/particulasmodais\/wp-json\/wp\/v2\/pages\/40\/revisions\/42"}],"wp:attachment":[{"href":"https:\/\/sites.usp.br\/particulasmodais\/wp-json\/wp\/v2\/media?parent=40"}],"wp:term":[{"taxonomy":"category","embeddable":true,"href":"https:\/\/sites.usp.br\/particulasmodais\/wp-json\/wp\/v2\/categories?post=40"},{"taxonomy":"post_tag","embeddable":true,"href":"https:\/\/sites.usp.br\/particulasmodais\/wp-json\/wp\/v2\/tags?post=40"}],"curies":[{"name":"wp","href":"https:\/\/api.w.org\/{rel}","templated":true}]}}