{"id":404,"date":"2023-10-07T15:28:12","date_gmt":"2023-10-07T18:28:12","guid":{"rendered":"https:\/\/sites.usp.br\/particulasmodais\/?page_id=404"},"modified":"2023-10-07T15:31:41","modified_gmt":"2023-10-07T18:31:41","slug":"episodios","status":"publish","type":"page","link":"https:\/\/sites.usp.br\/particulasmodais\/episodios\/","title":{"rendered":"Epis\u00f3dios"},"content":{"rendered":"<p>Amostra de ocorr\u00eancia das PMs, cenas e contextos dos cinco epis\u00f3dios da primeira temporada da S\u00e9rie Queer Eye do Netflix. A coleta e an\u00e1lise foi realizada pela Profa. Marceli Aquino em colabora\u00e7\u00e3o com a estudante Paula Marin de Oliveira.<\/p>\n<p>Consulte a amostra por epis\u00f3dios nas sub abas.<\/p>\n","protected":false},"excerpt":{"rendered":"<p>Amostra de ocorr\u00eancia das PMs, cenas e contextos dos cinco epis\u00f3dios da primeira temporada da S\u00e9rie Queer Eye do Netflix. A coleta e an\u00e1lise foi realizada pela Profa. Marceli Aquino em colabora\u00e7\u00e3o com a estudante Paula Marin de Oliveira. Consulte a amostra por epis\u00f3dios nas sub abas.<\/p>\n","protected":false},"author":23775,"featured_media":0,"parent":0,"menu_order":0,"comment_status":"closed","ping_status":"closed","template":"","meta":{"footnotes":"","_links_to":"","_links_to_target":""},"categories":[34],"tags":[],"class_list":["post-404","page","type-page","status-publish","hentry","category-episodios"],"jetpack_sharing_enabled":true,"_links":{"self":[{"href":"https:\/\/sites.usp.br\/particulasmodais\/wp-json\/wp\/v2\/pages\/404","targetHints":{"allow":["GET"]}}],"collection":[{"href":"https:\/\/sites.usp.br\/particulasmodais\/wp-json\/wp\/v2\/pages"}],"about":[{"href":"https:\/\/sites.usp.br\/particulasmodais\/wp-json\/wp\/v2\/types\/page"}],"author":[{"embeddable":true,"href":"https:\/\/sites.usp.br\/particulasmodais\/wp-json\/wp\/v2\/users\/23775"}],"replies":[{"embeddable":true,"href":"https:\/\/sites.usp.br\/particulasmodais\/wp-json\/wp\/v2\/comments?post=404"}],"version-history":[{"count":1,"href":"https:\/\/sites.usp.br\/particulasmodais\/wp-json\/wp\/v2\/pages\/404\/revisions"}],"predecessor-version":[{"id":405,"href":"https:\/\/sites.usp.br\/particulasmodais\/wp-json\/wp\/v2\/pages\/404\/revisions\/405"}],"wp:attachment":[{"href":"https:\/\/sites.usp.br\/particulasmodais\/wp-json\/wp\/v2\/media?parent=404"}],"wp:term":[{"taxonomy":"category","embeddable":true,"href":"https:\/\/sites.usp.br\/particulasmodais\/wp-json\/wp\/v2\/categories?post=404"},{"taxonomy":"post_tag","embeddable":true,"href":"https:\/\/sites.usp.br\/particulasmodais\/wp-json\/wp\/v2\/tags?post=404"}],"curies":[{"name":"wp","href":"https:\/\/api.w.org\/{rel}","templated":true}]}}