{"id":48,"date":"2023-09-25T16:17:15","date_gmt":"2023-09-25T19:17:15","guid":{"rendered":"https:\/\/sites.usp.br\/particulasmodais\/?page_id=48"},"modified":"2025-05-25T21:37:29","modified_gmt":"2025-05-26T00:37:29","slug":"o-que-e-o-corpus","status":"publish","type":"page","link":"https:\/\/sites.usp.br\/particulasmodais\/o-que-e-o-corpus\/","title":{"rendered":"O que \u00e9 o Corpus?"},"content":{"rendered":"<p>Este Corpus foi criado pela Profa. Coordenadora do Projeto em conjunto com estudantes da gradua\u00e7\u00e3o e p\u00f3s-gradua\u00e7\u00e3o. Com este site temos o intuito de divulgar nossas pesquisas e compartilhar, de forma inteiramente gratuita, o material que elaboramos at\u00e9 o momento. A consulta \u00e9 feita por meio dos links de pastas do <em>Google Drive<\/em>, que est\u00e3o em constante desenvolvimento.<\/p>\n<p>O Corpus \u00e9 formado por exemplos aut\u00eanticos de diversos g\u00eaneros. As pastas s\u00e3o separadas da seguinte forma:<\/p>\n<p>(i) exemplos por Part\u00edculas Modais Alem\u00e3s &#8211; de diversos g\u00eaneros;<br \/>\n(ii) exemplos por Part\u00edculas Modais Brasileiras &#8211; de diversos g\u00eaneros;<br \/>\n(iii) exemplos por g\u00eanero (s\u00e9ries, filmes, m\u00fasicas, v\u00eddeos) &#8211; de diversas PMs;<br \/>\n(iv) Projeto Queer Eye com an\u00e1lises e sugest\u00f5es de abordagens de ensino espec\u00edficas.<\/p>\n<p><strong><span style=\"color: #0000ff;\">Colabore com o corpus, envie exemplos de PMs para:<\/span> particulasmodais@gmail.com<\/strong><\/p>\n","protected":false},"excerpt":{"rendered":"<p>Este Corpus foi criado pela Profa. Coordenadora do Projeto em conjunto com estudantes da gradua\u00e7\u00e3o e p\u00f3s-gradua\u00e7\u00e3o. Com este site temos o intuito de divulgar nossas pesquisas e compartilhar, de forma inteiramente gratuita, o material que elaboramos at\u00e9 o momento. A consulta \u00e9 feita por meio dos links de pastas do Google Drive, que est\u00e3o [&hellip;]<\/p>\n","protected":false},"author":23776,"featured_media":0,"parent":0,"menu_order":0,"comment_status":"closed","ping_status":"closed","template":"","meta":{"footnotes":"","_links_to":"","_links_to_target":""},"categories":[5],"tags":[],"class_list":["post-48","page","type-page","status-publish","hentry","category-o-corpus"],"jetpack_sharing_enabled":true,"_links":{"self":[{"href":"https:\/\/sites.usp.br\/particulasmodais\/wp-json\/wp\/v2\/pages\/48","targetHints":{"allow":["GET"]}}],"collection":[{"href":"https:\/\/sites.usp.br\/particulasmodais\/wp-json\/wp\/v2\/pages"}],"about":[{"href":"https:\/\/sites.usp.br\/particulasmodais\/wp-json\/wp\/v2\/types\/page"}],"author":[{"embeddable":true,"href":"https:\/\/sites.usp.br\/particulasmodais\/wp-json\/wp\/v2\/users\/23776"}],"replies":[{"embeddable":true,"href":"https:\/\/sites.usp.br\/particulasmodais\/wp-json\/wp\/v2\/comments?post=48"}],"version-history":[{"count":3,"href":"https:\/\/sites.usp.br\/particulasmodais\/wp-json\/wp\/v2\/pages\/48\/revisions"}],"predecessor-version":[{"id":650,"href":"https:\/\/sites.usp.br\/particulasmodais\/wp-json\/wp\/v2\/pages\/48\/revisions\/650"}],"wp:attachment":[{"href":"https:\/\/sites.usp.br\/particulasmodais\/wp-json\/wp\/v2\/media?parent=48"}],"wp:term":[{"taxonomy":"category","embeddable":true,"href":"https:\/\/sites.usp.br\/particulasmodais\/wp-json\/wp\/v2\/categories?post=48"},{"taxonomy":"post_tag","embeddable":true,"href":"https:\/\/sites.usp.br\/particulasmodais\/wp-json\/wp\/v2\/tags?post=48"}],"curies":[{"name":"wp","href":"https:\/\/api.w.org\/{rel}","templated":true}]}}