{"id":497,"date":"2023-10-25T14:51:44","date_gmt":"2023-10-25T17:51:44","guid":{"rendered":"https:\/\/sites.usp.br\/particulasmodais\/?page_id=497"},"modified":"2025-04-29T18:06:41","modified_gmt":"2025-04-29T21:06:41","slug":"denn","status":"publish","type":"page","link":"https:\/\/sites.usp.br\/particulasmodais\/denn\/","title":{"rendered":"denn"},"content":{"rendered":"<p><span style=\"font-weight: 400;\">Com o uso da PM <strong>denn<\/strong> o motivo da pergunta est\u00e1 vinculado \u00e0 situa\u00e7\u00e3o comunicativa imediata e o falante espera que o ouvinte saiba a resposta (mas tamb\u00e9m pode aparecer em perguntas ret\u00f3ricas). Ou seja, alguma coisa no contexto imediato (que est\u00e1 \u00f3bvio ou acontecendo naquele momento) faz com que voc\u00ea fa\u00e7a a pergunta com <\/span><i><span style=\"font-weight: 400;\">denn,<\/span><\/i><span style=\"font-weight: 400;\"> indicando interesse\/curiosidade na rea\u00e7\u00e3o ou resposta do interlocutor. Por exemplo, voc\u00ea vai no quintal e est\u00e1 uma bagun\u00e7a, plantas e barro para todo lado, voc\u00ea olha pro seu cachorro e diz:<\/span><\/p>\n<p><i><span style=\"font-weight: 400;\">Was ist <\/span><\/i><b><i>denn<\/i><\/b><i><span style=\"font-weight: 400;\"> hier los?<br \/>\nO que <strong>\u00e9 que<\/strong> est\u00e1 acontecendo aqui?; <strong>Mas<\/strong> o que <strong>\u00e9 que<\/strong> est\u00e1 acontecendo aqui?!<\/span><\/i><\/p>\n<p><span style=\"font-weight: 400;\">O contexto imediato (a bagun\u00e7a) faz voc\u00ea querer saber a resposta do interlocutor e sabe\/espera que ele vai ter uma rea\u00e7\u00e3o, pois ele est\u00e1 ligado diretamente a essa a\u00e7\u00e3o. Outro uso comum de perguntas com a PM denn sobre o nome:<\/span><\/p>\n<p><i><span style=\"font-weight: 400;\">Wie hei\u00dft du <strong>denn<\/strong>?<\/span><\/i><span style=\"font-weight: 400;\"><br \/>\n<\/span><i><span style=\"font-weight: 400;\">Como <strong>\u00e9 que voc\u00ea<\/strong> se chama?; Como <strong>\u00e9 que<\/strong> voc\u00ea se chama <strong>mesmo<\/strong>?<\/span><\/i><\/p>\n<p><span style=\"font-weight: 400;\">podendo ser usado em uma situa\u00e7\u00e3o que voc\u00ea esqueceu o nome da pessoa (ela j\u00e1 tinha falado, mas a sua mem\u00f3ria \u00e9 fraca ou n\u00e3o prestou aten\u00e7\u00e3o) ou que voc\u00ea est\u00e1 conversando h\u00e1 um temp\u00e3o com a pessoa e nem sabe o nome dela. <\/span><\/p>\n<p><span style=\"color: #0000ff;\"><strong><i>Resumindo: Eu digo isso, pois acredito que voc\u00ea saiba a resposta. \u00c9 o enunciado\/situa\u00e7\u00e3o anterior que me fez perguntar isso<\/i>.<\/p>\n<p><span style=\"color: #ff0000;\">Agora testes os seus conhecimentos com os exemplos do <a href=\"https:\/\/drive.google.com\/drive\/u\/1\/folders\/1A682YOPEeZ53A8pmqeDyjFJYHg25yjAk\">Corpus<\/a>!<\/span><br \/>\n<\/strong><\/span><\/p>\n","protected":false},"excerpt":{"rendered":"<p>Com o uso da PM denn o motivo da pergunta est\u00e1 vinculado \u00e0 situa\u00e7\u00e3o comunicativa imediata e o falante espera que o ouvinte saiba a resposta (mas tamb\u00e9m pode aparecer em perguntas ret\u00f3ricas). Ou seja, alguma coisa no contexto imediato (que est\u00e1 \u00f3bvio ou acontecendo naquele momento) faz com que voc\u00ea fa\u00e7a a pergunta com [&hellip;]<\/p>\n","protected":false},"author":23775,"featured_media":0,"parent":0,"menu_order":0,"comment_status":"closed","ping_status":"closed","template":"","meta":{"footnotes":"","_links_to":"","_links_to_target":""},"categories":[37],"tags":[],"class_list":["post-497","page","type-page","status-publish","hentry","category-denn"],"jetpack_sharing_enabled":true,"_links":{"self":[{"href":"https:\/\/sites.usp.br\/particulasmodais\/wp-json\/wp\/v2\/pages\/497","targetHints":{"allow":["GET"]}}],"collection":[{"href":"https:\/\/sites.usp.br\/particulasmodais\/wp-json\/wp\/v2\/pages"}],"about":[{"href":"https:\/\/sites.usp.br\/particulasmodais\/wp-json\/wp\/v2\/types\/page"}],"author":[{"embeddable":true,"href":"https:\/\/sites.usp.br\/particulasmodais\/wp-json\/wp\/v2\/users\/23775"}],"replies":[{"embeddable":true,"href":"https:\/\/sites.usp.br\/particulasmodais\/wp-json\/wp\/v2\/comments?post=497"}],"version-history":[{"count":4,"href":"https:\/\/sites.usp.br\/particulasmodais\/wp-json\/wp\/v2\/pages\/497\/revisions"}],"predecessor-version":[{"id":623,"href":"https:\/\/sites.usp.br\/particulasmodais\/wp-json\/wp\/v2\/pages\/497\/revisions\/623"}],"wp:attachment":[{"href":"https:\/\/sites.usp.br\/particulasmodais\/wp-json\/wp\/v2\/media?parent=497"}],"wp:term":[{"taxonomy":"category","embeddable":true,"href":"https:\/\/sites.usp.br\/particulasmodais\/wp-json\/wp\/v2\/categories?post=497"},{"taxonomy":"post_tag","embeddable":true,"href":"https:\/\/sites.usp.br\/particulasmodais\/wp-json\/wp\/v2\/tags?post=497"}],"curies":[{"name":"wp","href":"https:\/\/api.w.org\/{rel}","templated":true}]}}