{"id":522,"date":"2023-10-25T15:35:51","date_gmt":"2023-10-25T18:35:51","guid":{"rendered":"https:\/\/sites.usp.br\/particulasmodais\/?page_id=522"},"modified":"2025-05-25T21:35:21","modified_gmt":"2025-05-26T00:35:21","slug":"aber-2","status":"publish","type":"page","link":"https:\/\/sites.usp.br\/particulasmodais\/aber-2\/","title":{"rendered":"aber"},"content":{"rendered":"<p><span style=\"font-weight: 400;\"><strong>1. Indique a fun\u00e7\u00e3o comunicativa e o significado das PMs <span style=\"color: #ff0000;\">aber<\/span> nos exemplos:<\/strong><br \/>\n(Os exemplos aut\u00eanticos foram retirados do nosso <a href=\"https:\/\/sites.usp.br\/particulasmodais\/como-acessar-o-corpus\/\">corpus<\/a>)<br \/>\n<\/span><\/p>\n<p><img data-recalc-dims=\"1\" fetchpriority=\"high\" decoding=\"async\" class=\"alignnone size-medium wp-image-527\" src=\"https:\/\/i0.wp.com\/sites.usp.br\/particulasmodais\/wp-content\/uploads\/sites\/1356\/2023\/10\/Das-ist-aber-mal-ein-sehr-Deutscher-Schaferhund-Comic.jpeg?resize=300%2C188&#038;ssl=1\" alt=\"\" width=\"300\" height=\"188\" srcset=\"https:\/\/i0.wp.com\/sites.usp.br\/particulasmodais\/wp-content\/uploads\/sites\/1356\/2023\/10\/Das-ist-aber-mal-ein-sehr-Deutscher-Schaferhund-Comic.jpeg?resize=300%2C188&amp;ssl=1 300w, https:\/\/i0.wp.com\/sites.usp.br\/particulasmodais\/wp-content\/uploads\/sites\/1356\/2023\/10\/Das-ist-aber-mal-ein-sehr-Deutscher-Schaferhund-Comic.jpeg?resize=768%2C481&amp;ssl=1 768w, https:\/\/i0.wp.com\/sites.usp.br\/particulasmodais\/wp-content\/uploads\/sites\/1356\/2023\/10\/Das-ist-aber-mal-ein-sehr-Deutscher-Schaferhund-Comic.jpeg?w=960&amp;ssl=1 960w\" sizes=\"(max-width: 300px) 100vw, 300px\" \/><br \/>\nFonte: <a href=\"https:\/\/www.dw.com\/de\/verstehen-sie-deutschdeutsche-eigenarten-im-cartoon\/a-46169513\">Deutsche Welle<\/a>, lernen mit Cartoons<\/p>\n<div style=\"width: 604px;\" class=\"wp-video\"><video class=\"wp-video-shortcode\" id=\"video-522-1\" width=\"604\" height=\"1074\" preload=\"metadata\" controls=\"controls\"><source type=\"video\/mp4\" src=\"https:\/\/sites.usp.br\/particulasmodais\/wp-content\/uploads\/sites\/1356\/2023\/10\/Das-ist-aber-ein-schones-grosses-Haus-Putzen-mochte-ich-das-ja-nicht.-Video-Reelsmp4.mp4?_=1\" \/><a href=\"https:\/\/sites.usp.br\/particulasmodais\/wp-content\/uploads\/sites\/1356\/2023\/10\/Das-ist-aber-ein-schones-grosses-Haus-Putzen-mochte-ich-das-ja-nicht.-Video-Reelsmp4.mp4\">https:\/\/sites.usp.br\/particulasmodais\/wp-content\/uploads\/sites\/1356\/2023\/10\/Das-ist-aber-ein-schones-grosses-Haus-Putzen-mochte-ich-das-ja-nicht.-Video-Reelsmp4.mp4<\/a><\/video><\/div>\n<p>Fonte: (desconhecido)<\/p>\n<p><img data-recalc-dims=\"1\" decoding=\"async\" class=\"alignnone size-medium wp-image-525\" src=\"https:\/\/i0.wp.com\/sites.usp.br\/particulasmodais\/wp-content\/uploads\/sites\/1356\/2023\/10\/Bist-du-aber-gross-geworden-Comic.jpg?resize=300%2C298&#038;ssl=1\" alt=\"\" width=\"300\" height=\"298\" srcset=\"https:\/\/i0.wp.com\/sites.usp.br\/particulasmodais\/wp-content\/uploads\/sites\/1356\/2023\/10\/Bist-du-aber-gross-geworden-Comic.jpg?resize=300%2C298&amp;ssl=1 300w, https:\/\/i0.wp.com\/sites.usp.br\/particulasmodais\/wp-content\/uploads\/sites\/1356\/2023\/10\/Bist-du-aber-gross-geworden-Comic.jpg?resize=1024%2C1017&amp;ssl=1 1024w, https:\/\/i0.wp.com\/sites.usp.br\/particulasmodais\/wp-content\/uploads\/sites\/1356\/2023\/10\/Bist-du-aber-gross-geworden-Comic.jpg?resize=150%2C150&amp;ssl=1 150w, https:\/\/i0.wp.com\/sites.usp.br\/particulasmodais\/wp-content\/uploads\/sites\/1356\/2023\/10\/Bist-du-aber-gross-geworden-Comic.jpg?resize=768%2C763&amp;ssl=1 768w, https:\/\/i0.wp.com\/sites.usp.br\/particulasmodais\/wp-content\/uploads\/sites\/1356\/2023\/10\/Bist-du-aber-gross-geworden-Comic.jpg?resize=45%2C45&amp;ssl=1 45w, https:\/\/i0.wp.com\/sites.usp.br\/particulasmodais\/wp-content\/uploads\/sites\/1356\/2023\/10\/Bist-du-aber-gross-geworden-Comic.jpg?w=1170&amp;ssl=1 1170w\" sizes=\"(max-width: 300px) 100vw, 300px\" \/><br \/>\nFonte: <a href=\"https:\/\/www.instagram.com\/ruthe_offiziell\/\">Ruth<\/a><\/p>\n<p><strong>2. Assista \u00e0s cenas das s\u00e9ries a seguir<\/strong><strong>, explique a fun\u00e7\u00e3o e o significado contextualizado da PM <span style=\"color: #ff0000;\">aber<\/span>:<\/strong><\/p>\n<p><span style=\"font-weight: 400;\">(i) <b>Liebeskind, <\/b>Epis\u00f3dio 4, ab 5:42: Verk\u00e4uferin: Da wird sich <strong>aber<\/strong> jemand freuen.<\/span><span style=\"font-weight: 400;\"><br \/>\n(ii)<strong> Queer Eye Germany<\/strong>, Epis\u00f3dio 1, ab 47:32: Leni: Das ist <b>aber<\/b> &#8216;n interessanter Job.<br \/>\n<\/span><\/p>\n<p>&nbsp;<\/p>\n","protected":false},"excerpt":{"rendered":"<p>1. Indique a fun\u00e7\u00e3o comunicativa e o significado das PMs aber nos exemplos: (Os exemplos aut\u00eanticos foram retirados do nosso corpus) Fonte: Deutsche Welle, lernen mit Cartoons Fonte: (desconhecido) Fonte: Ruth 2. Assista \u00e0s cenas das s\u00e9ries a seguir, explique a fun\u00e7\u00e3o e o significado contextualizado da PM aber: (i) Liebeskind, Epis\u00f3dio 4, ab 5:42: [&hellip;]<\/p>\n","protected":false},"author":23775,"featured_media":0,"parent":0,"menu_order":0,"comment_status":"closed","ping_status":"closed","template":"","meta":{"footnotes":"","_links_to":"","_links_to_target":""},"categories":[16],"tags":[],"class_list":["post-522","page","type-page","status-publish","hentry","category-exercicios-de-funcao-nuclear"],"jetpack_sharing_enabled":true,"_links":{"self":[{"href":"https:\/\/sites.usp.br\/particulasmodais\/wp-json\/wp\/v2\/pages\/522","targetHints":{"allow":["GET"]}}],"collection":[{"href":"https:\/\/sites.usp.br\/particulasmodais\/wp-json\/wp\/v2\/pages"}],"about":[{"href":"https:\/\/sites.usp.br\/particulasmodais\/wp-json\/wp\/v2\/types\/page"}],"author":[{"embeddable":true,"href":"https:\/\/sites.usp.br\/particulasmodais\/wp-json\/wp\/v2\/users\/23775"}],"replies":[{"embeddable":true,"href":"https:\/\/sites.usp.br\/particulasmodais\/wp-json\/wp\/v2\/comments?post=522"}],"version-history":[{"count":4,"href":"https:\/\/sites.usp.br\/particulasmodais\/wp-json\/wp\/v2\/pages\/522\/revisions"}],"predecessor-version":[{"id":649,"href":"https:\/\/sites.usp.br\/particulasmodais\/wp-json\/wp\/v2\/pages\/522\/revisions\/649"}],"wp:attachment":[{"href":"https:\/\/sites.usp.br\/particulasmodais\/wp-json\/wp\/v2\/media?parent=522"}],"wp:term":[{"taxonomy":"category","embeddable":true,"href":"https:\/\/sites.usp.br\/particulasmodais\/wp-json\/wp\/v2\/categories?post=522"},{"taxonomy":"post_tag","embeddable":true,"href":"https:\/\/sites.usp.br\/particulasmodais\/wp-json\/wp\/v2\/tags?post=522"}],"curies":[{"name":"wp","href":"https:\/\/api.w.org\/{rel}","templated":true}]}}