{"id":111,"date":"2017-03-27T00:01:13","date_gmt":"2017-03-27T02:01:13","guid":{"rendered":"http:\/\/sites.usp.br\/patgamalab\/?page_id=111"},"modified":"2021-11-30T22:02:49","modified_gmt":"2021-12-01T00:02:49","slug":"pesquisa","status":"publish","type":"page","link":"https:\/\/sites.usp.br\/patgamalab\/pesquisa\/","title":{"rendered":"Linha de Pesquisa"},"content":{"rendered":"<div id=\"pl-111\"  class=\"panel-layout\" ><div id=\"pg-111-0\"  class=\"panel-grid panel-no-style\" ><div id=\"pgc-111-0-0\"  class=\"panel-grid-cell\" ><div id=\"panel-111-0-0-0\" class=\"so-panel widget widget_sow-headline panel-first-child panel-last-child\" data-index=\"0\" ><div\n\t\t\t\n\t\t\tclass=\"so-widget-sow-headline so-widget-sow-headline-default-80997c34348a-111\"\n\t\t\t\n\t\t><div class=\"sow-headline-container \">\n\t\t\t\t\t\t\t<h1 class=\"sow-headline\">\n\t\t\t\t\t\tNossa pesquisa\t\t\t\t\t\t<\/h1>\n\t\t\t\t\t\t\t\t\t\t\t<div class=\"decoration\">\n\t\t\t\t\t\t<div class=\"decoration-inside\"><\/div>\n\t\t\t\t\t<\/div>\n\t\t\t\t\t<\/div>\n<\/div><\/div><\/div><\/div><div id=\"pg-111-1\"  class=\"panel-grid panel-no-style\" ><div id=\"pgc-111-1-0\"  class=\"panel-grid-cell\" ><div id=\"panel-111-1-0-0\" class=\"so-panel widget widget_sow-editor panel-first-child\" data-index=\"1\" ><div\n\t\t\t\n\t\t\tclass=\"so-widget-sow-editor so-widget-sow-editor-base\"\n\t\t\t\n\t\t>\n<div class=\"siteorigin-widget-tinymce textwidget\">\n\t<p style=\"text-align: justify;\">Nosso laborat\u00f3rio est\u00e1 interessado no estudo do trato gastrintestinal durante os est\u00e1gios de desenvolvimento p\u00f3s-natal. Focamos nos eventos de prolifera\u00e7\u00e3o, diferencia\u00e7\u00e3o e morte celular no epit\u00e9lio digestivo, processos s\u00e3o controlados por um conjunto de fatores que envolvem a alimenta\u00e7\u00e3o, horm\u00f4nios e fatores de crescimento. Procuramos assim, estudar o efeito de mecanismos regulat\u00f3rios durante o desenvolvimento, utilizando t\u00e9cnicas de biologia molecular, celular e tecidual.<\/p>\n<p style=\"text-align: justify;\">\n<\/div>\n<\/div><\/div><div id=\"panel-111-1-0-1\" class=\"so-panel widget widget_sow-editor panel-last-child\" data-index=\"2\" ><div\n\t\t\t\n\t\t\tclass=\"so-widget-sow-editor so-widget-sow-editor-base\"\n\t\t\t\n\t\t>\n<div class=\"siteorigin-widget-tinymce textwidget\">\n\t<h2> <span style=\"font-weight: 400;\"><strong>Biologia dos epit\u00e9lios digestivos<\/strong><\/span><\/h2>\n<p style=\"text-align: justify;\"><span style=\"font-weight: 400;\">Nosso interesse \u00e9 o estudo da mucosa gastrintestinal, focando no epit\u00e9lio do est\u00f4mago e do intestino na fase de desenvolvimento pr\u00e9 e p\u00f3s-natal de ratos. Os eventos envolvidos correspondem \u00e0: prolifera\u00e7\u00e3o, diferencia\u00e7\u00e3o, migra\u00e7\u00e3o e morte celular, que ocorrem em um equil\u00edbrio no indiv\u00edduo adulto normal, permitindo a manuten\u00e7\u00e3o do trato. Por\u00e9m, a din\u00e2mica \u00e9 diferente durante os est\u00e1gios pr\u00e9 e p\u00f3s-natal, dado que os processos est\u00e3o voltados para o crescimento e matura\u00e7\u00e3o da mucosa do trato. Desse modo, buscamos compreender os mecanismos de controle do desenvolvimento gastrintestinal em condi\u00e7\u00f5es de desequil\u00edbrio, considerando que estas condi\u00e7\u00f5es podem levar a quadros patol\u00f3gicos, como tumores e \u00falceras. As outras linhas de pesquisa s\u00e3o desdobramentos desta linha principal.\u00a0<\/span><\/p>\n<p style=\"text-align: justify;\"><span style=\"font-weight: 400;\">Os processos durante o est\u00e1gio p\u00f3s-natal ocorrem voltados para o crescimento, e um dos fatores que influenciam o desenvolvimento da mucosa do trato gastrintestinal \u00e9 a amamenta\u00e7\u00e3o, os pept\u00eddeos ativos e horm\u00f4nios presentes no leite possuem fun\u00e7\u00e3o importante para o desenvolvimento. No entanto, condi\u00e7\u00f5es que alterem esses processos, como o desmame precoce, podem favorecer altera\u00e7\u00f5es nos eventos de diferencia\u00e7\u00e3o e prolifera\u00e7\u00e3o celular. Assim, buscamos <\/span><span style=\"font-weight: 400;\">avaliar como a amamenta\u00e7\u00e3o controla o crescimento e o desenvolvimento do est\u00f4mago e do intestino delgado. Tamb\u00e9m, al\u00e9m da amamenta\u00e7\u00e3o, buscamos analisar o efeito do jejum na prolifera\u00e7\u00e3o da mucosa g\u00e1strica em animais em desenvolvimento p\u00f3s-natal. O m\u00e9todo consiste em modificar as condi\u00e7\u00f5es (jejum) ou padr\u00f5es alimentares (desmame precoce) para compreender a import\u00e2ncia da amamenta\u00e7\u00e3o no crescimento e controle da atua\u00e7\u00e3o de horm\u00f4nios, tais como a corticosterona e grelina, e fatores de crescimento.<\/span><\/p>\n<p style=\"text-align: justify;\"><span style=\"font-weight: 400;\">Buscamos estudar as vias de sinaliza\u00e7\u00e3o ativadas no trato gastrintestinal, como as vias ativadas pela corticosterona por meio de sua associa\u00e7\u00e3o com o receptor (GR), e por fatores de crescimento como TGF-\u03b2, TGF-\u03b1 e EGF (via EGFR), FGF e Wnt. Estas vias podem influenciar os processos envolvidos na cin\u00e9tica dos epit\u00e9lios do trato gastrintestinal. <\/span><\/p>\n<h2>\n<\/div>\n<\/div><\/div><\/div><div id=\"pgc-111-1-1\"  class=\"panel-grid-cell\" ><div id=\"panel-111-1-1-0\" class=\"so-panel widget widget_sow-image panel-first-child\" data-index=\"3\" ><div\n\t\t\t\n\t\t\tclass=\"so-widget-sow-image so-widget-sow-image-default-8b5b6f678277-111\"\n\t\t\t\n\t\t>\n<div class=\"sow-image-container\">\n\t\t<img \n\tsrc=\"https:\/\/sites.usp.br\/patgamalab\/wp-content\/uploads\/sites\/760\/2020\/08\/Histoquimica-est\u00f4mago-20x-e1598223614216.png\" width=\"1920\" height=\"2560\" srcset=\"https:\/\/sites.usp.br\/patgamalab\/wp-content\/uploads\/sites\/760\/2020\/08\/Histoquimica-est\u00f4mago-20x-e1598223614216.png 1920w, https:\/\/sites.usp.br\/patgamalab\/wp-content\/uploads\/sites\/760\/2020\/08\/Histoquimica-est\u00f4mago-20x-e1598223614216-225x300.png 225w, https:\/\/sites.usp.br\/patgamalab\/wp-content\/uploads\/sites\/760\/2020\/08\/Histoquimica-est\u00f4mago-20x-e1598223614216-768x1024.png 768w, https:\/\/sites.usp.br\/patgamalab\/wp-content\/uploads\/sites\/760\/2020\/08\/Histoquimica-est\u00f4mago-20x-e1598223614216-1152x1536.png 1152w, https:\/\/sites.usp.br\/patgamalab\/wp-content\/uploads\/sites\/760\/2020\/08\/Histoquimica-est\u00f4mago-20x-e1598223614216-1536x2048.png 1536w, https:\/\/sites.usp.br\/patgamalab\/wp-content\/uploads\/sites\/760\/2020\/08\/Histoquimica-est\u00f4mago-20x-e1598223614216-400x533.png 400w\" sizes=\"(max-width: 1920px) 100vw, 1920px\" title=\"Fotomicrografia da mucosa da regi\u00e3o do corpo do est\u00f4mago do rato. Corte em parafina corado com Hematoxilina e eosina. Aumento original: 200x \" alt=\"\" \t\tclass=\"so-widget-image\"\/>\n\t<\/div>\n\n<\/div><\/div><div id=\"panel-111-1-1-1\" class=\"so-panel widget widget_sow-image panel-last-child\" data-index=\"4\" ><div\n\t\t\t\n\t\t\tclass=\"so-widget-sow-image so-widget-sow-image-default-8b5b6f678277-111\"\n\t\t\t\n\t\t>\n<div class=\"sow-image-container\">\n\t\t<img \n\tsrc=\"https:\/\/sites.usp.br\/patgamalab\/wp-content\/uploads\/sites\/760\/2020\/08\/Troy-e1598223557632.jpg\" width=\"1040\" height=\"1388\" srcset=\"https:\/\/sites.usp.br\/patgamalab\/wp-content\/uploads\/sites\/760\/2020\/08\/Troy-e1598223557632.jpg 1040w, https:\/\/sites.usp.br\/patgamalab\/wp-content\/uploads\/sites\/760\/2020\/08\/Troy-e1598223557632-225x300.jpg 225w, https:\/\/sites.usp.br\/patgamalab\/wp-content\/uploads\/sites\/760\/2020\/08\/Troy-e1598223557632-767x1024.jpg 767w, https:\/\/sites.usp.br\/patgamalab\/wp-content\/uploads\/sites\/760\/2020\/08\/Troy-e1598223557632-768x1025.jpg 768w, https:\/\/sites.usp.br\/patgamalab\/wp-content\/uploads\/sites\/760\/2020\/08\/Troy-e1598223557632-400x534.jpg 400w\" sizes=\"(max-width: 1040px) 100vw, 1040px\" title=\"C\u00e9lulas Troy positivas na base da gl\u00e2ndula g\u00e1strica de ratos de 60 dias de vida p\u00f3s-natal, identificadas por AlexaFluor\u00ae-633 (vermelho). N\u00facleos corados com DAPI (azul). Aumento original: 200x \" alt=\"\" \t\tclass=\"so-widget-image\"\/>\n\t<\/div>\n\n<\/div><\/div><\/div><\/div><\/div>","protected":false},"excerpt":{"rendered":"<p>Nosso laborat\u00f3rio est\u00e1 interessado no estudo do trato gastrintestinal durante os est\u00e1gios de desenvolvimento p\u00f3s-natal. Focamos nos eventos de prolifera\u00e7\u00e3o, diferencia\u00e7\u00e3o e morte celular no epit\u00e9lio digestivo, processos s\u00e3o controlados por um conjunto de fatores que envolvem a alimenta\u00e7\u00e3o, horm\u00f4nios e fatores de crescimento. Procuramos assim, estudar o efeito de mecanismos regulat\u00f3rios durante o desenvolvimento,<a href=\"https:\/\/sites.usp.br\/patgamalab\/pesquisa\/\">[&#8230;]<\/a><\/p>\n","protected":false},"author":1200,"featured_media":0,"parent":0,"menu_order":0,"comment_status":"closed","ping_status":"closed","template":"template-fullwidth-no-title.php","meta":{"footnotes":"","_links_to":"","_links_to_target":""},"class_list":["post-111","page","type-page","status-publish","hentry"],"_links":{"self":[{"href":"https:\/\/sites.usp.br\/patgamalab\/wp-json\/wp\/v2\/pages\/111","targetHints":{"allow":["GET"]}}],"collection":[{"href":"https:\/\/sites.usp.br\/patgamalab\/wp-json\/wp\/v2\/pages"}],"about":[{"href":"https:\/\/sites.usp.br\/patgamalab\/wp-json\/wp\/v2\/types\/page"}],"author":[{"embeddable":true,"href":"https:\/\/sites.usp.br\/patgamalab\/wp-json\/wp\/v2\/users\/1200"}],"replies":[{"embeddable":true,"href":"https:\/\/sites.usp.br\/patgamalab\/wp-json\/wp\/v2\/comments?post=111"}],"version-history":[{"count":5,"href":"https:\/\/sites.usp.br\/patgamalab\/wp-json\/wp\/v2\/pages\/111\/revisions"}],"predecessor-version":[{"id":1278,"href":"https:\/\/sites.usp.br\/patgamalab\/wp-json\/wp\/v2\/pages\/111\/revisions\/1278"}],"wp:attachment":[{"href":"https:\/\/sites.usp.br\/patgamalab\/wp-json\/wp\/v2\/media?parent=111"}],"curies":[{"name":"wp","href":"https:\/\/api.w.org\/{rel}","templated":true}]}}