{"id":726,"date":"2020-08-10T00:30:28","date_gmt":"2020-08-10T02:30:28","guid":{"rendered":"https:\/\/sites.usp.br\/patgamalab\/?page_id=726"},"modified":"2020-08-28T18:25:42","modified_gmt":"2020-08-28T20:25:42","slug":"colaboradores","status":"publish","type":"page","link":"https:\/\/sites.usp.br\/patgamalab\/colaboradores\/","title":{"rendered":"Colaboradores"},"content":{"rendered":"<div id=\"pl-726\"  class=\"panel-layout\" ><div id=\"pg-726-0\"  class=\"panel-grid panel-no-style\" ><div id=\"pgc-726-0-0\"  class=\"panel-grid-cell\" ><div id=\"panel-726-0-0-0\" class=\"so-panel widget widget_sow-headline panel-first-child panel-last-child\" data-index=\"0\" ><div class=\"panel-widget-style panel-widget-style-for-726-0-0-0\" ><div\n\t\t\t\n\t\t\tclass=\"so-widget-sow-headline so-widget-sow-headline-default-ea0af4cf39ae-726\"\n\t\t\t\n\t\t><div class=\"sow-headline-container \">\n\t\t\t\t\t\t\t<h1 class=\"sow-headline\">\n\t\t\t\t\t\tNossos colaboradores\t\t\t\t\t\t<\/h1>\n\t\t\t\t\t\t\t\t\t\t\t<div class=\"decoration\">\n\t\t\t\t\t\t<div class=\"decoration-inside\"><\/div>\n\t\t\t\t\t<\/div>\n\t\t\t\t\t<\/div>\n<\/div><\/div><\/div><\/div><\/div><div id=\"pg-726-1\"  class=\"panel-grid panel-no-style\" ><div id=\"pgc-726-1-0\"  class=\"panel-grid-cell\" ><div id=\"panel-726-1-0-0\" class=\"so-panel widget widget_sow-image panel-first-child\" data-index=\"1\" ><div\n\t\t\t\n\t\t\tclass=\"so-widget-sow-image so-widget-sow-image-default-113ccd71f3e6-726\"\n\t\t\t\n\t\t>\n<div class=\"sow-image-container\">\n\t\t<img \n\tsrc=\"https:\/\/sites.usp.br\/patgamalab\/wp-content\/uploads\/sites\/760\/2020\/08\/carolinapurcell-136x200.jpg\" width=\"136\" height=\"200\" sizes=\"(max-width: 136px) 100vw, 136px\" title=\"carolinapurcell\" alt=\"\" \t\tclass=\"so-widget-image\"\/>\n\t<\/div>\n\n<\/div><\/div><div id=\"panel-726-1-0-1\" class=\"so-panel widget widget_sow-editor panel-last-child\" data-index=\"2\" ><div\n\t\t\t\n\t\t\tclass=\"so-widget-sow-editor so-widget-sow-editor-base\"\n\t\t\t\n\t\t>\n<div class=\"siteorigin-widget-tinymce textwidget\">\n\t<h3 style=\"text-align: center;\"><span style=\"font-weight: 400;\">Carolina Purcell Goes<\/span><\/h3>\n<p>&nbsp;<\/p>\n<p style=\"text-align: justify;\"><span style=\"font-weight: 400;\">Gradua\u00e7\u00e3o em Ci\u00eancias Biol\u00f3gicas (2007-2011) pela Universidade Federal de S\u00e3o Carlos (UFSCAR). Mestrado em Ci\u00eancias (2013-2015) e Doutorado em Biologia de Sistemas (2015-2019) pela Universidade de S\u00e3o Paulo.\u00a0<\/span><\/p>\n<p><a href=\"http:\/\/lattes.cnpq.br\/0155467183451613\"><span style=\"font-weight: 400;\">CV Lattes<\/span><\/a><\/p>\n<h3 style=\"text-align: center;\"><span style=\"font-weight: 400;\"><\/span><\/p>\n<\/div>\n<\/div><\/div><\/div><div id=\"pgc-726-1-1\"  class=\"panel-grid-cell\" ><div id=\"panel-726-1-1-0\" class=\"so-panel widget widget_sow-image panel-first-child\" data-index=\"3\" ><div\n\t\t\t\n\t\t\tclass=\"so-widget-sow-image so-widget-sow-image-default-113ccd71f3e6-726\"\n\t\t\t\n\t\t>\n<div class=\"sow-image-container\">\n\t\t<img \n\tsrc=\"https:\/\/sites.usp.br\/patgamalab\/wp-content\/uploads\/sites\/760\/2020\/08\/chaoirene-e1597078957207-200x200.jpg\" width=\"200\" height=\"200\" srcset=\"https:\/\/sites.usp.br\/patgamalab\/wp-content\/uploads\/sites\/760\/2020\/08\/chaoirene-e1597078957207-200x200.jpg 200w, https:\/\/sites.usp.br\/patgamalab\/wp-content\/uploads\/sites\/760\/2020\/08\/chaoirene-e1597078957207-150x150.jpg 150w, https:\/\/sites.usp.br\/patgamalab\/wp-content\/uploads\/sites\/760\/2020\/08\/chaoirene-e1597078957207-174x174.jpg 174w, https:\/\/sites.usp.br\/patgamalab\/wp-content\/uploads\/sites\/760\/2020\/08\/chaoirene-e1597078957207-45x45.jpg 45w\" sizes=\"(max-width: 200px) 100vw, 200px\" title=\"chaoirene\" alt=\"\" \t\tclass=\"so-widget-image\"\/>\n\t<\/div>\n\n<\/div><\/div><div id=\"panel-726-1-1-1\" class=\"so-panel widget widget_sow-editor panel-last-child\" data-index=\"4\" ><div\n\t\t\t\n\t\t\tclass=\"so-widget-sow-editor so-widget-sow-editor-base\"\n\t\t\t\n\t\t>\n<div class=\"siteorigin-widget-tinymce textwidget\">\n\t<h3 style=\"text-align: center;\">Chao Yun Irene Yan<\/h3>\n<p style=\"text-align: center;\">ireneyan@icb.usp.br<\/p>\n<p style=\"text-align: justify;\">Gradua\u00e7\u00e3o em Biologia (1987-1990) pela Universidade Federal do Rio de Janeiro (UFRJ). Mestrado em Ci\u00eancias Biol\u00f3gicas (Biof\u00edsica) pelo Instituto de Biof\u00edsica Carlos Chagas no per\u00edodo de 1990-1992. Mestrado (1992-1995) e Doutorado (1995-1998) em Neurobiology and Behavior pela Columbia University (EUA). P\u00f3s-doutorado pela Columbia University (1998-1999) e Rockeffeler University (1999-2001). Conquistou o t\u00edtulo de Livre-doc\u00eancia (Ci\u00eancias Biol\u00f3gicas) em 2016 pela Universidade de S\u00e3o Paulo. Atualmente \u00e9 docente da Universidade de S\u00e3o Paulo.<\/p>\n<p style=\"text-align: justify;\"><a href=\"http:\/\/lattes.cnpq.br\/5312644951352619\" target=\"_blank\" rel=\"noopener noreferrer\">CV Lattes<\/a><\/p>\n<h3 style=\"text-align: center;\"><\/a><\/p>\n<\/div>\n<\/div><\/div><\/div><div id=\"pgc-726-1-2\"  class=\"panel-grid-cell\" ><div id=\"panel-726-1-2-0\" class=\"so-panel widget widget_sow-image panel-first-child\" data-index=\"5\" ><div\n\t\t\t\n\t\t\tclass=\"so-widget-sow-image so-widget-sow-image-default-113ccd71f3e6-726\"\n\t\t\t\n\t\t>\n<div class=\"sow-image-container\">\n\t\t<img \n\tsrc=\"https:\/\/sites.usp.br\/patgamalab\/wp-content\/uploads\/sites\/760\/2020\/08\/elianaparisi1-e1598193079864-200x200.jpg\" width=\"200\" height=\"200\" srcset=\"https:\/\/sites.usp.br\/patgamalab\/wp-content\/uploads\/sites\/760\/2020\/08\/elianaparisi1-e1598193079864-200x200.jpg 200w, https:\/\/sites.usp.br\/patgamalab\/wp-content\/uploads\/sites\/760\/2020\/08\/elianaparisi1-e1598193079864-150x150.jpg 150w, https:\/\/sites.usp.br\/patgamalab\/wp-content\/uploads\/sites\/760\/2020\/08\/elianaparisi1-e1598193079864-250x250.jpg 250w, https:\/\/sites.usp.br\/patgamalab\/wp-content\/uploads\/sites\/760\/2020\/08\/elianaparisi1-e1598193079864-174x174.jpg 174w, https:\/\/sites.usp.br\/patgamalab\/wp-content\/uploads\/sites\/760\/2020\/08\/elianaparisi1-e1598193079864-45x45.jpg 45w\" sizes=\"(max-width: 200px) 100vw, 200px\" title=\"elianaparisi1\" alt=\"\" \t\tclass=\"so-widget-image\"\/>\n\t<\/div>\n\n<\/div><\/div><div id=\"panel-726-1-2-1\" class=\"so-panel widget widget_sow-editor panel-last-child\" data-index=\"6\" ><div\n\t\t\t\n\t\t\tclass=\"so-widget-sow-editor so-widget-sow-editor-base\"\n\t\t\t\n\t\t>\n<div class=\"siteorigin-widget-tinymce textwidget\">\n\t<h3 style=\"text-align: center;\"><span style=\"font-weight: 400;\">Eliana Parisi Alvares<\/span><\/h3>\n<p>&nbsp;<\/p>\n<p style=\"text-align: justify;\"><span style=\"font-weight: 400;\">Gradua\u00e7\u00e3o em Ci\u00eancias Biol\u00f3gicas (1964-1967), Doutorado em Histologia e Embriologia (1968-1972) e Livre-doc\u00eancia (1993) pela Universidade de S\u00e3o Paulo. Orientou Patr\u00edcia Gama durante a Inicia\u00e7\u00e3o Cient\u00edfica e Doutorado.<\/span><\/p>\n<p><a href=\"http:\/\/lattes.cnpq.br\/3436458832751881\"><span style=\"font-weight: 400;\">CV Lattes<\/span><\/a><\/p>\n<h3 style=\"text-align: center;\"><span style=\"font-weight: 400;\"><\/span><\/a><\/p>\n<\/div>\n<\/div><\/div><\/div><\/div><div id=\"pg-726-2\"  class=\"panel-grid panel-no-style\" ><div id=\"pgc-726-2-0\"  class=\"panel-grid-cell panel-grid-cell-empty\" ><\/div><\/div><div id=\"pg-726-3\"  class=\"panel-grid panel-no-style\" ><div id=\"pgc-726-3-0\"  class=\"panel-grid-cell\" ><div id=\"panel-726-3-0-0\" class=\"so-panel widget widget_sow-image panel-first-child\" data-index=\"7\" ><div\n\t\t\t\n\t\t\tclass=\"so-widget-sow-image so-widget-sow-image-default-113ccd71f3e6-726\"\n\t\t\t\n\t\t>\n<div class=\"sow-image-container\">\n\t\t<img \n\tsrc=\"https:\/\/sites.usp.br\/patgamalab\/wp-content\/uploads\/sites\/760\/2020\/08\/eliane-e1598231101184-200x200.jpg\" width=\"200\" height=\"200\" srcset=\"https:\/\/sites.usp.br\/patgamalab\/wp-content\/uploads\/sites\/760\/2020\/08\/eliane-e1598231101184-200x200.jpg 200w, https:\/\/sites.usp.br\/patgamalab\/wp-content\/uploads\/sites\/760\/2020\/08\/eliane-e1598231101184-150x150.jpg 150w, https:\/\/sites.usp.br\/patgamalab\/wp-content\/uploads\/sites\/760\/2020\/08\/eliane-e1598231101184-250x250.jpg 250w, https:\/\/sites.usp.br\/patgamalab\/wp-content\/uploads\/sites\/760\/2020\/08\/eliane-e1598231101184-174x174.jpg 174w, https:\/\/sites.usp.br\/patgamalab\/wp-content\/uploads\/sites\/760\/2020\/08\/eliane-e1598231101184-45x45.jpg 45w\" sizes=\"(max-width: 200px) 100vw, 200px\" title=\"eliane\" alt=\"\" \t\tclass=\"so-widget-image\"\/>\n\t<\/div>\n\n<\/div><\/div><div id=\"panel-726-3-0-1\" class=\"so-panel widget widget_sow-editor panel-last-child\" data-index=\"8\" ><div\n\t\t\t\n\t\t\tclass=\"so-widget-sow-editor so-widget-sow-editor-base\"\n\t\t\t\n\t\t>\n<div class=\"siteorigin-widget-tinymce textwidget\">\n\t<h3 style=\"text-align: center;\">Eliane Maria Goldfeder<\/h3>\n<p>&nbsp;<\/p>\n<p style=\"text-align: justify;\">Gradua\u00e7\u00e3o em Ci\u00eancias Biol\u00f3gicas modalidade m\u00e9dica (1981-1984) pela Universidade de Santo Amaro (UNISA). Mestrado em Anatomia Humana (1985-1988) pela Universidade Federal de S\u00e3o Paulo (UNIFESP). Doutorado em Ci\u00eancias (1991-1996) pela Universidade de S\u00e3o Paulo. Atualmente \u00e9 professora associada na Universidade Federal de Santa Catarina.<\/p>\n<p><a href=\"http:\/\/lattes.cnpq.br\/9698366449696696\" target=\"_blank\" rel=\"noopener noreferrer\">CV Lattes<\/a><\/p>\n<h3 style=\"text-align: center;\">\n<p>&nbsp;<\/p>\n<p>&nbsp;<\/p>\n<\/div>\n<\/div><\/div><\/div><div id=\"pgc-726-3-1\"  class=\"panel-grid-cell\" ><div id=\"panel-726-3-1-0\" class=\"so-panel widget widget_sow-image panel-first-child\" data-index=\"9\" ><div\n\t\t\t\n\t\t\tclass=\"so-widget-sow-image so-widget-sow-image-default-113ccd71f3e6-726\"\n\t\t\t\n\t\t>\n<div class=\"sow-image-container\">\n\t\t<img \n\tsrc=\"https:\/\/sites.usp.br\/patgamalab\/wp-content\/uploads\/sites\/760\/2020\/08\/kethleenmesquita-e1597114989192-200x200.jpg\" width=\"200\" height=\"200\" srcset=\"https:\/\/sites.usp.br\/patgamalab\/wp-content\/uploads\/sites\/760\/2020\/08\/kethleenmesquita-e1597114989192-200x200.jpg 200w, https:\/\/sites.usp.br\/patgamalab\/wp-content\/uploads\/sites\/760\/2020\/08\/kethleenmesquita-e1597114989192-150x150.jpg 150w, https:\/\/sites.usp.br\/patgamalab\/wp-content\/uploads\/sites\/760\/2020\/08\/kethleenmesquita-e1597114989192-250x250.jpg 250w, https:\/\/sites.usp.br\/patgamalab\/wp-content\/uploads\/sites\/760\/2020\/08\/kethleenmesquita-e1597114989192-174x174.jpg 174w, https:\/\/sites.usp.br\/patgamalab\/wp-content\/uploads\/sites\/760\/2020\/08\/kethleenmesquita-e1597114989192-45x45.jpg 45w\" sizes=\"(max-width: 200px) 100vw, 200px\" title=\"kethleenmesquita\" alt=\"\" \t\tclass=\"so-widget-image\"\/>\n\t<\/div>\n\n<\/div><\/div><div id=\"panel-726-3-1-1\" class=\"so-panel widget widget_sow-editor panel-last-child\" data-index=\"10\" ><div\n\t\t\t\n\t\t\tclass=\"so-widget-sow-editor so-widget-sow-editor-base\"\n\t\t\t\n\t\t>\n<div class=\"siteorigin-widget-tinymce textwidget\">\n\t<h3 style=\"text-align: center;\"><span style=\"font-weight: 400;\">Kethleen Mesquita da Silva<\/span><\/h3>\n<p>&nbsp;<\/p>\n<p style=\"text-align: justify;\"><span style=\"font-weight: 400;\">Gradua\u00e7\u00e3o em Ci\u00eancias Biol\u00f3gicas (Bacharelado e Licenciatura) no per\u00edodo de 2008-2013 pela Universidade Federal de Mato Grosso do Sul (UFMS). Realizou o seu mestrado em ci\u00eancia animal no per\u00edodo de 2011-2013 tamb\u00e9m na UFMS. Doutorado realizado no BED lab (2016-2020).<\/span><\/p>\n<p><a href=\"http:\/\/lattes.cnpq.br\/9236650244050109\"><span style=\"font-weight: 400;\">CV Lattes<\/span><\/a><\/p>\n<h3 style=\"text-align: center;\"><span style=\"font-weight: 400;\"><\/span><\/p>\n<\/div>\n<\/div><\/div><\/div><div id=\"pgc-726-3-2\"  class=\"panel-grid-cell\" ><div id=\"panel-726-3-2-0\" class=\"so-panel widget widget_sow-image panel-first-child\" data-index=\"11\" ><div\n\t\t\t\n\t\t\tclass=\"so-widget-sow-image so-widget-sow-image-default-113ccd71f3e6-726\"\n\t\t\t\n\t\t>\n<div class=\"sow-image-container\">\n\t\t<img \n\tsrc=\"https:\/\/sites.usp.br\/patgamalab\/wp-content\/uploads\/sites\/760\/2020\/08\/lesliegold-200x200.jpg\" width=\"200\" height=\"200\" srcset=\"https:\/\/sites.usp.br\/patgamalab\/wp-content\/uploads\/sites\/760\/2020\/08\/lesliegold-200x200.jpg 200w, https:\/\/sites.usp.br\/patgamalab\/wp-content\/uploads\/sites\/760\/2020\/08\/lesliegold-150x150.jpg 150w, https:\/\/sites.usp.br\/patgamalab\/wp-content\/uploads\/sites\/760\/2020\/08\/lesliegold-174x174.jpg 174w, https:\/\/sites.usp.br\/patgamalab\/wp-content\/uploads\/sites\/760\/2020\/08\/lesliegold-45x45.jpg 45w, https:\/\/sites.usp.br\/patgamalab\/wp-content\/uploads\/sites\/760\/2020\/08\/lesliegold.jpg 217w\" sizes=\"(max-width: 200px) 100vw, 200px\" alt=\"\" \t\tclass=\"so-widget-image\"\/>\n\t<\/div>\n\n<\/div><\/div><div id=\"panel-726-3-2-1\" class=\"so-panel widget widget_sow-editor panel-last-child\" data-index=\"12\" ><div\n\t\t\t\n\t\t\tclass=\"so-widget-sow-editor so-widget-sow-editor-base\"\n\t\t\t\n\t\t>\n<div class=\"siteorigin-widget-tinymce textwidget\">\n\t<h3 style=\"text-align: center;\">Leslie I. Gold<\/h3>\n<p style=\"text-align: center;\">Leslie.Gold@nyulangone.org<\/p>\n<p style=\"text-align: justify;\">Professora associada da New York University (Departamentos de Medicina e Patologia).<\/p>\n<h3 style=\"text-align: center;\">\n<p>&nbsp;<\/p>\n<p>&nbsp;<\/p>\n<p>&nbsp;<\/p>\n<\/div>\n<\/div><\/div><\/div><\/div><div id=\"pg-726-4\"  class=\"panel-grid panel-no-style\" ><div id=\"pgc-726-4-0\"  class=\"panel-grid-cell panel-grid-cell-empty\" ><\/div><\/div><div id=\"pg-726-5\"  class=\"panel-grid panel-no-style\" ><div id=\"pgc-726-5-0\"  class=\"panel-grid-cell\" ><div id=\"panel-726-5-0-0\" class=\"so-panel widget widget_sow-image panel-first-child\" data-index=\"13\" ><div\n\t\t\t\n\t\t\tclass=\"so-widget-sow-image so-widget-sow-image-default-113ccd71f3e6-726\"\n\t\t\t\n\t\t>\n<div class=\"sow-image-container\">\n\t\t<img \n\tsrc=\"https:\/\/sites.usp.br\/patgamalab\/wp-content\/uploads\/sites\/760\/2020\/08\/marie-pierre-200x200.jpg\" width=\"200\" height=\"200\" srcset=\"https:\/\/sites.usp.br\/patgamalab\/wp-content\/uploads\/sites\/760\/2020\/08\/marie-pierre-200x200.jpg 200w, https:\/\/sites.usp.br\/patgamalab\/wp-content\/uploads\/sites\/760\/2020\/08\/marie-pierre-150x150.jpg 150w, https:\/\/sites.usp.br\/patgamalab\/wp-content\/uploads\/sites\/760\/2020\/08\/marie-pierre-250x250.jpg 250w, https:\/\/sites.usp.br\/patgamalab\/wp-content\/uploads\/sites\/760\/2020\/08\/marie-pierre-174x174.jpg 174w, https:\/\/sites.usp.br\/patgamalab\/wp-content\/uploads\/sites\/760\/2020\/08\/marie-pierre-45x45.jpg 45w, https:\/\/sites.usp.br\/patgamalab\/wp-content\/uploads\/sites\/760\/2020\/08\/marie-pierre-400x400.jpg 400w\" sizes=\"(max-width: 200px) 100vw, 200px\" alt=\"\" \t\tclass=\"so-widget-image\"\/>\n\t<\/div>\n\n<\/div><\/div><div id=\"panel-726-5-0-1\" class=\"so-panel widget widget_sow-editor panel-last-child\" data-index=\"14\" ><div\n\t\t\t\n\t\t\tclass=\"so-widget-sow-editor so-widget-sow-editor-base\"\n\t\t\t\n\t\t>\n<div class=\"siteorigin-widget-tinymce textwidget\">\n\t<h3 style=\"text-align: center;\">Marie-Pierre Moisan<\/h3>\n<p style=\"text-align: center;\">Marie-Pierre.Moisan@inra.fr<\/p>\n<p style=\"text-align: justify;\">Pesquisadora associada da Universidade Bordeaux (INRA, Fran\u00e7a).<\/p>\n<h3 style=\"text-align: center;\">\n<\/div>\n<\/div><\/div><\/div><div id=\"pgc-726-5-1\"  class=\"panel-grid-cell\" ><div id=\"panel-726-5-1-0\" class=\"so-panel widget widget_sow-image panel-first-child\" data-index=\"15\" ><div\n\t\t\t\n\t\t\tclass=\"so-widget-sow-image so-widget-sow-image-default-113ccd71f3e6-726\"\n\t\t\t\n\t\t>\n<div class=\"sow-image-container\">\n\t\t<img \n\tsrc=\"https:\/\/sites.usp.br\/patgamalab\/wp-content\/uploads\/sites\/760\/2020\/08\/marinilce-e1597079000229-200x200.jpg\" width=\"200\" height=\"200\" srcset=\"https:\/\/sites.usp.br\/patgamalab\/wp-content\/uploads\/sites\/760\/2020\/08\/marinilce-e1597079000229-200x200.jpg 200w, https:\/\/sites.usp.br\/patgamalab\/wp-content\/uploads\/sites\/760\/2020\/08\/marinilce-e1597079000229-150x150.jpg 150w, https:\/\/sites.usp.br\/patgamalab\/wp-content\/uploads\/sites\/760\/2020\/08\/marinilce-e1597079000229-250x250.jpg 250w, https:\/\/sites.usp.br\/patgamalab\/wp-content\/uploads\/sites\/760\/2020\/08\/marinilce-e1597079000229-174x174.jpg 174w, https:\/\/sites.usp.br\/patgamalab\/wp-content\/uploads\/sites\/760\/2020\/08\/marinilce-e1597079000229-45x45.jpg 45w\" sizes=\"(max-width: 200px) 100vw, 200px\" title=\"marinilce\" alt=\"\" \t\tclass=\"so-widget-image\"\/>\n\t<\/div>\n\n<\/div><\/div><div id=\"panel-726-5-1-1\" class=\"so-panel widget widget_sow-editor panel-last-child\" data-index=\"16\" ><div\n\t\t\t\n\t\t\tclass=\"so-widget-sow-editor so-widget-sow-editor-base\"\n\t\t\t\n\t\t>\n<div class=\"siteorigin-widget-tinymce textwidget\">\n\t<h3 style=\"text-align: center;\">Marinilce Fagundes dos Santos<\/h3>\n<p style=\"text-align: center;\">mfsantos@usp.br<\/p>\n<p style=\"text-align: justify;\">Gradua\u00e7\u00e3o em Odontologia (1983 - 1986) pela Universidade Estadual Paulista J\u00falio de Mesquita Filho (UNESP). Mestrado (1989 - 1992) em Fisiologia Humana e Doutorado em Ci\u00eancias (1992 - 1994) pela Universidade de S\u00e3o Paulo. P\u00f3s-doutorado pela University of Tennessee System (1994 - 1997) e pelo National Institutes of Health, NIH (2007 - 2008). T\u00edtulo de Livre-doc\u00eancia (2006) pela Universidade de S\u00e3o Paulo.<\/p>\n<p style=\"text-align: justify;\"><a href=\"http:\/\/lattes.cnpq.br\/3538406078316217\" target=\"_blank\" rel=\"noopener noreferrer\">CV Lattes<\/a><\/p>\n<h3 style=\"text-align: center;\"><\/a><\/p>\n<\/div>\n<\/div><\/div><\/div><div id=\"pgc-726-5-2\"  class=\"panel-grid-cell\" ><div id=\"panel-726-5-2-0\" class=\"so-panel widget widget_sow-image panel-first-child\" data-index=\"17\" ><div\n\t\t\t\n\t\t\tclass=\"so-widget-sow-image so-widget-sow-image-default-113ccd71f3e6-726\"\n\t\t\t\n\t\t>\n<div class=\"sow-image-container\">\n\t\t<img \n\tsrc=\"https:\/\/sites.usp.br\/patgamalab\/wp-content\/uploads\/sites\/760\/2020\/08\/raquel-e1598233110903-157x200.jpg\" width=\"157\" height=\"200\" sizes=\"(max-width: 157px) 100vw, 157px\" title=\"raquel\" alt=\"\" \t\tclass=\"so-widget-image\"\/>\n\t<\/div>\n\n<\/div><\/div><div id=\"panel-726-5-2-1\" class=\"so-panel widget widget_sow-editor panel-last-child\" data-index=\"18\" ><div\n\t\t\t\n\t\t\tclass=\"so-widget-sow-editor so-widget-sow-editor-base\"\n\t\t\t\n\t\t>\n<div class=\"siteorigin-widget-tinymce textwidget\">\n\t<h3 style=\"text-align: center;\"> Raquel Galv\u00e3o Figueredo Costa<\/h3>\n<p>&nbsp;<\/p>\n<p style=\"text-align: justify;\"><span style=\"font-weight: 400;\">Gradua\u00e7\u00e3o em Enfermagem (2005-2009) e Mestrado em Ci\u00eancias e Sa\u00fade pela Universidade Federal do Piau\u00ed (UFPI). Doutorado em Biologia Celular e Tecidual pelo ICB-USP. Membro do BED lab desde 2019.<\/span><\/p>\n<p><a href=\"http:\/\/lattes.cnpq.br\/4688008734010487\"><span style=\"font-weight: 400;\">CV Lattes<\/span><\/a><\/p>\n<h3 style=\"text-align: center;\"><b><\/span><\/a><\/p>\n<\/div>\n<\/div><\/div><\/div><\/div><\/div>","protected":false},"excerpt":{"rendered":"<p>Carolina Purcell Goes &nbsp; Gradua\u00e7\u00e3o em Ci\u00eancias Biol\u00f3gicas (2007-2011) pela Universidade Federal de S\u00e3o Carlos (UFSCAR). Mestrado em Ci\u00eancias (2013-2015) e Doutorado em Biologia de Sistemas (2015-2019) pela Universidade de S\u00e3o Paulo.\u00a0 CV Lattes Chao Yun Irene Yan ireneyan@icb.usp.br Gradua\u00e7\u00e3o em Biologia (1987-1990) pela Universidade Federal do Rio de Janeiro (UFRJ). Mestrado em Ci\u00eancias Biol\u00f3gicas<a href=\"https:\/\/sites.usp.br\/patgamalab\/colaboradores\/\">[&#8230;]<\/a><\/p>\n","protected":false},"author":1200,"featured_media":0,"parent":0,"menu_order":0,"comment_status":"closed","ping_status":"closed","template":"template-fullwidth-no-title.php","meta":{"footnotes":"","_links_to":"","_links_to_target":""},"class_list":["post-726","page","type-page","status-publish","hentry"],"_links":{"self":[{"href":"https:\/\/sites.usp.br\/patgamalab\/wp-json\/wp\/v2\/pages\/726","targetHints":{"allow":["GET"]}}],"collection":[{"href":"https:\/\/sites.usp.br\/patgamalab\/wp-json\/wp\/v2\/pages"}],"about":[{"href":"https:\/\/sites.usp.br\/patgamalab\/wp-json\/wp\/v2\/types\/page"}],"author":[{"embeddable":true,"href":"https:\/\/sites.usp.br\/patgamalab\/wp-json\/wp\/v2\/users\/1200"}],"replies":[{"embeddable":true,"href":"https:\/\/sites.usp.br\/patgamalab\/wp-json\/wp\/v2\/comments?post=726"}],"version-history":[{"count":4,"href":"https:\/\/sites.usp.br\/patgamalab\/wp-json\/wp\/v2\/pages\/726\/revisions"}],"predecessor-version":[{"id":795,"href":"https:\/\/sites.usp.br\/patgamalab\/wp-json\/wp\/v2\/pages\/726\/revisions\/795"}],"wp:attachment":[{"href":"https:\/\/sites.usp.br\/patgamalab\/wp-json\/wp\/v2\/media?parent=726"}],"curies":[{"name":"wp","href":"https:\/\/api.w.org\/{rel}","templated":true}]}}