{"id":1195,"date":"2016-08-01T15:39:07","date_gmt":"2016-08-01T18:39:07","guid":{"rendered":"http:\/\/sites.usp.br\/pcvet\/?page_id=1195"},"modified":"2025-03-19T09:16:46","modified_gmt":"2025-03-19T12:16:46","slug":"apresentacao-2","status":"publish","type":"page","link":"https:\/\/sites.usp.br\/pcvet\/apresentacao-2\/","title":{"rendered":"Apresenta\u00e7\u00e3o"},"content":{"rendered":"<p><\/p>\n<p style=\"text-align: justify;\">O PCVet prioriza a forma\u00e7\u00e3o de indiv\u00edduos que visam a obten\u00e7\u00e3o de conhecimentos para a resolu\u00e7\u00e3o dos problemas que: envolvem a cl\u00ednica individualizada dos animais de companhia, esporte e\/ou de impacto zoot\u00e9cnico; assolam a pecu\u00e1ria nacional; e acarretam desafios ambientais de diferentes dimens\u00f5es e caracter\u00edsticas; culminando com a converg\u00eancia destes \u00e0 Sa\u00fade \u00danica. O cont\u00ednuo desafio em seus diversos cen\u00e1rios da pr\u00e1tica veterin\u00e1ria, representados por suas linhas de pesquisa (LPs), s\u00e3o modulados pelo criterioso olhar da p\u00f3s-gradua\u00e7\u00e3o comprometida com o desenvolvimento nacional. Assim, da comunidade assistida partem n\u00e3o apenas os desafios para as a\u00e7\u00f5es do PCVet, mas tamb\u00e9m as avalia\u00e7\u00f5es sobre as solu\u00e7\u00f5es propostas, e a checagem dos procedimentos motivados pelas hip\u00f3teses conduzidas pela p\u00f3s-gradua\u00e7\u00e3o. Do conhecimento e interc\u00e2mbios nacionais e internacionais partem os desafios de inova\u00e7\u00e3o, do amadurecimento tecnol\u00f3gico e a capacita\u00e7\u00e3o globalizada dos nossos recursos humanos.<\/p>\n<h4 style=\"text-align: justify;\"><span style=\"color: #ff6600;\">Objetivo<\/span><\/h4>\n<p style=\"text-align: justify;\">Curso de P\u00f3s-Gradua\u00e7\u00e3o em Cl\u00ednica Veterin\u00e1ria da FMVZ\u00a0USP objetiva a frma\u00e7\u00e3o de pesquisadores e profissionais cl\u00ednicos que possam contribuir para a doc\u00eancia e pesquisa no campo da Cl\u00ednica Veterin\u00e1ria.<\/p>\n<p style=\"text-align: justify;\">Ao final do Curso os participantes devem estar capacitados a:<\/p>\n<ol>\n<li style=\"text-align: justify;\">elaborar e desenvolver programas de ensino Patologia e Cl\u00ednica Medicas dos Animais Dom\u00e9sticos;<\/li>\n<li style=\"text-align: justify;\">conceber e desenvolver, em condi\u00e7\u00f5es de campo e experimental, estudos de investiga\u00e7\u00e3o cl\u00ednica de alto padr\u00e3o cientifico, em rela\u00e7\u00e3o a diversas condi\u00e7\u00f5es m\u00f3rbidas que acometem os animais dom\u00e9sticos;<\/li>\n<li style=\"text-align: justify;\">desenvolver novos m\u00e9todos de diagn\u00f3stico e tratamento das enfermidades que acometem v\u00e1rias esp\u00e9cies animais.<\/li>\n<\/ol>\n<h4><span style=\"color: #ff6600;\">Miss\u00e3o, vis\u00e3o e valores do PCVet<\/span><\/h4>\n<p style=\"text-align: justify;\">A <strong>MISS\u00c3O<\/strong> do PPG em Cl\u00ednica Veterin\u00e1ria \u00e9 qualificar recursos humanos de excel\u00eancia para doc\u00eancia, pesquisa, gest\u00e3o e \u00e1reas aplicadas, que contribuam para o desenvolvimento da ci\u00eancia e da tecnologia brasileiras em benef\u00edcio da sociedade, sens\u00edveis \u00e0s necessidades regionais e nacionais. Contudo, que prospectem desafios mundiais, no campo da Cl\u00ednica Veterin\u00e1ria e suas contempor\u00e2neas interfaces, no desenvolvimento de processos, tecnologias, testes cl\u00ednicos, produtos e servi\u00e7os inovadores.<\/p>\n<p style=\"text-align: justify;\">Sua <strong>VIS\u00c3O<\/strong> \u00e9 consolidar-se como refer\u00eancia nacional e ser reconhecida internacionalmente na forma\u00e7\u00e3o de recursos humanos que integrem e disseminem os fundamentos Cl\u00ednico Veterin\u00e1rios \u00e0s pr\u00e1ticas inovadoras, respons\u00e1veis e sustent\u00e1veis para a Sa\u00fade Animal, contemplando a pesquisa e o ensino, e sendo integrada tanto \u00e0s \u00e1reas b\u00e1sicas como \u00e0s aplicadas.<\/p>\n<p style=\"text-align: justify;\">Os <strong>VALORES<\/strong> do PPG em Cl\u00ednica Veterin\u00e1ria s\u00e3o: diversidade, integra\u00e7\u00e3o, criatividade, comunica\u00e7\u00e3o n\u00e3o violenta, inova\u00e7\u00e3o e transpar\u00eancia para atingir objetivos sustent\u00e1veis, com responsabilidade social, ambiental e zelo pelo patrim\u00f4nio p\u00fablico.<\/p>\n<p><\/p>","protected":false},"excerpt":{"rendered":"<p>O PCVet prioriza a forma\u00e7\u00e3o de indiv\u00edduos que visam a obten\u00e7\u00e3o de conhecimentos para a resolu\u00e7\u00e3o dos problemas que: envolvem a cl\u00ednica individualizada dos animais de companhia, esporte e\/ou de impacto zoot\u00e9cnico; assolam a pecu\u00e1ria nacional; e acarretam desafios ambientais de diferentes dimens\u00f5es e caracter\u00edsticas; culminando com a converg\u00eancia destes \u00e0 Sa\u00fade \u00danica. O cont\u00ednuo desafio em seus diversos cen\u00e1rios da pr\u00e1tica veterin\u00e1ria, representados por suas linhas de pesquisa (LPs), s\u00e3o modulados pelo criterioso olhar da p\u00f3s-gradua\u00e7\u00e3o comprometida com o desenvolvimento nacional. Assim, da comunidade assistida partem n\u00e3o apenas os desafios para as a\u00e7\u00f5es do PCVet, mas tamb\u00e9m as avalia\u00e7\u00f5es sobre as solu\u00e7\u00f5es propostas, e a checagem dos procedimentos motivados pelas hip\u00f3teses conduzidas pela p\u00f3s-gradua\u00e7\u00e3o. Do conhecimento e interc\u00e2mbios nacionais e internacionais partem os desafios de inova\u00e7\u00e3o, do amadurecimento tecnol\u00f3gico e a capacita\u00e7\u00e3o globalizada dos nossos recursos humanos. Objetivo Curso de P\u00f3s-Gradua\u00e7\u00e3o em Cl\u00ednica Veterin\u00e1ria da FMVZ\u00a0USP objetiva a frma\u00e7\u00e3o de pesquisadores e profissionais cl\u00ednicos que possam contribuir para a doc\u00eancia e pesquisa no campo da Cl\u00ednica Veterin\u00e1ria. Ao final do Curso os participantes devem estar capacitados a: elaborar e desenvolver programas de ensino Patologia e Cl\u00ednica Medicas dos Animais Dom\u00e9sticos; conceber e desenvolver, em condi\u00e7\u00f5es de campo e experimental, [&#8230;]<\/p>\n","protected":false},"author":148,"featured_media":0,"parent":0,"menu_order":0,"comment_status":"closed","ping_status":"closed","template":"","meta":{"footnotes":"","_links_to":"","_links_to_target":""},"class_list":["post-1195","page","type-page","status-publish","hentry"],"_links":{"self":[{"href":"https:\/\/sites.usp.br\/pcvet\/wp-json\/wp\/v2\/pages\/1195","targetHints":{"allow":["GET"]}}],"collection":[{"href":"https:\/\/sites.usp.br\/pcvet\/wp-json\/wp\/v2\/pages"}],"about":[{"href":"https:\/\/sites.usp.br\/pcvet\/wp-json\/wp\/v2\/types\/page"}],"author":[{"embeddable":true,"href":"https:\/\/sites.usp.br\/pcvet\/wp-json\/wp\/v2\/users\/148"}],"replies":[{"embeddable":true,"href":"https:\/\/sites.usp.br\/pcvet\/wp-json\/wp\/v2\/comments?post=1195"}],"version-history":[{"count":4,"href":"https:\/\/sites.usp.br\/pcvet\/wp-json\/wp\/v2\/pages\/1195\/revisions"}],"predecessor-version":[{"id":2941,"href":"https:\/\/sites.usp.br\/pcvet\/wp-json\/wp\/v2\/pages\/1195\/revisions\/2941"}],"wp:attachment":[{"href":"https:\/\/sites.usp.br\/pcvet\/wp-json\/wp\/v2\/media?parent=1195"}],"curies":[{"name":"wp","href":"https:\/\/api.w.org\/{rel}","templated":true}]}}