{"id":1197,"date":"2016-08-01T15:39:23","date_gmt":"2016-08-01T18:39:23","guid":{"rendered":"http:\/\/sites.usp.br\/pcvet\/?page_id=1197"},"modified":"2017-01-17T17:53:17","modified_gmt":"2017-01-17T19:53:17","slug":"historico","status":"publish","type":"page","link":"https:\/\/sites.usp.br\/pcvet\/historico\/","title":{"rendered":"Hist\u00f3rico"},"content":{"rendered":"<p><\/p>\n<p style=\"text-align: justify\">O programa de ensino do Curso de P\u00f3s-Gradua\u00e7\u00e3o em Clinica Veterin\u00e1ria, em n\u00edvel de Mestrado e Doutorado foi estruturado consoante a legisla\u00e7\u00e3o especifica, em vigor; seguindo, portanto as normas estabelecidas pelo Regulamento dos Cursos de P\u00f3s-Gradua\u00e7\u00e3o da Faculdade de Medicina Veterin\u00e1ria e Zootecnia. Procurou-se, tamb\u00e9m, obedecer aos preceitos emanados dos Colegiados da Universidade de S\u00e3o Paulo e seus representantes, que afirmam ser necess\u00e1rio, \u00e0 mais antiga e ilustre Universidade do Brasil, manter cursos de todos os n\u00edveis, nas v\u00e1rias \u00e1reas do conhecimento humano. Inicialmente, no per\u00edodo 1982- 1989, o Departamento de Clinica Medica, desta Unidade de Ensino Superior manteve um curso de p\u00f3s-gradua\u00e7\u00e3o, em n\u00edvel de mestrado, sobre PATOLOGIA BOVINA, considerado uma op\u00e7\u00e3o do Curso de Patologia Experimental e Comparada. Na oportunidade a associa\u00e7\u00e3o dos cursos era compreens\u00edvel, pois ambos eram ministrados no mesmo setor da Faculdade de Veterin\u00e1ria, isto \u00e9, no antigo Departamento de Patologia e Clinica M\u00e9dicas.<\/p>\n<p style=\"text-align: justify\">A disparidade de atividades deste tradicional Departamento, criado ap\u00f3s a Reforma Universit\u00e1ria de 1969, obrigou sua divis\u00e3o, para que as partes resultantes obedecessem, adequadamente, aos Estatutos da Universidade de S\u00e3o Paulo. A Unidade, mencionada nas normas, foi alcan\u00e7ada no Departamento de Clinica Medica, que desenvolve atividades did\u00e1ticas, de pesquisa e de extens\u00e3o, apenas na \u00e1rea de Clinica M\u00e9dica Veterin\u00e1ria.<\/p>\n<p style=\"text-align: justify\">A subdivis\u00e3o do Departamento original foi oportuna e trouxe reais benef\u00edcios nos v\u00e1rios setores de atua\u00e7\u00e3o acad\u00eamica, todavia, entendeu-se que seria prematura a desvincula\u00e7\u00e3o da op\u00e7\u00e3o PATOLOGIA BOVINA do Curso de Patologia Experimental e Comparada, sem uma real comprova\u00e7\u00e3o de sua efici\u00eancia. Isto e apresentado em auto-avalia\u00e7\u00e3o anexada \u00e0 este expediente.<\/p>\n<p style=\"text-align: justify\">O atual Departamento de Clinica M\u00e9dica viu-se obrigado a recorrer aos estudos de p\u00f3s-gradua\u00e7\u00e3o para completar a forma\u00e7\u00e3o de Veterin\u00e1rios dedicados ao campo abrangente da Patologia e Clinica das Doen\u00e7as dos Animais Dom\u00e9sticos. Seu objetivo principal era a forma\u00e7\u00e3o de profissionais altamente diferenciados, que possam contribuir para o desenvolvimento da doc\u00eancia e pesquisa, nas \u00e1reas de atua\u00e7\u00e3o do Departamento de Clinica M\u00e9dica: a Buiatria, a Clinica dos Animais Monog\u00e1stricos e a Doen\u00e7as Nutricionais e Metab\u00f3licas dos Animais Dom\u00e9sticos.<\/p>\n<p style=\"text-align: justify\">O programa de p\u00f3s-gradua\u00e7\u00e3o em PATOLOGIA BOVINA (em n\u00edvel de Mestrado) ora substitu\u00eddo pelo de Clinica Veterin\u00e1ria (em n\u00edvel de Mestrado e Doutorado), est\u00e1 estruturado de forma a permitir a integraliza\u00e7\u00e3o dos cr\u00e9ditos em atividades pr\u00e9-determinadas de disciplinas avan\u00e7adas, tanto na \u00e1rea de concentra\u00e7\u00e3o (Semiologia e Patologia M\u00e9dica das Doen\u00e7as dos Animais Dom\u00e9sticos), quanto em \u00e1reas complementares, permitindo a forma\u00e7\u00e3o de docentes, pesquisadores e profissionais do n\u00edvel desejado.<\/p>\n<p style=\"text-align: justify\">As disciplinas da \u00e1rea de concentra\u00e7\u00e3o analisar\u00e3o de forma objetiva e critica as causas que produzem altera\u00e7\u00f5es org\u00e2nicas; contribuir\u00e3o para a elucida\u00e7\u00e3o da patogenia das enfermidades org\u00e2nicas e\/ou infecciosas dos animais dom\u00e9sticos e estudar\u00e3o as manifesta\u00e7\u00f5es clinicas observ\u00e1veis nos animais enfermos, estabelecendo normas semit\u00e9cnicas e de clinica proped\u00eautica.<\/p>\n<p style=\"text-align: justify\">Objetiva-se, ainda fornecer subs\u00eddios para a solu\u00e7\u00e3o das doen\u00e7as dos animais, em n\u00edvel individual, pois entende-se que medidas e pidemiol\u00f3gicas, principalmente, para as zoonoses, s\u00f3 poder\u00e3o ser adequadamente aplicadas, a partir de um diagnostico irrefut\u00e1vel.<\/p>\n<p><\/p>","protected":false},"excerpt":{"rendered":"<p>O programa de ensino do Curso de P\u00f3s-Gradua\u00e7\u00e3o em Clinica Veterin\u00e1ria, em n\u00edvel de Mestrado e Doutorado foi estruturado consoante a legisla\u00e7\u00e3o especifica, em vigor; seguindo, portanto as normas estabelecidas pelo Regulamento dos Cursos de P\u00f3s-Gradua\u00e7\u00e3o da Faculdade de Medicina Veterin\u00e1ria e Zootecnia. Procurou-se, tamb\u00e9m, obedecer aos preceitos emanados dos Colegiados da Universidade de S\u00e3o Paulo e seus representantes, que afirmam ser necess\u00e1rio, \u00e0 mais antiga e ilustre Universidade do Brasil, manter cursos de todos os n\u00edveis, nas v\u00e1rias \u00e1reas do conhecimento humano. Inicialmente, no per\u00edodo 1982- 1989, o Departamento de Clinica Medica, desta Unidade de Ensino Superior manteve um curso de p\u00f3s-gradua\u00e7\u00e3o, em n\u00edvel de mestrado, sobre PATOLOGIA BOVINA, considerado uma op\u00e7\u00e3o do Curso de Patologia Experimental e Comparada. Na oportunidade a associa\u00e7\u00e3o dos cursos era compreens\u00edvel, pois ambos eram ministrados no mesmo setor da Faculdade de Veterin\u00e1ria, isto \u00e9, no antigo Departamento de Patologia e Clinica M\u00e9dicas. A disparidade de atividades deste tradicional Departamento, criado ap\u00f3s a Reforma Universit\u00e1ria de 1969, obrigou sua divis\u00e3o, para que as partes resultantes obedecessem, adequadamente, aos Estatutos da Universidade de S\u00e3o Paulo. A Unidade, mencionada nas normas, foi alcan\u00e7ada no Departamento de Clinica Medica, que desenvolve atividades did\u00e1ticas, de pesquisa e de [&#8230;]<\/p>\n","protected":false},"author":148,"featured_media":0,"parent":0,"menu_order":0,"comment_status":"closed","ping_status":"closed","template":"","meta":{"footnotes":"","_links_to":"","_links_to_target":""},"class_list":["post-1197","page","type-page","status-publish","hentry"],"_links":{"self":[{"href":"https:\/\/sites.usp.br\/pcvet\/wp-json\/wp\/v2\/pages\/1197","targetHints":{"allow":["GET"]}}],"collection":[{"href":"https:\/\/sites.usp.br\/pcvet\/wp-json\/wp\/v2\/pages"}],"about":[{"href":"https:\/\/sites.usp.br\/pcvet\/wp-json\/wp\/v2\/types\/page"}],"author":[{"embeddable":true,"href":"https:\/\/sites.usp.br\/pcvet\/wp-json\/wp\/v2\/users\/148"}],"replies":[{"embeddable":true,"href":"https:\/\/sites.usp.br\/pcvet\/wp-json\/wp\/v2\/comments?post=1197"}],"version-history":[{"count":6,"href":"https:\/\/sites.usp.br\/pcvet\/wp-json\/wp\/v2\/pages\/1197\/revisions"}],"predecessor-version":[{"id":1733,"href":"https:\/\/sites.usp.br\/pcvet\/wp-json\/wp\/v2\/pages\/1197\/revisions\/1733"}],"wp:attachment":[{"href":"https:\/\/sites.usp.br\/pcvet\/wp-json\/wp\/v2\/media?parent=1197"}],"curies":[{"name":"wp","href":"https:\/\/api.w.org\/{rel}","templated":true}]}}