{"id":1199,"date":"2016-08-01T15:39:38","date_gmt":"2016-08-01T18:39:38","guid":{"rendered":"http:\/\/sites.usp.br\/pcvet\/?page_id=1199"},"modified":"2025-03-21T16:12:26","modified_gmt":"2025-03-21T19:12:26","slug":"normas","status":"publish","type":"page","link":"https:\/\/sites.usp.br\/pcvet\/normas\/","title":{"rendered":"Regimento e regulamentos"},"content":{"rendered":"<p><\/p>\n<h4><span style=\"color: #ff6600;\">Normas vigentes<\/span><\/h4>\n<ul>\n<li>Regulamento do Programa de P\u00f3s-gradua\u00e7\u00e3o em Cl\u00ednica Veterin\u00e1ria (<a href=\"http:\/\/leginf.usp.br\/?resolucao=resolucao-copgr-no-7877-de-25-de-novembro-de-2019\" target=\"_blank\" rel=\"noopener\">CCP PCVet<\/a> de 13nov19 <a href=\"https:\/\/sites.usp.br\/pcvet\/wp-content\/uploads\/sites\/224\/2019\/12\/FMVZ_Cl\u00ednicaVeterin\u00e1ria_AprovadoCaN_13Nov19.pdf\" target=\"_blank\" rel=\"noopener\">Arquivo para download<\/a>)<\/li>\n<li>Regimento da Comiss\u00e3o de P\u00f3s-Gradua\u00e7\u00e3o da FMVZ (<a href=\"https:\/\/leginf.usp.br\/?resolucao=resolucao-copgr-no-7804-de-29-de-agosto-de-2019#:~:text=RESOLU%C3%87%C3%83O%20CoPGr%20N%C2%BA%207804%2C%20DE%2029%20DE%20AGOSTO,%28a%29%20Faculdade%20de%20Medicina%20Veterin%C3%A1ria%20e%20Zootecnia%20%28FMVZ%29.\" target=\"_blank\" rel=\"noopener\">CPG FMVZ<\/a>)<\/li>\n<li>Regimento de P\u00f3s-Gradua\u00e7\u00e3o da USP (<a href=\"https:\/\/leginf.usp.br\/?resolucao=resolucao-no-7493-de-27-de-marco-de-2018-copy\" target=\"_blank\" rel=\"noopener\">PRPG USP<\/a>)<\/li>\n<\/ul>\n<h4><\/h4>\n<h4><span style=\"color: #ff6600;\">Documentos norteadores do PCVet<\/span><\/h4>\n<ul>\n<li>Projeto acad\u00eamico FMVZ\/USP (<a href=\"https:\/\/sites.usp.br\/pcvet\/wp-content\/uploads\/sites\/224\/2025\/03\/Projeto-Academico-2023-2027-aprovado.pdf\">FMVZ_2023-2027<\/a>)<\/li>\n<li>Projeto acad\u00eamico Departamento de Cl\u00ednica M\u00e9dica (<a href=\"https:\/\/sites.usp.br\/pcvet\/wp-content\/uploads\/sites\/224\/2025\/03\/PROJETO-ACADEMICO_VCM.pdf\" target=\"_blank\" rel=\"noopener\">VCM_2023-2027<\/a>)<\/li>\n<\/ul>\n<h4><\/h4>\n<h4><span style=\"color: #ff6600;\">Regras para agradecimento e cita\u00e7\u00e3o da CAPES (obrigat\u00f3rio)<\/span><\/h4>\n<div class=\"\">\n<div id=\":2y6\" class=\"ii gt\">\n<div id=\":2wf\" class=\"a3s aXjCH \">\n<div dir=\"ltr\">\n<div style=\"text-align: justify;\">Informamos que a partir de 01\/01\/2020, \u00a0\u00e9 obrigat\u00f3ria a men\u00e7\u00e3o do apoio financeiro da CAPES ao PCVet nas produ\u00e7\u00f5es de <b><u>TODOS\u00a0<\/u><\/b>os p\u00f3s-graduandos (sejam eles bolsistas ou n\u00e3o) e orientadores.<\/div>\n<div style=\"text-align: justify;\"><\/div>\n<\/div>\n<div style=\"text-align: justify;\">Essa regra se aplica a teses e disserta\u00e7\u00f5es, artigos nacionais e internacionais, bem como resumos\u00a0 publicados em eventos de qualquer natureza, conforme <a href=\"https:\/\/www.in.gov.br\/materia\/-\/asset_publisher\/Kujrw0TZC2Mb\/content\/id\/39729251\/do1-%202018-09-05-portaria-n-206-de-4-de-setembro-de-2018-39729135\" target=\"_blank\" rel=\"noopener\">portaria n\u00b0 206 de 04 de setembro de 2018 da CAPES.<\/a><\/div>\n<p style=\"text-align: justify;\">\n<\/div>\n<\/div>\n<\/div>\n<div style=\"text-align: justify;\"><\/div>\n<div class=\"\">\n<div id=\":2y6\" class=\"ii gt\">\n<div style=\"text-align: justify;\">Disposi\u00e7\u00f5es Portaria n\u00b0 206 de 2018 da CAPES:<\/div>\n<div id=\":2wf\" class=\"a3s aXjCH \">\n<div dir=\"ltr\" style=\"text-align: justify;\">\n<p>Art. 1\u00ba Os trabalhos produzidos ou publicados, em qualquer m\u00eddia, que decorram de atividades financiadas, integral ou parcialmente, pela CAPES, dever\u00e3o, obrigatoriamente, fazer refer\u00eancia ao apoio recebido.<\/p>\n<p>Art. 2\u00ba Para fins de identifica\u00e7\u00e3o da fonte de financiamento fica autorizada a utiliza\u00e7\u00e3o do <strong>c\u00f3digo 001<\/strong> para todos os financiamentos recebidos.<\/p>\n<p>Art. 3\u00ba Dever\u00e3o ser usadas as seguintes express\u00f5es, no idioma do trabalho:<\/p>\n<p>&#8220;O presente trabalho foi realizado com apoio da Coordena\u00e7\u00e3o de Aperfei\u00e7oamento de Pessoal de N\u00edvel Superior \u2013 Brasil (CAPES) \u2013 C\u00f3digo de Financiamento 001&#8221;<\/p>\n<\/div>\n<div dir=\"ltr\" style=\"text-align: justify;\"><\/div>\n<div dir=\"ltr\">\n<div style=\"text-align: justify;\">&#8220;This study was financed in part by the Coordena\u00e7\u00e3o de Aperfei\u00e7oamento de Pessoal de N\u00edvel Superior \u2013 Brasil (CAPES) \u2013 Finance Code 001&#8221;<\/div>\n<p>&nbsp;<\/p>\n<div><\/div>\n<\/div>\n<\/div>\n<div>Anexos em pdf<\/div>\n<div id=\":2wf\" class=\"a3s aXjCH \">\n<div dir=\"ltr\">\n<ul>\n<li style=\"list-style-type: none;\">\n<ul>\n<li>Portaria n\u00ba 206 de 4 de setembro de 2018 <a href=\"https:\/\/sites.usp.br\/pcvet\/wp-content\/uploads\/sites\/224\/2024\/08\/Portaria_0783227_Portaria_CAPES_DOU___206_de_2018.pdf\" target=\"_blank\" rel=\"noopener\">(publica\u00e7\u00e3o DOU)<\/a><\/li>\n<li>Portaria n\u00ba 206 de 4 de setembro de 2018 <a href=\"https:\/\/sites.usp.br\/pcvet\/wp-content\/uploads\/sites\/224\/2024\/08\/Portaria-206-de-04setembro2018-CAPES.pdf\" target=\"_blank\" rel=\"noopener\">(site GOV)<\/a><\/li>\n<li>Of\u00edcio Circular CAPES <a href=\"https:\/\/sites.usp.br\/pcvet\/wp-content\/uploads\/sites\/224\/2024\/08\/SEI_CAPES-0841846-Oficio-Circular.pdf\" target=\"_blank\" rel=\"noopener\">(SEI_CAPES \u2013 0841846)<\/a><\/li>\n<\/ul>\n<\/li>\n<\/ul>\n<\/div>\n<\/div>\n<\/div>\n<\/div>\n<p>&nbsp;<\/p>","protected":false},"excerpt":{"rendered":"<p>Normas vigentes Regulamento do Programa de P\u00f3s-gradua\u00e7\u00e3o em Cl\u00ednica Veterin\u00e1ria (CCP PCVet de 13nov19 Arquivo para download) Regimento da Comiss\u00e3o de P\u00f3s-Gradua\u00e7\u00e3o da FMVZ (CPG FMVZ) Regimento de P\u00f3s-Gradua\u00e7\u00e3o da USP (PRPG USP) Documentos norteadores do PCVet Projeto acad\u00eamico FMVZ\/USP (FMVZ_2023-2027) Projeto acad\u00eamico Departamento de Cl\u00ednica M\u00e9dica (VCM_2023-2027) Regras para agradecimento e cita\u00e7\u00e3o da CAPES (obrigat\u00f3rio) Informamos que a partir de 01\/01\/2020, \u00a0\u00e9 obrigat\u00f3ria a men\u00e7\u00e3o do apoio financeiro da CAPES ao PCVet nas produ\u00e7\u00f5es de TODOS\u00a0os p\u00f3s-graduandos (sejam eles bolsistas ou n\u00e3o) e orientadores. Essa regra se aplica a teses e disserta\u00e7\u00f5es, artigos nacionais e internacionais, bem como resumos\u00a0 publicados em eventos de qualquer natureza, conforme portaria n\u00b0 206 de 04 de setembro de 2018 da CAPES. Disposi\u00e7\u00f5es Portaria n\u00b0 206 de 2018 da CAPES: Art. 1\u00ba Os trabalhos produzidos ou publicados, em qualquer m\u00eddia, que decorram de atividades financiadas, integral ou parcialmente, pela CAPES, dever\u00e3o, obrigatoriamente, fazer refer\u00eancia ao apoio recebido. Art. 2\u00ba Para fins de identifica\u00e7\u00e3o da fonte de financiamento fica autorizada a utiliza\u00e7\u00e3o do c\u00f3digo 001 para todos os financiamentos recebidos. Art. 3\u00ba Dever\u00e3o ser usadas as seguintes express\u00f5es, no idioma do trabalho: &#8220;O presente trabalho foi realizado com apoio da Coordena\u00e7\u00e3o de Aperfei\u00e7oamento de Pessoal [&#8230;]<\/p>\n","protected":false},"author":148,"featured_media":0,"parent":0,"menu_order":0,"comment_status":"closed","ping_status":"closed","template":"","meta":{"footnotes":"","_links_to":"","_links_to_target":""},"class_list":["post-1199","page","type-page","status-publish","hentry"],"_links":{"self":[{"href":"https:\/\/sites.usp.br\/pcvet\/wp-json\/wp\/v2\/pages\/1199","targetHints":{"allow":["GET"]}}],"collection":[{"href":"https:\/\/sites.usp.br\/pcvet\/wp-json\/wp\/v2\/pages"}],"about":[{"href":"https:\/\/sites.usp.br\/pcvet\/wp-json\/wp\/v2\/types\/page"}],"author":[{"embeddable":true,"href":"https:\/\/sites.usp.br\/pcvet\/wp-json\/wp\/v2\/users\/148"}],"replies":[{"embeddable":true,"href":"https:\/\/sites.usp.br\/pcvet\/wp-json\/wp\/v2\/comments?post=1199"}],"version-history":[{"count":4,"href":"https:\/\/sites.usp.br\/pcvet\/wp-json\/wp\/v2\/pages\/1199\/revisions"}],"predecessor-version":[{"id":3008,"href":"https:\/\/sites.usp.br\/pcvet\/wp-json\/wp\/v2\/pages\/1199\/revisions\/3008"}],"wp:attachment":[{"href":"https:\/\/sites.usp.br\/pcvet\/wp-json\/wp\/v2\/media?parent=1199"}],"curies":[{"name":"wp","href":"https:\/\/api.w.org\/{rel}","templated":true}]}}