{"id":1205,"date":"2016-08-01T15:40:35","date_gmt":"2016-08-01T18:40:35","guid":{"rendered":"http:\/\/sites.usp.br\/pcvet\/?page_id=1205"},"modified":"2017-02-13T21:48:44","modified_gmt":"2017-02-13T23:48:44","slug":"pesquisa","status":"publish","type":"page","link":"https:\/\/sites.usp.br\/pcvet\/pesquisa\/","title":{"rendered":"Pesquisa"},"content":{"rendered":"<p><a href=\"http:\/\/sites.usp.br\/pcvet\/linhas-de-pesquisa\/\" target=\"_blank\">Linhas de pesquisa<\/a><\/p>\n<p><a href=\"http:\/\/sites.usp.br\/pcvet\/laboratorios\/\" target=\"_blank\">Infraestrutura dispon\u00edvel<\/a><\/p>\n<p><a href=\"http:\/\/sites.usp.br\/pcvet\/producao-cientifica\/\" target=\"_blank\">Produ\u00e7\u00e3o cient\u00edfica<\/a><\/p>\n<p><a href=\"http:\/\/sites.usp.br\/pcvet\/financiamentos-recebidos\/\" target=\"_blank\">Financiamentos obtidos<\/a><\/p>\n<p><a href=\"http:\/\/sites.usp.br\/pcvet\/banco-de-teses-e-dissertacoes\/\" target=\"_blank\">Banco de Teses e Disserta\u00e7\u00f5es<\/a><\/p>","protected":false},"excerpt":{"rendered":"<p>Linhas de pesquisa Infraestrutura dispon\u00edvel Produ\u00e7\u00e3o cient\u00edfica Financiamentos obtidos Banco de Teses e Disserta\u00e7\u00f5es<\/p>\n","protected":false},"author":148,"featured_media":0,"parent":0,"menu_order":0,"comment_status":"closed","ping_status":"closed","template":"","meta":{"footnotes":"","_links_to":"","_links_to_target":""},"class_list":["post-1205","page","type-page","status-publish","hentry"],"_links":{"self":[{"href":"https:\/\/sites.usp.br\/pcvet\/wp-json\/wp\/v2\/pages\/1205","targetHints":{"allow":["GET"]}}],"collection":[{"href":"https:\/\/sites.usp.br\/pcvet\/wp-json\/wp\/v2\/pages"}],"about":[{"href":"https:\/\/sites.usp.br\/pcvet\/wp-json\/wp\/v2\/types\/page"}],"author":[{"embeddable":true,"href":"https:\/\/sites.usp.br\/pcvet\/wp-json\/wp\/v2\/users\/148"}],"replies":[{"embeddable":true,"href":"https:\/\/sites.usp.br\/pcvet\/wp-json\/wp\/v2\/comments?post=1205"}],"version-history":[{"count":3,"href":"https:\/\/sites.usp.br\/pcvet\/wp-json\/wp\/v2\/pages\/1205\/revisions"}],"predecessor-version":[{"id":1977,"href":"https:\/\/sites.usp.br\/pcvet\/wp-json\/wp\/v2\/pages\/1205\/revisions\/1977"}],"wp:attachment":[{"href":"https:\/\/sites.usp.br\/pcvet\/wp-json\/wp\/v2\/media?parent=1205"}],"curies":[{"name":"wp","href":"https:\/\/api.w.org\/{rel}","templated":true}]}}