{"id":1211,"date":"2016-08-01T15:41:30","date_gmt":"2016-08-01T18:41:30","guid":{"rendered":"http:\/\/sites.usp.br\/pcvet\/?page_id=1211"},"modified":"2025-02-07T15:25:09","modified_gmt":"2025-02-07T18:25:09","slug":"disciplinas","status":"publish","type":"page","link":"https:\/\/sites.usp.br\/pcvet\/disciplinas\/","title":{"rendered":"Disciplinas"},"content":{"rendered":"<p><\/p>\n<h4><span style=\"color: #ff6600;\"><a href=\"https:\/\/uspdigital.usp.br\/janus\/componente\/catalogoDisciplinasInicial.jsf?action=4&amp;tipo=D&amp;codcpg=10\" target=\"_blank\" rel=\"noopener\">Cat\u00e1logo Janus de Disciplinas &#8211; Faculdade de Medicina Veterin\u00e1ria e Zootecnia da USP<\/a><\/span><\/h4>\n<h4><\/h4>\n<p><a href=\"https:\/\/uspdigital.usp.br\/janus\/componente\/catalogoDisciplinasInicial.jsf?action=3&amp;sgldis=VCM5711\"><span style=\"color: #808080;\">VCM5711 &#8211; Aspectos Nutricionais e Cl\u00ednicos das Doen\u00e7as Metab\u00f3licas de Ruminantes<\/span><\/a><\/p>\n<p><span style=\"color: #808080;\"><a href=\"https:\/\/uspdigital.usp.br\/janus\/componente\/catalogoDisciplinasInicial.jsf?action=3&amp;sgldis=VCM5715\" target=\"_blank\" rel=\"noopener\">VCM5715 &#8211; Temas Avan\u00e7ados sobre Dist\u00farbios Minerais em Ruminantes<\/a><\/span><\/p>\n<p><a href=\"https:\/\/uspdigital.usp.br\/janus\/publico\/disciplina\/C\/VCM5734\" target=\"_blank\" rel=\"noopener\"><span style=\"color: #808080;\">VCM5734 &#8211; Atualidades em Cl\u00ednica do Sistema Genital dos Bovinos<\/span><\/a><\/p>\n<p><span style=\"color: #808080;\"><a href=\"https:\/\/uspdigital.usp.br\/janus\/componente\/catalogoDisciplinasInicial.jsf?action=3&amp;sgldis=VCM5736\" target=\"_blank\" rel=\"noopener\">VCM5736 &#8211; Processos Articulares Degenerativos: dos conhecimentos b\u00e1sicos \u00e0s novas perspectivas<\/a><\/span><\/p>\n<p><a href=\"https:\/\/uspdigital.usp.br\/janus\/componente\/catalogoDisciplinasInicial.jsf?action=3&amp;sgldis=VCM5737\" target=\"_blank\" rel=\"noopener\">VCM5737 &#8211; Interpreta\u00e7\u00e3o de Exames Laboratoriais Especiais<\/a><\/p>\n<p><span style=\"color: #808080;\"><a href=\"https:\/\/uspdigital.usp.br\/janus\/componente\/catalogoDisciplinasInicial.jsf?action=3&amp;sgldis=VCM5738\" target=\"_blank\" rel=\"noopener\">VCM5738 &#8211; Neonatologia Veterin\u00e1ria<\/a><\/span><\/p>\n<p><span style=\"color: #808080;\"><a href=\"https:\/\/uspdigital.usp.br\/janus\/componente\/catalogoDisciplinasInicial.jsf?action=3&amp;sgldis=VCM5739\" target=\"_blank\" rel=\"noopener\">VCM5739 &#8211; Temas de Nutri\u00e7\u00e3o Cl\u00ednica de Monog\u00e1stricos<\/a><\/span><\/p>\n<p><a href=\"https:\/\/uspdigital.usp.br\/janus\/componente\/disciplinasOferecidasInicial.jsf?action=3&amp;sgldis=VCM5741\" target=\"_blank\" rel=\"noopener\">VCM5741 &#8211; Medicina Baseada Evid\u00eancia<\/a><\/p>\n<p><span style=\"color: #808080;\"><a href=\"https:\/\/uspdigital.usp.br\/janus\/componente\/catalogoDisciplinasInicial.jsf?action=3&amp;sgldis=VCM5742\" target=\"_blank\" rel=\"noopener\">VCM5742 &#8211; Planejamento de Experimentos e An\u00e1lises Estat\u00edsticas<\/a><\/span><\/p>\n<p><a href=\"https:\/\/uspdigital.usp.br\/janus\/publico\/disciplina\/C\/VCM5743\" target=\"_blank\" rel=\"noopener\">VCM5743 &#8211; T\u00f3picos Especiais &#8211; Cl\u00ednica, Cirurgia e Reprodu\u00e7\u00e3o de Equinos<\/a><\/p>\n<p><a href=\"https:\/\/uspdigital.usp.br\/janus\/publico\/disciplina\/C\/VCM5746\" target=\"_blank\" rel=\"noopener\">VCM5746 &#8211; Introdu\u00e7\u00e3o a Pesquisa em Cl\u00ednica Veterin\u00e1ria<\/a><\/p>\n<p><a href=\"https:\/\/uspdigital.usp.br\/janus\/publico\/disciplina\/C\/VCM5748\" target=\"_blank\" rel=\"noopener\">VCM5748 &#8211; Prepara\u00e7\u00e3o Pedag\u00f3gica em Medicina Veterin\u00e1ria<\/a><\/p>\n<p><a href=\"https:\/\/uspdigital.usp.br\/janus\/publico\/disciplina\/C\/VCM5751\" target=\"_blank\" rel=\"noopener\">VCM5751 &#8211;\u00a0Temas de Oncologia Comparada<\/a><\/p>\n<p><a href=\"https:\/\/uspdigital.usp.br\/janus\/publico\/disciplina\/C\/VCM5752\" target=\"_blank\" rel=\"noopener\">VCM5752 &#8211;\u00a0Medicina da Produ\u00e7\u00e3o Bovina<\/a><\/p>\n<p><a href=\"https:\/\/uspdigital.usp.br\/janus\/componente\/catalogoDisciplinasInicial.jsf?action=3&amp;sgldis=VCM5753\" target=\"_blank\" rel=\"noopener\">VCM5753 &#8211; Metodologia da Reda\u00e7\u00e3o Cient\u00edfica<\/a><\/p>\n<p><a href=\"https:\/\/uspdigital.usp.br\/janus\/componente\/catalogoDisciplinasInicial.jsf?action=3&amp;sgldis=VCM5754\" target=\"_blank\" rel=\"noopener\">VCM5754 &#8211; T\u00f3picos em Medicina de Pequenos Ruminantes<\/a><\/p>\n<p><a href=\"https:\/\/uspdigital.usp.br\/janus\/componente\/catalogoDisciplinasInicial.jsf?action=3&amp;sgldis=VCM5755\" target=\"_blank\" rel=\"noopener\">VCM5755 &#8211; Enfermidades Hep\u00e1tica e Renal: Metodologia Diagn\u00f3stica<\/a><\/p>\n<p><a href=\"https:\/\/uspdigital.usp.br\/janus\/componente\/catalogoDisciplinasInicial.jsf?action=3&amp;sgldis=VCM5756\" target=\"_blank\" rel=\"noopener\">VCM5756 &#8211; Imunidade e Infec\u00e7\u00e3o: Aspectos das Intera\u00e7\u00f5es Pat\u00f3geno-Hospedeiro<\/a><\/p>\n<p><a href=\"https:\/\/uspdigital.usp.br\/janus\/componente\/catalogoDisciplinasInicial.jsf?action=3&amp;sgldis=VCM5757\" target=\"_blank\" rel=\"noopener\">VCM5757 &#8211; T\u00f3picos Operacionais e Compet\u00eancias em Pesquisa Cl\u00ednica Veterin\u00e1ria<\/a><\/p>\n<p><a href=\"https:\/\/uspdigital.usp.br\/janus\/componente\/catalogoDisciplinasInicial.jsf?action=3&amp;sgldis=VCM5758\" target=\"_blank\" rel=\"noopener\">VCM5758 &#8211; Introdu\u00e7\u00e3o e M\u00e9todos Computacionais para o Estudo de Prote\u00ednas<\/a><\/p>\n<p><a href=\"https:\/\/uspdigital.usp.br\/janus\/componente\/catalogoDisciplinasInicial.jsf?action=3&amp;sgldis=VCM5759\" target=\"_blank\" rel=\"noopener\">VCM5759 &#8211; Atualiza\u00e7\u00e3o em Sanidade Bovina<\/a><\/p>","protected":false},"excerpt":{"rendered":"<p>Cat\u00e1logo Janus de Disciplinas &#8211; Faculdade de Medicina Veterin\u00e1ria e Zootecnia da USP VCM5711 &#8211; Aspectos Nutricionais e Cl\u00ednicos das Doen\u00e7as Metab\u00f3licas de Ruminantes VCM5715 &#8211; Temas Avan\u00e7ados sobre Dist\u00farbios Minerais em Ruminantes VCM5734 &#8211; Atualidades em Cl\u00ednica do Sistema Genital dos Bovinos VCM5736 &#8211; Processos Articulares Degenerativos: dos conhecimentos b\u00e1sicos \u00e0s novas perspectivas VCM5737 &#8211; Interpreta\u00e7\u00e3o de Exames Laboratoriais Especiais VCM5738 &#8211; Neonatologia Veterin\u00e1ria VCM5739 &#8211; Temas de Nutri\u00e7\u00e3o Cl\u00ednica de Monog\u00e1stricos VCM5741 &#8211; Medicina Baseada Evid\u00eancia VCM5742 &#8211; Planejamento de Experimentos e An\u00e1lises Estat\u00edsticas VCM5743 &#8211; T\u00f3picos Especiais &#8211; Cl\u00ednica, Cirurgia e Reprodu\u00e7\u00e3o de Equinos VCM5746 &#8211; Introdu\u00e7\u00e3o a Pesquisa em Cl\u00ednica Veterin\u00e1ria VCM5748 &#8211; Prepara\u00e7\u00e3o Pedag\u00f3gica em Medicina Veterin\u00e1ria VCM5751 &#8211;\u00a0Temas de Oncologia Comparada VCM5752 &#8211;\u00a0Medicina da Produ\u00e7\u00e3o Bovina VCM5753 &#8211; Metodologia da Reda\u00e7\u00e3o Cient\u00edfica VCM5754 &#8211; T\u00f3picos em Medicina de Pequenos Ruminantes VCM5755 &#8211; Enfermidades Hep\u00e1tica e Renal: Metodologia Diagn\u00f3stica VCM5756 &#8211; Imunidade e Infec\u00e7\u00e3o: Aspectos das Intera\u00e7\u00f5es Pat\u00f3geno-Hospedeiro VCM5757 &#8211; T\u00f3picos Operacionais e Compet\u00eancias em Pesquisa Cl\u00ednica Veterin\u00e1ria VCM5758 &#8211; Introdu\u00e7\u00e3o e M\u00e9todos Computacionais para o Estudo de Prote\u00ednas VCM5759 &#8211; Atualiza\u00e7\u00e3o em Sanidade Bovina<\/p>\n","protected":false},"author":148,"featured_media":0,"parent":0,"menu_order":0,"comment_status":"closed","ping_status":"closed","template":"page-full.php","meta":{"footnotes":"","_links_to":"","_links_to_target":""},"class_list":["post-1211","page","type-page","status-publish","hentry"],"_links":{"self":[{"href":"https:\/\/sites.usp.br\/pcvet\/wp-json\/wp\/v2\/pages\/1211","targetHints":{"allow":["GET"]}}],"collection":[{"href":"https:\/\/sites.usp.br\/pcvet\/wp-json\/wp\/v2\/pages"}],"about":[{"href":"https:\/\/sites.usp.br\/pcvet\/wp-json\/wp\/v2\/types\/page"}],"author":[{"embeddable":true,"href":"https:\/\/sites.usp.br\/pcvet\/wp-json\/wp\/v2\/users\/148"}],"replies":[{"embeddable":true,"href":"https:\/\/sites.usp.br\/pcvet\/wp-json\/wp\/v2\/comments?post=1211"}],"version-history":[{"count":4,"href":"https:\/\/sites.usp.br\/pcvet\/wp-json\/wp\/v2\/pages\/1211\/revisions"}],"predecessor-version":[{"id":2933,"href":"https:\/\/sites.usp.br\/pcvet\/wp-json\/wp\/v2\/pages\/1211\/revisions\/2933"}],"wp:attachment":[{"href":"https:\/\/sites.usp.br\/pcvet\/wp-json\/wp\/v2\/media?parent=1211"}],"curies":[{"name":"wp","href":"https:\/\/api.w.org\/{rel}","templated":true}]}}