{"id":1213,"date":"2016-08-01T15:41:53","date_gmt":"2016-08-01T18:41:53","guid":{"rendered":"http:\/\/sites.usp.br\/pcvet\/?page_id=1213"},"modified":"2025-03-19T15:53:31","modified_gmt":"2025-03-19T18:53:31","slug":"laboratorios","status":"publish","type":"page","link":"https:\/\/sites.usp.br\/pcvet\/laboratorios\/","title":{"rendered":"Infraestrutura"},"content":{"rendered":"<p><\/p>\n<p style=\"text-align: justify;\">O Programa de P\u00f3s-Gradua\u00e7\u00e3o em Cl\u00ednica Veterin\u00e1ria (PCVet) disp\u00f5e de infraestrutura f\u00edsica organizada em cinco categorias principais: (1) infraestrutura administrativa; (2) salas de aula e confer\u00eancias; (3) laborat\u00f3rios; (4) instala\u00e7\u00f5es animais; e (5) Centro de Apoio ao Ensino e Pesquisa (CAEP).<\/p>\n<p><span style=\"color: #ff6600;\"><strong>(1) Infraestrutura administrativa<\/strong><\/span><\/p>\n<p style=\"text-align: justify;\">Possui uma Secretaria equipada para reuni\u00f5es e entrevistas, al\u00e9m de oferecer aos p\u00f3s-graduandos uma sala de estudos exclusiva. Este espa\u00e7o \u00e9 devidamente estruturado com ar condicionado, acesso \u00e0 internet via Wi-Fi, pontos de conex\u00e3o, impressora, mesas, bancadas, prateleiras e assentos adequados para estudo e pesquisa.<\/p>\n<p style=\"text-align: justify;\">Al\u00e9m disso, o Departamento de Cl\u00ednica M\u00e9dica (VCM) e a Faculdade de Medicina Veterin\u00e1ria e Zootecnia da Universidade de S\u00e3o Paulo (FMVZ\/USP) fornecem suporte administrativo por meio da Secretaria do VCM, que presta assist\u00eancia espec\u00edfica ao PCVet e do Servi\u00e7o de P\u00f3s-Gradua\u00e7\u00e3o (SPG) da FMVZ\/USP que oferece suporte administrativo a todos os programas de p\u00f3s-gradua\u00e7\u00e3o da institui\u00e7\u00e3o.<\/p>\n<p><span style=\"color: #ff6600;\"><strong>(2) Salas de aula e confer\u00eancias<\/strong><\/span><\/p>\n<p style=\"text-align: justify;\">O PCVet disp\u00f5e de um anfiteatro pr\u00f3prio destinado \u00e0s aulas da p\u00f3s-gradua\u00e7\u00e3o. No entanto, os p\u00f3s-graduandos tamb\u00e9m t\u00eam acesso a outras salas de aula, incluindo as localizadas no Anexo 17, sob a coordena\u00e7\u00e3o do SPG da FMVZ\/USP, bem como ao anfiteatro do VCM, que est\u00e1 equipado com tecnologia para videoconfer\u00eancias.<\/p>\n<p style=\"text-align: justify;\">Al\u00e9m disso, as salas e anfiteatros da FMVZ\/USP, incluindo aquelas situadas nos Servi\u00e7os de Cl\u00ednica M\u00e9dica de Equinos, Cl\u00ednica M\u00e9dica de Bovinos e Pequenos Ruminantes, contam com acesso \u00e0 internet e infraestrutura para intera\u00e7\u00e3o remota por meio de plataformas como Google Meet, Zoom e Microsoft Teams, entre outras.<\/p>\n<p style=\"text-align: justify;\">Essa interconectividade tem se mostrado um recurso essencial para aprimorar a comunica\u00e7\u00e3o e colabora\u00e7\u00e3o com pesquisadores de diferentes institui\u00e7\u00f5es, facilitando a participa\u00e7\u00e3o remota em aulas, bancas e reuni\u00f5es cient\u00edfico-acad\u00eamicas.<\/p>\n<p><span style=\"color: #ff6600;\"><strong>(3) Laborat\u00f3rios<\/strong><\/span><\/p>\n<p style=\"text-align: justify;\">Os laborat\u00f3rios do PCVet s\u00e3o fundamentais para suas atividades-fim e est\u00e3o organizados em dois grupos principais:(a) Laborat\u00f3rios M\u00e9dicos; e (b) Laborat\u00f3rios Convencionais. Nesses espa\u00e7os, s\u00e3o conduzidas pesquisas e atividades cl\u00ednicas, experimentais e observacionais, abrangendo abordagens prospectivas e retrospectivas, bem como metodologias <em>in vitro, ex vivo<\/em> e<em> in vivo<\/em>.<\/p>\n<p style=\"text-align: justify;\">Todos os laborat\u00f3rios s\u00e3o multidisciplinares, sendo utilizados por docentes, pesquisadores, discentes (graduandos e p\u00f3s-graduandos) e t\u00e9cnicos. Sua manuten\u00e7\u00e3o ocorre por meio da estreita colabora\u00e7\u00e3o com o VCM e o Hospital Veterin\u00e1rio (HOVET-FMVZ\/USP).<\/p>\n<p style=\"text-align: justify;\">Os laborat\u00f3rios contam com um sistema integrado para emiss\u00e3o de resultados de exames, possibilitando consultas em terminais estrategicamente distribu\u00eddos. Os computadores est\u00e3o interligados a uma rede de cadastramento e emiss\u00e3o de laudos por meio do software GuruVet, adaptado \u00e0s necessidades do Hospital Veterin\u00e1rio.<\/p>\n<p><strong>(3.a.) Laborat\u00f3rios m\u00e9dicos<\/strong><\/p>\n<p style=\"text-align: justify;\">Os Laborat\u00f3rios M\u00e9dicos est\u00e3o vinculados a diversos servi\u00e7os cl\u00ednicos especializados do HOVET-FMVZ\/USP: Laborat\u00f3rio Cl\u00ednico; Cardiologia; Dermatologia; Cl\u00ednica M\u00e9dica de Pequenos Animais; Pronto Atendimento M\u00e9dico de Pequenos Animais; Nutrologia Veterin\u00e1ria; Cl\u00ednica M\u00e9dica de Bovinos e Pequenos Ruminantes; Cl\u00ednica M\u00e9dica de Equinos.<\/p>\n<p style=\"text-align: center;\">Mais informa\u00e7\u00f5es podem ser acessadas nos seguintes links:<\/p>\n<p style=\"text-align: center;\"><a href=\"http:\/\/hovet.fmvz.usp.br\/clinicas\/\" target=\"_blank\" rel=\"noopener\">http:\/\/hovet.fmvz.usp.br\/clinicas\/<\/a><\/p>\n<p style=\"text-align: center;\"><a href=\"http:\/\/hovet.fmvz.usp.br\/especialidades\/\" target=\"_blank\" rel=\"noopener\">http:\/\/hovet.fmvz.usp.br\/especialidades\/<\/a><\/p>\n<p style=\"text-align: center;\"><a href=\"http:\/\/hovet.fmvz.usp.br\/laboratorios\/\" target=\"_blank\" rel=\"noopener\">http:\/\/hovet.fmvz.usp.br\/laboratorios\/<\/a><\/p>\n<p><strong>(3.b.) Laborat\u00f3rios convencionais<\/strong><\/p>\n<p style=\"text-align: justify;\">Os Laborat\u00f3rios Convencionais realizam an\u00e1lises laboratoriais e associam a rotina cl\u00ednica \u00e0 pesquisa. Eles contam com funcion\u00e1rios especializados e equipamentos automatizados para alta demanda anal\u00edtica, diferenciando processos de an\u00e1lises cl\u00ednicas de rotina e an\u00e1lises espec\u00edficas para pesquisa. Os principais laborat\u00f3rios s\u00e3o: Laborat\u00f3rio de Citometria de Fluxo; Laborat\u00f3rio de Eletroforese e ELISA; Laborat\u00f3rio de Cromatografia; Laborat\u00f3rio de An\u00e1lise de Minerais; Laborat\u00f3rio de Bioqu\u00edmica; Laborat\u00f3rio de PCR e Eletroforese; Laborat\u00f3rio de Preparo de Amostras; Laborat\u00f3rio de Doen\u00e7as Nutricionais e Metab\u00f3licas; Laborat\u00f3rio de Cultivo Celular e Terapia Regenerativa; Laborat\u00f3rio de Hematologia e Microbiologia; Laborat\u00f3rio de Medicina Esportiva Equina (LAMEQ); Laborat\u00f3rio Multiusu\u00e1rio de Nutri\u00e7\u00e3o Animal e Bromatologia; Laborat\u00f3rio de Pesquisa em Bezerros Fernando Jos\u00e9 Benesi (Calf Lab).<\/p>\n<p style=\"text-align: justify;\">Nesses laborat\u00f3rios, s\u00e3o realizadas pesquisas com amplo espectro de amostras biol\u00f3gicas, incluindo: sangue, urina, l\u00edquor, leite, colostro, l\u00edquido sinovial, efus\u00f5es, exsudatos, lavados broncoalveolares, l\u00edquido ruminal e culturas celulares, al\u00e9m de an\u00e1lises de componentes de ra\u00e7\u00f5es, forrageiras, bioqu\u00edmica e de minerais inclusive para estudos dos dist\u00farbios nutricionais e metab\u00f3licos em diferentes esp\u00e9cies animais.<\/p>\n<p style=\"text-align: justify;\">H\u00e1 quatro laborat\u00f3rios convencionais, por\u00e9m com objetivos espec\u00edficos, a saber:<\/p>\n<p style=\"text-align: justify;\">\n<ul>\n<li style=\"text-align: justify;\"><strong>Laborat\u00f3rio de Cultivo Celular e Terapia Regenerativa<\/strong>, onde s\u00e3o desenvolvidas pesquisas em duas \u00e1reas principais, na avalia\u00e7\u00e3o do comportamento de c\u00e9lulas-tronco mesenquimais e ortobiol\u00f3gicos, incluindo plasma rico em plaquetas, IRAP e soro aut\u00f3logo condicionado; e em testes de efic\u00e1cia de vacinas.<\/li>\n<\/ul>\n<p>&nbsp;<\/p>\n<p style=\"text-align: justify;\">\n<ul>\n<li style=\"text-align: justify;\"><strong> Laborat\u00f3rio de Medicina Esportiva Equina (LAMEQ), <\/strong>fundado em 2011, que \u00e9 dedicado ao ensino, pesquisa e extens\u00e3o na \u00e1rea de medicina esportiva de equinos e desenvolve projetos em fisiologia do esfor\u00e7o e doen\u00e7as respirat\u00f3rias de equinos. Possui infraestrutura para testes cl\u00ednicos de desempenho, incluindo esteira de alta velocidade para cavalos, usada na avalia\u00e7\u00e3o de intoler\u00e2ncia ao exerc\u00edcio, queda de performance e ru\u00eddos respirat\u00f3rios.<\/li>\n<\/ul>\n<p>&nbsp;<\/p>\n<p style=\"text-align: justify;\">\n<ul>\n<li style=\"text-align: justify;\"><strong> Laborat\u00f3rio Multiusu\u00e1rio de Nutri\u00e7\u00e3o Animal e Bromatologia, <\/strong>que \u00e9 parte do Centro de Pesquisa em Nutrologia de C\u00e3es e Gatos (CEPEN Pet), localizado no Campus Fernando Costa, Pirassununga. Considerado o maior centro de pesquisa em nutri\u00e7\u00e3o animal de uma universidade na Am\u00e9rica Latina. Desenvolve estudos sobre nutri\u00e7\u00e3o e nutri\u00e7\u00e3o cl\u00ednica de c\u00e3es e gatos, incluindo avalia\u00e7\u00e3o de alimentos, novos ingredientes e aditivos. Possui estrutura financiada por conv\u00eanio t\u00e9cnico-cient\u00edfico, resultado de parceria p\u00fablico privada entre a USP e a empresa Premier Pet, conectando os programas de p\u00f3s-gradua\u00e7\u00e3o em Nutri\u00e7\u00e3o e Produ\u00e7\u00e3o Animal e Cl\u00ednica Veterin\u00e1ria, por meio do Professor BRUNETTO, M.A.<\/li>\n<\/ul>\n<p>&nbsp;<\/p>\n<p style=\"text-align: justify;\">\n<ul>\n<li style=\"text-align: justify;\"><strong> Laborat\u00f3rio de Pesquisa em Bezerros Fernando Jos\u00e9 Benesi (<em>Calf Lab<\/em>)<\/strong>, inaugurado em 05 de julho de 2023. Possui um sistema controlado de cria\u00e7\u00e3o de bezerros, \u00fanico no Brasil e que permite pesquisas com alto n\u00edvel de biosseguridade (n\u00edvel 1-2 de biosseguran\u00e7a), viabilizando estudos que seriam invi\u00e1veis em sistemas comerciais.<\/li>\n<\/ul>\n<p>&nbsp;<\/p>\n<p><strong>Infraestrutura e equipamentos<\/strong><\/p>\n<p style=\"text-align: justify;\">Para a realiza\u00e7\u00e3o das diversas an\u00e1lises laboratoriais, o PCVet disp\u00f5e de equipamentos modernos adquiridos por meio de aux\u00edlios \u00e0 pesquisa concedidos por ag\u00eancias de fomento como FAPESP e CNPq.<\/p>\n<p style=\"text-align: center;\"><strong>Mais detalhes sobre o parque de equipamentos e tecnologia acesse o <a href=\"https:\/\/sites.usp.br\/pcvet\/wp-content\/uploads\/sites\/224\/2025\/03\/Parque-de-equipamentos-VCM_PCVet_2025.pdf\" target=\"_blank\" rel=\"noopener\">ANEXO<\/a><br \/>\n<a href=\"https:\/\/sites.usp.br\/pcvet\/wp-content\/uploads\/sites\/224\/2025\/03\/Parque-de-equipamentos-VCM_PCVet_2025.pdf\" target=\"_blank\" rel=\"noopener\">Parque de Equipamentos Tecnol\u00f3gicos<\/a><\/strong><\/p>\n<p><strong>\u00a0<\/strong><\/p>\n<p><span style=\"color: #ff6600;\"><strong>(4) Instala\u00e7\u00f5es animais<\/strong><\/span><\/p>\n<p style=\"text-align: justify;\">Com a inaugura\u00e7\u00e3o do <em>Calf Lab,<\/em> mais um setor foi integrado ao conjunto de instala\u00e7\u00f5es animais que comp\u00f5e o &#8220;Biot\u00e9rio do VCM&#8221;, que passou a conter seis setores, a saber: Centro de Pesquisa em Nutri\u00e7\u00e3o e Doen\u00e7as Nutricionais de Aves; Centro de Pesquisa em Nutri\u00e7\u00e3o e Doen\u00e7as Nutricionais de C\u00e3es e Gatos; Centro de Pesquisa em Doen\u00e7as Nutricionais de Ruminantes; Centro de Pesquisa em Equ\u00eddeos; Centro de Pesquisa Avan\u00e7ado em Medicina da Produ\u00e7\u00e3o e o <em>Calf Lab.<\/em> O Biot\u00e9rio do VCM est\u00e1 sob responsabilidade t\u00e9cnica de GOMES, M.O.S., docente permanente do PCVet, e est\u00e1 registrado junto ao CRMV-SP e ao sistema interno de biot\u00e9rios da USP, assim como registrado e aprovado pelo CONCEA via plataforma CIUCA.<\/p>\n<p>&nbsp;<\/p>\n<p><span style=\"color: #ff6600;\"><strong>(5) Centro de Apoio ao Ensino e Pesquisa (CAEP)<\/strong><\/span><\/p>\n<p style=\"text-align: justify;\">Localizado no Campus de Pirassununga-SP, est\u00e1 vinculado aos Departamentos de Cl\u00ednica M\u00e9dica e Cirurgia da FMVZ-USP. Sua principal finalidade \u00e9 oferecer suporte t\u00e9cnico e infraestrutural para o desenvolvimento de projetos de pesquisa, atividades de ensino na gradua\u00e7\u00e3o e p\u00f3s-gradua\u00e7\u00e3o, bem como projetos de extens\u00e3o. A estrutura do CAEP inclui laborat\u00f3rio de an\u00e1lises cl\u00ednicas; anfiteatro e salas de aula equipadas com videoconfer\u00eancia; salas para atividades pr\u00e1ticas; sala de atendimento cl\u00ednico e procedimentos cir\u00fargicos; sala de lavagem e sala de esteriliza\u00e7\u00e3o de equipamentos; secretaria; sala de suporte t\u00e9cnico; farm\u00e1cia; almoxarifado e garagem para maquin\u00e1rio;\u00a0 casa de h\u00f3spedes para alojamento de alunos, pesquisadores e convidados; \u00e1rea de pastagem e baias para interna\u00e7\u00e3o e alojamento de animais de aulas e experimentais.<\/p>\n<p>&nbsp;<\/p>\n<p><span style=\"color: #ff6600;\"><strong>Atualiza\u00e7\u00e3o da Infraestrutura<\/strong><\/span><\/p>\n<p style=\"text-align: justify;\">No quadri\u00eanio 2021-2024, o PCVet recebeu significativos avan\u00e7os infraestruturais, especialmente nos laborat\u00f3rios e em setores do Biot\u00e9rio. Seguem os destaques da Moderniza\u00e7\u00e3o:<\/p>\n<ul>\n<li style=\"list-style-type: none;\">\n<ul>\n<li style=\"text-align: justify;\">Laborat\u00f3rio de Pesquisa em Bezerros Fernando Jos\u00e9 Benesi (Calf Lab): inaugurado em 2023, o laborat\u00f3rio possui tr\u00eas salas id\u00eanticas para diferentes grupos experimentais, garantindo a preven\u00e7\u00e3o de contamina\u00e7\u00e3o cruzada. Cada sala conta com cozinha para preparo das dietas, 4 gaiolas de ferro galvanizado com pisos de borracha para bezerros de at\u00e9 90 dias; sistema de ventila\u00e7\u00e3o dimensionado para o tamanho da sala e idade dos animais. O laborat\u00f3rio possui equipamentos para viabilizar a alimenta\u00e7\u00e3o de 12 bezerros ao mesmo tempo (tr\u00eas grupos de 4 animais), incluindo freezers (3 verticais e 2 horizontais), pasteurizador, estrutura para descongelamento e aquecimento do leite. Maiores detalhes est\u00e3o dispon\u00edveis no site do PCVet.<\/li>\n<li style=\"text-align: justify;\">Laborat\u00f3rio de Medicina Esportiva Equina (LAMEQ): no per\u00edodo, foram adquiridos equipamentos para aprimoramento das pesquisas, incluindo um equipamento de ondas de choque (Marca BTL Brasil); dois equipamentos de ozonioterapia (Marcas O &amp; L e Philozon); e um equipamento de ultrassonografia (DOMED).<\/li>\n<li style=\"text-align: justify;\">O Biot\u00e9rio do VCM, em especial, tr\u00eas setores, receberam investimentos via Plano de Gest\u00e3o das Instala\u00e7\u00f5es Animais para adequa\u00e7\u00e3o \u00e0s Resolu\u00e7\u00f5es Normativas do CONCEA (59 a 67), garantindo melhorias na infraestrutura e no bem-estar animal, o Centro de Pesquisa em Equ\u00eddeos: R$ 288.585,25; o Calf Lab: R$ 63.025,99; e o Centro de Pesquisa em Doen\u00e7as Nutricionais de Ruminantes: R$ 30.862,30. Todas as melhorias est\u00e3o sendo implementadas nas instala\u00e7\u00f5es do Campus Butant\u00e3.<\/li>\n<\/ul>\n<\/li>\n<\/ul>\n<p>Esses avan\u00e7os estruturais refor\u00e7am o compromisso do PCVet com a qualidade na pesquisa, ensino e extens\u00e3o, proporcionando melhores condi\u00e7\u00f5es para a forma\u00e7\u00e3o acad\u00eamica e cient\u00edfica.<\/p>\n<p><strong>\u00a0<\/strong><\/p>\n<p><span style=\"color: #ff6600;\"><strong>Recursos tecnol\u00f3gicos\u00a0<\/strong><\/span><\/p>\n<p style=\"text-align: justify;\">Atualmente, a se\u00e7\u00e3o t\u00e9cnica de inform\u00e1tica (STI) da FMVZ, possui sete colaboradores, e \u00e9 respons\u00e1vel por atender \u00e0 demanda de \u00e1udio visual em aulas, palestras, atividades remotas, intera\u00e7\u00f5es digitais, dentre outras; bem como \u00e9 respons\u00e1vel pelo gerenciamento dos equipamentos que fornecem a conectividade (switches, access points, telefonia);\u00a0 estrutura f\u00edsica (cabeamento, racks); e medidas de prote\u00e7\u00e3o da rede (firewall, antiv\u00edrus); faz gerenciamento dos servidores f\u00edsicos, nuvem FMVZ, servidores centrais; gerenciamento de contas; apoio aos sistemas usados pelo HOVET; d\u00e1 suporte ao usu\u00e1rio por meio da manuten\u00e7\u00e3o e suporte dos equipamentos <a href=\"https:\/\/sites.usp.br\/pcvet\/wp-content\/uploads\/sites\/224\/2025\/03\/Parque-de-equipamentos-VCM_PCVet_2025.pdf\" target=\"_blank\" rel=\"noopener\">(<strong>ANEXO \u2013 Parque de Equipamentos Tecnol\u00f3gicos<\/strong>)<\/a>; realiza desenvolvimento e manuten\u00e7\u00e3o dos sistemas internos da FMVZ. A FMVZ possui duas salas Pr\u00f3-Aluno para uso dos alunos (em S\u00e3o Paulo e Pirassununga), ambas com sala de aula com computadores e uma Sala multim\u00eddia em S\u00e3o Paulo para aulas.<\/p>\n<p style=\"text-align: justify;\">Em rela\u00e7\u00e3o ao Parque de Tecnologia da Informa\u00e7\u00e3o da USP, que \u00e9 gerido pela Superintend\u00eancia de Tecnologia da Informa\u00e7\u00e3o (STI), este abriga 76 subsistemas de informa\u00e7\u00e3o que atendem 178.983 usu\u00e1rios e gerenciam 2.089.025 processos acad\u00eamicos e administrativos anualmente, al\u00e9m de 227.774 contas de e-mail que ocupam 13,76 Petabytes de disco. A infraestrutura inclui 170 equipamentos Wi-Fi externos e 844 km de fibra \u00f3ptica. A nuvem computacional da STI conta com 14 Petabytes de armazenamento, 11.100 cores de processamento e 250 Terabytes de RAM, com clusters de alto desempenho (HPC) como o \u00c1guia e o Lince. Somente em 2024, a STI coordenou a aquisi\u00e7\u00e3o de 6.376 pontos de acesso Wi-Fi internos e 316 externos, al\u00e9m de 30 controladoras, para moderniza\u00e7\u00e3o da rede wireless nos campi, complementando a distribui\u00e7\u00e3o de 31.550 microcomputadores e outros equipamentos de tecnologia. Os p\u00f3s-graduandos, orientadores e demais envolvidos na p\u00f3s-gradua\u00e7\u00e3o usufruem diretamente desses sistemas de informa\u00e7\u00e3o, que s\u00e3o fundamentais para otimizar suas atividades acad\u00eamicas e administrativas, proporcionando maior efici\u00eancia e agilidade em seus processos.<\/p>\n<p>&nbsp;<\/p>\n<p><span style=\"color: #ff6600;\"><strong>Biblioteca<\/strong><\/span><\/p>\n<p style=\"text-align: justify;\">Com espa\u00e7o f\u00edsico de mais de 1000m<sup>2<\/sup> a biblioteca da FMVZ\/USP disponibiliza um dos acervos mais valiosos e completos do Brasil em sua especialidade. Possui cerca de 20.339 livros, 8.790 teses e disserta\u00e7\u00f5es, 1.748 t\u00edtulos, 68.861 fasc\u00edculos de peri\u00f3dicos e 414 multimeios. Conta com um parque de inform\u00e1tica, com 44 computadores, 04 aparelhos tipo scanner e impressoras. Os p\u00f3s-graduandos e docentes encontram, nos peri\u00f3dicos, artigos em assinaturas eletr\u00f4nicas das cole\u00e7\u00f5es e tamb\u00e9m as de acesso aberto, cerca de 130.000 t\u00edtulos. A biblioteca oferece diversos servi\u00e7os, sendo eles: consulta local, consulta online, empr\u00e9stimo domiciliar, empr\u00e9stimo entre Bibliotecas (EEB), comuta\u00e7\u00e3o, cataloga\u00e7\u00e3o na fonte (ficha catalogr\u00e1fica), aux\u00edlio no acesso \u00e0 informa\u00e7\u00e3o e \u00e0s pesquisas em bases de dados, treinamentos em Metodologia do Trabalho Cient\u00edfico, Pesquisa em Bases de Dados (Dedalus, Scopus, Web of Science, PubMed, Revistas Eletr\u00f4nicas, Banco de Teses da USP) e uso do gerenciador de refer\u00eancias Mendeley, al\u00e9m de outras orienta\u00e7\u00f5es relativas aos servi\u00e7os dispon\u00edveis. Como complemento dessas estrat\u00e9gias, a Biblioteca oferece materiais explicativos, f\u00f4lderes, tutoriais e implementa\u00e7\u00e3o do site da Biblioteca para facilitar o acesso \u00e0 informa\u00e7\u00e3o, tornando-o claro, r\u00e1pido, simplificado e objetivo, deixando \u00e0 m\u00e3o as principais ferramentas de pesquisa. Aos pesquisadores e p\u00f3s-graduandos, a Biblioteca disponibiliza em seu site (<a href=\"http:\/\/www.fmvz.usp.br\/biblioteca\">www.fmvz.usp.br\/biblioteca<\/a>)\u00a0 informa\u00e7\u00f5es necess\u00e1rias para a elabora\u00e7\u00e3o de trabalhos acad\u00eamicos. Tamb\u00e9m disponibiliza a Biblioteca Virtual em Medicina Veterin\u00e1ria e Zootecnia (BVS-Vet) (<a href=\"http:\/\/www.bvs-vet.org.br\/\">www.bvs-vet.org.br<\/a>),\u00a0um portal que propicia de forma \u00e1gil e organizada o acesso ao conhecimento t\u00e9cnico-cient\u00edfico das \u00e1reas de medicina veterin\u00e1ria, zootecnia e ci\u00eancias afins. Vale ressaltar que os p\u00f3s-graduandos possuem acesso remoto a todo o acervo digital da biblioteca por meio da rede virtual privada (VPN).<\/p>\n<p style=\"text-align: justify;\">Al\u00e9m do acervo da FMVZ, a comunidade acad\u00eamica tem acesso a uma cole\u00e7\u00e3o de cerca de 8,48 milh\u00f5es de itens (entre livros, revistas, mapas, teses, multimeios, entre outros) que est\u00e3o dispon\u00edveis nas 64 bibliotecas existentes nos diferentes <em>campi<\/em> da USP. H\u00e1 certo n\u00famero de bases de dados, ebooks e cole\u00e7\u00f5es peri\u00f3dicas mantidas pela Ag\u00eancia de Bibliotecas e Cole\u00e7\u00f5es Digitais (ABCD\/USP) que pode ser acessado pela URL\u00a0<a href=\"https:\/\/abcd.usp.br\/\">https:\/\/abcd.usp.br<\/a>\u00a0por toda a comunidade acad\u00eamica. A USP dosp\u00f5e uma Biblioteca Digital de Teses e Disserta\u00e7\u00f5es\u00a0<a href=\"https:\/\/teses.usp.br\/\">https:\/\/teses.usp.br<\/a>\u00a0com 129.884 documentos \u2013 sendo 3.015 da FMVZ \u2013,\u00a0 o Portal de Livros Abertos\u00a0<a href=\"http:\/\/www.livrosabertos.abcd.usp.br\/\">http:\/\/www.livrosabertos.abcd.usp.br<\/a>\u00a0com 1.209 t\u00edtulos, o Portal de Revistas\u00a0<a href=\"https:\/\/www.revistas.usp.br\/\">https:\/\/www.revistas.usp.br<\/a>\u00a0com 204 t\u00edtulos, todos esses com acesso irrestrito para toda a comunidade interna e externa \u00e0 USP. Al\u00e9m disso, o Portal de Busca Integrada\u00a0<a href=\"https:\/\/www.buscaintegrada.usp.br\/\">https:\/\/www.buscaintegrada.usp.br<\/a>\u00a0\u00e9 um metabuscador que congrega todas as cole\u00e7\u00f5es (impressas e digitais), incluindo tamb\u00e9m os\u00a0recursos\u00a0do Portal de Peri\u00f3dicos da\u00a0CAPES. O total do acervo digital \u00e9 de 18.260.722 itens.<\/p>\n<p>&nbsp;<\/p>\n<p><span style=\"color: #ff6600;\"><strong>Google Workspace<\/strong><\/span><\/p>\n<p style=\"text-align: justify;\">Por meio de um acordo institucional, todos os usu\u00e1rios da USP t\u00eam direito a usar o servi\u00e7o Google Workspace que permite que os clientes usem seu pr\u00f3prio dom\u00ednio (usp.br) e oferece aplicativos variados, tais como, Gmail, Google Meet, Drive com armazenamento limitado, Classroom, entre outros.<\/p>\n<p><\/p>","protected":false},"excerpt":{"rendered":"<p>O Programa de P\u00f3s-Gradua\u00e7\u00e3o em Cl\u00ednica Veterin\u00e1ria (PCVet) disp\u00f5e de infraestrutura f\u00edsica organizada em cinco categorias principais: (1) infraestrutura administrativa; (2) salas de aula e confer\u00eancias; (3) laborat\u00f3rios; (4) instala\u00e7\u00f5es animais; e (5) Centro de Apoio ao Ensino e Pesquisa (CAEP). (1) Infraestrutura administrativa Possui uma Secretaria equipada para reuni\u00f5es e entrevistas, al\u00e9m de oferecer aos p\u00f3s-graduandos uma sala de estudos exclusiva. Este espa\u00e7o \u00e9 devidamente estruturado com ar condicionado, acesso \u00e0 internet via Wi-Fi, pontos de conex\u00e3o, impressora, mesas, bancadas, prateleiras e assentos adequados para estudo e pesquisa. Al\u00e9m disso, o Departamento de Cl\u00ednica M\u00e9dica (VCM) e a Faculdade de Medicina Veterin\u00e1ria e Zootecnia da Universidade de S\u00e3o Paulo (FMVZ\/USP) fornecem suporte administrativo por meio da Secretaria do VCM, que presta assist\u00eancia espec\u00edfica ao PCVet e do Servi\u00e7o de P\u00f3s-Gradua\u00e7\u00e3o (SPG) da FMVZ\/USP que oferece suporte administrativo a todos os programas de p\u00f3s-gradua\u00e7\u00e3o da institui\u00e7\u00e3o. (2) Salas de aula e confer\u00eancias O PCVet disp\u00f5e de um anfiteatro pr\u00f3prio destinado \u00e0s aulas da p\u00f3s-gradua\u00e7\u00e3o. No entanto, os p\u00f3s-graduandos tamb\u00e9m t\u00eam acesso a outras salas de aula, incluindo as localizadas no Anexo 17, sob a coordena\u00e7\u00e3o do SPG da FMVZ\/USP, bem como ao anfiteatro do VCM, que est\u00e1 equipado com tecnologia [&#8230;]<\/p>\n","protected":false},"author":148,"featured_media":0,"parent":0,"menu_order":0,"comment_status":"closed","ping_status":"closed","template":"","meta":{"footnotes":"","_links_to":"","_links_to_target":""},"class_list":["post-1213","page","type-page","status-publish","hentry"],"_links":{"self":[{"href":"https:\/\/sites.usp.br\/pcvet\/wp-json\/wp\/v2\/pages\/1213","targetHints":{"allow":["GET"]}}],"collection":[{"href":"https:\/\/sites.usp.br\/pcvet\/wp-json\/wp\/v2\/pages"}],"about":[{"href":"https:\/\/sites.usp.br\/pcvet\/wp-json\/wp\/v2\/types\/page"}],"author":[{"embeddable":true,"href":"https:\/\/sites.usp.br\/pcvet\/wp-json\/wp\/v2\/users\/148"}],"replies":[{"embeddable":true,"href":"https:\/\/sites.usp.br\/pcvet\/wp-json\/wp\/v2\/comments?post=1213"}],"version-history":[{"count":4,"href":"https:\/\/sites.usp.br\/pcvet\/wp-json\/wp\/v2\/pages\/1213\/revisions"}],"predecessor-version":[{"id":2971,"href":"https:\/\/sites.usp.br\/pcvet\/wp-json\/wp\/v2\/pages\/1213\/revisions\/2971"}],"wp:attachment":[{"href":"https:\/\/sites.usp.br\/pcvet\/wp-json\/wp\/v2\/media?parent=1213"}],"curies":[{"name":"wp","href":"https:\/\/api.w.org\/{rel}","templated":true}]}}