{"id":1287,"date":"2016-08-03T11:17:47","date_gmt":"2016-08-03T14:17:47","guid":{"rendered":"http:\/\/sites.usp.br\/pcvet\/?page_id=1287"},"modified":"2017-02-13T22:50:07","modified_gmt":"2017-02-14T00:50:07","slug":"para-alunos-e-orientadores","status":"publish","type":"page","link":"https:\/\/sites.usp.br\/pcvet\/para-alunos-e-orientadores\/","title":{"rendered":"Pr\u00f3 aluno"},"content":{"rendered":"<p><a href=\"http:\/\/sites.usp.br\/pcvet\/matricula\/\" target=\"_blank\">Matr\u00edcula<\/a><\/p>\n<p><a href=\"http:\/\/sites.usp.br\/pcvet\/disciplinas\/\" target=\"_blank\">Disciplinas<\/a><\/p>\n<p><a href=\"http:\/\/sites.usp.br\/pcvet\/horarios-semestre\/\" target=\"_blank\">Hor\u00e1rios no semestre<\/a><\/p>\n<p><a href=\"http:\/\/sites.usp.br\/pcvet\/formularios-2\/\" target=\"_blank\">Formul\u00e1rios<\/a><\/p>\n<p><a href=\"http:\/\/sites.usp.br\/pcvet\/estagio-pae\/\" target=\"_blank\">Est\u00e1gio PAE<\/a><\/p>\n<p><a href=\"http:\/\/sites.usp.br\/pcvet\/bolsas-e-auxilios\/\" target=\"_blank\">Bolsas e aux\u00edlios<\/a><\/p>\n<p><a href=\"http:\/\/sites.usp.br\/pcvet\/exame-de-qualificacao\/\" target=\"_blank\">Exame de qualifica\u00e7\u00e3o<\/a><\/p>\n<p><a href=\"http:\/\/sites.usp.br\/pcvet\/defesa\/\" target=\"_blank\">Defesas<\/a><\/p>","protected":false},"excerpt":{"rendered":"<p>Matr\u00edcula Disciplinas Hor\u00e1rios no semestre Formul\u00e1rios Est\u00e1gio PAE Bolsas e aux\u00edlios Exame de qualifica\u00e7\u00e3o Defesas<\/p>\n","protected":false},"author":148,"featured_media":0,"parent":0,"menu_order":0,"comment_status":"closed","ping_status":"closed","template":"","meta":{"footnotes":"","_links_to":"","_links_to_target":""},"class_list":["post-1287","page","type-page","status-publish","hentry"],"_links":{"self":[{"href":"https:\/\/sites.usp.br\/pcvet\/wp-json\/wp\/v2\/pages\/1287","targetHints":{"allow":["GET"]}}],"collection":[{"href":"https:\/\/sites.usp.br\/pcvet\/wp-json\/wp\/v2\/pages"}],"about":[{"href":"https:\/\/sites.usp.br\/pcvet\/wp-json\/wp\/v2\/types\/page"}],"author":[{"embeddable":true,"href":"https:\/\/sites.usp.br\/pcvet\/wp-json\/wp\/v2\/users\/148"}],"replies":[{"embeddable":true,"href":"https:\/\/sites.usp.br\/pcvet\/wp-json\/wp\/v2\/comments?post=1287"}],"version-history":[{"count":4,"href":"https:\/\/sites.usp.br\/pcvet\/wp-json\/wp\/v2\/pages\/1287\/revisions"}],"predecessor-version":[{"id":1996,"href":"https:\/\/sites.usp.br\/pcvet\/wp-json\/wp\/v2\/pages\/1287\/revisions\/1996"}],"wp:attachment":[{"href":"https:\/\/sites.usp.br\/pcvet\/wp-json\/wp\/v2\/media?parent=1287"}],"curies":[{"name":"wp","href":"https:\/\/api.w.org\/{rel}","templated":true}]}}