{"id":1289,"date":"2016-08-03T11:18:04","date_gmt":"2016-08-03T14:18:04","guid":{"rendered":"http:\/\/sites.usp.br\/pcvet\/?page_id=1289"},"modified":"2025-04-07T12:18:39","modified_gmt":"2025-04-07T15:18:39","slug":"estagio-pae","status":"publish","type":"page","link":"https:\/\/sites.usp.br\/pcvet\/estagio-pae\/","title":{"rendered":"Est\u00e1gio PAE"},"content":{"rendered":"<p><strong><span style=\"color: #ff9900;\">Apresenta\u00e7\u00e3o<\/span><\/strong><\/p>\n<p style=\"text-align: justify;\"><span style=\"color: #333333;\">O <a href=\"https:\/\/prpg.usp.br\/pt-br\/pae\/o-que-pae\" target=\"_blank\" rel=\"noopener\">Programa de Aperfei\u00e7oamento de Ensino<\/a> da Universidade de S\u00e3o Paulo destina-se a aprimorar a forma\u00e7\u00e3o de p\u00f3s-graduandos para a atividade did\u00e1tica de gradua\u00e7\u00e3o e \u00e9 composto de duas etapas:<\/span><\/p>\n<p style=\"text-align: justify;\"><span style=\"color: #333333;\"><i>\u00a0 \u00a0a)<\/i> Prepara\u00e7\u00e3o Pedag\u00f3gica<\/span><\/p>\n<p style=\"text-align: justify;\"><span style=\"color: #333333;\">\u00a0 \u00a0<i>b)<\/i> Est\u00e1gio Supervisionado em Doc\u00eancia<\/span><\/p>\n<p>&nbsp;<\/p>\n<p><span style=\"color: #ff9900;\"><strong>Comiss\u00e3o PAE<\/strong><\/span><\/p>\n<p><span style=\"color: #333333;\">Coordenador Profa Dra. Andre\u00e1 Micke Moreno<i>\u00a0<\/i><\/span><\/p>\n<p>1 Representante Docente junto \u00e0 Comiss\u00e3o de Gradua\u00e7\u00e3o<\/p>\n<p>2 Representantes Discentes da P\u00f3s-Gradua\u00e7\u00e3o<\/p>\n<p>&nbsp;<\/p>\n<p>E-mail:\u00a0<a href=\"mailto:paefmvz@usp.br\">paefmvz@usp.br<\/a><\/p>\n<p>Fones: 3091-7676<\/p>\n<p><span style=\"color: #333333;\">\u00a0<\/span><\/p>\n<p><strong><span style=\"color: #ff9900;\">Regulamento<\/span><\/strong><\/p>\n<p><a href=\"https:\/\/leginf.usp.br\/?portaria=consolidada-portaria-gr-no-3588-de-10-de-maio-de-2005\" target=\"_blank\" rel=\"noreferrer noopener\">Portaria GR N\u00ba 3588, de 10\/5\/2005<\/a> &#8211; Normas USP.<\/p>\n<p><a href=\"https:\/\/leginf.usp.br\/?portaria=portaria-gr-no-8603-de-15-de-outubro-de-2024\" target=\"_blank\" rel=\"noreferrer noopener\">Portaria GR N\u00ba 8603, de 15\/10\/2024<\/a> &#8211; Est\u00e1gio para doutorando(a).<\/p>\n<p><a href=\"https:\/\/drive.google.com\/file\/d\/1GynTM0lSE2hlLGPSz6SFLyxNX_WttzDY\/view?usp=sharing\" target=\"_blank\" rel=\"noopener\">Portaria CAPES n.76\/2010<\/a> &#8211; Est\u00e1gio de Doc\u00eancia para bolsistas CAPES.<\/p>\n<p>&nbsp;<\/p>\n<p><strong><span style=\"color: #ff9900;\">Inscri\u00e7\u00f5es e sele\u00e7\u00e3o<\/span><\/strong><\/p>\n<p style=\"text-align: center;\">Informamos que a partir do 2\u00b0 semestre de 2025, aos doutorandos, que foram bolsistas CAPES e tiverem realizado PAE em disciplina de gradua\u00e7\u00e3o, ser\u00e1 permitido solicitar est\u00e1gio PAE em disciplina de p\u00f3s-gradua\u00e7\u00e3o conforme regulamento e calend\u00e1rio dispon\u00edvel no <a href=\"https:\/\/sites.usp.br\/pcvet\/wp-content\/uploads\/sites\/224\/2025\/04\/EDITAL_PAE-FMVZ_no01_2025_publicado.pdf\" target=\"_blank\" rel=\"noopener\">Edital<\/a>.<\/p>\n<p>&nbsp;<\/p>\n<p>As inscri\u00e7\u00f5es para o est\u00e1gio PAE, em disciplinas de gradua\u00e7\u00e3o, no <b>2\u00b0 semestre de 2025,<\/b> estar\u00e3o abertas durante <b>de 03 a 28 <\/b><b>de abril de <\/b><b>2025<\/b>,\u00a0<u>exclusivamente no Sistema Janus<\/u>.<\/p>\n<p style=\"font-weight: 400;\">Os alunos dever\u00e3o acessar o\u00a0<a href=\"https:\/\/uspdigital.usp.br\/janus\" target=\"_blank\" rel=\"noopener\"><strong>sistema Janus<\/strong><\/a> e efetuar a inscri\u00e7\u00e3o pelo caminho: PAE &gt; Inscri\u00e7\u00e3o &gt; 2\u00ba semestre de 2025 &gt; Adicionar\/Alterar<\/p>\n<p style=\"font-weight: 400;\">\u00a0<strong>Aten\u00e7\u00e3o:<\/strong><\/p>\n<p style=\"font-weight: 400;\">&#8211; Na categoria \u201cDisciplina\u201d da Etapa de Prepara\u00e7\u00e3o Pedag\u00f3gica (E.P.P.), o aluno s\u00f3 conseguir\u00e1 apontar disciplinas da E.P.P. que tenha conclu\u00eddo ou esteja cursando;<\/p>\n<p style=\"font-weight: 400;\">&#8211; Na modalidade \u201cDisciplina\u201d o aluno\u00a0<u>n\u00e3o<\/u> precisa entregar documento algum para comprovar a conclus\u00e3o da mesma;<\/p>\n<p style=\"font-weight: 400;\">&#8211; Nas modalidades \u201cConjunto de Confer\u00eancias\u201d e \u201cN\u00facleo de Atividades\u201d o aluno\u00a0<u>dever\u00e1 enviar por e-mail comprovante de conclus\u00e3o<\/u>\u00a0at\u00e9 o \u00faltimo dia de\u00a0inscri\u00e7\u00e3o.<\/p>\n<p>&nbsp;<\/p>\n<p style=\"font-weight: 400;\">Poder\u00e3o efetuar a\u00a0inscri\u00e7\u00e3o\u00a0somente os alunos que:<\/p>\n<p style=\"font-weight: 400;\">&#8211; Tenham conclu\u00eddo ou estejam cursando a Prepara\u00e7\u00e3o Pedag\u00f3gica no 2\u00ba semestre\/2024 (Caso o aluno seja reprovado na Prepara\u00e7\u00e3o Pedag\u00f3gica ter\u00e1 sua participa\u00e7\u00e3o cancelada);<\/p>\n<p style=\"font-weight: 400;\">&#8211; Estejam com a matr\u00edcula regular;<\/p>\n<p style=\"font-weight: 400;\">&#8211; Tenham data limite para dep\u00f3sito posterior a 30\/11\/2025;<\/p>\n<p style=\"font-weight: 400;\">&#8211; Os que estiverem com a matr\u00edcula trancada ou as alunas em licen\u00e7a maternidade poder\u00e3o realizar a\u00a0inscri\u00e7\u00e3o, por\u00e9m devem voltar de seu afastamento antes do in\u00edcio do Est\u00e1gio.<\/p>\n<p>&nbsp;<\/p>\n<p><a href=\"https:\/\/sites.usp.br\/pcvet\/wp-content\/uploads\/sites\/224\/2025\/04\/EDITAL_PAE-FMVZ_no01_2025_publicado.pdf\" target=\"_blank\" rel=\"noopener\"><strong>Edital 2\u00b0 semestre\/2025<\/strong><\/a><\/p>\n<p>&nbsp;<\/p>\n<p><strong>Datas e prazos:<\/strong><\/p>\n<p style=\"font-weight: 400;\">03\/04 a 28\/04\/2025 \u2013 Inscri\u00e7\u00f5es dos alunos no Sistema Janus.<\/p>\n<p style=\"font-weight: 400;\">03\/10 a 30\/04\/2025 \u2013 Per\u00edodo em que o supervisor e orientador devem avalizar as inscri\u00e7\u00f5es.<\/p>\n<p style=\"font-weight: 400;\">1\u00ba\/07 a 30\/11\/2025 \u2013 Dura\u00e7\u00e3o do Est\u00e1gio.<\/p>\n<p style=\"font-weight: 400;\">30\/01\/2026 \u2013 Prazo limite para entrega do relat\u00f3rio do aluno e ficha de avalia\u00e7\u00e3o do supervisor.<\/p>\n<p>&nbsp;<\/p>\n<p>Esclarecemos que\u00a0<strong>as folhas de frequ\u00eancia dever\u00e3o ser enviadas at\u00e9 o dia 20 de cada m\u00eas<\/strong>, iniciando-se no m\u00eas de mar\u00e7o e terminando em julho no primeiro semestre e come\u00e7ando em julho e terminando em novembro no segundo semestre.<\/p>\n<ul style=\"font-weight: 400;\">\n<li style=\"font-weight: 400;\">Endere\u00e7o:\u00a0<a href=\"https:\/\/uspdigital.usp.br\/janus\/comum\/entrada.jsf\" data-saferedirecturl=\"https:\/\/www.google.com\/url?q=https:\/\/uspdigital.usp.br\/janus\/comum\/entrada.jsf&amp;source=gmail&amp;ust=1620228318474000&amp;usg=AFQjCNGRUBS5vmdxEKEN7XDGYa-Y8S8Y1Q\">https:\/\/uspdigital.usp.br\/janus<\/a>\u00a0(clique na aba PAE, folha de frequ\u00eancia);<\/li>\n<li style=\"font-weight: 400;\">N\u00e3o deve conter rasuras (borr\u00f5es, rasgos);<\/li>\n<li>Preencher da seguinte forma: na coluna <strong style=\"font-weight: 400;\">&#8220;ocorr\u00eancia&#8221;<\/strong>\u00a0colocar o\u00a0hor\u00e1rio da atividade, Ex: 9:00 \u00e0s 12:00, 14:00 \u00e0s 17:00 (totalizando 6 hrs\u00a0na semana), acompanhada da\u00a0<b>rubrica<\/b><b style=\"font-weight: 400;\"> do estagi\u00e1rio <\/b>no campo<b style=\"font-weight: 400;\"> &#8220;assinatura do estagi\u00e1rio<\/b>&#8220;;<\/li>\n<li style=\"font-weight: 400;\">Deve ser assinada tamb\u00e9m pelo supervisor de est\u00e1gio (na aus\u00eancia deste, o Chefe de Departamento, ao qual est\u00e1 vinculada a disciplina, poder\u00e1 assin\u00e1-la), declarando que o estagi\u00e1rio cumpriu 6 horas semanais de est\u00e1gio.<\/li>\n<\/ul>\n<p>&nbsp;<\/p>\n<p><strong><span style=\"color: #ff9900;\">Disciplinas para prepara\u00e7\u00e3o pedag\u00f3gica na FMVZ (Pr\u00e9-requisito PAE)<\/span><\/strong><\/p>\n<p>VCM 5748 \u2013 Prepara\u00e7\u00e3o Pedag\u00f3gica em Medicina Veterin\u00e1ria<br \/>\nVCI 5770 \u2013 Prepara\u00e7\u00e3o Pedag\u00f3gica em Anatomia I<br \/>\nVPS 5717 \u2013 Prepara\u00e7\u00e3o Pedag\u00f3gica<br \/>\nVNP 5733 \u2013 Prepara\u00e7\u00e3o Pedag\u00f3gica \u2013 Nutri\u00e7\u00e3o e Produ\u00e7\u00e3o Animal<\/p>\n<p>&nbsp;<\/p>\n<p><strong><span style=\"color: #ff9900;\">Disciplinas da gradua\u00e7\u00e3o<\/span><\/strong><\/p>\n<p><a href=\"https:\/\/drive.google.com\/file\/d\/19u8MO0IMPMcDwCW28Q2MpwL-yS2BqYFQ\/view\" target=\"_blank\" rel=\"noopener\">Disciplinas oferecidas no 2\u00b0semestre de 2025<\/a><\/p>\n<p>&nbsp;<\/p>\n<p><span style=\"color: #ff9900;\"><strong>Relat\u00f3rio PAE<\/strong><\/span><\/p>\n<p>Modelo para relat\u00f3rio do <a href=\"https:\/\/sites.usp.br\/pcvet\/wp-content\/uploads\/sites\/224\/2021\/05\/2021.2_ficha-avaliacao-Supervisor-1.docx\" target=\"_blank\" rel=\"noopener noreferrer\">Supervisor<\/a><\/p>\n<p>Modelo para relat\u00f3rio do <a href=\"https:\/\/sites.usp.br\/pcvet\/wp-content\/uploads\/sites\/224\/2021\/05\/2021.2_Relatorio-do-Estagiario.docx\" target=\"_blank\" rel=\"noopener noreferrer\">Estagi\u00e1rio<\/a><\/p>\n<p>&nbsp;<\/p>\n<p><span style=\"color: #ff9900;\"><strong>Cancelamento do Est\u00e1gio PAE<\/strong><\/span><\/p>\n<p>Use este\u00a0<a href=\"https:\/\/sites.usp.br\/pcvet\/wp-content\/uploads\/sites\/224\/2021\/05\/2021.2Solicitacao-de-cancelamento-PAE-FMVZ-USP.docx\" target=\"_blank\" rel=\"noopener\">formul\u00e1rio<\/a><\/p>\n<p>&nbsp;<\/p>\n<p>Para mais informa\u00e7\u00f5es acesse o <a href=\"https:\/\/sites.usp.br\/pcvet\/wp-content\/uploads\/sites\/224\/2025\/04\/EDITAL_PAE-FMVZ_no01_2025_publicado.pdf\" target=\"_blank\" rel=\"noopener\">Edital <\/a>ou entre em contato com <a href=\"mailto:paefmvz@usp.br\" target=\"_blank\" rel=\"noopener\">paefmvz@usp.br<\/a><\/p>\n<p>&nbsp;<\/p>","protected":false},"excerpt":{"rendered":"<p>Apresenta\u00e7\u00e3o O Programa de Aperfei\u00e7oamento de Ensino da Universidade de S\u00e3o Paulo destina-se a aprimorar a forma\u00e7\u00e3o de p\u00f3s-graduandos para a atividade did\u00e1tica de gradua\u00e7\u00e3o e \u00e9 composto de duas etapas: \u00a0 \u00a0a) Prepara\u00e7\u00e3o Pedag\u00f3gica \u00a0 \u00a0b) Est\u00e1gio Supervisionado em Doc\u00eancia &nbsp; Comiss\u00e3o PAE Coordenador Profa Dra. Andre\u00e1 Micke Moreno\u00a0 1 Representante Docente junto \u00e0 Comiss\u00e3o de Gradua\u00e7\u00e3o 2 Representantes Discentes da P\u00f3s-Gradua\u00e7\u00e3o &nbsp; E-mail:\u00a0paefmvz@usp.br Fones: 3091-7676 \u00a0 Regulamento Portaria GR N\u00ba 3588, de 10\/5\/2005 &#8211; Normas USP. Portaria GR N\u00ba 8603, de 15\/10\/2024 &#8211; Est\u00e1gio para doutorando(a). Portaria CAPES n.76\/2010 &#8211; Est\u00e1gio de Doc\u00eancia para bolsistas CAPES. &nbsp; Inscri\u00e7\u00f5es e sele\u00e7\u00e3o Informamos que a partir do 2\u00b0 semestre de 2025, aos doutorandos, que foram bolsistas CAPES e tiverem realizado PAE em disciplina de gradua\u00e7\u00e3o, ser\u00e1 permitido solicitar est\u00e1gio PAE em disciplina de p\u00f3s-gradua\u00e7\u00e3o conforme regulamento e calend\u00e1rio dispon\u00edvel no Edital. &nbsp; As inscri\u00e7\u00f5es para o est\u00e1gio PAE, em disciplinas de gradua\u00e7\u00e3o, no 2\u00b0 semestre de 2025, estar\u00e3o abertas durante de 03 a 28 de abril de 2025,\u00a0exclusivamente no Sistema Janus. Os alunos dever\u00e3o acessar o\u00a0sistema Janus e efetuar a inscri\u00e7\u00e3o pelo caminho: PAE &gt; Inscri\u00e7\u00e3o &gt; 2\u00ba semestre de 2025 &gt; Adicionar\/Alterar \u00a0Aten\u00e7\u00e3o: &#8211; Na categoria \u201cDisciplina\u201d da Etapa [&#8230;]<\/p>\n","protected":false},"author":148,"featured_media":0,"parent":0,"menu_order":0,"comment_status":"closed","ping_status":"closed","template":"","meta":{"footnotes":"","_links_to":"","_links_to_target":""},"class_list":["post-1289","page","type-page","status-publish","hentry"],"_links":{"self":[{"href":"https:\/\/sites.usp.br\/pcvet\/wp-json\/wp\/v2\/pages\/1289","targetHints":{"allow":["GET"]}}],"collection":[{"href":"https:\/\/sites.usp.br\/pcvet\/wp-json\/wp\/v2\/pages"}],"about":[{"href":"https:\/\/sites.usp.br\/pcvet\/wp-json\/wp\/v2\/types\/page"}],"author":[{"embeddable":true,"href":"https:\/\/sites.usp.br\/pcvet\/wp-json\/wp\/v2\/users\/148"}],"replies":[{"embeddable":true,"href":"https:\/\/sites.usp.br\/pcvet\/wp-json\/wp\/v2\/comments?post=1289"}],"version-history":[{"count":4,"href":"https:\/\/sites.usp.br\/pcvet\/wp-json\/wp\/v2\/pages\/1289\/revisions"}],"predecessor-version":[{"id":3015,"href":"https:\/\/sites.usp.br\/pcvet\/wp-json\/wp\/v2\/pages\/1289\/revisions\/3015"}],"wp:attachment":[{"href":"https:\/\/sites.usp.br\/pcvet\/wp-json\/wp\/v2\/media?parent=1289"}],"curies":[{"name":"wp","href":"https:\/\/api.w.org\/{rel}","templated":true}]}}