{"id":1294,"date":"2016-08-03T11:18:48","date_gmt":"2016-08-03T14:18:48","guid":{"rendered":"http:\/\/sites.usp.br\/pcvet\/?page_id=1294"},"modified":"2024-02-16T10:24:05","modified_gmt":"2024-02-16T13:24:05","slug":"bolsas-e-auxilios","status":"publish","type":"page","link":"https:\/\/sites.usp.br\/pcvet\/bolsas-e-auxilios\/","title":{"rendered":"Bolsas e Aux\u00edlios"},"content":{"rendered":"<p><\/p>\n<h3>Bolsas<\/h3>\n<p><span style=\"color: #ff6600;\"><strong>Informa\u00e7\u00f5es gerais<\/strong><\/span><\/p>\n<p style=\"text-align: justify;\">N\u00e3o h\u00e1 correla\u00e7\u00e3o entre o ingresso no Programa de P\u00f3s-Gradua\u00e7\u00e3o em Cl\u00ednica Veterin\u00e1ria e a concess\u00e3o de bolsa de estudos.<\/p>\n<p style=\"text-align: justify;\">Se o aluno for contemplado com uma bolsa n\u00e3o vinculada ao Programa, deve prestar essa informa\u00e7\u00e3o \u00e0 secretaria imediatamente. O aluno regular interessado em obter uma bolsa de estudos dever\u00e1 fazer a solicita\u00e7\u00e3o em per\u00edodo a ser definido semestralmente.<\/p>\n<p style=\"text-align: justify;\">A comiss\u00e3o de bolsas do Programa distribuir\u00e1 as bolsas dispon\u00edveis conforme classifica\u00e7\u00e3o das solicita\u00e7\u00f5es, de acordo com os crit\u00e9rios estabelecidos pela CCP.<\/p>\n<p>Para os p\u00f3s-graduandos contemplados com cotas de bolsas CAPES que foram destinadas ao programa por esta ag\u00eancia, poder\u00e3o usufruir da mesma por <em>20 meses para mestrado<\/em> e <em>42 meses para doutorado<\/em> <span style=\"text-decoration: underline;\">contados a partir da data da primeira matr\u00edcula.<\/span><\/p>\n<p>&nbsp;<\/p>\n<p style=\"text-align: justify;\"><span style=\"color: #ff6600;\"><strong>Instru\u00e7\u00f5es\u00a0para pleitear a bolsa de demanda social<\/strong><\/span><br \/>\n1. Carta solicitando a bolsa, com o anu\u00eancia do orientador;<br \/>\n2. Curr\u00edculo Lattes do aluno completo e atualizado;<br \/>\n3. Comprovante de submiss\u00e3o de solicita\u00e7\u00e3o de bolsa \u00e0 \u00f3rg\u00e3o de fomento (FAPESP);<br \/>\n4. Comprovante de endere\u00e7o de proced\u00eancia;<br \/>\n5. Declara\u00e7\u00e3o de situa\u00e7\u00e3o de vulnerabilidade socioecon\u00f4mica (quando aplic\u00e1vel).<\/p>\n<p style=\"text-align: center;\"><strong>A documenta\u00e7\u00e3o deve estar digitalizada em boa qualidade e em formato pdf e deve ser enviada para a secretaria pelo e-mail pcvet@usp.br.<\/strong><\/p>\n<p style=\"text-align: center;\"><span style=\"color: #800000;\"><strong><span style=\"color: #000000;\">O per\u00edodo para envio de novas solicita\u00e7\u00f5es ser\u00e1 comunicado ao orientador e a representa\u00e7\u00e3o discente e amplamente divulgado entre os p\u00f3s-graduandos.\u00a0<\/span><\/strong><\/span><\/p>\n<p>&nbsp;<\/p>\n<p><span style=\"color: #ff6600;\"><strong>Crit\u00e9rios de prioriza\u00e7\u00e3o na indica\u00e7\u00e3o de bolsas CAPES-DS<\/strong><\/span><\/p>\n<h6 style=\"text-align: right;\">(aprovado em reuni\u00e3o ordin\u00e1ria da CCP PCVet em 06\/09\/2023 &#8211; <a href=\"https:\/\/sites.usp.br\/pcvet\/wp-content\/uploads\/sites\/224\/2024\/02\/202310-Criterios-bolsas-enviado.pdf\" target=\"_blank\" rel=\"noopener\">Anexo<\/a>)<\/h6>\n<p>1\u00b0 Ser\u00e1 dada prefer\u00eancia a candidatos que n\u00e3o possuam atividade remunerada ou outros rendimentos, conforme declara\u00e7\u00e3o apresentada pelos candidatos.<\/p>\n<p>2\u00b0 Do n\u00famero total de bolsas ser\u00e1 destinado 30% para p\u00f3s-graduandos que perten\u00e7am a um dos grupos listados abaixo. Para esses grupos ser\u00e1 solicitado para prioriza\u00e7\u00e3o na distribui\u00e7\u00e3o de bolsas: Declara\u00e7\u00e3o de situa\u00e7\u00e3o de vulnerabilidade socioecon\u00f4mica e comprovante de endere\u00e7o de proced\u00eancia.<\/p>\n<p>&#8211; <u>pessoas negras<\/u>, pretas e pardas (mediante autodeclara\u00e7\u00e3o, sendo considerado apenas o fen\u00f3tipo, exclu\u00eddos crit\u00e9rios de gen\u00e9tica e ascend\u00eancia).<\/p>\n<p>&#8211;<u>pessoas ind\u00edgenas<\/u> (mediante autodeclara\u00e7\u00e3o e apresenta\u00e7\u00e3o de fotoc\u00f3pia do Registro Administrativo de Nascimento de Ind\u00edgena &#8211; RANI -, ou declara\u00e7\u00e3o de lideran\u00e7a da Comunidade Ind\u00edgena sobre a condi\u00e7\u00e3o \u00e9tnica da pessoa ingressante, com n\u00famero de identidade, endere\u00e7o e telefone de contato.<\/p>\n<p>&#8211; <u>quilombolas<\/u> (mediante: a. c\u00f3pia da declara\u00e7\u00e3o original expedida pela Funda\u00e7\u00e3o Cultural Palmares na qual conste o reconhecimento oficial do quilombo ao qual o candidato perten\u00e7a; b. declara\u00e7\u00e3o original da comunidade quilombola, emitida no ano vigente, com a assinatura de duas lideran\u00e7as. Para os quilombos em processo de reconhecimento pela Funda\u00e7\u00e3o Cultural Palmares, ser\u00e1 aceito um documento que comprove a abertura de processo de reconhecimento nesta Funda\u00e7\u00e3o).<\/p>\n<p>&#8211; <u>pessoas com defici\u00eancia<\/u> (mediante: a. Laudo m\u00e9dico &#8211; via original com no m\u00e1ximo um ano de emiss\u00e3o &#8211; que contenha: parecer descritivo elaborado pelo m\u00e9dico, em receitu\u00e1rio pr\u00f3prio; o c\u00f3digo da defici\u00eancia nos termos da Classifica\u00e7\u00e3o Internacional de Doen\u00e7as CID; a categoria de defici\u00eancia classificada segundo o artigo 5o, \u00a7 1o do Decreto no 3.298, de 20 de dezembro de 1999, alterado pelo Decreto no 5.296, de 2 de dezembro de 2004, ou que atenda a S\u00famula 377 do Superior Tribunal de Justi\u00e7a ou b. Laudo com a avalia\u00e7\u00e3o da defici\u00eancia de maneira biopsicossocial conforme a Lei No 13.146, de 6 de julho de 2015.<\/p>\n<p><u>&#8211; pessoas transidentit\u00e1rias <\/u>(travestis, transexuais e transg\u00eaneres), mediante autodeclara\u00e7\u00e3o.<\/p>\n<p>&#8211; Outros grupos minorit\u00e1rios que se enquadrem \u00e0s a\u00e7\u00f5es afirmativas definidas pela CCP<\/p>\n<p>3\u00b0 Para todos os p\u00f3s-graduandos a nota curricular acrescida da nota do projeto de pesquisa ser\u00e1 utilizada como crit\u00e9rio de desempate.<\/p>\n<p>OBS: o p\u00f3s-graduando n\u00e3o contemplado pela distribui\u00e7\u00e3o de bolsas vinculada \u00e0s a\u00e7\u00f5es afirmativas, n\u00e3o fica exclu\u00eddo de concorrer pelos 70% restantes de bolsas.<\/p>\n<p>A distribui\u00e7\u00e3o de bolsas ser\u00e1 realizada pela Comiss\u00e3o bolsas PCVet (definida CCP conforme candidatos inscritos para que n\u00e3o ocorra conflitos de orientadores e orientados)<\/p>\n<p>\u00c9 vedado ao p\u00f3s-graduando:<\/p>\n<p>I &#8211; acumular bolsa com outras concedidas por qualquer institui\u00e7\u00e3o nacional ou internacional, salvo casos previstos em norma espec\u00edfica; e<\/p>\n<p>II &#8211; receber bolsa, tendo usufru\u00eddo de todo o tempo regulamentar de bolsa na mesma modalidade, concedida pelo CNPq, CAPES ou outra ag\u00eancia p\u00fablica.<\/p>\n<p>&nbsp;<\/p>\n<p><span style=\"color: #ff6600;\"><strong>Crit\u00e9rios para ac\u00famulo de bolsa CAPES-DS e exerc\u00edcio de atividade remunerada\u00a0<\/strong><\/span><\/p>\n<h6 style=\"text-align: right;\">(aprovado em reuni\u00e3o ordin\u00e1ria da CCP PCVet em 06\/09\/2023 &#8211; <a href=\"https:\/\/sites.usp.br\/pcvet\/wp-content\/uploads\/sites\/224\/2024\/02\/202310-Criterios-bolsas-enviado.pdf\" target=\"_blank\" rel=\"noopener\">Anexo<\/a>)<\/h6>\n<p>Artigo 1\u00b0 Os Bolsistas de Mestrado, Doutorado e Doutorado Direto poder\u00e3o ser autorizados pela Comiss\u00e3o de Bolsas do PCVet a dedicar de 8 horas semanais (mestrado) e 12 horas semanais (doutorado e Doutorado direto) \u00e0 realiza\u00e7\u00e3o de atividades cient\u00edficas e profissionais, remuneradas ou n\u00e3o, que contribuam para a sua forma\u00e7\u00e3o acad\u00eamica e profissional, bem como a presta\u00e7\u00e3o servi\u00e7os volunt\u00e1rios \u00e0 comunidade. O n\u00famero de horas semanais poder\u00e1 ser acrescido de acordo com a produtividade do aluno (justificativa\/documentos comprobat\u00f3rios) e anu\u00eancia do orientador.<\/p>\n<p>Par\u00e1grafo Primeiro \u2013 A solicita\u00e7\u00e3o de autoriza\u00e7\u00e3o dever\u00e1 ser encaminhada \u00e0 CCP antes do in\u00edcio das atividades, assinado pelo Bolsista e por seu Orientador.<\/p>\n<p>Par\u00e1grafo Segundo\u2013 Os Bolsistas participantes do Programa de Aperfei\u00e7oamento de Ensino\/PAE da Universidade de S\u00e3o Paulo (USP) desde que respeitado o limite m\u00e1ximo de 4 (quatro) horas-aula semanais e havendo autoriza\u00e7\u00e3o do Orientador, ficam dispensados do encaminhamento da solicita\u00e7\u00e3o de autoriza\u00e7\u00e3o, cabendo ao Bolsista e ao Orientador incluir as informa\u00e7\u00f5es sobre as atividades desenvolvidas pelos bolsistas nos Relat\u00f3rios referentes aos per\u00edodos em que as atividades foram desenvolvidas.<\/p>\n<p>Artigo 2\u00b0 Sendo concedida a autoriza\u00e7\u00e3o na forma dos par\u00e1grafos primeiro e segundo do artigo 1\u00ba, os relat\u00f3rios semestrais do bolsista dever\u00e3o conter uma se\u00e7\u00e3o que descreva as atividades realizadas no per\u00edodo, com a indica\u00e7\u00e3o de sua carga hor\u00e1ria.<\/p>\n<p>I &#8211; Tratando-se de atividades remuneradas, dever\u00e1 ser anexada ao relat\u00f3rio a declara\u00e7\u00e3o da fonte pagadora que especifique a natureza dos servi\u00e7os prestados, o n\u00famero de horas semanais trabalhadas e per\u00edodo de presta\u00e7\u00e3o dos servi\u00e7os, para fins de acompanhamento.<\/p>\n<p>&nbsp;<\/p>\n<p><span style=\"color: #ff6600;\"><strong>Normas das ag\u00eancias de fomento<\/strong><\/span><\/p>\n<ul>\n<li><a href=\"http:\/\/www.capes.gov.br\/bolsas\" target=\"_blank\" rel=\"noopener noreferrer\">CAPES<\/a><\/li>\n<li><a href=\"http:\/\/cnpq.br\/apresentacao13\" target=\"_blank\" rel=\"noopener noreferrer\">CNPq<\/a><\/li>\n<li><a href=\"http:\/\/www.fapesp.br\/bolsas\/\" target=\"_blank\" rel=\"noopener noreferrer\">FAPESP<\/a><\/li>\n<\/ul>\n<p>&nbsp;<\/p>\n<p><span style=\"color: #ff6600;\"><strong>Pedidos de prorroga\u00e7\u00e3o de bolsa<\/strong><\/span><\/p>\n<p>Para os pedidos de prorroga\u00e7\u00e3o de bolsa julga-se o m\u00e9rito da contribui\u00e7\u00e3o do p\u00f3s-graduando para o Programa ao longo do per\u00edodo cursado de mestrado ou doutorado ou doutorado direto.<\/p>\n<div class=\"gmail_default\">Todo pedido de prorroga\u00e7\u00e3o deve vir acompanhado de:<\/div>\n<div class=\"gmail_default\">&#8211; Of\u00edcio com justificativa (assinado por p\u00f3s-graduando e orientador) <strong>indicando per\u00edodo solicitado de prorroga\u00e7\u00e3o<\/strong>;<\/div>\n<div class=\"gmail_default\">&#8211; Tese\/disserta\u00e7\u00e3o parcial normatizada;<\/div>\n<div class=\"gmail_default\">&#8211; Cronograma proposto para o per\u00edodo de prorroga\u00e7\u00e3o;<\/div>\n<div class=\"gmail_default\">&#8211; Sum\u00e1rio curricular demonstrando as atividades realizadas no per\u00edodo vigente de p\u00f3s-gradua\u00e7\u00e3o que caracterizem a excepcionalidade*.<\/div>\n<div class=\"gmail_default\"><\/div>\n<div class=\"gmail_default\">*Consideramos exemplos de atividades que caracterizam excepcionalidade acad\u00eamica: diversidade das publica\u00e7\u00f5es originadas no per\u00edodo, colabora\u00e7\u00f5es efetivas em projetos de pesquisa ou de ensino, representa\u00e7\u00e3o discente, a\u00e7\u00f5es de internacionaliza\u00e7\u00e3o, participa\u00e7\u00e3o em comiss\u00f5es, oficinas e a\u00e7\u00f5es do programa etc<span style=\"color: #000000;\">.\u00a0<\/span><\/div>\n<div class=\"gmail_default\"><span style=\"color: #000000;\">\u00a0<\/span><\/div>\n<div class=\"gmail_default\">Outras produ\u00e7\u00f5es poder\u00e3o ser apresentadas e seu m\u00e9rito juntamente com o pedido de prorroga\u00e7\u00e3o ser\u00e3o julgadas pela CCP.<\/div>\n<div><\/div>\n<div><\/div>\n<p><\/p>","protected":false},"excerpt":{"rendered":"<p>Bolsas Informa\u00e7\u00f5es gerais N\u00e3o h\u00e1 correla\u00e7\u00e3o entre o ingresso no Programa de P\u00f3s-Gradua\u00e7\u00e3o em Cl\u00ednica Veterin\u00e1ria e a concess\u00e3o de bolsa de estudos. Se o aluno for contemplado com uma bolsa n\u00e3o vinculada ao Programa, deve prestar essa informa\u00e7\u00e3o \u00e0 secretaria imediatamente. O aluno regular interessado em obter uma bolsa de estudos dever\u00e1 fazer a solicita\u00e7\u00e3o em per\u00edodo a ser definido semestralmente. A comiss\u00e3o de bolsas do Programa distribuir\u00e1 as bolsas dispon\u00edveis conforme classifica\u00e7\u00e3o das solicita\u00e7\u00f5es, de acordo com os crit\u00e9rios estabelecidos pela CCP. Para os p\u00f3s-graduandos contemplados com cotas de bolsas CAPES que foram destinadas ao programa por esta ag\u00eancia, poder\u00e3o usufruir da mesma por 20 meses para mestrado e 42 meses para doutorado contados a partir da data da primeira matr\u00edcula. &nbsp; Instru\u00e7\u00f5es\u00a0para pleitear a bolsa de demanda social 1. Carta solicitando a bolsa, com o anu\u00eancia do orientador; 2. Curr\u00edculo Lattes do aluno completo e atualizado; 3. Comprovante de submiss\u00e3o de solicita\u00e7\u00e3o de bolsa \u00e0 \u00f3rg\u00e3o de fomento (FAPESP); 4. Comprovante de endere\u00e7o de proced\u00eancia; 5. Declara\u00e7\u00e3o de situa\u00e7\u00e3o de vulnerabilidade socioecon\u00f4mica (quando aplic\u00e1vel). A documenta\u00e7\u00e3o deve estar digitalizada em boa qualidade e em formato pdf e deve ser enviada para a secretaria pelo e-mail pcvet@usp.br. O [&#8230;]<\/p>\n","protected":false},"author":148,"featured_media":0,"parent":0,"menu_order":0,"comment_status":"closed","ping_status":"closed","template":"","meta":{"footnotes":"","_links_to":"","_links_to_target":""},"class_list":["post-1294","page","type-page","status-publish","hentry"],"_links":{"self":[{"href":"https:\/\/sites.usp.br\/pcvet\/wp-json\/wp\/v2\/pages\/1294","targetHints":{"allow":["GET"]}}],"collection":[{"href":"https:\/\/sites.usp.br\/pcvet\/wp-json\/wp\/v2\/pages"}],"about":[{"href":"https:\/\/sites.usp.br\/pcvet\/wp-json\/wp\/v2\/types\/page"}],"author":[{"embeddable":true,"href":"https:\/\/sites.usp.br\/pcvet\/wp-json\/wp\/v2\/users\/148"}],"replies":[{"embeddable":true,"href":"https:\/\/sites.usp.br\/pcvet\/wp-json\/wp\/v2\/comments?post=1294"}],"version-history":[{"count":4,"href":"https:\/\/sites.usp.br\/pcvet\/wp-json\/wp\/v2\/pages\/1294\/revisions"}],"predecessor-version":[{"id":2854,"href":"https:\/\/sites.usp.br\/pcvet\/wp-json\/wp\/v2\/pages\/1294\/revisions\/2854"}],"wp:attachment":[{"href":"https:\/\/sites.usp.br\/pcvet\/wp-json\/wp\/v2\/media?parent=1294"}],"curies":[{"name":"wp","href":"https:\/\/api.w.org\/{rel}","templated":true}]}}