{"id":1299,"date":"2016-08-03T11:23:19","date_gmt":"2016-08-03T14:23:19","guid":{"rendered":"http:\/\/sites.usp.br\/pcvet\/?page_id=1299"},"modified":"2022-02-09T16:55:50","modified_gmt":"2022-02-09T19:55:50","slug":"localizacao-e-equipe","status":"publish","type":"page","link":"https:\/\/sites.usp.br\/pcvet\/localizacao-e-equipe\/","title":{"rendered":"Localiza\u00e7\u00e3o e Equipe"},"content":{"rendered":"<p><span style=\"color: #ff6600;\"><strong>Localiza\u00e7\u00e3o<\/strong><\/span><\/p>\n<p><span style=\"color: #333333;\"><strong>Secretaria do Programa de P\u00f3s Gradua\u00e7\u00e3o em Cl\u00ednica Veterin\u00e1ria<\/strong><\/span><\/p>\n<p>Departamento de Cl\u00ednica M\u00e9dica<\/p>\n<p>Faculdade de Medicina Veterin\u00e1ria e Zootecnia da Universidade de S\u00e3o Paulo<br \/>\nAv. Prof. Dr. Orlando Marques de Paiva, 87 &#8211; Cidade Universit\u00e1ria<br \/>\nS\u00e3o Paulo, SP &#8211;\u00a0Brasil &#8211; CEP 05508 270<br \/>\nFone: (11) 3091-1330\u00a0Fax: (11) 3091-1277<br \/>\nE-mail:\u00a0<span style=\"text-decoration: underline;\"><em>pcvet@usp.br<\/em><\/span><\/p>\n<p><span style=\"color: #333333;\"><strong>Secretaria do Servi\u00e7o de P\u00f3s Gradua\u00e7\u00e3o\u00a0da FMVZ<\/strong><\/span><\/p>\n<p>Anexo do Bloco 17<\/p>\n<p>Faculdade de Medicina Veterin\u00e1ria e Zootecnia da Universidade de S\u00e3o Paulo<br \/>\nAv. Prof. Dr. Orlando Marques de Paiva, 87 &#8211; Cidade Universit\u00e1ria<br \/>\nS\u00e3o Paulo, SP &#8211;\u00a0Brasil &#8211; CEP 05508 270<br \/>\nFone: (11) 3091-1350\/ 1351\/ 1357\/ 1361<br \/>\nE-mail: spgfmvz@usp.br<br \/>\nSite:\u00a0<a href=\"http:\/\/posgraduacao.fmvz.usp.br\/\" target=\"_blank\" rel=\"noopener\">http:\/\/posgraduacao.fmvz.usp.br\/<\/a><\/p>\n<p>&nbsp;<\/p>\n<p><span style=\"color: #ff6600;\"><strong>Hor\u00e1rio de Atendimento<\/strong><\/span><\/p>\n<p><span style=\"color: #333333;\"><strong>Secretaria Programa de Cl\u00ednica de P\u00f3s gradua\u00e7\u00e3o FMVZ<\/strong><\/span><\/p>\n<p>Segunda-feira a sexta-feira<br \/>\n8h \u00e0s 12h &#8211; 14h \u00e0s 17h<\/p>\n<p><span style=\"color: #333333;\"><strong>Servi\u00e7o de P\u00f3s gradua\u00e7\u00e3o FMVZ<\/strong><\/span><\/p>\n<p>Segunda-feira a sexta-feira<br \/>\n8h \u00e0s 17h<\/p>\n<p>&nbsp;<\/p>\n<p><span style=\"color: #ff6600;\"><strong>Mapa<\/strong><\/span><\/p>\n<p><iframe loading=\"lazy\" style=\"border: 0;\" src=\"https:\/\/www.google.com\/maps\/embed?pb=!1m18!1m12!1m3!1d914.2452427833642!2d-46.7405937640233!3d-23.569126899999993!2m3!1f0!2f0!3f0!3m2!1i1024!2i768!4f13.1!3m3!1m2!1s0x0%3A0x95c841ce4cea137e!2zMjPCsDM0JzA4LjMiUyA0NsKwNDQnMjMuOSJX!5e0!3m2!1spt-BR!2sbr!4v1644436336505!5m2!1spt-BR!2sbr\" width=\"600\" height=\"450\" allowfullscreen=\"allowfullscreen\"><\/iframe><\/p>","protected":false},"excerpt":{"rendered":"<p>Localiza\u00e7\u00e3o Secretaria do Programa de P\u00f3s Gradua\u00e7\u00e3o em Cl\u00ednica Veterin\u00e1ria Departamento de Cl\u00ednica M\u00e9dica Faculdade de Medicina Veterin\u00e1ria e Zootecnia da Universidade de S\u00e3o Paulo Av. Prof. Dr. Orlando Marques de Paiva, 87 &#8211; Cidade Universit\u00e1ria S\u00e3o Paulo, SP &#8211;\u00a0Brasil &#8211; CEP 05508 270 Fone: (11) 3091-1330\u00a0Fax: (11) 3091-1277 E-mail:\u00a0pcvet@usp.br Secretaria do Servi\u00e7o de P\u00f3s Gradua\u00e7\u00e3o\u00a0da FMVZ Anexo do Bloco 17 Faculdade de Medicina Veterin\u00e1ria e Zootecnia da Universidade de S\u00e3o Paulo Av. Prof. Dr. Orlando Marques de Paiva, 87 &#8211; Cidade Universit\u00e1ria S\u00e3o Paulo, SP &#8211;\u00a0Brasil &#8211; CEP 05508 270 Fone: (11) 3091-1350\/ 1351\/ 1357\/ 1361 E-mail: spgfmvz@usp.br Site:\u00a0http:\/\/posgraduacao.fmvz.usp.br\/ &nbsp; Hor\u00e1rio de Atendimento Secretaria Programa de Cl\u00ednica de P\u00f3s gradua\u00e7\u00e3o FMVZ Segunda-feira a sexta-feira 8h \u00e0s 12h &#8211; 14h \u00e0s 17h Servi\u00e7o de P\u00f3s gradua\u00e7\u00e3o FMVZ Segunda-feira a sexta-feira 8h \u00e0s 17h &nbsp; Mapa<\/p>\n","protected":false},"author":148,"featured_media":0,"parent":0,"menu_order":0,"comment_status":"closed","ping_status":"closed","template":"","meta":{"footnotes":"","_links_to":"","_links_to_target":""},"class_list":["post-1299","page","type-page","status-publish","hentry"],"_links":{"self":[{"href":"https:\/\/sites.usp.br\/pcvet\/wp-json\/wp\/v2\/pages\/1299","targetHints":{"allow":["GET"]}}],"collection":[{"href":"https:\/\/sites.usp.br\/pcvet\/wp-json\/wp\/v2\/pages"}],"about":[{"href":"https:\/\/sites.usp.br\/pcvet\/wp-json\/wp\/v2\/types\/page"}],"author":[{"embeddable":true,"href":"https:\/\/sites.usp.br\/pcvet\/wp-json\/wp\/v2\/users\/148"}],"replies":[{"embeddable":true,"href":"https:\/\/sites.usp.br\/pcvet\/wp-json\/wp\/v2\/comments?post=1299"}],"version-history":[{"count":4,"href":"https:\/\/sites.usp.br\/pcvet\/wp-json\/wp\/v2\/pages\/1299\/revisions"}],"predecessor-version":[{"id":2630,"href":"https:\/\/sites.usp.br\/pcvet\/wp-json\/wp\/v2\/pages\/1299\/revisions\/2630"}],"wp:attachment":[{"href":"https:\/\/sites.usp.br\/pcvet\/wp-json\/wp\/v2\/media?parent=1299"}],"curies":[{"name":"wp","href":"https:\/\/api.w.org\/{rel}","templated":true}]}}