{"id":1303,"date":"2016-08-03T11:24:10","date_gmt":"2016-08-03T14:24:10","guid":{"rendered":"http:\/\/sites.usp.br\/pcvet\/?page_id=1303"},"modified":"2023-11-28T17:20:10","modified_gmt":"2023-11-28T20:20:10","slug":"matricula","status":"publish","type":"page","link":"https:\/\/sites.usp.br\/pcvet\/matricula\/","title":{"rendered":"Matr\u00edcula"},"content":{"rendered":"<p><\/p>\n<p style=\"text-align: center;\"><strong><span style=\"color: #ff9900;\">1\u00ba Semestre &#8211; 2024<\/span><\/strong><\/p>\n<p>&nbsp;<\/p>\n<p><b>ALUNOS REGULARES<\/b><\/p>\n<p style=\"text-align: justify;\"><span style=\"color: #ff0000;\">08 a 21\/01\/24<\/span>: Pr\u00e9-matr\u00edcula em disciplinas dos alunos regulares<b>\u00a0<\/b>ou matr\u00edcula de acompanhamento\u00a0 (<a href=\"https:\/\/uspdigital.usp.br\/janus\" target=\"_newwindow\" rel=\"noopener noreferrer\">https:\/\/uspdigital.usp.br\/janus<\/a>)<\/p>\n<p style=\"text-align: center;\"><b>O aluno regular que n\u00e3o renovar sua matr\u00edcula no per\u00edodo estabelecido estar\u00e1 sujeito ao desligamento do curso de p\u00f3s-gradua\u00e7\u00e3o.<\/b><\/p>\n<p style=\"text-align: justify;\"><span style=\"color: #ff0000;\">22 a 28\/01\/24<\/span>: Orientadores avalizam as solicita\u00e7\u00f5es dos seus orientandos.<\/p>\n<p style=\"text-align: justify;\"><span style=\"color: #ff0000;\">29\/01 a 04\/02\/24<\/span>: Ministrantes de disciplinas deferem as pr\u00e9-matr\u00edculas avalizadas pelos orientadores.<\/p>\n<p>&nbsp;<\/p>\n<p>Al\u00e9m disso, os orientadores podem acompanhar previamente, de 08 a 21\/07\/24, a evolu\u00e7\u00e3o das solicita\u00e7\u00f5es dos seus orientandos, por meio do item de menu &#8216;Avalizar&#8217;.<\/p>\n<p>Analogamente, os ministrantes de disciplinas podem acompanhar previamente, de 22 a 28\/01\/24, a evolu\u00e7\u00e3o das pr\u00e9-matr\u00edculas avalizadas pelos orientadores, por meio do item de menu &#8216;Deferir&#8217;.<\/p>\n<p>&nbsp;<\/p>\n<p>In\u00edcio do oferecimento das disciplinas: <span style=\"color: #ff0000;\">05\/02\/2024<\/span><\/p>\n<p>&nbsp;<\/p>\n<p style=\"text-align: justify;\"><b>ALUNOS INGRESSANTES<\/b><\/p>\n<p style=\"text-align: justify;\">Ver informa\u00e7\u00f5es sobre matr\u00edcula no Edital ou consultar a secretaria.<\/p>\n<p style=\"text-align: justify;\">Local:<b>\u00a0<\/b>Servi\u00e7o de P\u00f3s-Gradua\u00e7\u00e3o, FMVZ\/USP, das 8 \u00e0s 17 horas, spgfmvz@usp.br.<\/p>\n<p>&nbsp;<\/p>\n<p style=\"text-align: justify;\"><b>ALUNO ESPECIAL<\/b><\/p>\n<p style=\"text-align: justify;\">Acesse <a href=\"http:\/\/sites.usp.br\/pcvet\/aluno-especial\/\" target=\"_blank\" rel=\"noopener noreferrer\">Aluno especial<\/a><\/p>\n<p>&nbsp;<\/p>\n<p style=\"text-align: justify;\"><b>Cancelamento de Matr\u00edcula em Disciplina<\/b><\/p>\n<p style=\"text-align: justify;\">Para o cancelamento de matr\u00edcula em disciplinas, deve-se observar a data m\u00e1xima constante do Sistema Janus, ficando sujeito \u00e0 reprova\u00e7\u00e3o, em caso de descumprimento dos prazos.<\/p>\n<p style=\"text-align: justify;\">Para solicitar o cancelamento utilize o <a href=\"http:\/\/sites.usp.br\/pcvet\/wp-content\/uploads\/sites\/224\/2016\/08\/201701_Requerimentos.doc\" target=\"_blank\" rel=\"noopener noreferrer\">modelo de requerimento.<\/a><\/p>\n<p><\/p>","protected":false},"excerpt":{"rendered":"<p>1\u00ba Semestre &#8211; 2024 &nbsp; ALUNOS REGULARES 08 a 21\/01\/24: Pr\u00e9-matr\u00edcula em disciplinas dos alunos regulares\u00a0ou matr\u00edcula de acompanhamento\u00a0 (https:\/\/uspdigital.usp.br\/janus) O aluno regular que n\u00e3o renovar sua matr\u00edcula no per\u00edodo estabelecido estar\u00e1 sujeito ao desligamento do curso de p\u00f3s-gradua\u00e7\u00e3o. 22 a 28\/01\/24: Orientadores avalizam as solicita\u00e7\u00f5es dos seus orientandos. 29\/01 a 04\/02\/24: Ministrantes de disciplinas deferem as pr\u00e9-matr\u00edculas avalizadas pelos orientadores. &nbsp; Al\u00e9m disso, os orientadores podem acompanhar previamente, de 08 a 21\/07\/24, a evolu\u00e7\u00e3o das solicita\u00e7\u00f5es dos seus orientandos, por meio do item de menu &#8216;Avalizar&#8217;. Analogamente, os ministrantes de disciplinas podem acompanhar previamente, de 22 a 28\/01\/24, a evolu\u00e7\u00e3o das pr\u00e9-matr\u00edculas avalizadas pelos orientadores, por meio do item de menu &#8216;Deferir&#8217;. &nbsp; In\u00edcio do oferecimento das disciplinas: 05\/02\/2024 &nbsp; ALUNOS INGRESSANTES Ver informa\u00e7\u00f5es sobre matr\u00edcula no Edital ou consultar a secretaria. Local:\u00a0Servi\u00e7o de P\u00f3s-Gradua\u00e7\u00e3o, FMVZ\/USP, das 8 \u00e0s 17 horas, spgfmvz@usp.br. &nbsp; ALUNO ESPECIAL Acesse Aluno especial &nbsp; Cancelamento de Matr\u00edcula em Disciplina Para o cancelamento de matr\u00edcula em disciplinas, deve-se observar a data m\u00e1xima constante do Sistema Janus, ficando sujeito \u00e0 reprova\u00e7\u00e3o, em caso de descumprimento dos prazos. Para solicitar o cancelamento utilize o modelo de requerimento.<\/p>\n","protected":false},"author":148,"featured_media":0,"parent":0,"menu_order":0,"comment_status":"closed","ping_status":"closed","template":"","meta":{"footnotes":"","_links_to":"","_links_to_target":""},"class_list":["post-1303","page","type-page","status-publish","hentry"],"_links":{"self":[{"href":"https:\/\/sites.usp.br\/pcvet\/wp-json\/wp\/v2\/pages\/1303","targetHints":{"allow":["GET"]}}],"collection":[{"href":"https:\/\/sites.usp.br\/pcvet\/wp-json\/wp\/v2\/pages"}],"about":[{"href":"https:\/\/sites.usp.br\/pcvet\/wp-json\/wp\/v2\/types\/page"}],"author":[{"embeddable":true,"href":"https:\/\/sites.usp.br\/pcvet\/wp-json\/wp\/v2\/users\/148"}],"replies":[{"embeddable":true,"href":"https:\/\/sites.usp.br\/pcvet\/wp-json\/wp\/v2\/comments?post=1303"}],"version-history":[{"count":4,"href":"https:\/\/sites.usp.br\/pcvet\/wp-json\/wp\/v2\/pages\/1303\/revisions"}],"predecessor-version":[{"id":2812,"href":"https:\/\/sites.usp.br\/pcvet\/wp-json\/wp\/v2\/pages\/1303\/revisions\/2812"}],"wp:attachment":[{"href":"https:\/\/sites.usp.br\/pcvet\/wp-json\/wp\/v2\/media?parent=1303"}],"curies":[{"name":"wp","href":"https:\/\/api.w.org\/{rel}","templated":true}]}}