{"id":1314,"date":"2016-08-03T12:00:00","date_gmt":"2016-08-03T15:00:00","guid":{"rendered":"http:\/\/sites.usp.br\/pcvet\/?page_id=1314"},"modified":"2021-05-05T12:13:49","modified_gmt":"2021-05-05T15:13:49","slug":"para-orientadores","status":"publish","type":"page","link":"https:\/\/sites.usp.br\/pcvet\/para-orientadores\/","title":{"rendered":"Pr\u00f3 orientadores"},"content":{"rendered":"<p><a href=\"http:\/\/sites.usp.br\/pcvet\/calendario-de-reunioes\/\" target=\"_blank\" rel=\"noopener\">Calend\u00e1rio de reuni\u00f5es<\/a><\/p>\n<p style=\"padding-left: 30px;\"><a href=\"http:\/\/sites.usp.br\/pcvet\/reunioes-ccp-pcvet\/\">Comiss\u00e3o Coordenadora PCVet<\/a><\/p>\n<p style=\"padding-left: 30px;\"><a href=\"http:\/\/posgraduacao.fmvz.usp.br\/calendario\/\" target=\"_blank\" rel=\"noopener\">Comiss\u00e3o de P\u00f3s-gradua\u00e7\u00e3o FMVZ<\/a><\/p>\n<p><a href=\"http:\/\/sites.usp.br\/pcvet\/credenciamento-e-recredenciamento\/\" target=\"_blank\" rel=\"noopener\">Credenciamento e recredenciamento<\/a><\/p>\n<p>&nbsp;<\/p>","protected":false},"excerpt":{"rendered":"<p>Calend\u00e1rio de reuni\u00f5es Comiss\u00e3o Coordenadora PCVet Comiss\u00e3o de P\u00f3s-gradua\u00e7\u00e3o FMVZ Credenciamento e recredenciamento &nbsp;<\/p>\n","protected":false},"author":148,"featured_media":0,"parent":0,"menu_order":0,"comment_status":"closed","ping_status":"closed","template":"","meta":{"footnotes":"","_links_to":"","_links_to_target":""},"class_list":["post-1314","page","type-page","status-publish","hentry"],"_links":{"self":[{"href":"https:\/\/sites.usp.br\/pcvet\/wp-json\/wp\/v2\/pages\/1314","targetHints":{"allow":["GET"]}}],"collection":[{"href":"https:\/\/sites.usp.br\/pcvet\/wp-json\/wp\/v2\/pages"}],"about":[{"href":"https:\/\/sites.usp.br\/pcvet\/wp-json\/wp\/v2\/types\/page"}],"author":[{"embeddable":true,"href":"https:\/\/sites.usp.br\/pcvet\/wp-json\/wp\/v2\/users\/148"}],"replies":[{"embeddable":true,"href":"https:\/\/sites.usp.br\/pcvet\/wp-json\/wp\/v2\/comments?post=1314"}],"version-history":[{"count":4,"href":"https:\/\/sites.usp.br\/pcvet\/wp-json\/wp\/v2\/pages\/1314\/revisions"}],"predecessor-version":[{"id":2544,"href":"https:\/\/sites.usp.br\/pcvet\/wp-json\/wp\/v2\/pages\/1314\/revisions\/2544"}],"wp:attachment":[{"href":"https:\/\/sites.usp.br\/pcvet\/wp-json\/wp\/v2\/media?parent=1314"}],"curies":[{"name":"wp","href":"https:\/\/api.w.org\/{rel}","templated":true}]}}