{"id":1478,"date":"2016-08-23T12:36:41","date_gmt":"2016-08-23T15:36:41","guid":{"rendered":"http:\/\/sites.usp.br\/pcvet\/?page_id=1478"},"modified":"2021-07-05T16:37:28","modified_gmt":"2021-07-05T19:37:28","slug":"egressos","status":"publish","type":"page","link":"https:\/\/sites.usp.br\/pcvet\/egressos\/","title":{"rendered":"Alumni"},"content":{"rendered":"<p>O prest\u00edgio da USP \u00e9 tamb\u00e9m resultado da qualidade de seus diplomados.<\/p>\n<p style=\"text-align: justify;\">O Alumni USP \u00e9 uma rede de antigos alunos de gradua\u00e7\u00e3o e p\u00f3s-gradua\u00e7\u00e3o que permite o reencontro com colegas, oportunidades de trabalho e educa\u00e7\u00e3o continuada.<\/p>\n<p>Conhe\u00e7a as <a href=\"http:\/\/www.alumni.usp.br\/ferramentas-vantagens\/\" target=\"_blank\" rel=\"noopener\">ferramentas e vantagens<\/a> de ser cadastrado no ALUMNI da Universidade de S\u00e3o Paulo!<\/p>\n<p>Acesse o <a href=\"http:\/\/alumni.usp.br\/\" target=\"_blank\" rel=\"noopener noreferrer\">Portal <\/a>e fa\u00e7a parte desta comunidade.<\/p>\n<p><a href=\"http:\/\/www.alumni.usp.br\/\" target=\"_blank\" rel=\"noopener\"><img loading=\"lazy\" decoding=\"async\" class=\"size-full wp-image-2578 aligncenter\" src=\"https:\/\/sites.usp.br\/pcvet\/wp-content\/uploads\/sites\/224\/2021\/07\/alumniusp.png\" alt=\"\" width=\"225\" height=\"225\" data-id=\"2578\" srcset=\"https:\/\/sites.usp.br\/pcvet\/wp-content\/uploads\/sites\/224\/2021\/07\/alumniusp.png 225w, https:\/\/sites.usp.br\/pcvet\/wp-content\/uploads\/sites\/224\/2021\/07\/alumniusp-150x150.png 150w, https:\/\/sites.usp.br\/pcvet\/wp-content\/uploads\/sites\/224\/2021\/07\/alumniusp-45x45.png 45w\" sizes=\"auto, (max-width: 225px) 100vw, 225px\" \/><\/a><\/p>\n<p>&nbsp;<\/p>","protected":false},"excerpt":{"rendered":"<p>O prest\u00edgio da USP \u00e9 tamb\u00e9m resultado da qualidade de seus diplomados. O Alumni USP \u00e9 uma rede de antigos alunos de gradua\u00e7\u00e3o e p\u00f3s-gradua\u00e7\u00e3o que permite o reencontro com colegas, oportunidades de trabalho e educa\u00e7\u00e3o continuada. Conhe\u00e7a as ferramentas e vantagens de ser cadastrado no ALUMNI da Universidade de S\u00e3o Paulo! Acesse o Portal e fa\u00e7a parte desta comunidade. &nbsp;<\/p>\n","protected":false},"author":148,"featured_media":0,"parent":0,"menu_order":0,"comment_status":"closed","ping_status":"closed","template":"","meta":{"footnotes":"","_links_to":"","_links_to_target":""},"class_list":["post-1478","page","type-page","status-publish","hentry"],"_links":{"self":[{"href":"https:\/\/sites.usp.br\/pcvet\/wp-json\/wp\/v2\/pages\/1478","targetHints":{"allow":["GET"]}}],"collection":[{"href":"https:\/\/sites.usp.br\/pcvet\/wp-json\/wp\/v2\/pages"}],"about":[{"href":"https:\/\/sites.usp.br\/pcvet\/wp-json\/wp\/v2\/types\/page"}],"author":[{"embeddable":true,"href":"https:\/\/sites.usp.br\/pcvet\/wp-json\/wp\/v2\/users\/148"}],"replies":[{"embeddable":true,"href":"https:\/\/sites.usp.br\/pcvet\/wp-json\/wp\/v2\/comments?post=1478"}],"version-history":[{"count":4,"href":"https:\/\/sites.usp.br\/pcvet\/wp-json\/wp\/v2\/pages\/1478\/revisions"}],"predecessor-version":[{"id":2580,"href":"https:\/\/sites.usp.br\/pcvet\/wp-json\/wp\/v2\/pages\/1478\/revisions\/2580"}],"wp:attachment":[{"href":"https:\/\/sites.usp.br\/pcvet\/wp-json\/wp\/v2\/media?parent=1478"}],"curies":[{"name":"wp","href":"https:\/\/api.w.org\/{rel}","templated":true}]}}