{"id":1604,"date":"2016-10-27T15:06:55","date_gmt":"2016-10-27T17:06:55","guid":{"rendered":"http:\/\/sites.usp.br\/pcvet\/?page_id=1604"},"modified":"2017-02-12T20:50:01","modified_gmt":"2017-02-12T22:50:01","slug":"aluno-regular","status":"publish","type":"page","link":"https:\/\/sites.usp.br\/pcvet\/aluno-regular\/","title":{"rendered":"Aluno regular"},"content":{"rendered":"<p><strong>Prazos<\/strong><\/p>\n<p>1. No Curso de Mestrado o prazo para dep\u00f3sito da disserta\u00e7\u00e3o \u00e9 no m\u00ednimo de 12 meses e no m\u00e1ximo de 24 meses.<\/p>\n<p>2 No Curso de Doutorado, para o(a) portador(a) do t\u00edtulo de mestre, o prazo para dep\u00f3sito da tese \u00e9 no m\u00ednimo de 24 meses e no m\u00e1ximo de 46 meses.<\/p>\n<p>3 No Curso de Doutorado, sem obten\u00e7\u00e3o pr\u00e9via do t\u00edtulo de mestre (Doutorado Direto), o prazo para dep\u00f3sito da tese \u00e9 no m\u00ednimo de 24 meses e no m\u00e1ximo de 54 meses.<\/p>\n<p>Em qualquer um dos cursos, em casos excepcionais e devidamente justificados, os estudantes poder\u00e3o solicitar prorroga\u00e7\u00e3o de prazo por per\u00edodo m\u00e1ximo de 120 dias.<\/p>\n<p>&nbsp;<\/p>\n<p><strong>Cr\u00e9ditos m\u00ednimos<\/strong><\/p>\n<p>1. O estudante de Mestrado dever\u00e1 integralizar um m\u00ednimo de unidades de cr\u00e9dito, da seguinte forma: &#8211; 96 (noventa e seis) unidades de cr\u00e9dito, sendo 30 (trinta) em disciplinas e 66 (sessenta e seis) na elabora\u00e7\u00e3o da disserta\u00e7\u00e3o.<\/p>\n<p>2. O estudante de Doutorado, portador do t\u00edtulo de Mestre pela USP ou por ela reconhecido, dever\u00e1 integralizar um m\u00ednimo de unidades de cr\u00e9dito, da seguinte forma: &#8211; 162 (cento e sessenta e duas) unidades de cr\u00e9dito, sendo 24 (vinte e quatro) em disciplinas e 138 (cento e trinta e oito) na elabora\u00e7\u00e3o da tese.<\/p>\n<p>3. O estudante de Doutorado, sem a obten\u00e7\u00e3o pr\u00e9via do t\u00edtulo de Mestre, dever\u00e1 integralizar um m\u00ednimo de unidades de cr\u00e9dito, da seguinte forma: &#8211; 192 (cento e noventa e duas) unidades de cr\u00e9dito, sendo 54 (cinquenta e quatro) em disciplinas e 138 (cento e trinta e oito) na elabora\u00e7\u00e3o da tese.<\/p>\n<p>Poder\u00e3o ser concedidos, como cr\u00e9ditos especiais, no m\u00e1ximo 15 (quinze) cr\u00e9ditos no curso de Mestrado, 12 (doze) cr\u00e9ditos no curso de Doutorado e 27 (vinte e sete) cr\u00e9ditos no curso de Doutorado Direto.<\/p>\n<p>&nbsp;<\/p>\n<p><strong>Cr\u00e9ditos Especiais<\/strong><\/p>\n<p>Poder\u00e3o ser concedidos, como cr\u00e9ditos especiais, no m\u00e1ximo 15 (quinze) cr\u00e9ditos no curso de Mestrado, 12 (doze) cr\u00e9ditos no curso de Doutorado e 27 (vinte e sete) cr\u00e9ditos no curso de Doutorado Direto<\/p>\n<p>1. No caso de trabalho completo publicado em revista com corpo editorial, reconhecido pela CCP, ou cap\u00edtulo de livro de reconhecido m\u00e9rito na \u00e1rea do conhecimento, sendo o aluno o primeiro autor e que possua rela\u00e7\u00e3o com as linhas de pesquisa desenvolvidas no Programa, o n\u00famero de cr\u00e9ditos especiais \u00e9 igual a 2 (dois), por artigo ou cap\u00edtulo, at\u00e9 o m\u00e1ximo de 10 cr\u00e9ditos;<\/p>\n<p>2. No caso de dep\u00f3sito de patentes o n\u00famero de cr\u00e9ditos especiais \u00e9 igual a 3 (tr\u00eas), por patente depositada, at\u00e9 o m\u00e1ximo de 12 cr\u00e9ditos;<\/p>\n<p>3. No caso de publica\u00e7\u00e3o de cap\u00edtulo em manual tecnol\u00f3gico reconhecido por \u00f3rg\u00e3os oficiais nacionais e internacionais o n\u00famero de cr\u00e9ditos especiais \u00e9 igual a 1 (um), por publica\u00e7\u00e3o at\u00e9 o m\u00e1ximo de 2 (dois);<\/p>\n<p>4. No caso de participa\u00e7\u00e3o em Congressos, Workshops, Simp\u00f3sios ou outro tipo de reuni\u00e3o cient\u00edfica com apresenta\u00e7\u00e3o de trabalho completo e que seja publicado (na forma impressa ou digital) em anais (ou similares) e que o aluno seja o primeiro autor, o n\u00famero de cr\u00e9ditos concedidos \u00e9 igual a 1 (um), por evento, at\u00e9 o m\u00e1ximo de 3 (tr\u00eas);<\/p>\n<p>5. Atividades programadas Atendimento de rotina nos servi\u00e7os do Departamento de Cl\u00ednica M\u00e9dica vinculados ao Hospital Veterin\u00e1rio FMVZ\/USP, sem rela\u00e7\u00e3o com o projeto de pesquisa (1 cr\u00e9dito a cada 90 horas de frequ\u00eancia comprovada);<\/p>\n<p>6. No caso de participa\u00e7\u00e3o no Programa de Aperfei\u00e7oamento de Ensino (PAE) o n\u00famero de cr\u00e9ditos especiais \u00e9 igual a 1 (um), com m\u00e1ximo de 2 (dois) cr\u00e9ditos no mestrado e 2 (dois) no doutorado.<\/p>","protected":false},"excerpt":{"rendered":"<p>Prazos 1. No Curso de Mestrado o prazo para dep\u00f3sito da disserta\u00e7\u00e3o \u00e9 no m\u00ednimo de 12 meses e no m\u00e1ximo de 24 meses. 2 No Curso de Doutorado, para o(a) portador(a) do t\u00edtulo de mestre, o prazo para dep\u00f3sito da tese \u00e9 no m\u00ednimo de 24 meses e no m\u00e1ximo de 46 meses. 3 No Curso de Doutorado, sem obten\u00e7\u00e3o pr\u00e9via do t\u00edtulo de mestre (Doutorado Direto), o prazo para dep\u00f3sito da tese \u00e9 no m\u00ednimo de 24 meses e no m\u00e1ximo de 54 meses. Em qualquer um dos cursos, em casos excepcionais e devidamente justificados, os estudantes poder\u00e3o solicitar prorroga\u00e7\u00e3o de prazo por per\u00edodo m\u00e1ximo de 120 dias. &nbsp; Cr\u00e9ditos m\u00ednimos 1. O estudante de Mestrado dever\u00e1 integralizar um m\u00ednimo de unidades de cr\u00e9dito, da seguinte forma: &#8211; 96 (noventa e seis) unidades de cr\u00e9dito, sendo 30 (trinta) em disciplinas e 66 (sessenta e seis) na elabora\u00e7\u00e3o da disserta\u00e7\u00e3o. 2. O estudante de Doutorado, portador do t\u00edtulo de Mestre pela USP ou por ela reconhecido, dever\u00e1 integralizar um m\u00ednimo de unidades de cr\u00e9dito, da seguinte forma: &#8211; 162 (cento e sessenta e duas) unidades de cr\u00e9dito, sendo 24 (vinte e quatro) em disciplinas e 138 (cento e trinta [&#8230;]<\/p>\n","protected":false},"author":148,"featured_media":0,"parent":0,"menu_order":0,"comment_status":"closed","ping_status":"closed","template":"","meta":{"footnotes":"","_links_to":"","_links_to_target":""},"class_list":["post-1604","page","type-page","status-publish","hentry"],"_links":{"self":[{"href":"https:\/\/sites.usp.br\/pcvet\/wp-json\/wp\/v2\/pages\/1604","targetHints":{"allow":["GET"]}}],"collection":[{"href":"https:\/\/sites.usp.br\/pcvet\/wp-json\/wp\/v2\/pages"}],"about":[{"href":"https:\/\/sites.usp.br\/pcvet\/wp-json\/wp\/v2\/types\/page"}],"author":[{"embeddable":true,"href":"https:\/\/sites.usp.br\/pcvet\/wp-json\/wp\/v2\/users\/148"}],"replies":[{"embeddable":true,"href":"https:\/\/sites.usp.br\/pcvet\/wp-json\/wp\/v2\/comments?post=1604"}],"version-history":[{"count":6,"href":"https:\/\/sites.usp.br\/pcvet\/wp-json\/wp\/v2\/pages\/1604\/revisions"}],"predecessor-version":[{"id":1904,"href":"https:\/\/sites.usp.br\/pcvet\/wp-json\/wp\/v2\/pages\/1604\/revisions\/1904"}],"wp:attachment":[{"href":"https:\/\/sites.usp.br\/pcvet\/wp-json\/wp\/v2\/media?parent=1604"}],"curies":[{"name":"wp","href":"https:\/\/api.w.org\/{rel}","templated":true}]}}