{"id":1687,"date":"2017-01-17T17:01:27","date_gmt":"2017-01-17T19:01:27","guid":{"rendered":"http:\/\/sites.usp.br\/pcvet\/?page_id=1687"},"modified":"2026-04-30T11:17:32","modified_gmt":"2026-04-30T14:17:32","slug":"processo-seletivo-2","status":"publish","type":"page","link":"https:\/\/sites.usp.br\/pcvet\/processo-seletivo-2\/","title":{"rendered":"Processo seletivo"},"content":{"rendered":"<p><strong>Processo seletivo: <span style=\"color: #00ff00;\">Aberto<\/span><\/strong><\/p>\n<p>Para mais informa\u00e7\u00f5es acesse o <a href=\"http:\/\/sites.usp.br\/pcvet\/wp-content\/uploads\/sites\/224\/2026\/02\/Edital-PG-06-2026-Clinica.pdf\"><span style=\"color: 0000000;\">Edital 06\/2026<\/span><\/a> (Publica\u00e7\u00e3o D.O.E. de 23\/02\/26)<\/p>\n<p>&nbsp;<\/p>\n<p><span style=\"color: #ff6600;\"><strong>Inscri\u00e7\u00f5es\u00a0<\/strong><\/span><\/p>\n<p>Enviar documenta\u00e7\u00e3o disposta no <a href=\"http:\/\/sites.usp.br\/pcvet\/wp-content\/uploads\/sites\/224\/2026\/02\/Edital-PG-06-2026-Clinica.pdf\">Edital<\/a> para <strong>spgfmvz@usp.br<\/strong><\/p>\n<p>Inscri\u00e7\u00f5es podem ser realizadas at\u00e9 as 23h59 do dia <strong>13 de novembro de 2026<\/strong><\/p>\n<p><span style=\"color: #ff0000;\"><span style=\"color: #008000;\"><b>\u00a0<\/b><\/span><\/span><\/p>\n<p><span style=\"color: #ff6600;\"><strong>Cursos e n\u00famero de vagas<\/strong><\/span><\/p>\n<p><strong>\u00a0 Mestrado acad\u00eamico: <\/strong>\u00a0conforme disponibilidade dos Orientadores do PCVet<\/p>\n<p><strong>\u00a0 Doutorado acad\u00eamico:<\/strong> conforme disponibilidade dos Orientadores do PCVet<\/p>\n<p>&nbsp;<\/p>\n<p style=\"text-align: left;\"><span style=\"color: #ff6600;\"><strong>Sele\u00e7\u00e3o<\/strong><\/span><\/p>\n<p style=\"text-align: left;\">A avalia\u00e7\u00e3o do projeto de pesquisa e do Curriculum Lattes ser\u00e1 realizada por banca constitu\u00edda por tr\u00eas membros, com t\u00edtulo de doutor, vinculados ou colaboradores do Programa e nomeada pela Comiss\u00e3o Coordenadora de P\u00f3s-Gradua\u00e7\u00e3o. As avalia\u00e7\u00f5es ser\u00e3o realizadas <strong>em at\u00e9 90 dias<\/strong> ap\u00f3s a efetiva\u00e7\u00e3o das inscri\u00e7\u00f5es.<\/p>\n<p style=\"text-align: left;\">A pontua\u00e7\u00e3o curricular compreender\u00e1 as seguintes etapas e pesos:<\/p>\n<ol>\n<li style=\"text-align: left;\">An\u00e1lise do \u201c<em>curriculum vitae<\/em>&#8221; padronizado (Peso 4 &#8211;<strong> modelo dispon\u00edve<\/strong><strong>l <\/strong>para <strong><a href=\"https:\/\/sites.usp.br\/pcvet\/wp-content\/uploads\/sites\/224\/2023\/02\/2023.1-ModelodeCurriculumME.pdf\" target=\"_blank\" rel=\"noopener\">MESTRADO<\/a>, <a href=\"https:\/\/sites.usp.br\/pcvet\/wp-content\/uploads\/sites\/224\/2023\/02\/2023.1-ModelodeCurriculumDO.pdf\" target=\"_blank\" rel=\"noopener\">DOUTORADO<\/a> <\/strong>e <a href=\"https:\/\/sites.usp.br\/pcvet\/wp-content\/uploads\/sites\/224\/2023\/02\/2023.1-ModelodeCurriculumDD.pdf\" target=\"_blank\" rel=\"noopener\"><strong>DOUTORADO DIRETO<\/strong><\/a>) bem como da documenta\u00e7\u00e3o comprobat\u00f3ria apresentada. <u>Informa\u00e7\u00f5es dispostas nos \u201ccurriculum vitae\u201d, por\u00e9m, n\u00e3o documentadas, n\u00e3o ser\u00e3o pontuadas na an\u00e1lise curricular<\/u>.<\/li>\n<li style=\"text-align: left;\">Os projetos receber\u00e3o uma nota entre zero e dez de cada um dos membros examinadores da banca conforme crit\u00e9rios estabelecidos no Edital (Peso 6);<\/li>\n<\/ol>\n<p>A nota m\u00ednima exigida para aprova\u00e7\u00e3o, calculada em fun\u00e7\u00e3o do referido nos itens <u>a<\/u> e <u>b<\/u>, dever\u00e1 ser igual ou superior a 5,0 (cinco).<\/p>\n<p>A pontua\u00e7\u00e3o atribu\u00edda ao curr\u00edculo dos candidatos pode ser encontrada nos links <a href=\"https:\/\/sites.usp.br\/pcvet\/wp-content\/uploads\/sites\/224\/2023\/02\/2023-Pontuacao-Curricular-ME.pdf\" target=\"_blank\" rel=\"noopener\">MESTRADO<\/a>, <a href=\"https:\/\/sites.usp.br\/pcvet\/wp-content\/uploads\/sites\/224\/2023\/02\/2023-Pontuacao-curricular-DO.pdf\" target=\"_blank\" rel=\"noopener\">DOUTORADO <\/a>e <a href=\"https:\/\/sites.usp.br\/pcvet\/wp-content\/uploads\/sites\/224\/2023\/02\/2023-Pontuacao-curricular-DD.pdf\" target=\"_blank\" rel=\"noopener\">DOUTORADO DIRETO<\/a>.<\/p>\n<p>O <strong>resultado final ser\u00e1 comunicado, <\/strong>via e-mail, ao endere\u00e7o eletr\u00f4nico informado no ato da inscri\u00e7\u00e3o.<\/p>\n<p>Para aceita\u00e7\u00e3o dos candidatos selecionados ser\u00e1 solicitada <strong><a href=\"https:\/\/sites.usp.br\/pcvet\/wp-content\/uploads\/sites\/224\/2021\/04\/2021-Declara\u00e7\u00e3oCienciaeConcordancia.pdf\" target=\"_blank\" rel=\"noopener noreferrer\">declara\u00e7\u00e3o firmada<\/a><\/strong> de concord\u00e2ncia com as normas, ditames do Programa e dos orientadores credenciados.<\/p>\n<p>Outros formul\u00e1rio necess\u00e1rios para inscri\u00e7\u00e3o acessar:\u00a0<a href=\"http:\/\/posgraduacao.fmvz.usp.br\/formulario\/\" target=\"_blank\" rel=\"noopener noreferrer\"> http:\/\/posgraduacao.fmvz.usp.br\/formulario\/<\/a><\/p>\n<p>Para mais informa\u00e7\u00f5es acesse o <a href=\"http:\/\/sites.usp.br\/pcvet\/wp-content\/uploads\/sites\/224\/2026\/02\/Edital-PG-06-2026-Clinica.pdf\">Edital<\/a>.<\/p>\n<p>&nbsp;<\/p>\n<p>&nbsp;<\/p>\n<p>&nbsp;<\/p>\n","protected":false},"excerpt":{"rendered":"<p>Processo seletivo: Aberto Para mais informa\u00e7\u00f5es acesse o Edital 06\/2026 (Publica\u00e7\u00e3o D.O.E. de 23\/02\/26) &nbsp; Inscri\u00e7\u00f5es\u00a0 Enviar documenta\u00e7\u00e3o disposta no Edital para spgfmvz@usp.br Inscri\u00e7\u00f5es podem ser realizadas at\u00e9 as 23h59 do dia 13 de novembro de 2026 \u00a0 Cursos e n\u00famero de vagas \u00a0 Mestrado acad\u00eamico: \u00a0conforme disponibilidade dos Orientadores do PCVet \u00a0 Doutorado acad\u00eamico: conforme disponibilidade dos Orientadores do PCVet &nbsp; Sele\u00e7\u00e3o A avalia\u00e7\u00e3o do projeto de pesquisa e do Curriculum Lattes ser\u00e1 realizada por banca constitu\u00edda por tr\u00eas membros, com t\u00edtulo de doutor, vinculados ou colaboradores do Programa e nomeada pela Comiss\u00e3o Coordenadora de P\u00f3s-Gradua\u00e7\u00e3o. As avalia\u00e7\u00f5es ser\u00e3o realizadas em at\u00e9 90 dias ap\u00f3s a efetiva\u00e7\u00e3o das inscri\u00e7\u00f5es. A pontua\u00e7\u00e3o curricular compreender\u00e1 as seguintes etapas e pesos: An\u00e1lise do \u201ccurriculum vitae&#8221; padronizado (Peso 4 &#8211; modelo dispon\u00edvel para MESTRADO, DOUTORADO e DOUTORADO DIRETO) bem como da documenta\u00e7\u00e3o comprobat\u00f3ria apresentada. Informa\u00e7\u00f5es dispostas nos \u201ccurriculum vitae\u201d, por\u00e9m, n\u00e3o documentadas, n\u00e3o ser\u00e3o pontuadas na an\u00e1lise curricular. Os projetos receber\u00e3o uma nota entre zero e dez de cada um dos membros examinadores da banca conforme crit\u00e9rios estabelecidos no Edital (Peso 6); A nota m\u00ednima exigida para aprova\u00e7\u00e3o, calculada em fun\u00e7\u00e3o do referido nos itens a e b, dever\u00e1 ser igual ou superior [&#8230;]<\/p>\n","protected":false},"author":428,"featured_media":0,"parent":0,"menu_order":0,"comment_status":"closed","ping_status":"closed","template":"","meta":{"footnotes":"","_links_to":"","_links_to_target":""},"class_list":["post-1687","page","type-page","status-publish","hentry"],"_links":{"self":[{"href":"https:\/\/sites.usp.br\/pcvet\/wp-json\/wp\/v2\/pages\/1687","targetHints":{"allow":["GET"]}}],"collection":[{"href":"https:\/\/sites.usp.br\/pcvet\/wp-json\/wp\/v2\/pages"}],"about":[{"href":"https:\/\/sites.usp.br\/pcvet\/wp-json\/wp\/v2\/types\/page"}],"author":[{"embeddable":true,"href":"https:\/\/sites.usp.br\/pcvet\/wp-json\/wp\/v2\/users\/428"}],"replies":[{"embeddable":true,"href":"https:\/\/sites.usp.br\/pcvet\/wp-json\/wp\/v2\/comments?post=1687"}],"version-history":[{"count":4,"href":"https:\/\/sites.usp.br\/pcvet\/wp-json\/wp\/v2\/pages\/1687\/revisions"}],"predecessor-version":[{"id":3097,"href":"https:\/\/sites.usp.br\/pcvet\/wp-json\/wp\/v2\/pages\/1687\/revisions\/3097"}],"wp:attachment":[{"href":"https:\/\/sites.usp.br\/pcvet\/wp-json\/wp\/v2\/media?parent=1687"}],"curies":[{"name":"wp","href":"https:\/\/api.w.org\/{rel}","templated":true}]}}