{"id":1699,"date":"2017-01-17T17:07:52","date_gmt":"2017-01-17T19:07:52","guid":{"rendered":"http:\/\/sites.usp.br\/pcvet\/?page_id=1699"},"modified":"2021-05-05T12:20:47","modified_gmt":"2021-05-05T15:20:47","slug":"credenciamento-e-recredenciamento","status":"publish","type":"page","link":"https:\/\/sites.usp.br\/pcvet\/credenciamento-e-recredenciamento\/","title":{"rendered":"Credenciamento e recredenciamento"},"content":{"rendered":"<p>&nbsp;<\/p>\n<p><strong>X &#8211; ORIENTADORES E COORIENTADORES<\/strong><\/p>\n<p><strong>X.1<\/strong> A decis\u00e3o sobre o credenciamento ou recredenciamento de um orientador ser\u00e1 deliberada pela CPG ap\u00f3s encaminhamento pela CCP, circunstanciado na excel\u00eancia de sua produ\u00e7\u00e3o cient\u00edfica, art\u00edstica ou tecnol\u00f3gica e na coordena\u00e7\u00e3o e\/ou participa\u00e7\u00e3o em projetos de pesquisa financiados, conforme crit\u00e9rios m\u00ednimos especificados neste regulamento.<\/p>\n<p><strong>X.2<\/strong> O n\u00famero m\u00e1ximo de orientados por orientador \u00e9 dez (10). Adicionalmente, o orientador poder\u00e1 coorientar at\u00e9 cinco (5) alunos.<\/p>\n<p><strong>X.3<\/strong> Os credenciamentos ser\u00e3o para orienta\u00e7\u00e3o plena ou espec\u00edfica, assim definidas:<\/p>\n<p>I \u2013 Considera-se Orienta\u00e7\u00e3o Plena aquela em que o orientador esteja engajado em todas as atividades do Programa;<\/p>\n<p>II \u2013 Considera-se Orienta\u00e7\u00e3o Espec\u00edfica aquela especificada no item X.7.<\/p>\n<p><strong>X.4<\/strong> Para credenciamento ou recredenciamento, o solicitante dever\u00e1 encaminhar pedido formal circunstanciado \u00e0 CCP indicando objetivamente suas qualifica\u00e7\u00f5es para atuar ou continuar atuando junto ao programa. Dever\u00e1 anexar ao pedido o curr\u00edculo Lattes atualizado ou Curriculum Vitae (no caso de candidatos estrangeiros ainda sem Curr\u00edculo Lattes) atualizado e os endere\u00e7os eletr\u00f4nicos de cadastro no ResearcherID e ORCID.<\/p>\n<p>&nbsp;<\/p>\n<p><strong>X.5 Credenciamento <span style=\"color: #ff6600;\">Pleno <\/span>de Orientadores<\/strong><\/p>\n<p><strong>X.5.1 <\/strong>O prazo de validade de credenciamento de orientadores plenos fica fixado em 5 (cinco) anos.<\/p>\n<p><strong>X.5.1.1<\/strong> A decis\u00e3o sobre o credenciamento de orientador pleno (mestrado, doutorado e doutorado direto) ser\u00e1 baseada em seu desempenho cient\u00edfico. O pleiteante ser\u00e1 avaliado por:<\/p>\n<ol>\n<li>a) linhas de pesquisa definidas e caracterizadas pela soma do JCR das publica\u00e7\u00f5es nos \u00faltimos cinco anos, que dever\u00e1 ser de no m\u00ednimo 4 (quatro);<\/li>\n<li>b) participa\u00e7\u00e3o em grupo de trabalho ou em laborat\u00f3rio que, nos \u00faltimos cinco anos, tenha realizado projeto de pesquisa financiado ou estabelecido conv\u00eanio com institui\u00e7\u00f5es nacionais ou internacionais;<\/li>\n<li>c) ser respons\u00e1vel por disciplina de p\u00f3s-gradua\u00e7\u00e3o que seja oferecida ao menos duas vezes nos \u00faltimos cinco anos;<\/li>\n<li>d) excepcionalmente, dois ou tr\u00eas crit\u00e9rios do item X.5, se justificados pela CCP.<\/li>\n<\/ol>\n<p><strong>\u00a0<\/strong><\/p>\n<p><strong>\u00a0<\/strong><strong>X.6 <span style=\"color: #ff6600;\">Recredenciamento <\/span>de Orientadores<\/strong><\/p>\n<p><strong>X.6.1 <\/strong>Para o recredenciamento pleno, o docente dever\u00e1 cumprir com os mesmos requisitos m\u00ednimos de credenciamento especificados no item X.5 e ainda ser\u00e3o levados em considera\u00e7\u00e3o os seguintes quesitos:<\/p>\n<p style=\"padding-left: 40px;\">a) O orientador dever\u00e1 ter ministrado ao menos uma disciplina no Programa de p\u00f3s-gradua\u00e7\u00e3o em Cl\u00ednica Veterin\u00e1ria no \u00faltimo per\u00edodo de credenciamento;<\/p>\n<p style=\"padding-left: 40px;\">b) o n\u00famero de egressos sem titula\u00e7\u00e3o (evas\u00e3o) no per\u00edodo do \u00faltimo credenciamento dever\u00e1 ser justificado e ser\u00e1 analisado;<\/p>\n<p style=\"padding-left: 40px;\">c) apresentar m\u00e9dia de uma produ\u00e7\u00e3o por orienta\u00e7\u00e3o, sendo esta cient\u00edfica, art\u00edstica ou tecnol\u00f3gica que tenha derivado de teses e disserta\u00e7\u00f5es por ele orientadas.<\/p>\n<p>&nbsp;<\/p>\n<p><strong>X.7 <span style=\"color: #ff6600;\">Credenciamento<\/span> Espec\u00edfico de Orientadores<\/strong><\/p>\n<p><strong>X.7.1<\/strong> Portadores do t\u00edtulo de doutor que n\u00e3o cumprirem com os requisitos m\u00ednimos de credenciamento especificados no item X.5 poder\u00e3o, a crit\u00e9rio da CCP, obter credenciamento espec\u00edfico, desde que atendam a pelo menos dois crit\u00e9rios do item X.5.1.<\/p>\n<p><strong>X.7.2 <\/strong>O solicitante de credenciamento espec\u00edfico poder\u00e1 orientar, simultaneamente e no m\u00e1ximo, dois estudantes de mestrado. A solicita\u00e7\u00e3o de credenciamento espec\u00edfico para orientar doutorado exige que o solicitante tenha conclu\u00eddo pelo menos uma orienta\u00e7\u00e3o de mestrado. Ser\u00e1 permitida a orienta\u00e7\u00e3o espec\u00edfica de apenas um aluno de doutorado. Ser\u00e1 permitida a orienta\u00e7\u00e3o simult\u00e2nea de dois estudantes de mestrado e um de doutorado. N\u00e3o h\u00e1 limite para o n\u00famero de orienta\u00e7\u00f5es espec\u00edficas subsequentes.<\/p>\n<p>&nbsp;<\/p>\n<p><strong>X.8 <span style=\"color: #ff6600;\">Credenciamento<\/span> de Coorientadores<\/strong><\/p>\n<p><strong>X.8.1<\/strong> O prazo para o credenciamento de coorientador no curso de mestrado ser\u00e1 de doze (12) meses.<\/p>\n<p><strong>X.8.2<\/strong> O prazo para o credenciamento de coorientador no curso de doutorado ser\u00e1 de, no m\u00e1ximo, trinta e seis (36) meses.<\/p>\n<p><strong>X.8.3<\/strong> O prazo para o credenciamento de coorientador no curso de doutorado direto ser\u00e1 de quarenta e dois (42) meses.<\/p>\n<p><strong>X.8.4<\/strong> Para credenciamento de coorientadores, ser\u00e1 utilizado o mesmo crit\u00e9rio m\u00ednimo de produ\u00e7\u00e3o cient\u00edfica de credenciamento de orientadores especificado no item X.5. Al\u00e9m disso, justificativa circunstanciada evidenciando a complementariedade da atua\u00e7\u00e3o do coorientador em rela\u00e7\u00e3o ao orientador no projeto de pesquisa do estudante dever\u00e1 ser apresentada.<\/p>\n<p><strong>\u00a0<\/strong><\/p>\n<p><strong>X.9 Orientadores <span style=\"color: #ff6600;\">Externos<\/span><\/strong><\/p>\n<p><strong>X.9.1<\/strong> Nos pedidos referentes ao credenciamento de orientadores externos \u00e0 USP, incluindo Jovens Pesquisadores, Professores Visitantes, Pesquisadores Estagi\u00e1rios e outros, dever\u00e3o ser atendidos aos crit\u00e9rios para credenciamento de orientadores plenos, conforme exposto no item X.5. Adicionalmente, dever\u00e3o ser observados os seguintes aspectos:<\/p>\n<p style=\"padding-left: 40px;\">a) Justificativa circunstanciada do solicitante quanto \u00e0 contribui\u00e7\u00e3o inovadora do projeto para o programa de p\u00f3s-gradua\u00e7\u00e3o;<\/p>\n<p style=\"padding-left: 40px;\">b) Identifica\u00e7\u00e3o do v\u00ednculo do interessado (ex: jovem pesquisador), mencionando a vig\u00eancia do programa e linha de pesquisa;<\/p>\n<p style=\"padding-left: 40px;\">c) Demonstrar a exist\u00eancia de infraestrutura (f\u00edsica, material e\/ou de equipamento);<\/p>\n<p style=\"padding-left: 40px;\">d) Demonstrar a exist\u00eancia de recursos para financiamento do projeto proposto para orienta\u00e7\u00e3o do p\u00f3s-graduando;<\/p>\n<p style=\"padding-left: 40px;\">e) Manifesta\u00e7\u00e3o de um professor da institui\u00e7\u00e3o ou supervisor, com a anu\u00eancia do chefe do departamento ou equivalente, demonstrando concord\u00e2ncia quanto \u00e0 utiliza\u00e7\u00e3o do espa\u00e7o para o desenvolvimento da orienta\u00e7\u00e3o solicitada e \u00e0 manuten\u00e7\u00e3o das condi\u00e7\u00f5es para a execu\u00e7\u00e3o do projeto do p\u00f3s-graduando;<\/p>\n<p style=\"padding-left: 40px;\">f) Curriculum vitae do interessado devendo constar, caso se aplique, as orienta\u00e7\u00f5es conclu\u00eddas e em andamento na USP e fora dela e respectivos registros ORCID e ResearcherID, atualizados;<\/p>\n<p style=\"padding-left: 40px;\">g) Demonstrar a situa\u00e7\u00e3o funcional e o v\u00ednculo institucional do interessado (caso o interessado n\u00e3o comprove v\u00ednculo institucional est\u00e1vel o per\u00edodo de perman\u00eancia na institui\u00e7\u00e3o da USP dever\u00e1 ser de pelo menos 75% do prazo m\u00e1ximo para o dep\u00f3sito da disserta\u00e7\u00e3o ou tese).<\/p>\n<p style=\"text-align: justify;\">Mais informa\u00e7\u00f5es acesse <a href=\"http:\/\/sites.usp.br\/pcvet\/normas\/\" target=\"_blank\" rel=\"noopener\">Normas<\/a><\/p>\n","protected":false},"excerpt":{"rendered":"<p>&nbsp; X &#8211; ORIENTADORES E COORIENTADORES X.1 A decis\u00e3o sobre o credenciamento ou recredenciamento de um orientador ser\u00e1 deliberada pela CPG ap\u00f3s encaminhamento pela CCP, circunstanciado na excel\u00eancia de sua produ\u00e7\u00e3o cient\u00edfica, art\u00edstica ou tecnol\u00f3gica e na coordena\u00e7\u00e3o e\/ou participa\u00e7\u00e3o em projetos de pesquisa financiados, conforme crit\u00e9rios m\u00ednimos especificados neste regulamento. X.2 O n\u00famero m\u00e1ximo de orientados por orientador \u00e9 dez (10). Adicionalmente, o orientador poder\u00e1 coorientar at\u00e9 cinco (5) alunos. X.3 Os credenciamentos ser\u00e3o para orienta\u00e7\u00e3o plena ou espec\u00edfica, assim definidas: I \u2013 Considera-se Orienta\u00e7\u00e3o Plena aquela em que o orientador esteja engajado em todas as atividades do Programa; II \u2013 Considera-se Orienta\u00e7\u00e3o Espec\u00edfica aquela especificada no item X.7. X.4 Para credenciamento ou recredenciamento, o solicitante dever\u00e1 encaminhar pedido formal circunstanciado \u00e0 CCP indicando objetivamente suas qualifica\u00e7\u00f5es para atuar ou continuar atuando junto ao programa. Dever\u00e1 anexar ao pedido o curr\u00edculo Lattes atualizado ou Curriculum Vitae (no caso de candidatos estrangeiros ainda sem Curr\u00edculo Lattes) atualizado e os endere\u00e7os eletr\u00f4nicos de cadastro no ResearcherID e ORCID. &nbsp; X.5 Credenciamento Pleno de Orientadores X.5.1 O prazo de validade de credenciamento de orientadores plenos fica fixado em 5 (cinco) anos. X.5.1.1 A decis\u00e3o sobre o credenciamento de orientador pleno (mestrado, doutorado [&#8230;]<\/p>\n","protected":false},"author":428,"featured_media":0,"parent":0,"menu_order":0,"comment_status":"closed","ping_status":"closed","template":"","meta":{"footnotes":"","_links_to":"","_links_to_target":""},"class_list":["post-1699","page","type-page","status-publish","hentry"],"_links":{"self":[{"href":"https:\/\/sites.usp.br\/pcvet\/wp-json\/wp\/v2\/pages\/1699","targetHints":{"allow":["GET"]}}],"collection":[{"href":"https:\/\/sites.usp.br\/pcvet\/wp-json\/wp\/v2\/pages"}],"about":[{"href":"https:\/\/sites.usp.br\/pcvet\/wp-json\/wp\/v2\/types\/page"}],"author":[{"embeddable":true,"href":"https:\/\/sites.usp.br\/pcvet\/wp-json\/wp\/v2\/users\/428"}],"replies":[{"embeddable":true,"href":"https:\/\/sites.usp.br\/pcvet\/wp-json\/wp\/v2\/comments?post=1699"}],"version-history":[{"count":4,"href":"https:\/\/sites.usp.br\/pcvet\/wp-json\/wp\/v2\/pages\/1699\/revisions"}],"predecessor-version":[{"id":2547,"href":"https:\/\/sites.usp.br\/pcvet\/wp-json\/wp\/v2\/pages\/1699\/revisions\/2547"}],"wp:attachment":[{"href":"https:\/\/sites.usp.br\/pcvet\/wp-json\/wp\/v2\/media?parent=1699"}],"curies":[{"name":"wp","href":"https:\/\/api.w.org\/{rel}","templated":true}]}}