{"id":1744,"date":"2017-01-19T11:16:18","date_gmt":"2017-01-19T13:16:18","guid":{"rendered":"http:\/\/sites.usp.br\/pcvet\/?page_id=1744"},"modified":"2023-08-07T14:40:27","modified_gmt":"2023-08-07T17:40:27","slug":"aluno-ingressante","status":"publish","type":"page","link":"https:\/\/sites.usp.br\/pcvet\/aluno-ingressante\/","title":{"rendered":"Aluno ingressante"},"content":{"rendered":"<p>Documentos exigidos para a matr\u00edcula:<\/p>\n<p>1. Preencher o <a href=\"http:\/\/posgraduacao.fmvz.usp.br\/formulario\/\" target=\"_blank\" rel=\"noopener\">formul\u00e1rio de matr\u00edcula<\/a>;<\/p>\n<p>2. Diploma ou certificado de cola\u00e7\u00e3o de grau e Hist\u00f3rico Escolar, para os candidatos que no momento da inscri\u00e7\u00e3o cursavam o \u00faltimo ano (entregue na inscri\u00e7\u00e3o do processo seletivo);<\/p>\n<p>3. Diploma ou Certificado de conclus\u00e3o de Mestrado, para aqueles ingressantes no Doutorado que no momento da inscri\u00e7\u00e3o cursavam o Mestrado (entregue na inscri\u00e7\u00e3o do processo seletivo);<\/p>\n<p>4. Hist\u00f3rico Escolar do Mestrado para aqueles ingressantes no Doutorado que no momento da inscri\u00e7\u00e3o cursavam o Mestrado (entregue na inscri\u00e7\u00e3o do processo seletivo);<\/p>\n<p>5. \u201cDeclara\u00e7\u00e3o sobre uso de animais vivos e amostras biol\u00f3gicas em projeto de pesquisa de mestrado ou doutorado&#8221; assinada pelo futuro aluno e o orientador do Programa.<br \/>\nDispon\u00edvel em\u00a0 <a href=\"http:\/\/ceuavet.fmvz.usp.br\/projetos\/\" target=\"_blank\" rel=\"noopener\">http:\/\/ceuavet.fmvz.usp.br\/projetos\/<\/a><\/p>\n<p>6. Os candidatos estrangeiros, al\u00e9m da documenta\u00e7\u00e3o acima, dever\u00e3o tamb\u00e9m apresentar presencialmente os seguintes documentos:<\/p>\n<p>6.1 Passaporte e Visto Tempor\u00e1rio Tipo IV \u2013 Estudante v\u00e1lidos;<\/p>\n<p>6.2 RNE ou Protocolo do RNE com validade na data da matr\u00edcula;<\/p>\n<p>6.3 CPF ou protocolo de inscri\u00e7\u00e3o;<\/p>\n<p style=\"text-align: center;\"><strong>A vig\u00eancia dos resultados do processo seletivo coincidir\u00e1 com aquele do per\u00edodo de matr\u00edcula aprazado pela Comiss\u00e3o de P\u00f3s-Gradua\u00e7\u00e3o da Faculdade de Medicina Veterin\u00e1ria e Zootecnia da Universidade de S\u00e3o Paulo.<\/strong><\/p>\n<p style=\"text-align: center;\"><span style=\"color: #800000;\"><strong>\u00c9 obrigat\u00f3rio ao aluno do programa possuir email institucional USP. Para fazer sua solicita\u00e7\u00e3o acesse: https:\/\/pedidoemail.usp.br\/<\/strong><\/span><\/p>\n<p style=\"text-align: left;\">Recomenda-se ao aluno ingressante assistir os v\u00eddeos abaixo:<\/p>\n<p style=\"text-align: left;\">&#8211;\u00a0<a href=\"https:\/\/www.youtube.com\/watch?time_continue=1&amp;v=tZB5dlP7Kjw\" target=\"_blank\" rel=\"noopener\">Curso de introdu\u00e7\u00e3o \u00e0 P\u00f3s-gradua\u00e7\u00e3o da USP<\/a><\/p>\n<p style=\"text-align: left;\">&#8211; <a href=\"https:\/\/www.youtube.com\/watch?v=huB2-Ry3Ok0\" target=\"_blank\" rel=\"noopener\">Introdu\u00e7\u00e3o ao Sistemas Janus<\/a><\/p>\n<p style=\"text-align: left;\">&#8211; <a href=\"https:\/\/www.youtube.com\/watch?v=GAaEiTT-WuQ\" target=\"_blank\" rel=\"noopener\">Virtual Class<\/a><\/p>\n","protected":false},"excerpt":{"rendered":"<p>Documentos exigidos para a matr\u00edcula: 1. Preencher o formul\u00e1rio de matr\u00edcula; 2. Diploma ou certificado de cola\u00e7\u00e3o de grau e Hist\u00f3rico Escolar, para os candidatos que no momento da inscri\u00e7\u00e3o cursavam o \u00faltimo ano (entregue na inscri\u00e7\u00e3o do processo seletivo); 3. Diploma ou Certificado de conclus\u00e3o de Mestrado, para aqueles ingressantes no Doutorado que no momento da inscri\u00e7\u00e3o cursavam o Mestrado (entregue na inscri\u00e7\u00e3o do processo seletivo); 4. Hist\u00f3rico Escolar do Mestrado para aqueles ingressantes no Doutorado que no momento da inscri\u00e7\u00e3o cursavam o Mestrado (entregue na inscri\u00e7\u00e3o do processo seletivo); 5. \u201cDeclara\u00e7\u00e3o sobre uso de animais vivos e amostras biol\u00f3gicas em projeto de pesquisa de mestrado ou doutorado&#8221; assinada pelo futuro aluno e o orientador do Programa. Dispon\u00edvel em\u00a0 http:\/\/ceuavet.fmvz.usp.br\/projetos\/ 6. Os candidatos estrangeiros, al\u00e9m da documenta\u00e7\u00e3o acima, dever\u00e3o tamb\u00e9m apresentar presencialmente os seguintes documentos: 6.1 Passaporte e Visto Tempor\u00e1rio Tipo IV \u2013 Estudante v\u00e1lidos; 6.2 RNE ou Protocolo do RNE com validade na data da matr\u00edcula; 6.3 CPF ou protocolo de inscri\u00e7\u00e3o; A vig\u00eancia dos resultados do processo seletivo coincidir\u00e1 com aquele do per\u00edodo de matr\u00edcula aprazado pela Comiss\u00e3o de P\u00f3s-Gradua\u00e7\u00e3o da Faculdade de Medicina Veterin\u00e1ria e Zootecnia da Universidade de S\u00e3o Paulo. \u00c9 obrigat\u00f3rio ao aluno do [&#8230;]<\/p>\n","protected":false},"author":428,"featured_media":0,"parent":0,"menu_order":0,"comment_status":"closed","ping_status":"closed","template":"","meta":{"footnotes":"","_links_to":"","_links_to_target":""},"class_list":["post-1744","page","type-page","status-publish","hentry"],"_links":{"self":[{"href":"https:\/\/sites.usp.br\/pcvet\/wp-json\/wp\/v2\/pages\/1744","targetHints":{"allow":["GET"]}}],"collection":[{"href":"https:\/\/sites.usp.br\/pcvet\/wp-json\/wp\/v2\/pages"}],"about":[{"href":"https:\/\/sites.usp.br\/pcvet\/wp-json\/wp\/v2\/types\/page"}],"author":[{"embeddable":true,"href":"https:\/\/sites.usp.br\/pcvet\/wp-json\/wp\/v2\/users\/428"}],"replies":[{"embeddable":true,"href":"https:\/\/sites.usp.br\/pcvet\/wp-json\/wp\/v2\/comments?post=1744"}],"version-history":[{"count":4,"href":"https:\/\/sites.usp.br\/pcvet\/wp-json\/wp\/v2\/pages\/1744\/revisions"}],"predecessor-version":[{"id":2798,"href":"https:\/\/sites.usp.br\/pcvet\/wp-json\/wp\/v2\/pages\/1744\/revisions\/2798"}],"wp:attachment":[{"href":"https:\/\/sites.usp.br\/pcvet\/wp-json\/wp\/v2\/media?parent=1744"}],"curies":[{"name":"wp","href":"https:\/\/api.w.org\/{rel}","templated":true}]}}