{"id":1776,"date":"2017-01-30T15:36:37","date_gmt":"2017-01-30T17:36:37","guid":{"rendered":"http:\/\/sites.usp.br\/pcvet\/?page_id=1776"},"modified":"2026-02-24T09:12:53","modified_gmt":"2026-02-24T12:12:53","slug":"reunioes-ccp-pcvet","status":"publish","type":"page","link":"https:\/\/sites.usp.br\/pcvet\/reunioes-ccp-pcvet\/","title":{"rendered":"Reuni\u00f5es CCP PCVet"},"content":{"rendered":"<p style=\"text-align: center;\"><strong>Calend\u00e1rio de Reuni\u00f5es CCP PCVet<\/strong><\/p>\n<p style=\"text-align: center;\"><span style=\"color: #ff6600;\"><strong>1\u00b0 semestre de 2026<\/strong><\/span><\/p>\n<p style=\"text-align: center;\">11 de fevereiro<\/p>\n<p style=\"text-align: center;\">11 de mar\u00e7o<\/p>\n<p style=\"text-align: center;\">08 de abril<\/p>\n<p style=\"text-align: center;\">06 de maio<\/p>\n<p style=\"text-align: center;\">03 de junho<\/p>\n<p style=\"text-align: center;\"><span style=\"color: #ff6600;\"><strong>2\u00b0 semestre de 2026<\/strong><\/span><\/p>\n<p style=\"text-align: center;\">05 de agosto<\/p>\n<p style=\"text-align: center;\">09 de setembro<\/p>\n<p style=\"text-align: center;\">07 de outubro<\/p>\n<p style=\"text-align: center;\">04 de novembro<\/p>\n<p style=\"text-align: center;\">02 de dezembro<\/p>\n<p style=\"text-align: center;\">As reuni\u00f5es se iniciam \u00e0s <strong>14:00h<\/strong><\/p>\n<p style=\"text-align: center;\">Calend\u00e1rio sujeito a altera\u00e7\u00e3o.<\/p>\n<p style=\"text-align: center;\"><b>ATEN\u00c7\u00c3O: Para inclus\u00e3o de assuntos na pauta e para maior organiza\u00e7\u00e3o desta CCP, solicita-se que as peti\u00e7\u00f5es sejam enviadas at\u00e9 a<\/b><strong> sexta-feira da semana anterior.<\/strong><\/p>\n","protected":false},"excerpt":{"rendered":"<p>Calend\u00e1rio de Reuni\u00f5es CCP PCVet 1\u00b0 semestre de 2026 11 de fevereiro 11 de mar\u00e7o 08 de abril 06 de maio 03 de junho 2\u00b0 semestre de 2026 05 de agosto 09 de setembro 07 de outubro 04 de novembro 02 de dezembro As reuni\u00f5es se iniciam \u00e0s 14:00h Calend\u00e1rio sujeito a altera\u00e7\u00e3o. ATEN\u00c7\u00c3O: Para inclus\u00e3o de assuntos na pauta e para maior organiza\u00e7\u00e3o desta CCP, solicita-se que as peti\u00e7\u00f5es sejam enviadas at\u00e9 a sexta-feira da semana anterior.<\/p>\n","protected":false},"author":428,"featured_media":0,"parent":0,"menu_order":0,"comment_status":"closed","ping_status":"closed","template":"","meta":{"footnotes":"","_links_to":"","_links_to_target":""},"class_list":["post-1776","page","type-page","status-publish","hentry"],"_links":{"self":[{"href":"https:\/\/sites.usp.br\/pcvet\/wp-json\/wp\/v2\/pages\/1776","targetHints":{"allow":["GET"]}}],"collection":[{"href":"https:\/\/sites.usp.br\/pcvet\/wp-json\/wp\/v2\/pages"}],"about":[{"href":"https:\/\/sites.usp.br\/pcvet\/wp-json\/wp\/v2\/types\/page"}],"author":[{"embeddable":true,"href":"https:\/\/sites.usp.br\/pcvet\/wp-json\/wp\/v2\/users\/428"}],"replies":[{"embeddable":true,"href":"https:\/\/sites.usp.br\/pcvet\/wp-json\/wp\/v2\/comments?post=1776"}],"version-history":[{"count":4,"href":"https:\/\/sites.usp.br\/pcvet\/wp-json\/wp\/v2\/pages\/1776\/revisions"}],"predecessor-version":[{"id":3092,"href":"https:\/\/sites.usp.br\/pcvet\/wp-json\/wp\/v2\/pages\/1776\/revisions\/3092"}],"wp:attachment":[{"href":"https:\/\/sites.usp.br\/pcvet\/wp-json\/wp\/v2\/media?parent=1776"}],"curies":[{"name":"wp","href":"https:\/\/api.w.org\/{rel}","templated":true}]}}