{"id":1911,"date":"2017-02-12T22:00:50","date_gmt":"2017-02-13T00:00:50","guid":{"rendered":"http:\/\/sites.usp.br\/pcvet\/?page_id=1911"},"modified":"2023-08-08T11:53:38","modified_gmt":"2023-08-08T14:53:38","slug":"exame-de-qualificacao","status":"publish","type":"page","link":"https:\/\/sites.usp.br\/pcvet\/exame-de-qualificacao\/","title":{"rendered":"Exame de Qualifica\u00e7\u00e3o"},"content":{"rendered":"<p><strong>Orienta\u00e7\u00e3o Geral sobre Exame de Qualifica\u00e7\u00e3o no PCVet<\/strong> (de Agosto de 2023)<\/p>\n<p>Neste <a href=\"https:\/\/sites.usp.br\/pcvet\/wp-content\/uploads\/sites\/224\/2023\/08\/202307-Procedimentos-EXAME-DE-QUALIFICACAO-PCVetsite.pdf\" target=\"_blank\" rel=\"noopener\">arquivo <\/a>encontra-se um descritivo com orienta\u00e7\u00f5es para a realiza\u00e7\u00e3o do Exame de Qualifica\u00e7\u00e3o em n\u00edvel de Mestrado, Doutorado e Doutorado Direto do Programa de Cl\u00ednica Veterin\u00e1ria.<\/p>\n<p>Informa\u00e7\u00f5es adicionais e orienta\u00e7\u00f5es detalhadas referentes a inscri\u00e7\u00e3o no Exame de Qualifica\u00e7\u00e3o podem ser obtidas diretamente do regulamento do PCVet e regimento PRPG ao qual o p\u00f3s-graduando est\u00e1 matriculado.<\/p>\n<p>Disponibilizamos os arquivos com as orienta\u00e7\u00f5es espec\u00edficas de cada regulamento vigente.<\/p>\n<ul>\n<li><a href=\"https:\/\/sites.usp.br\/pcvet\/wp-content\/uploads\/sites\/224\/2021\/07\/NormaparaEQResolucao-CoPGr-6898-de-29-08-2014.pdf\" target=\"_blank\" rel=\"noopener\">Resolu\u00e7\u00e3o CoPGr-6898, de 29-08-2014<\/a><br \/>\n(Resolu\u00e7\u00e3o n\u00ba 6542 em vigor de 20\/04\/2013 at\u00e9 28\/03\/2018)<\/li>\n<\/ul>\n<p>&nbsp;<\/p>\n<ul>\n<li><a href=\"https:\/\/sites.usp.br\/pcvet\/wp-content\/uploads\/sites\/224\/2021\/07\/NormaparaEQResolucao-CoPGr-7877-de-25-de-novembro-de-2019.pdf\" target=\"_blank\" rel=\"noopener\">Resolu\u00e7\u00e3o CoPGr 7877, de 25 de novembro de 2019<\/a><br \/>\n(Resolu\u00e7\u00e3o n\u00ba 7493 em vigor a partir de 29\/03\/2018)<\/li>\n<\/ul>\n<p>&nbsp;<\/p>\n<p>&nbsp;<\/p>\n","protected":false},"excerpt":{"rendered":"<p>Orienta\u00e7\u00e3o Geral sobre Exame de Qualifica\u00e7\u00e3o no PCVet (de Agosto de 2023) Neste arquivo encontra-se um descritivo com orienta\u00e7\u00f5es para a realiza\u00e7\u00e3o do Exame de Qualifica\u00e7\u00e3o em n\u00edvel de Mestrado, Doutorado e Doutorado Direto do Programa de Cl\u00ednica Veterin\u00e1ria. Informa\u00e7\u00f5es adicionais e orienta\u00e7\u00f5es detalhadas referentes a inscri\u00e7\u00e3o no Exame de Qualifica\u00e7\u00e3o podem ser obtidas diretamente do regulamento do PCVet e regimento PRPG ao qual o p\u00f3s-graduando est\u00e1 matriculado. Disponibilizamos os arquivos com as orienta\u00e7\u00f5es espec\u00edficas de cada regulamento vigente. Resolu\u00e7\u00e3o CoPGr-6898, de 29-08-2014 (Resolu\u00e7\u00e3o n\u00ba 6542 em vigor de 20\/04\/2013 at\u00e9 28\/03\/2018) &nbsp; Resolu\u00e7\u00e3o CoPGr 7877, de 25 de novembro de 2019 (Resolu\u00e7\u00e3o n\u00ba 7493 em vigor a partir de 29\/03\/2018) &nbsp; &nbsp;<\/p>\n","protected":false},"author":428,"featured_media":0,"parent":0,"menu_order":0,"comment_status":"closed","ping_status":"closed","template":"","meta":{"footnotes":"","_links_to":"","_links_to_target":""},"class_list":["post-1911","page","type-page","status-publish","hentry"],"_links":{"self":[{"href":"https:\/\/sites.usp.br\/pcvet\/wp-json\/wp\/v2\/pages\/1911","targetHints":{"allow":["GET"]}}],"collection":[{"href":"https:\/\/sites.usp.br\/pcvet\/wp-json\/wp\/v2\/pages"}],"about":[{"href":"https:\/\/sites.usp.br\/pcvet\/wp-json\/wp\/v2\/types\/page"}],"author":[{"embeddable":true,"href":"https:\/\/sites.usp.br\/pcvet\/wp-json\/wp\/v2\/users\/428"}],"replies":[{"embeddable":true,"href":"https:\/\/sites.usp.br\/pcvet\/wp-json\/wp\/v2\/comments?post=1911"}],"version-history":[{"count":4,"href":"https:\/\/sites.usp.br\/pcvet\/wp-json\/wp\/v2\/pages\/1911\/revisions"}],"predecessor-version":[{"id":2802,"href":"https:\/\/sites.usp.br\/pcvet\/wp-json\/wp\/v2\/pages\/1911\/revisions\/2802"}],"wp:attachment":[{"href":"https:\/\/sites.usp.br\/pcvet\/wp-json\/wp\/v2\/media?parent=1911"}],"curies":[{"name":"wp","href":"https:\/\/api.w.org\/{rel}","templated":true}]}}