{"id":2106,"date":"2017-08-22T12:26:19","date_gmt":"2017-08-22T15:26:19","guid":{"rendered":"http:\/\/sites.usp.br\/pcvet\/?page_id=2106"},"modified":"2017-08-22T12:30:40","modified_gmt":"2017-08-22T15:30:40","slug":"seminario-de-acompanhamento","status":"publish","type":"page","link":"https:\/\/sites.usp.br\/pcvet\/seminario-de-acompanhamento\/","title":{"rendered":"Semin\u00e1rio de acompanhamento"},"content":{"rendered":"<p>O semin\u00e1rio de acompanhamento consiste em encontro semestral onde todos os alunos (regulares e rec\u00e9m ingressantes) apresentam as atividades desenvolvidas e andamento do projeto.<\/p>\n<p>\u00c9 um importante momento de troca de experi\u00eancias e confraterniza\u00e7\u00e3o.<\/p>\n<p>&nbsp;<\/p>\n<p>&nbsp;<\/p>\n<p><strong>Fotos dos encontros\u00a0<\/strong><\/p>\n<p>2\u00b0 semestre de 2017<\/p>\n<p><a href=\"\/\/sites.usp.br\/pcvet\/seminario-de-acompanhamento\/2017-2-acompanhamento\/\"><img loading=\"lazy\" decoding=\"async\" class=\"aligncenter wp-image-2107 size-large\" src=\"\/\/sites.usp.br\/pcvet\/wp-content\/uploads\/sites\/224\/2016\/08\/2017.2-Acompanhamento-1024x404.jpg\" alt=\"\" width=\"650\" height=\"256\" srcset=\"https:\/\/sites.usp.br\/pcvet\/wp-content\/uploads\/sites\/224\/2016\/08\/2017.2-Acompanhamento-1024x404.jpg 1024w, https:\/\/sites.usp.br\/pcvet\/wp-content\/uploads\/sites\/224\/2016\/08\/2017.2-Acompanhamento-300x118.jpg 300w, https:\/\/sites.usp.br\/pcvet\/wp-content\/uploads\/sites\/224\/2016\/08\/2017.2-Acompanhamento-768x303.jpg 768w, https:\/\/sites.usp.br\/pcvet\/wp-content\/uploads\/sites\/224\/2016\/08\/2017.2-Acompanhamento.jpg 1280w\" sizes=\"auto, (max-width: 650px) 100vw, 650px\" \/><\/a><\/p>\n<p>&nbsp;<\/p>\n<p>&nbsp;<\/p>","protected":false},"excerpt":{"rendered":"<p>O semin\u00e1rio de acompanhamento consiste em encontro semestral onde todos os alunos (regulares e rec\u00e9m ingressantes) apresentam as atividades desenvolvidas e andamento do projeto. \u00c9 um importante momento de troca de experi\u00eancias e confraterniza\u00e7\u00e3o. &nbsp; &nbsp; Fotos dos encontros\u00a0 2\u00b0 semestre de 2017 &nbsp; &nbsp;<\/p>\n","protected":false},"author":428,"featured_media":0,"parent":0,"menu_order":0,"comment_status":"closed","ping_status":"closed","template":"","meta":{"footnotes":"","_links_to":"","_links_to_target":""},"class_list":["post-2106","page","type-page","status-publish","hentry"],"_links":{"self":[{"href":"https:\/\/sites.usp.br\/pcvet\/wp-json\/wp\/v2\/pages\/2106","targetHints":{"allow":["GET"]}}],"collection":[{"href":"https:\/\/sites.usp.br\/pcvet\/wp-json\/wp\/v2\/pages"}],"about":[{"href":"https:\/\/sites.usp.br\/pcvet\/wp-json\/wp\/v2\/types\/page"}],"author":[{"embeddable":true,"href":"https:\/\/sites.usp.br\/pcvet\/wp-json\/wp\/v2\/users\/428"}],"replies":[{"embeddable":true,"href":"https:\/\/sites.usp.br\/pcvet\/wp-json\/wp\/v2\/comments?post=2106"}],"version-history":[{"count":4,"href":"https:\/\/sites.usp.br\/pcvet\/wp-json\/wp\/v2\/pages\/2106\/revisions"}],"predecessor-version":[{"id":2112,"href":"https:\/\/sites.usp.br\/pcvet\/wp-json\/wp\/v2\/pages\/2106\/revisions\/2112"}],"wp:attachment":[{"href":"https:\/\/sites.usp.br\/pcvet\/wp-json\/wp\/v2\/media?parent=2106"}],"curies":[{"name":"wp","href":"https:\/\/api.w.org\/{rel}","templated":true}]}}