{"id":2201,"date":"2018-06-22T23:18:36","date_gmt":"2018-06-23T02:18:36","guid":{"rendered":"http:\/\/sites.usp.br\/pcvet\/?page_id=2201"},"modified":"2025-11-10T12:10:20","modified_gmt":"2025-11-10T15:10:20","slug":"deposito","status":"publish","type":"page","link":"https:\/\/sites.usp.br\/pcvet\/deposito\/","title":{"rendered":"Dep\u00f3sito disserta\u00e7\u00e3o e tese"},"content":{"rendered":"<ul>\n<li>Orienta\u00e7\u00f5es para dep\u00f3sito <strong>online<\/strong> de disserta\u00e7\u00e3o e tese acesse <a href=\"http:\/\/posgraduacao.fmvz.usp.br\/deposito\/\" target=\"_blank\" rel=\"noopener\">o site da SPG FMVZ\u00a0<\/a><\/li>\n<\/ul>\n<p>&nbsp;<\/p>\n<ul>\n<li>Sobre a entrega de vers\u00e3o corrigida acesse as <a href=\"http:\/\/posgraduacao.fmvz.usp.br\/deposito\/versao-corrigida\/\" target=\"_blank\" rel=\"noopener\">informa\u00e7\u00f5es<\/a><\/li>\n<\/ul>\n<p>&nbsp;<\/p>\n<ul>\n<li>Solicite a <a href=\"http:\/\/biblioteca.fmvz.usp.br\/servicos\/solicitacao-ficha-catalografica\/\" target=\"_blank\" rel=\"noopener\">ficha catalogr\u00e1fica<\/a> por meio do servi\u00e7o disponibilizado pela equipe da Biblioteca Viginie Buff D\u00b4\u00c1pice<\/li>\n<\/ul>\n<p>&nbsp;<\/p>\n<ul>\n<li>Obtenha orienta\u00e7\u00e3o sobre a elabora\u00e7\u00e3o de Teses e Disserta\u00e7\u00f5es acessando o arquivo\u00a0 <a href=\"https:\/\/drive.google.com\/file\/d\/17DRsqkDhq1eCIEoXMKcOpgLHn2RD0zVa\/view\">&#8220;Diretrizes para apresenta\u00e7\u00e3o de trabalhos acad\u00eamicos&#8221;<\/a> produzido pela equipe da Biblioteca Virginie Buff D&#8217;\u00c1pice<\/li>\n<\/ul>\n<p>&nbsp;<\/p>\n<ul>\n<li>Acesse os modelos disponibilizados por nossa Biblioteca para <a href=\"http:\/\/biblioteca.fmvz.usp.br\/apoio-a-publicacao-academica\/diretrizes-para-apresentacao-de-trabalhos-academicos\/\" target=\"_blank\" rel=\"noopener\">elabora\u00e7\u00e3o de Teses e Disserta\u00e7\u00f5es<\/a><\/li>\n<\/ul>\n<p>&nbsp;<\/p>\n<ul>\n<li>Para solicita\u00e7\u00e3o de reten\u00e7\u00e3o de Teses e disserta\u00e7\u00f5es depositadas:<\/li>\n<\/ul>\n<p>Os alunos que tiverem interesse em resguardar patentes, direitos autorais e outros direitos, relativos aos seus trabalhos, poder\u00e3o solicitar \u00e0 Comiss\u00e3o de P\u00f3s-Gradua\u00e7\u00e3o (CPG) a n\u00e3o disponibiliza\u00e7\u00e3o da vers\u00e3o integral na Biblioteca Digital de Teses e Disserta\u00e7\u00f5es da USP, conforme a <a href=\"http:\/\/www.leginf.usp.br\/?resolucao=resolucao-copgr-no-7569-de-03-de-outubro-de-2018\" target=\"_blank\" rel=\"noopener noreferrer\">Resolu\u00e7\u00e3o 7569<\/a>, publicado em 04\/10\/2018.<\/p>\n<p>Para isso, submeter junto com o dep\u00f3sito, arquivo em pdf contendo o T\u00edtulo (capa), Resumo e Abstract e o of\u00edcio para <a href=\"https:\/\/sites.usp.br\/pcvet\/wp-content\/uploads\/sites\/224\/2021\/07\/202107-Retencao.doc\" target=\"_blank\" rel=\"noopener\">SOLICITAR RETEN\u00c7\u00c3O<\/a>.<\/p>\n","protected":false},"excerpt":{"rendered":"<p>Orienta\u00e7\u00f5es para dep\u00f3sito online de disserta\u00e7\u00e3o e tese acesse o site da SPG FMVZ\u00a0 &nbsp; Sobre a entrega de vers\u00e3o corrigida acesse as informa\u00e7\u00f5es &nbsp; Solicite a ficha catalogr\u00e1fica por meio do servi\u00e7o disponibilizado pela equipe da Biblioteca Viginie Buff D\u00b4\u00c1pice &nbsp; Obtenha orienta\u00e7\u00e3o sobre a elabora\u00e7\u00e3o de Teses e Disserta\u00e7\u00f5es acessando o arquivo\u00a0 &#8220;Diretrizes para apresenta\u00e7\u00e3o de trabalhos acad\u00eamicos&#8221; produzido pela equipe da Biblioteca Virginie Buff D&#8217;\u00c1pice &nbsp; Acesse os modelos disponibilizados por nossa Biblioteca para elabora\u00e7\u00e3o de Teses e Disserta\u00e7\u00f5es &nbsp; Para solicita\u00e7\u00e3o de reten\u00e7\u00e3o de Teses e disserta\u00e7\u00f5es depositadas: Os alunos que tiverem interesse em resguardar patentes, direitos autorais e outros direitos, relativos aos seus trabalhos, poder\u00e3o solicitar \u00e0 Comiss\u00e3o de P\u00f3s-Gradua\u00e7\u00e3o (CPG) a n\u00e3o disponibiliza\u00e7\u00e3o da vers\u00e3o integral na Biblioteca Digital de Teses e Disserta\u00e7\u00f5es da USP, conforme a Resolu\u00e7\u00e3o 7569, publicado em 04\/10\/2018. Para isso, submeter junto com o dep\u00f3sito, arquivo em pdf contendo o T\u00edtulo (capa), Resumo e Abstract e o of\u00edcio para SOLICITAR RETEN\u00c7\u00c3O.<\/p>\n","protected":false},"author":428,"featured_media":0,"parent":0,"menu_order":0,"comment_status":"closed","ping_status":"closed","template":"","meta":{"footnotes":"","_links_to":"","_links_to_target":""},"class_list":["post-2201","page","type-page","status-publish","hentry"],"_links":{"self":[{"href":"https:\/\/sites.usp.br\/pcvet\/wp-json\/wp\/v2\/pages\/2201","targetHints":{"allow":["GET"]}}],"collection":[{"href":"https:\/\/sites.usp.br\/pcvet\/wp-json\/wp\/v2\/pages"}],"about":[{"href":"https:\/\/sites.usp.br\/pcvet\/wp-json\/wp\/v2\/types\/page"}],"author":[{"embeddable":true,"href":"https:\/\/sites.usp.br\/pcvet\/wp-json\/wp\/v2\/users\/428"}],"replies":[{"embeddable":true,"href":"https:\/\/sites.usp.br\/pcvet\/wp-json\/wp\/v2\/comments?post=2201"}],"version-history":[{"count":4,"href":"https:\/\/sites.usp.br\/pcvet\/wp-json\/wp\/v2\/pages\/2201\/revisions"}],"predecessor-version":[{"id":3053,"href":"https:\/\/sites.usp.br\/pcvet\/wp-json\/wp\/v2\/pages\/2201\/revisions\/3053"}],"wp:attachment":[{"href":"https:\/\/sites.usp.br\/pcvet\/wp-json\/wp\/v2\/media?parent=2201"}],"curies":[{"name":"wp","href":"https:\/\/api.w.org\/{rel}","templated":true}]}}