{"id":2228,"date":"2019-02-25T15:47:16","date_gmt":"2019-02-25T18:47:16","guid":{"rendered":"http:\/\/sites.usp.br\/pcvet\/?page_id=2228"},"modified":"2025-09-29T09:23:30","modified_gmt":"2025-09-29T12:23:30","slug":"editais","status":"publish","type":"page","link":"https:\/\/sites.usp.br\/pcvet\/editais\/","title":{"rendered":"Editais"},"content":{"rendered":"<p>Para informa\u00e7\u00f5es sobre Editais abertos acesse as p\u00e1ginas:<\/p>\n<p>&nbsp;<\/p>\n<p>&#8211; <a href=\"https:\/\/sites.usp.br\/pcvet\/selecao-de-pos-graduandos\/\" target=\"_blank\" rel=\"noopener noreferrer\">Sele\u00e7\u00e3o de p\u00f3s-graduandos PCVet em fluxo cont\u00ednuo<\/a> <span style=\"color: #00ff00;\">(aberto)<\/span><\/p>\n<p>&nbsp;<\/p>\n<p>&#8211; Editais de internacionaliza\u00e7\u00e3o PrInt USP \/ CAPES<\/p>\n<ul>\n<li>Programa de Doutorado Sandu\u00edche no Exterior (PDSE)\u00a0<span style=\"color: #0000ff;\"><a style=\"color: #0000ff;\" href=\"https:\/\/sites.usp.br\/pcvet\/capes\"> Resultado final 26\/09\/2025<\/a><\/span><\/li>\n<li>Programa de Professor Visitante do Exterior (PVE) <span style=\"color: #ff0000;\">(fechado)<\/span><\/li>\n<li>Programa de Apoio a Miss\u00f5es Acad\u00eamico\/Cient\u00edficas no Exterior (PAME) <span style=\"color: #ff0000;\">(fechado)<\/span><\/li>\n<li>Programa de Capacita\u00e7\u00e3o de Servidores no Exterior (CAP) <span style=\"color: #ff0000;\">(fechado)<\/span><\/li>\n<li>Programa Jovem Talento com Experi\u00eancia no Exterior (JTEE) <span style=\"color: #ff0000;\">(fechado)<\/span><\/li>\n<li>Programa Professor Visitante no Exterior J\u00fanior\/S\u00eanior (PVEJS) <span style=\"color: #ff0000;\">(fechado)<\/span><\/li>\n<\/ul>\n<p>Para outras informa\u00e7\u00f5es sobre o PrInt\/USP acesse o site <a href=\"https:\/\/sites.usp.br\/print\/\" target=\"_blank\" rel=\"noopener noreferrer\">institucional<\/a><\/p>\n<p>&nbsp;<\/p>\n<p>&#8211; Outros Editais:<\/p>\n<ul>\n<li>Programa Nacional de P\u00f3s-Doutorado \u2013 <a href=\"https:\/\/sites.usp.br\/pcvet\/pos-doutorado\/\" target=\"_blank\" rel=\"noopener noreferrer\">PNPD\/CAPES<\/a> <span style=\"color: #ff0000;\">(Encerrado)<\/span><\/li>\n<\/ul>\n<p>&nbsp;<\/p>\n","protected":false},"excerpt":{"rendered":"<p>Para informa\u00e7\u00f5es sobre Editais abertos acesse as p\u00e1ginas: &nbsp; &#8211; Sele\u00e7\u00e3o de p\u00f3s-graduandos PCVet em fluxo cont\u00ednuo (aberto) &nbsp; &#8211; Editais de internacionaliza\u00e7\u00e3o PrInt USP \/ CAPES Programa de Doutorado Sandu\u00edche no Exterior (PDSE)\u00a0 Resultado final 26\/09\/2025 Programa de Professor Visitante do Exterior (PVE) (fechado) Programa de Apoio a Miss\u00f5es Acad\u00eamico\/Cient\u00edficas no Exterior (PAME) (fechado) Programa de Capacita\u00e7\u00e3o de Servidores no Exterior (CAP) (fechado) Programa Jovem Talento com Experi\u00eancia no Exterior (JTEE) (fechado) Programa Professor Visitante no Exterior J\u00fanior\/S\u00eanior (PVEJS) (fechado) Para outras informa\u00e7\u00f5es sobre o PrInt\/USP acesse o site institucional &nbsp; &#8211; Outros Editais: Programa Nacional de P\u00f3s-Doutorado \u2013 PNPD\/CAPES (Encerrado) &nbsp;<\/p>\n","protected":false},"author":428,"featured_media":0,"parent":0,"menu_order":0,"comment_status":"closed","ping_status":"closed","template":"","meta":{"footnotes":"","_links_to":"","_links_to_target":""},"class_list":["post-2228","page","type-page","status-publish","hentry"],"_links":{"self":[{"href":"https:\/\/sites.usp.br\/pcvet\/wp-json\/wp\/v2\/pages\/2228","targetHints":{"allow":["GET"]}}],"collection":[{"href":"https:\/\/sites.usp.br\/pcvet\/wp-json\/wp\/v2\/pages"}],"about":[{"href":"https:\/\/sites.usp.br\/pcvet\/wp-json\/wp\/v2\/types\/page"}],"author":[{"embeddable":true,"href":"https:\/\/sites.usp.br\/pcvet\/wp-json\/wp\/v2\/users\/428"}],"replies":[{"embeddable":true,"href":"https:\/\/sites.usp.br\/pcvet\/wp-json\/wp\/v2\/comments?post=2228"}],"version-history":[{"count":4,"href":"https:\/\/sites.usp.br\/pcvet\/wp-json\/wp\/v2\/pages\/2228\/revisions"}],"predecessor-version":[{"id":3045,"href":"https:\/\/sites.usp.br\/pcvet\/wp-json\/wp\/v2\/pages\/2228\/revisions\/3045"}],"wp:attachment":[{"href":"https:\/\/sites.usp.br\/pcvet\/wp-json\/wp\/v2\/media?parent=2228"}],"curies":[{"name":"wp","href":"https:\/\/api.w.org\/{rel}","templated":true}]}}