{"id":2382,"date":"2020-05-01T18:21:44","date_gmt":"2020-05-01T21:21:44","guid":{"rendered":"http:\/\/sites.usp.br\/pcvet\/?page_id=2382"},"modified":"2020-05-01T18:21:44","modified_gmt":"2020-05-01T21:21:44","slug":"patentes","status":"publish","type":"page","link":"https:\/\/sites.usp.br\/pcvet\/patentes\/","title":{"rendered":"Patentes"},"content":{"rendered":"<h4>Patentes<\/h4>\n<p>&nbsp;<\/p>\n<p>Para mais informa\u00e7\u00f5es sobre patentes acesse: <a href=\"http:\/\/www.inovacao.usp.br\/patentes\/\" target=\"_blank\" rel=\"noopener noreferrer\">O que \u00e9 uma Patente?<\/a><\/p>\n<p>&nbsp;<\/p>\n<p>Se quiser saber como solicitar uma patente acesse: <a href=\"http:\/\/www.inovacao.usp.br\/comosolicitar\/\" target=\"_blank\" rel=\"noopener noreferrer\">Solicitando patentes<\/a><\/p>\n<p>&nbsp;<\/p>\n<p>Baixe o <a href=\"https:\/\/sites.usp.br\/pcvet\/wp-content\/uploads\/sites\/224\/2020\/05\/CARTILHA_PI_bom.pdf\" target=\"_blank\" rel=\"noopener noreferrer\">Guia Pr\u00e1tico I de Introdu\u00e7\u00e3o \u00e0 Propriedade Intelectual<\/a> da Ag\u00eancia de Inova\u00e7\u00e3o da USP<\/p>\n<p><a href=\"https:\/\/sites.usp.br\/pcvet\/wp-content\/uploads\/sites\/224\/2020\/05\/CARTILHA_PI_bom.pdf\" target=\"_blank\" rel=\"noopener noreferrer\"><img loading=\"lazy\" decoding=\"async\" class=\"wp-image-2384 size-medium aligncenter\" src=\"https:\/\/sites.usp.br\/pcvet\/wp-content\/uploads\/sites\/224\/2020\/05\/guia-prop-intelec-auspin-213x300.png\" alt=\"Gui pr\u00e1tico I - Introdu\u00e7\u00e3o \u00e0 propriedade intelectual (AUSPIN)\" width=\"213\" height=\"300\" data-id=\"2384\" srcset=\"https:\/\/sites.usp.br\/pcvet\/wp-content\/uploads\/sites\/224\/2020\/05\/guia-prop-intelec-auspin-213x300.png 213w, https:\/\/sites.usp.br\/pcvet\/wp-content\/uploads\/sites\/224\/2020\/05\/guia-prop-intelec-auspin-727x1024.png 727w, https:\/\/sites.usp.br\/pcvet\/wp-content\/uploads\/sites\/224\/2020\/05\/guia-prop-intelec-auspin.png 744w\" sizes=\"auto, (max-width: 213px) 100vw, 213px\" \/><\/a><\/p>\n<p>&nbsp;<\/p>\n<p>&nbsp;<\/p>\n","protected":false},"excerpt":{"rendered":"<p>Patentes &nbsp; Para mais informa\u00e7\u00f5es sobre patentes acesse: O que \u00e9 uma Patente? &nbsp; Se quiser saber como solicitar uma patente acesse: Solicitando patentes &nbsp; Baixe o Guia Pr\u00e1tico I de Introdu\u00e7\u00e3o \u00e0 Propriedade Intelectual da Ag\u00eancia de Inova\u00e7\u00e3o da USP &nbsp; &nbsp;<\/p>\n","protected":false},"author":428,"featured_media":0,"parent":0,"menu_order":0,"comment_status":"closed","ping_status":"closed","template":"","meta":{"footnotes":"","_links_to":"","_links_to_target":""},"class_list":["post-2382","page","type-page","status-publish","hentry"],"_links":{"self":[{"href":"https:\/\/sites.usp.br\/pcvet\/wp-json\/wp\/v2\/pages\/2382","targetHints":{"allow":["GET"]}}],"collection":[{"href":"https:\/\/sites.usp.br\/pcvet\/wp-json\/wp\/v2\/pages"}],"about":[{"href":"https:\/\/sites.usp.br\/pcvet\/wp-json\/wp\/v2\/types\/page"}],"author":[{"embeddable":true,"href":"https:\/\/sites.usp.br\/pcvet\/wp-json\/wp\/v2\/users\/428"}],"replies":[{"embeddable":true,"href":"https:\/\/sites.usp.br\/pcvet\/wp-json\/wp\/v2\/comments?post=2382"}],"version-history":[{"count":1,"href":"https:\/\/sites.usp.br\/pcvet\/wp-json\/wp\/v2\/pages\/2382\/revisions"}],"predecessor-version":[{"id":2386,"href":"https:\/\/sites.usp.br\/pcvet\/wp-json\/wp\/v2\/pages\/2382\/revisions\/2386"}],"wp:attachment":[{"href":"https:\/\/sites.usp.br\/pcvet\/wp-json\/wp\/v2\/media?parent=2382"}],"curies":[{"name":"wp","href":"https:\/\/api.w.org\/{rel}","templated":true}]}}