{"id":2405,"date":"2020-06-02T22:55:39","date_gmt":"2020-06-03T01:55:39","guid":{"rendered":"http:\/\/sites.usp.br\/pcvet\/?page_id=2405"},"modified":"2020-06-02T22:55:39","modified_gmt":"2020-06-03T01:55:39","slug":"inovacao","status":"publish","type":"page","link":"https:\/\/sites.usp.br\/pcvet\/inovacao\/","title":{"rendered":"inova\u00e7\u00e3o"},"content":{"rendered":"<h3><span style=\"color: #ff6600;\">Inova\u00e7\u00e3o<\/span><\/h3>\n<p>Conhe\u00e7a a Ag\u00eancia USP de Inova\u00e7\u00e3o (AUSPIN)<a href=\"http:\/\/www.inovacao.usp.br\/\" target=\"_blank\" rel=\"noopener noreferrer\"><img loading=\"lazy\" decoding=\"async\" class=\" wp-image-2406 aligncenter\" src=\"https:\/\/sites.usp.br\/pcvet\/wp-content\/uploads\/sites\/224\/2020\/06\/auspin.jpg\" alt=\"\" width=\"266\" height=\"177\" data-id=\"2406\" srcset=\"https:\/\/sites.usp.br\/pcvet\/wp-content\/uploads\/sites\/224\/2020\/06\/auspin.jpg 360w, https:\/\/sites.usp.br\/pcvet\/wp-content\/uploads\/sites\/224\/2020\/06\/auspin-300x200.jpg 300w\" sizes=\"auto, (max-width: 266px) 100vw, 266px\" \/><\/a><\/p>\n<p>A Ag\u00eancia USP de Inova\u00e7\u00e3o \u00e9 o N\u00facleo de Inova\u00e7\u00e3o Tecnol\u00f3gica da USP, respons\u00e1vel por gerir a pol\u00edtica de inova\u00e7\u00e3o para promover a utiliza\u00e7\u00e3o do conhecimento cient\u00edfico, tecnol\u00f3gico e cultural produzido na universidade, em prol do desenvolvimento socioecon\u00f4mico sustent\u00e1vel do Estado de S\u00e3o Paulo e do pa\u00eds.<\/p>\n<p>Atua na prote\u00e7\u00e3o do patrim\u00f4nio industrial e intelectual gerado na Universidade de S\u00e3o Paulo, efetuando todos os procedimentos necess\u00e1rios para o registro de patentes, marcas, direitos autorais de livros, softwares, m\u00fasicas, entre outras cria\u00e7\u00f5es.<\/p>\n<p>Oferece apoio aos docentes, alunos e funcion\u00e1rios da USP na elabora\u00e7\u00e3o de projetos em parceria para melhor gerenciar as rela\u00e7\u00f5es com os setores empresariais, bem como, comunicar para a sociedade em geral o impacto e os benef\u00edcios das inova\u00e7\u00f5es guiadas pela ci\u00eancia desenvolvida pelos pesquisadores da USP.<\/p>\n<p>Por meio de incubadoras de empresas, de parques tecnol\u00f3gicos e de treinamentos espec\u00edficos, promove o empreendedorismo, oferecendo suporte t\u00e9cnico, gerencial e forma\u00e7\u00e3o complementar ao empreendedor. Trabalha tamb\u00e9m na transfer\u00eancia de tecnologias, preocupando-se em coloc\u00e1-las \u00e0 disposi\u00e7\u00e3o da sociedade.<\/p>\n<p>Para saber mais acesse o <a href=\"http:\/\/www.inovacao.usp.br\/\" target=\"_blank\" rel=\"noopener noreferrer\">site da Auspin<\/a><\/p>\n<div style=\"max-width: 1733px;\">\n<div style=\"left: 0; width: 100%; height: 0; position: relative; padding-bottom: 56.25%;\"><iframe title=\"AUSPIN - Ag\u00eancia USP de Inova\u00e7\u00e3o\" src=\"https:\/\/www.youtube.com\/embed\/FUb5SC5fgnU?rel=0\" style=\"top: 0; left: 0; width: 100%; height: 100%; position: absolute; border: 0;\" allowfullscreen scrolling=\"no\" allow=\"accelerometer; clipboard-write; encrypted-media; gyroscope; picture-in-picture; web-share;\"><\/iframe><\/div>\n<\/div>\n<p>&nbsp;<\/p>\n","protected":false},"excerpt":{"rendered":"<p>Inova\u00e7\u00e3o Conhe\u00e7a a Ag\u00eancia USP de Inova\u00e7\u00e3o (AUSPIN) A Ag\u00eancia USP de Inova\u00e7\u00e3o \u00e9 o N\u00facleo de Inova\u00e7\u00e3o Tecnol\u00f3gica da USP, respons\u00e1vel por gerir a pol\u00edtica de inova\u00e7\u00e3o para promover a utiliza\u00e7\u00e3o do conhecimento cient\u00edfico, tecnol\u00f3gico e cultural produzido na universidade, em prol do desenvolvimento socioecon\u00f4mico sustent\u00e1vel do Estado de S\u00e3o Paulo e do pa\u00eds. Atua na prote\u00e7\u00e3o do patrim\u00f4nio industrial e intelectual gerado na Universidade de S\u00e3o Paulo, efetuando todos os procedimentos necess\u00e1rios para o registro de patentes, marcas, direitos autorais de livros, softwares, m\u00fasicas, entre outras cria\u00e7\u00f5es. Oferece apoio aos docentes, alunos e funcion\u00e1rios da USP na elabora\u00e7\u00e3o de projetos em parceria para melhor gerenciar as rela\u00e7\u00f5es com os setores empresariais, bem como, comunicar para a sociedade em geral o impacto e os benef\u00edcios das inova\u00e7\u00f5es guiadas pela ci\u00eancia desenvolvida pelos pesquisadores da USP. Por meio de incubadoras de empresas, de parques tecnol\u00f3gicos e de treinamentos espec\u00edficos, promove o empreendedorismo, oferecendo suporte t\u00e9cnico, gerencial e forma\u00e7\u00e3o complementar ao empreendedor. Trabalha tamb\u00e9m na transfer\u00eancia de tecnologias, preocupando-se em coloc\u00e1-las \u00e0 disposi\u00e7\u00e3o da sociedade. Para saber mais acesse o site da Auspin &nbsp;<\/p>\n","protected":false},"author":428,"featured_media":0,"parent":0,"menu_order":0,"comment_status":"closed","ping_status":"closed","template":"","meta":{"footnotes":"","_links_to":"","_links_to_target":""},"class_list":["post-2405","page","type-page","status-publish","hentry"],"_links":{"self":[{"href":"https:\/\/sites.usp.br\/pcvet\/wp-json\/wp\/v2\/pages\/2405","targetHints":{"allow":["GET"]}}],"collection":[{"href":"https:\/\/sites.usp.br\/pcvet\/wp-json\/wp\/v2\/pages"}],"about":[{"href":"https:\/\/sites.usp.br\/pcvet\/wp-json\/wp\/v2\/types\/page"}],"author":[{"embeddable":true,"href":"https:\/\/sites.usp.br\/pcvet\/wp-json\/wp\/v2\/users\/428"}],"replies":[{"embeddable":true,"href":"https:\/\/sites.usp.br\/pcvet\/wp-json\/wp\/v2\/comments?post=2405"}],"version-history":[{"count":1,"href":"https:\/\/sites.usp.br\/pcvet\/wp-json\/wp\/v2\/pages\/2405\/revisions"}],"predecessor-version":[{"id":2414,"href":"https:\/\/sites.usp.br\/pcvet\/wp-json\/wp\/v2\/pages\/2405\/revisions\/2414"}],"wp:attachment":[{"href":"https:\/\/sites.usp.br\/pcvet\/wp-json\/wp\/v2\/media?parent=2405"}],"curies":[{"name":"wp","href":"https:\/\/api.w.org\/{rel}","templated":true}]}}