{"id":2550,"date":"2021-05-05T12:54:14","date_gmt":"2021-05-05T15:54:14","guid":{"rendered":"http:\/\/sites.usp.br\/pcvet\/?page_id=2550"},"modified":"2021-05-05T13:19:58","modified_gmt":"2021-05-05T16:19:58","slug":"e-mail-usp","status":"publish","type":"page","link":"https:\/\/sites.usp.br\/pcvet\/e-mail-usp\/","title":{"rendered":"E-mail USP"},"content":{"rendered":"<p>\u00c9 importante que todo p\u00f3s-graduando regularmente matriculado solicite e utilize o e-mail institucional (@usp.br). Muitas oportunidades e comunicados apenas ocorrem por essa via.<\/p>\n<p>Este e-mail \u00e9 de uso\u00a0<strong>obrigat\u00f3rio<\/strong>\u00a0nos diferentes sistemas da USP e deve ser inserido no seu cadastro da ficha do aluno.<\/p>\n<p>Para solicitar e-mail institucional USP, o aluno deve acessar o portal digital com sua senha \u00fanica em &lt;id.usp.br&gt;. Ap\u00f3s o login, \u00e9 poss\u00edvel identificar, no menu lateral esquerdo, o t\u00f3pico &#8220;Solicitar e-mail&#8221;. Basta selecionar o t\u00f3pico e assim, seguir as instru\u00e7\u00f5es dadas na p\u00e1gina. Veja a imagem abaixo com os primeiros passos.<\/p>\n<p><img loading=\"lazy\" decoding=\"async\" class=\"size-large wp-image-2553 aligncenter\" src=\"https:\/\/sites.usp.br\/pcvet\/wp-content\/uploads\/sites\/224\/2021\/05\/solicitacao-email-724x1024.png\" alt=\"\" width=\"650\" height=\"919\" data-id=\"2553\" srcset=\"https:\/\/sites.usp.br\/pcvet\/wp-content\/uploads\/sites\/224\/2021\/05\/solicitacao-email-724x1024.png 724w, https:\/\/sites.usp.br\/pcvet\/wp-content\/uploads\/sites\/224\/2021\/05\/solicitacao-email-212x300.png 212w, https:\/\/sites.usp.br\/pcvet\/wp-content\/uploads\/sites\/224\/2021\/05\/solicitacao-email-768x1086.png 768w, https:\/\/sites.usp.br\/pcvet\/wp-content\/uploads\/sites\/224\/2021\/05\/solicitacao-email.png 832w\" sizes=\"auto, (max-width: 650px) 100vw, 650px\" \/><\/p>\n<p>Para mais detalhes de como criar seu email USP <a href=\"https:\/\/atendimentosti.usp.br\/otrs\/public.pl?Action=PublicFAQZoom;ItemID=43\" target=\"_blank\" rel=\"noopener\">acesse o site <\/a>da Superintend\u00eancia de Tecnologia da Informa\u00e7\u00e3o\u00a0da USP.<\/p>\n<p>&nbsp;<\/p>\n<p style=\"text-align: center;\">Leia a reportagem abaixo e veja as vantagens e gratuidades de ser aluno USP.<\/p>\n<div class=\"iframely-embed\">\n<div class=\"iframely-responsive\" style=\"padding-bottom: 52.5%; padding-top: 120px;\"><a href=\"https:\/\/jornal.usp.br\/universidade\/gratuidades-e-descontos-confira-as-vantagens-de-ser-aluno-da-usp\/\" data-iframely-url=\"\/\/cdn.iframe.ly\/api\/iframe?maxheight=975&#038;url=https%3A%2F%2Fjornal.usp.br%2Funiversidade%2Fgratuidades-e-descontos-confira-as-vantagens-de-ser-aluno-da-usp%2F&#038;key=921fd5b859f38982ad5b20a147bffbd9\"><\/a><\/div>\n<\/div>\n<p><script async src=\"\/\/cdn.iframe.ly\/embed.js\" charset=\"utf-8\"><\/script><\/p>\n<h6 style=\"text-align: center;\">Fonte: Jornal da USP<\/h6>\n","protected":false},"excerpt":{"rendered":"<p>\u00c9 importante que todo p\u00f3s-graduando regularmente matriculado solicite e utilize o e-mail institucional (@usp.br). Muitas oportunidades e comunicados apenas ocorrem por essa via. Este e-mail \u00e9 de uso\u00a0obrigat\u00f3rio\u00a0nos diferentes sistemas da USP e deve ser inserido no seu cadastro da ficha do aluno. Para solicitar e-mail institucional USP, o aluno deve acessar o portal digital com sua senha \u00fanica em &lt;id.usp.br&gt;. Ap\u00f3s o login, \u00e9 poss\u00edvel identificar, no menu lateral esquerdo, o t\u00f3pico &#8220;Solicitar e-mail&#8221;. Basta selecionar o t\u00f3pico e assim, seguir as instru\u00e7\u00f5es dadas na p\u00e1gina. Veja a imagem abaixo com os primeiros passos. Para mais detalhes de como criar seu email USP acesse o site da Superintend\u00eancia de Tecnologia da Informa\u00e7\u00e3o\u00a0da USP. &nbsp; Leia a reportagem abaixo e veja as vantagens e gratuidades de ser aluno USP. Fonte: Jornal da USP<\/p>\n","protected":false},"author":428,"featured_media":0,"parent":0,"menu_order":0,"comment_status":"closed","ping_status":"closed","template":"","meta":{"footnotes":"","_links_to":"","_links_to_target":""},"class_list":["post-2550","page","type-page","status-publish","hentry"],"_links":{"self":[{"href":"https:\/\/sites.usp.br\/pcvet\/wp-json\/wp\/v2\/pages\/2550","targetHints":{"allow":["GET"]}}],"collection":[{"href":"https:\/\/sites.usp.br\/pcvet\/wp-json\/wp\/v2\/pages"}],"about":[{"href":"https:\/\/sites.usp.br\/pcvet\/wp-json\/wp\/v2\/types\/page"}],"author":[{"embeddable":true,"href":"https:\/\/sites.usp.br\/pcvet\/wp-json\/wp\/v2\/users\/428"}],"replies":[{"embeddable":true,"href":"https:\/\/sites.usp.br\/pcvet\/wp-json\/wp\/v2\/comments?post=2550"}],"version-history":[{"count":3,"href":"https:\/\/sites.usp.br\/pcvet\/wp-json\/wp\/v2\/pages\/2550\/revisions"}],"predecessor-version":[{"id":2555,"href":"https:\/\/sites.usp.br\/pcvet\/wp-json\/wp\/v2\/pages\/2550\/revisions\/2555"}],"wp:attachment":[{"href":"https:\/\/sites.usp.br\/pcvet\/wp-json\/wp\/v2\/media?parent=2550"}],"curies":[{"name":"wp","href":"https:\/\/api.w.org\/{rel}","templated":true}]}}