{"id":2561,"date":"2021-05-11T12:08:49","date_gmt":"2021-05-11T15:08:49","guid":{"rendered":"https:\/\/sites.usp.br\/pcvet\/?page_id=2561"},"modified":"2022-11-01T12:16:46","modified_gmt":"2022-11-01T15:16:46","slug":"manual-do-pos-graduando","status":"publish","type":"page","link":"https:\/\/sites.usp.br\/pcvet\/manual-do-pos-graduando\/","title":{"rendered":"Manual do P\u00f3s-graduando"},"content":{"rendered":"<p><span style=\"color: #ff6600;\"><strong>Manual do P\u00f3s-Graduando PCVet<\/strong><\/span><\/p>\n<p>O manual foi elaborado pelas representantes discentes N\u00fabia Rodrigues e Paula Tokawa (mandato 2020-2021) em colabora\u00e7\u00e3o com as p\u00f3s-graduandas Sarah Seidel, Telma Strauss e Mariluce Oliveira com o objetivo de abordar d\u00favidas recorrentes de forma clara e trazer informa\u00e7\u00f5es que possam facilitar a vida do p\u00f3s-graduando do PCVet.<\/p>\n<p>Pedimos que baixe-o e consulte-o sempre que precisar (clique na imagem para fazer o download).<\/p>\n<p>De forma a complementar e aprofundar algumas das informa\u00e7\u00f5es acesse e leia tamb\u00e9m o Regimento da P\u00f3s-Gradua\u00e7\u00e3o da USP e o regulamento pertinente ao nosso programa e a Comiss\u00e3o de P\u00f3s-Gradua\u00e7\u00e3o (<a href=\"https:\/\/sites.usp.br\/pcvet\/normas\/\" target=\"_blank\" rel=\"noopener\">acesse as normas vigentes<\/a>).<\/p>\n<p><a href=\"https:\/\/sites.usp.br\/pcvet\/wp-content\/uploads\/sites\/224\/2022\/11\/202211-Manual-PG-PCVet-COM-FICHA-corrigido.pdf\" target=\"_blank\" rel=\"noopener\"><img loading=\"lazy\" decoding=\"async\" class=\" wp-image-2563 aligncenter\" src=\"https:\/\/sites.usp.br\/pcvet\/wp-content\/uploads\/sites\/224\/2021\/05\/Manual-do-Pos-graduando-724x1024.png\" alt=\"\" width=\"537\" height=\"759\" data-id=\"2563\" srcset=\"https:\/\/sites.usp.br\/pcvet\/wp-content\/uploads\/sites\/224\/2021\/05\/Manual-do-Pos-graduando-724x1024.png 724w, https:\/\/sites.usp.br\/pcvet\/wp-content\/uploads\/sites\/224\/2021\/05\/Manual-do-Pos-graduando-212x300.png 212w, https:\/\/sites.usp.br\/pcvet\/wp-content\/uploads\/sites\/224\/2021\/05\/Manual-do-Pos-graduando-768x1086.png 768w, https:\/\/sites.usp.br\/pcvet\/wp-content\/uploads\/sites\/224\/2021\/05\/Manual-do-Pos-graduando-1086x1536.png 1086w, https:\/\/sites.usp.br\/pcvet\/wp-content\/uploads\/sites\/224\/2021\/05\/Manual-do-Pos-graduando-1448x2048.png 1448w, https:\/\/sites.usp.br\/pcvet\/wp-content\/uploads\/sites\/224\/2021\/05\/Manual-do-Pos-graduando.png 1587w\" sizes=\"auto, (max-width: 537px) 100vw, 537px\" \/><\/a><\/p>\n","protected":false},"excerpt":{"rendered":"<p>Manual do P\u00f3s-Graduando PCVet O manual foi elaborado pelas representantes discentes N\u00fabia Rodrigues e Paula Tokawa (mandato 2020-2021) em colabora\u00e7\u00e3o com as p\u00f3s-graduandas Sarah Seidel, Telma Strauss e Mariluce Oliveira com o objetivo de abordar d\u00favidas recorrentes de forma clara e trazer informa\u00e7\u00f5es que possam facilitar a vida do p\u00f3s-graduando do PCVet. Pedimos que baixe-o e consulte-o sempre que precisar (clique na imagem para fazer o download). De forma a complementar e aprofundar algumas das informa\u00e7\u00f5es acesse e leia tamb\u00e9m o Regimento da P\u00f3s-Gradua\u00e7\u00e3o da USP e o regulamento pertinente ao nosso programa e a Comiss\u00e3o de P\u00f3s-Gradua\u00e7\u00e3o (acesse as normas vigentes).<\/p>\n","protected":false},"author":428,"featured_media":0,"parent":0,"menu_order":0,"comment_status":"closed","ping_status":"closed","template":"","meta":{"footnotes":"","_links_to":"","_links_to_target":""},"class_list":["post-2561","page","type-page","status-publish","hentry"],"_links":{"self":[{"href":"https:\/\/sites.usp.br\/pcvet\/wp-json\/wp\/v2\/pages\/2561","targetHints":{"allow":["GET"]}}],"collection":[{"href":"https:\/\/sites.usp.br\/pcvet\/wp-json\/wp\/v2\/pages"}],"about":[{"href":"https:\/\/sites.usp.br\/pcvet\/wp-json\/wp\/v2\/types\/page"}],"author":[{"embeddable":true,"href":"https:\/\/sites.usp.br\/pcvet\/wp-json\/wp\/v2\/users\/428"}],"replies":[{"embeddable":true,"href":"https:\/\/sites.usp.br\/pcvet\/wp-json\/wp\/v2\/comments?post=2561"}],"version-history":[{"count":4,"href":"https:\/\/sites.usp.br\/pcvet\/wp-json\/wp\/v2\/pages\/2561\/revisions"}],"predecessor-version":[{"id":2701,"href":"https:\/\/sites.usp.br\/pcvet\/wp-json\/wp\/v2\/pages\/2561\/revisions\/2701"}],"wp:attachment":[{"href":"https:\/\/sites.usp.br\/pcvet\/wp-json\/wp\/v2\/media?parent=2561"}],"curies":[{"name":"wp","href":"https:\/\/api.w.org\/{rel}","templated":true}]}}