{"id":2725,"date":"2023-02-10T13:54:38","date_gmt":"2023-02-10T16:54:38","guid":{"rendered":"https:\/\/sites.usp.br\/pcvet\/?page_id=2725"},"modified":"2025-02-05T19:10:56","modified_gmt":"2025-02-05T22:10:56","slug":"reunioes-cd-vcm","status":"publish","type":"page","link":"https:\/\/sites.usp.br\/pcvet\/reunioes-cd-vcm\/","title":{"rendered":"CD VCM"},"content":{"rendered":"<p style=\"text-align: center;\"><strong>Calend\u00e1rio de Reuni\u00f5es do Conselho de Departamento da Cl\u00ednica M\u00e9dica<\/strong><\/p>\n<p style=\"text-align: center;\"><span style=\"color: #ff6600;\"><strong>1\u00b0 semestre de 2025<\/strong><\/span><\/p>\n<p style=\"text-align: center;\">14 de fevereiro<\/p>\n<p style=\"text-align: center;\">14 de mar\u00e7o<\/p>\n<p style=\"text-align: center;\">11 de abril<\/p>\n<p style=\"text-align: center;\">16 de maio<\/p>\n<p style=\"text-align: center;\">13 de junho<\/p>\n<p style=\"text-align: center;\"><span style=\"color: #ff6600;\"><strong>2\u00b0 semestre de 2025<\/strong><\/span><\/p>\n<p style=\"text-align: center;\">\u00a0(a definir)<\/p>\n<p style=\"text-align: center;\">de agosto<\/p>\n<p style=\"text-align: center;\">\u00a0de setembro<\/p>\n<p style=\"text-align: center;\">\u00a0de outubro<\/p>\n<p style=\"text-align: center;\">\u00a0de novembro<\/p>\n<p style=\"text-align: center;\">\u00a0de dezembro<\/p>\n<p style=\"text-align: center;\">As reuni\u00f5es tem in\u00edcio as <strong>14:00h.<\/strong><\/p>\n","protected":false},"excerpt":{"rendered":"<p>Calend\u00e1rio de Reuni\u00f5es do Conselho de Departamento da Cl\u00ednica M\u00e9dica 1\u00b0 semestre de 2025 14 de fevereiro 14 de mar\u00e7o 11 de abril 16 de maio 13 de junho 2\u00b0 semestre de 2025 \u00a0(a definir) de agosto \u00a0de setembro \u00a0de outubro \u00a0de novembro \u00a0de dezembro As reuni\u00f5es tem in\u00edcio as 14:00h.<\/p>\n","protected":false},"author":428,"featured_media":0,"parent":0,"menu_order":0,"comment_status":"closed","ping_status":"closed","template":"","meta":{"footnotes":"","_links_to":"","_links_to_target":""},"class_list":["post-2725","page","type-page","status-publish","hentry"],"_links":{"self":[{"href":"https:\/\/sites.usp.br\/pcvet\/wp-json\/wp\/v2\/pages\/2725","targetHints":{"allow":["GET"]}}],"collection":[{"href":"https:\/\/sites.usp.br\/pcvet\/wp-json\/wp\/v2\/pages"}],"about":[{"href":"https:\/\/sites.usp.br\/pcvet\/wp-json\/wp\/v2\/types\/page"}],"author":[{"embeddable":true,"href":"https:\/\/sites.usp.br\/pcvet\/wp-json\/wp\/v2\/users\/428"}],"replies":[{"embeddable":true,"href":"https:\/\/sites.usp.br\/pcvet\/wp-json\/wp\/v2\/comments?post=2725"}],"version-history":[{"count":4,"href":"https:\/\/sites.usp.br\/pcvet\/wp-json\/wp\/v2\/pages\/2725\/revisions"}],"predecessor-version":[{"id":2922,"href":"https:\/\/sites.usp.br\/pcvet\/wp-json\/wp\/v2\/pages\/2725\/revisions\/2922"}],"wp:attachment":[{"href":"https:\/\/sites.usp.br\/pcvet\/wp-json\/wp\/v2\/media?parent=2725"}],"curies":[{"name":"wp","href":"https:\/\/api.w.org\/{rel}","templated":true}]}}