{"id":194,"date":"2020-07-29T02:48:26","date_gmt":"2020-07-29T04:48:26","guid":{"rendered":"https:\/\/sites.usp.br\/pef\/?page_id=194"},"modified":"2022-05-05T16:20:00","modified_gmt":"2022-05-05T18:20:00","slug":"apresentacao","status":"publish","type":"page","link":"https:\/\/sites.usp.br\/pef\/apresentacao\/","title":{"rendered":"Apresenta\u00e7\u00e3o"},"content":{"rendered":"\t\t<div data-elementor-type=\"wp-page\" data-elementor-id=\"194\" class=\"elementor elementor-194\" data-elementor-post-type=\"page\">\n\t\t\t\t\t\t<section class=\"elementor-section elementor-top-section elementor-element elementor-element-10710372 elementor-section-boxed elementor-section-height-default elementor-section-height-default\" data-id=\"10710372\" data-element_type=\"section\">\n\t\t\t\t\t\t<div class=\"elementor-container elementor-column-gap-default\">\n\t\t\t\t\t<div class=\"elementor-column elementor-col-100 elementor-top-column elementor-element elementor-element-380ee616\" data-id=\"380ee616\" data-element_type=\"column\">\n\t\t\t<div class=\"elementor-widget-wrap elementor-element-populated\">\n\t\t\t\t\t\t<div class=\"elementor-element elementor-element-419c6a15 elementor-widget elementor-widget-text-editor\" data-id=\"419c6a15\" data-element_type=\"widget\" data-widget_type=\"text-editor.default\">\n\t\t\t\t<div class=\"elementor-widget-container\">\n\t\t\t\t\t\t\t<h1 class=\"page-title\" style=\"text-align: center;\"><span style=\"font-family: 'times new roman', times, serif; font-size: 24pt;\"><em><strong><span style=\"color: #000000;\">Apresenta\u00e7\u00e3o<\/span><\/strong><\/em><\/span><\/h1>\n<div id=\"post-content\">\n<div id=\"post-content\">\n<p><span style=\"font-family: 'times new roman', times, serif; color: #000000;\">O PEF-EPUSP \u00e9 um dos quatro departamentos respons\u00e1veis pela forma\u00e7\u00e3o de alunos de&nbsp;<\/span><span style=\"color: rgb(0, 0, 0); font-family: &quot;times new roman&quot;, times, serif; font-weight: var( --e-global-typography-text-font-weight );\">gradua\u00e7\u00e3o na habilita\u00e7\u00e3o em Engenharia Civil da Escola Polit\u00e9cnica. Ademais, \u00e9 um dos quatro&nbsp;<\/span><span style=\"color: rgb(0, 0, 0); font-family: &quot;times new roman&quot;, times, serif; font-weight: var( --e-global-typography-text-font-weight );\">principais, dentre dezesseis departamentos da Universidade de S\u00e3o Paulo, respons\u00e1veis pela&nbsp;<\/span><span style=\"color: rgb(0, 0, 0); font-family: &quot;times new roman&quot;, times, serif; font-weight: var( --e-global-typography-text-font-weight );\">forma\u00e7\u00e3o de alunos de gradua\u00e7\u00e3o na habilita\u00e7\u00e3o em Engenharia Ambiental da Escola&nbsp;<\/span><span style=\"color: rgb(0, 0, 0); font-family: &quot;times new roman&quot;, times, serif; font-weight: var( --e-global-typography-text-font-weight );\">Polit\u00e9cnica. Tamb\u00e9m oferece disciplinas obrigat\u00f3rias para todas as habilita\u00e7\u00f5es de gradua\u00e7\u00e3o da&nbsp;<\/span><span style=\"color: rgb(0, 0, 0); font-family: &quot;times new roman&quot;, times, serif; font-weight: var( --e-global-typography-text-font-weight );\">Escola Polit\u00e9cnica, assim como habilita\u00e7\u00f5es do Instituto de Geoci\u00eancias e da Faculdade de&nbsp;<\/span><span style=\"color: rgb(0, 0, 0); font-family: &quot;times new roman&quot;, times, serif; font-weight: var( --e-global-typography-text-font-weight );\">Arquitetura e Urbanismo da USP.<\/span><\/p>\n<p><span style=\"font-family: 'times new roman', times, serif; color: #000000;\">Comp\u00f5e, com outros dois departamentos, o Programa de P\u00f3s-Gradua\u00e7\u00e3o em Engenharia Civil&nbsp;<\/span><span style=\"color: rgb(0, 0, 0); font-family: &quot;times new roman&quot;, times, serif; font-weight: var( --e-global-typography-text-font-weight );\">da EPUSP (PPGEC-Poli), que forma Mestres e Doutores desde 1970 em quatro \u00e1reas de&nbsp;<\/span><span style=\"color: rgb(0, 0, 0); font-family: &quot;times new roman&quot;, times, serif; font-weight: var( --e-global-typography-text-font-weight );\">concentra\u00e7\u00e3o, dentre as quais a de Engenharia de Estruturas e a de Engenharia Geot\u00e9cnica.<\/span><\/p>\n<p><span style=\"font-family: 'times new roman', times, serif; color: #000000;\">O corpo docente do Departamento \u00e9 composto por 38 docentes, dos quais 24 (63%) em RDIDP,&nbsp;<\/span><span style=\"color: rgb(0, 0, 0); font-family: &quot;times new roman&quot;, times, serif; font-weight: var( --e-global-typography-text-font-weight );\">6 em RTC (16%) e 8 em RTP (21%). Em termos de cargo, titula\u00e7\u00e3o ou fun\u00e7\u00e3o, 1 \u00e9 auxiliar de&nbsp;<\/span><span style=\"color: rgb(0, 0, 0); font-family: &quot;times new roman&quot;, times, serif; font-weight: var( --e-global-typography-text-font-weight );\">ensino, 3 s\u00e3o mestres, 20 s\u00e3o professores doutores, 6 s\u00e3o livre-docentes e 8 s\u00e3o titulares. Al\u00e9m&nbsp;<\/span><span style=\"color: rgb(0, 0, 0); font-family: &quot;times new roman&quot;, times, serif; font-weight: var( --e-global-typography-text-font-weight );\">disso, conta com 4 docentes aposentados que fazem parte do programa \u201cProfessor S\u00eanior\u201d.<\/span><\/p>\n<p><span style=\"font-family: 'times new roman', times, serif; color: #000000;\">O Departamento conta ainda com 11 servidores, dos quais 3 s\u00e3o administrativos (um dos quais&nbsp;<\/span><span style=\"color: rgb(0, 0, 0); font-family: &quot;times new roman&quot;, times, serif; font-weight: var( --e-global-typography-text-font-weight );\">em afastamento tempor\u00e1rio), 6 s\u00e3o t\u00e9cnicos ou auxiliares de laborat\u00f3rio, 1 \u00e9 analista de sistemas&nbsp;<\/span><span style=\"color: rgb(0, 0, 0); font-family: &quot;times new roman&quot;, times, serif; font-weight: var( --e-global-typography-text-font-weight );\">e 1 \u00e9 engenheiro.<\/span><\/p>\n<p><span style=\"font-family: 'times new roman', times, serif; color: #000000;\">Dentre as diversas disciplinas e sub\u00e1reas que comp\u00f5em as engenharias, a Resist\u00eancia dos&nbsp;<\/span><span style=\"color: rgb(0, 0, 0); font-family: &quot;times new roman&quot;, times, serif; font-weight: var( --e-global-typography-text-font-weight );\">Materiais e a Estabilidade das Constru\u00e7\u00f5es s\u00e3o duas das que est\u00e3o presentes na Escola&nbsp;<\/span><span style=\"color: rgb(0, 0, 0); font-family: &quot;times new roman&quot;, times, serif; font-weight: var( --e-global-typography-text-font-weight );\">Polit\u00e9cnica desde a sua funda\u00e7\u00e3o em 1893, por meio da c\u00e1tedra de Resist\u00eancia dos Materiais e&nbsp;<\/span><span style=\"color: rgb(0, 0, 0); font-family: &quot;times new roman&quot;, times, serif; font-weight: var( --e-global-typography-text-font-weight );\">do Gabinete de Resist\u00eancia dos Materiais e Estabilidade das Constru\u00e7\u00f5es \u2013 este \u00faltimo um&nbsp;<\/span><span style=\"color: rgb(0, 0, 0); font-family: &quot;times new roman&quot;, times, serif; font-weight: var( --e-global-typography-text-font-weight );\">laborat\u00f3rio criado em 1899 sob a supervis\u00e3o pessoal do ilustre engenheiro Ant\u00f4nio Francisco de&nbsp;<\/span><span style=\"color: rgb(0, 0, 0); font-family: &quot;times new roman&quot;, times, serif; font-weight: var( --e-global-typography-text-font-weight );\">Paula Souza, havendo servido, dentre outras coisas, de embri\u00e3o ao Instituto de Pesquisas&nbsp;<\/span><span style=\"color: rgb(0, 0, 0); font-family: &quot;times new roman&quot;, times, serif; font-weight: var( --e-global-typography-text-font-weight );\">Tecnol\u00f3gicas (IPT) do Estado de S\u00e3o Paulo. Essas disciplinas est\u00e3o sob a responsabilidade do&nbsp;<\/span><span style=\"color: rgb(0, 0, 0); font-family: &quot;times new roman&quot;, times, serif; font-weight: var( --e-global-typography-text-font-weight );\">PEF desde a cria\u00e7\u00e3o dos Departamentos na Universidade de S\u00e3o Paulo, em 1988.<\/span><\/p>\n<p><span style=\"font-family: 'times new roman', times, serif; color: #000000;\">Ao longo da hist\u00f3ria, a organiza\u00e7\u00e3o interna do PEF evoluiu conforme as demandas do ensino,&nbsp;<\/span><span style=\"color: rgb(0, 0, 0); font-family: &quot;times new roman&quot;, times, serif; font-weight: var( --e-global-typography-text-font-weight );\">pesquisa e extens\u00e3o. Atualmente, as atividades do Departamento podem ser reunidas em tr\u00eas&nbsp;<\/span><span style=\"color: rgb(0, 0, 0); font-family: &quot;times new roman&quot;, times, serif; font-weight: var( --e-global-typography-text-font-weight );\">grandes \u00e1reas, que se comp\u00f5em de sub\u00e1reas ou especialidades:<\/span><\/p>\n<p><span style=\"font-family: 'times new roman', times, serif; color: #000000;\">\u2022 Sistemas e Materiais estruturais<\/span><\/p>\n<p><span style=\"font-family: 'times new roman', times, serif; color: #000000;\">Especialidades: Projeto e M\u00e9todos Construtivos de Estruturas, Estruturas Met\u00e1licas, de&nbsp;<\/span><span style=\"color: rgb(0, 0, 0); font-family: &quot;times new roman&quot;, times, serif; font-weight: var( --e-global-typography-text-font-weight );\">Madeira e de Concreto, Pontes e Grandes Estruturas e An\u00e1lise Experimental<\/span><\/p>\n<p><span style=\"font-family: 'times new roman', times, serif; color: #000000;\">\u2022 Mec\u00e2nica das Estruturas<\/span><\/p>\n<p><span style=\"font-family: 'times new roman', times, serif; color: #000000;\">Especialidades: Teoria das Estruturas, Mec\u00e2nica dos S\u00f3lidos Deform\u00e1veis e M\u00e9todos&nbsp;<\/span><span style=\"color: rgb(0, 0, 0); font-family: &quot;times new roman&quot;, times, serif; font-weight: var( --e-global-typography-text-font-weight );\">Computacionais em Mec\u00e2nica Aplicada.<\/span><\/p>\n<p><span style=\"font-family: 'times new roman', times, serif; color: #000000;\">\u2022 Geotecnia<\/span><\/p>\n<p><span style=\"font-family: 'times new roman', times, serif; color: #000000;\">Especialidades: Mec\u00e2nica dos Solos, Obras de Terra, Funda\u00e7\u00f5es e Geotecnia Ambiental<\/span><\/p>\n<p><span style=\"font-family: 'times new roman', times, serif; color: #000000;\">A infraestrutura do PEF compreende tr\u00eas laborat\u00f3rios de ensino, pesquisa e extens\u00e3o:<\/span><\/p>\n<p><span style=\"font-family: 'times new roman', times, serif; color: #000000;\">\u2022 LEM \u2013 Laborat\u00f3rio de Estruturas e Materiais Estruturais<\/span><\/p>\n<p><span style=\"font-family: 'times new roman', times, serif; color: #000000;\">\u2022 LMC \u2013 Laborat\u00f3rio de Mec\u00e2nica Computacional<\/span><\/p>\n<p><span style=\"font-family: 'times new roman', times, serif; color: #000000;\">\u2022 LMS \u2013 Laborat\u00f3rio de Mec\u00e2nica dos Solos Milton Vargas<\/span><\/p>\n<p><span style=\"font-family: 'times new roman', times, serif; color: #000000;\">O PEF integra o laborat\u00f3rio multidisciplinar LIM \u2013 Laborat\u00f3rio de Inova\u00e7\u00e3o em Vias Metroferrovi\u00e1rias,&nbsp;<\/span><span style=\"color: rgb(0, 0, 0); font-family: &quot;times new roman&quot;, times, serif; font-weight: var( --e-global-typography-text-font-weight );\">com os Departamentos de Engenharia de Transportes e de Engenharia de Constru\u00e7\u00e3o Civil.<\/span><\/p>\n<p><span style=\"font-family: 'times new roman', times, serif; color: #000000;\">Tamb\u00e9m participa, por meio da coordena\u00e7\u00e3o, do NAP \u2013 N\u00facleo de Apoio \u00e0 Pesquisa USP&nbsp;<\/span><span style=\"color: rgb(0, 0, 0); font-family: &quot;times new roman&quot;, times, serif; font-weight: var( --e-global-typography-text-font-weight );\">Cidades, o que potencializa a sua atua\u00e7\u00e3o frente aos importantes desafios relacionados \u00e0&nbsp;<\/span><span style=\"color: rgb(0, 0, 0); font-family: &quot;times new roman&quot;, times, serif; font-weight: var( --e-global-typography-text-font-weight );\">infraestrutura das cidades brasileiras.<\/span><\/p>\n<\/div>\n<\/div>\n<div id=\"icpbravoaccess_loaded\">&nbsp;<\/div>\n<div id=\"icpbravoaccess_loaded\">&nbsp;<\/div>\t\t\t\t\t\t<\/div>\n\t\t\t\t<\/div>\n\t\t\t\t\t<\/div>\n\t\t<\/div>\n\t\t\t\t\t<\/div>\n\t\t<\/section>\n\t\t\t\t<\/div>\n\t\t","protected":false},"excerpt":{"rendered":"<p>Apresenta\u00e7\u00e3o O PEF-EPUSP \u00e9 um dos quatro departamentos respons\u00e1veis pela forma\u00e7\u00e3o de alunos de&nbsp;gradua\u00e7\u00e3o na habilita\u00e7\u00e3o em Engenharia Civil da Escola Polit\u00e9cnica. Ademais, \u00e9 um dos quatro&nbsp;principais, dentre dezesseis departamentos da Universidade de S\u00e3o Paulo, respons\u00e1veis pela&nbsp;forma\u00e7\u00e3o de alunos de gradua\u00e7\u00e3o na habilita\u00e7\u00e3o em Engenharia Ambiental da Escola&nbsp;Polit\u00e9cnica. Tamb\u00e9m oferece disciplinas obrigat\u00f3rias para todas as [&hellip;]<\/p>\n","protected":false},"author":1197,"featured_media":0,"parent":0,"menu_order":0,"comment_status":"closed","ping_status":"closed","template":"elementor_theme","meta":{"ocean_post_layout":"","ocean_both_sidebars_style":"","ocean_both_sidebars_content_width":0,"ocean_both_sidebars_sidebars_width":0,"ocean_sidebar":"0","ocean_second_sidebar":"0","ocean_disable_margins":"enable","ocean_add_body_class":"","ocean_shortcode_before_top_bar":"","ocean_shortcode_after_top_bar":"","ocean_shortcode_before_header":"","ocean_shortcode_after_header":"","ocean_has_shortcode":"","ocean_shortcode_after_title":"","ocean_shortcode_before_footer_widgets":"","ocean_shortcode_after_footer_widgets":"","ocean_shortcode_before_footer_bottom":"","ocean_shortcode_after_footer_bottom":"","ocean_display_top_bar":"default","ocean_display_header":"default","ocean_header_style":"","ocean_center_header_left_menu":"0","ocean_custom_header_template":"0","ocean_custom_logo":0,"ocean_custom_retina_logo":0,"ocean_custom_logo_max_width":0,"ocean_custom_logo_tablet_max_width":0,"ocean_custom_logo_mobile_max_width":0,"ocean_custom_logo_max_height":0,"ocean_custom_logo_tablet_max_height":0,"ocean_custom_logo_mobile_max_height":0,"ocean_header_custom_menu":"0","ocean_menu_typo_font_family":"0","ocean_menu_typo_font_subset":"","ocean_menu_typo_font_size":0,"ocean_menu_typo_font_size_tablet":0,"ocean_menu_typo_font_size_mobile":0,"ocean_menu_typo_font_size_unit":"px","ocean_menu_typo_font_weight":"","ocean_menu_typo_font_weight_tablet":"","ocean_menu_typo_font_weight_mobile":"","ocean_menu_typo_transform":"","ocean_menu_typo_transform_tablet":"","ocean_menu_typo_transform_mobile":"","ocean_menu_typo_line_height":0,"ocean_menu_typo_line_height_tablet":0,"ocean_menu_typo_line_height_mobile":0,"ocean_menu_typo_line_height_unit":"","ocean_menu_typo_spacing":0,"ocean_menu_typo_spacing_tablet":0,"ocean_menu_typo_spacing_mobile":0,"ocean_menu_typo_spacing_unit":"","ocean_menu_link_color":"","ocean_menu_link_color_hover":"","ocean_menu_link_color_active":"","ocean_menu_link_background":"","ocean_menu_link_hover_background":"","ocean_menu_link_active_background":"","ocean_menu_social_links_bg":"","ocean_menu_social_hover_links_bg":"","ocean_menu_social_links_color":"","ocean_menu_social_hover_links_color":"","ocean_disable_title":"default","ocean_disable_heading":"default","ocean_post_title":"","ocean_post_subheading":"","ocean_post_title_style":"","ocean_post_title_background_color":"","ocean_post_title_background":0,"ocean_post_title_bg_image_position":"","ocean_post_title_bg_image_attachment":"","ocean_post_title_bg_image_repeat":"","ocean_post_title_bg_image_size":"","ocean_post_title_height":0,"ocean_post_title_bg_overlay":0.5,"ocean_post_title_bg_overlay_color":"","ocean_disable_breadcrumbs":"default","ocean_breadcrumbs_color":"","ocean_breadcrumbs_separator_color":"","ocean_breadcrumbs_links_color":"","ocean_breadcrumbs_links_hover_color":"","ocean_display_footer_widgets":"default","ocean_display_footer_bottom":"default","ocean_custom_footer_template":"0","footnotes":"","_links_to":"","_links_to_target":""},"class_list":["post-194","page","type-page","status-publish","hentry","entry"],"_links":{"self":[{"href":"https:\/\/sites.usp.br\/pef\/wp-json\/wp\/v2\/pages\/194","targetHints":{"allow":["GET"]}}],"collection":[{"href":"https:\/\/sites.usp.br\/pef\/wp-json\/wp\/v2\/pages"}],"about":[{"href":"https:\/\/sites.usp.br\/pef\/wp-json\/wp\/v2\/types\/page"}],"author":[{"embeddable":true,"href":"https:\/\/sites.usp.br\/pef\/wp-json\/wp\/v2\/users\/1197"}],"replies":[{"embeddable":true,"href":"https:\/\/sites.usp.br\/pef\/wp-json\/wp\/v2\/comments?post=194"}],"version-history":[{"count":4,"href":"https:\/\/sites.usp.br\/pef\/wp-json\/wp\/v2\/pages\/194\/revisions"}],"predecessor-version":[{"id":1402,"href":"https:\/\/sites.usp.br\/pef\/wp-json\/wp\/v2\/pages\/194\/revisions\/1402"}],"wp:attachment":[{"href":"https:\/\/sites.usp.br\/pef\/wp-json\/wp\/v2\/media?parent=194"}],"curies":[{"name":"wp","href":"https:\/\/api.w.org\/{rel}","templated":true}]}}