{"id":1464,"date":"2020-07-21T03:57:38","date_gmt":"2020-07-21T05:57:38","guid":{"rendered":"https:\/\/sites.usp.br\/pef\/?page_id=173"},"modified":"2020-07-21T03:57:38","modified_gmt":"2020-07-21T05:57:38","slug":"coordenacao","status":"publish","type":"page","link":"https:\/\/sites.usp.br\/pef1\/coordenacao\/","title":{"rendered":"Coordena\u00e7\u00e3o"},"content":{"rendered":"<p><span style=\"color: #000000;font-size: 10pt\"><strong><span style=\"font-family: arial, helvetica, sans-serif\">Chefe do Departamento<\/span><\/strong><\/span><\/p>\n<ul>\n<li><span style=\"font-family: arial, helvetica, sans-serif;font-size: 10pt\">Prof. Dr. Miguel Angel Buelta Martinez\u00a0<\/span><\/li>\n<li><span style=\"font-family: arial, helvetica, sans-serif;font-size: 10pt\">Telefone: 3091-9766 \/ 3091-5489<\/span><\/li>\n<li><span style=\"font-family: arial, helvetica, sans-serif;font-size: 10pt\">e-mail:<\/span> <span style=\"font-family: arial, helvetica, sans-serif;font-size: 10pt;color: #33cccc\"><a style=\"color: #33cccc\">buelta@usp.br<\/a><\/span><\/li>\n<\/ul>\n<p><span style=\"color: #000000;font-size: 10pt\"><strong><span style=\"font-family: arial, helvetica, sans-serif\">Vice-chefe do Departamento<\/span><\/strong><\/span><\/p>\n<ul>\n<li><span style=\"font-family: arial, helvetica, sans-serif;font-size: 10pt\">Prof. Ruy Marcelo de Oliveira Pauletti<\/span><\/li>\n<li><span style=\"font-family: arial, helvetica, sans-serif;font-size: 10pt\">Telefone: 3091-5588<\/span><\/li>\n<li><span style=\"font-family: arial, helvetica, sans-serif;font-size: 10pt\">e-mail: <span style=\"color: #33cccc\"><a style=\"color: #33cccc\">pauletti@usp.br<\/a><\/span><\/span><\/li>\n<\/ul>\n<p><span style=\"color: #000000;font-size: 10pt\"><strong><span style=\"font-family: arial, helvetica, sans-serif\">Secret\u00e1ria do Departamento<\/span><\/strong><\/span><\/p>\n<ul>\n<li><span style=\"font-family: arial, helvetica, sans-serif;font-size: 10pt\">Ros\u00e2ngela Alves<\/span><\/li>\n<li><span style=\"font-family: arial, helvetica, sans-serif;font-size: 10pt\">e-mail: <\/span><span style=\"color: #33cccc\"><a style=\"color: #33cccc\" href=\"mailto:pef@usp.br\"><span style=\"font-family: arial, helvetica, sans-serif;font-size: 8pt\"><span style=\"font-size: 10pt\">pef@usp.br\u00a0<\/span><\/span><\/a><\/span><\/li>\n<li><span style=\"font-family: arial, helvetica, sans-serif;font-size: 10pt\"><span style=\"color: #000000\">T<\/span>elefone: 3091-5489<\/span><\/li>\n<\/ul>\n<p>&nbsp;<\/p>\n<p><span style=\"color: #000000;font-size: 10pt\"><strong><span style=\"font-family: arial, helvetica, sans-serif\">Coordenadores<\/span><\/strong><\/span><\/p>\n<p><span style=\"font-size: 10pt\"><strong><span style=\"font-family: arial, helvetica, sans-serif;color: #000000\">Gradua\u00e7\u00e3o<\/span><\/strong><\/span><\/p>\n<p><strong><span style=\"font-family: arial, helvetica, sans-serif;font-size: 10pt\">Titular<\/span><\/strong><\/p>\n<ul>\n<li><span style=\"font-size: 10pt;color: #000000\"><span style=\"font-family: arial, helvetica, sans-serif\">Prof. M\u00e1rio Eduardo Senatore Soares<\/span><\/span><\/li>\n<li><span style=\"font-family: arial, helvetica, sans-serif;font-size: 10pt;color: #000000\">Telefone: 3091-5522<\/span><\/li>\n<li><span style=\"font-family: arial, helvetica, sans-serif;font-size: 10pt;color: #000000\">e-mail: <\/span><span style=\"color: #33cccc\"><a style=\"color: #33cccc\" href=\"mailto:senatore@usp.br\"><span style=\"font-family: arial, helvetica, sans-serif;font-size: 10pt\">senatore@usp.br<\/span><\/a><\/span><\/li>\n<\/ul>\n<p><strong><span style=\"font-family: arial, helvetica, sans-serif;font-size: 10pt;color: #000000\">Suplente<\/span><\/strong><\/p>\n<ul>\n<li><span style=\"font-size: 10pt\"><span style=\"font-family: arial, helvetica, sans-serif;color: #000000\">Prof. <\/span><span style=\"font-family: arial, helvetica, sans-serif\">Jos\u00e9 Jorge Nader<\/span><\/span><\/li>\n<li><span style=\"font-family: arial, helvetica, sans-serif;font-size: 10pt;color: #000000\">Telefone: 3091-5522<\/span><\/li>\n<li><span style=\"font-family: arial, helvetica, sans-serif;font-size: 10pt;color: #33cccc\"><span style=\"color: #000000\">e-mail:<\/span> <a style=\"color: #33cccc\" href=\"mailto:jjnader@usp.br\">jjnader@usp.br<\/a><\/span><\/li>\n<\/ul>\n<p><span style=\"color: #000000;font-size: 10pt\"><strong><span style=\"font-family: arial, helvetica, sans-serif\">Secret\u00e1ria\u00a0<\/span><\/strong><\/span><\/p>\n<ul>\n<li><span style=\"font-family: arial, helvetica, sans-serif;font-size: 10pt\">Ros\u00e2ngela Ver\u00edssimo Gon\u00e7alves<\/span><\/li>\n<li><span style=\"font-family: arial, helvetica, sans-serif;font-size: 10pt\">e-mail: <span style=\"font-family: arial, helvetica, sans-serif;color: #000000\"><span style=\"color: #33cccc\"><span style=\"color: #000000\"><a style=\"color: #33cccc\">rosangela.goncalves@usp.br<\/a>\u00a0<\/span><\/span><\/span><\/span><\/li>\n<li><span style=\"font-family: arial, helvetica, sans-serif;font-size: 10pt\">Telefone: 3091-5706<\/span><\/li>\n<\/ul>\n<p><span style=\"font-family: arial, helvetica, sans-serif;font-size: 10pt\"><strong>P\u00f3s-Gradua\u00e7\u00e3o<\/strong><\/span><\/p>\n<p><span style=\"font-family: arial, helvetica, sans-serif;font-size: 10pt\"><strong>\u00c1rea de Estruturas<\/strong><\/span><\/p>\n<p><span style=\"font-family: arial, helvetica, sans-serif;font-size: 10pt\"><strong>Titular<\/strong><\/span><\/p>\n<ul>\n<li><span style=\"font-family: arial, helvetica, sans-serif;font-size: 10pt\">Prof. Guilherme Rosa Franzini<\/span><\/li>\n<li><span style=\"font-family: arial, helvetica, sans-serif;font-size: 10pt\">Telefone: 3091-5572<\/span><\/li>\n<li><span style=\"font-family: arial, helvetica, sans-serif;font-size: 10pt\">e-mail: <span style=\"color: #33cccc\">gfranzini<\/span><span style=\"font-family: arial, helvetica, sans-serif;font-size: 8pt;color: #000000\"><span style=\"color: #33cccc;font-size: 10pt\"><a style=\"color: #33cccc\">@usp.br<\/a><\/span><\/span><\/span><\/li>\n<\/ul>\n<p><span style=\"font-family: arial, helvetica, sans-serif;font-size: 10pt\"><strong>Suplente<\/strong><\/span><\/p>\n<ul>\n<li><span style=\"font-family: arial, helvetica, sans-serif;font-size: 10pt\">Prof.\u00a0Alfredo Gay Neto<\/span><\/li>\n<li><span style=\"font-family: arial, helvetica, sans-serif;font-size: 10pt\">Telefone: 3091-5572<\/span><\/li>\n<li><span style=\"font-family: arial, helvetica, sans-serif;font-size: 10pt\">e-mail: <span style=\"font-family: arial, helvetica, sans-serif;font-size: 8pt;color: #000000\"><span style=\"font-size: 10pt\"><span style=\"color: #000000\"><span style=\"color: #33cccc\"><a style=\"color: #33cccc\">alfredo.gay<\/a><\/span><span style=\"color: #33cccc;font-size: 10pt\"><a style=\"color: #33cccc\">@usp.br<\/a><\/span><\/span><\/span><\/span><\/span><\/li>\n<\/ul>\n<p><span style=\"font-family: arial, helvetica, sans-serif;font-size: 10pt\"><strong>\u00c1rea Geot\u00e9cnica<\/strong><\/span><\/p>\n<p><strong>\u00a0 <span style=\"font-family: arial, helvetica, sans-serif;font-size: 10pt\">Titular<\/span><\/strong><\/p>\n<ul>\n<li><span style=\"font-family: arial, helvetica, sans-serif;font-size: 10pt\">Prof.\u00a0 Maria Eugenia Gimenez Boscov<\/span><\/li>\n<li><span style=\"font-family: arial, helvetica, sans-serif;font-size: 10pt\">Telefone: 3091-5498<\/span><\/li>\n<li><span style=\"font-family: arial, helvetica, sans-serif;font-size: 10pt\">e-mail:<span style=\"color: #33cccc\"> <a style=\"color: #33cccc\" href=\"mailto:meboscov@usp.br\">meboscov@usp.br<\/a><\/span><\/span><\/li>\n<\/ul>\n<p><span style=\"font-family: arial, helvetica, sans-serif;font-size: 10pt\"><strong>Suplente<\/strong><\/span><\/p>\n<ul>\n<li><span style=\"font-family: arial, helvetica, sans-serif;font-size: 10pt\">Prof. Rodrigo Provasi<\/span><\/li>\n<li><span style=\"font-family: arial, helvetica, sans-serif;font-size: 10pt\">Telefone: <span style=\"font-family: arial, helvetica, sans-serif;font-size: 10pt;color: #000000\">3091-5145<\/span><\/span><\/li>\n<li><span style=\"font-family: arial, helvetica, sans-serif;font-size: 10pt\">e-mail: <span style=\"color: #33cccc;font-family: arial, helvetica, sans-serif;font-size: 10pt\">provasi<a style=\"color: #33cccc\" href=\"mailto:provasi@usp.br\">@usp.br<\/a><\/span>\u00a0<\/span><\/li>\n<\/ul>\n<p><span style=\"font-family: arial, helvetica, sans-serif;font-size: 10pt\"><strong>Secret\u00e1ria<\/strong><\/span><\/p>\n<ul>\n<li><span style=\"font-family: arial, helvetica, sans-serif;font-size: 10pt\">Maria Elizabete Santos Campos Addono<\/span><\/li>\n<li><span style=\"font-family: arial, helvetica, sans-serif;font-size: 10pt\">Telefone: 3091-5246<\/span><\/li>\n<li><span style=\"font-family: arial, helvetica, sans-serif;font-size: 10pt\">e-mail:<span style=\"color: #33cccc\"> <a style=\"color: #33cccc\" href=\"mailto:bete.campos@usp.br\">bete.campos@usp.br<\/a><\/span><\/span><\/li>\n<\/ul>\n<p><span style=\"font-size: 10pt\"><strong><span style=\"font-family: arial, helvetica, sans-serif;color: #000000\">Pesquisa<\/span><\/strong><\/span><\/p>\n<p><strong><span style=\"font-family: arial, helvetica, sans-serif;font-size: 10pt\">Titular<\/span><\/strong><\/p>\n<ul>\n<li><span style=\"font-family: arial, helvetica, sans-serif;font-size: 10pt;color: #000000\">Prof. Alfredo\u00a0Gay Neto<\/span><\/li>\n<li><span style=\"font-family: arial, helvetica, sans-serif;font-size: 10pt;color: #000000\">Telefone: 3091-5572<\/span><\/li>\n<li><span style=\"font-family: arial, helvetica, sans-serif;font-size: 8pt;color: #000000\"><span style=\"font-size: 10pt\"><span style=\"color: #000000\">e-mail: <span style=\"color: #33cccc\"><a style=\"color: #33cccc\">alfredo.gay<\/a><\/span><span style=\"color: #33cccc;font-size: 10pt\"><a style=\"color: #33cccc\">@usp.br<\/a><\/span><\/span><\/span><\/span><\/li>\n<\/ul>\n<p><span style=\"font-size: 10pt\"><strong><span style=\"font-family: arial, helvetica, sans-serif;color: #000000\">Suplente<\/span><\/strong><\/span><\/p>\n<ul>\n<li><span style=\"font-family: arial, helvetica, sans-serif;font-size: 10pt;color: #000000\">Prof. Guilherme Rosa Franzini<\/span><\/li>\n<li><span style=\"font-family: arial, helvetica, sans-serif;font-size: 10pt\">Telefone : 3091-5572<\/span><\/li>\n<li><span style=\"font-family: arial, helvetica, sans-serif;font-size: 10pt\">e-mail: <span style=\"color: #33cccc\">gfranzini<\/span><span style=\"font-family: arial, helvetica, sans-serif;font-size: 8pt;color: #000000\"><span style=\"color: #33cccc;font-size: 10pt\"><a style=\"color: #33cccc\">@usp.br<\/a><\/span><\/span><\/span><\/li>\n<\/ul>\n<p><strong><span style=\"font-family: arial, helvetica, sans-serif;font-size: 10pt;color: #000000\">Secret\u00e1ria<\/span><\/strong><\/p>\n<ul>\n<li><span style=\"font-family: arial, helvetica, sans-serif;font-size: 10pt\">Ros\u00e2ngela Alves<\/span><\/li>\n<li><span style=\"font-family: arial, helvetica, sans-serif;font-size: 10pt\">Telefone: 3091-5489<\/span><\/li>\n<li><span style=\"font-family: arial, helvetica, sans-serif;font-size: 10pt\">e-mail:<\/span> <a href=\"mailto:pef@usp.br\"><span style=\"color: #33cccc\"><span style=\"font-family: arial, helvetica, sans-serif;font-size: 10pt\">pef<\/span><span style=\"font-family: arial, helvetica, sans-serif;font-size: 8pt\"><span style=\"font-size: 10pt\">@usp.br<\/span><\/span><\/span><\/a><\/li>\n<\/ul>\n<p><span style=\"font-size: 10pt\"><strong><span style=\"font-family: arial, helvetica, sans-serif;color: #000000\"><br \/>\nCultura e Extens\u00e3o<\/span><\/strong><\/span><\/p>\n<ul>\n<li><span style=\"font-family: arial, helvetica, sans-serif;font-size: 10pt;color: #000000\">Prof. Rodrigo Provasi Correia<\/span><\/li>\n<li><span style=\"font-family: arial, helvetica, sans-serif;font-size: 10pt;color: #000000\">Telefone: 3091-5145<\/span><\/li>\n<li><span style=\"font-family: arial, helvetica, sans-serif;font-size: 10pt\">e-mail: <\/span><span style=\"color: #33cccc;font-family: arial, helvetica, sans-serif;font-size: 10pt\">provasi<a style=\"color: #33cccc\" href=\"mailto:provasi@usp.br\">@usp.br<\/a><\/span><\/li>\n<\/ul>\n<p><strong><span style=\"font-family: arial, helvetica, sans-serif;font-size: 10pt\">Suplente<\/span><\/strong><\/p>\n<ul>\n<li><span style=\"font-family: arial, helvetica, sans-serif;font-size: 10pt\">Prof. Dr. Val\u00e9rio da Silva Almeida<\/span><\/li>\n<li><span style=\"font-family: arial, helvetica, sans-serif;font-size: 10pt\">Telefone: 3091-5705<\/span><\/li>\n<li><span style=\"font-family: arial, helvetica, sans-serif;font-size: 10pt\">e-mail: <span style=\"color: #33cccc\">valerio.almeida@usp.br\u00a0<\/span><\/span><\/li>\n<\/ul>\n<p><strong><span style=\"font-family: arial, helvetica, sans-serif;font-size: 10pt\">Secret\u00e1ria<\/span><\/strong><\/p>\n<ul>\n<li><span style=\"font-family: arial, helvetica, sans-serif;font-size: 10pt\">Ros\u00e2ngela Alves<\/span><\/li>\n<li><span style=\"font-family: arial, helvetica, sans-serif;font-size: 10pt\">Telefone: 3091-5489<\/span><\/li>\n<li><span style=\"font-family: arial, helvetica, sans-serif;font-size: 10pt\">e-mail:<\/span> <a href=\"mailto:pef@usp.br\"><span style=\"color: #33cccc\"><span style=\"font-family: arial, helvetica, sans-serif;font-size: 10pt\">pef<\/span><span style=\"font-family: arial, helvetica, sans-serif;font-size: 8pt\"><span style=\"font-size: 10pt\">@usp.br<\/span><\/span><\/span><\/a><\/li>\n<\/ul>\n<p>&nbsp;<\/p>\n<p>&nbsp;<\/p>\n<p>&nbsp;<\/p>\n<p>&nbsp;<\/p>\n<div id=\"icpbravoaccess_loaded\"><\/div>\n<div id=\"icpbravoaccess_loaded\"><\/div>\n<div id=\"icpbravoaccess_loaded\"><\/div>\n<div id=\"icpbravoaccess_loaded\"><\/div>\n<div id=\"icpbravoaccess_loaded\"><\/div>\n<div id=\"icpbravoaccess_loaded\"><\/div>\n<div id=\"icpbravoaccess_loaded\"><\/div>\n<div id=\"icpbravoaccess_loaded\"><\/div>\n<div id=\"icpbravoaccess_loaded\"><\/div>\n","protected":false},"excerpt":{"rendered":"<p>Chefe do Departamento Prof. Dr. Miguel Angel Buelta Martinez\u00a0 Telefone: 3091-9766 \/ 3091-5489 e-mail: buelta@usp.br Vice-chefe do Departamento Prof. Ruy Marcelo de Oliveira Pauletti Telefone: 3091-5588 e-mail: pauletti@usp.br Secret\u00e1ria do Departamento Ros\u00e2ngela Alves e-mail: pef@usp.br\u00a0 Telefone: 3091-5489 &nbsp; Coordenadores Gradua\u00e7\u00e3o Titular Prof. M\u00e1rio Eduardo Senatore Soares Telefone: 3091-5522 e-mail: senatore@usp.br Suplente Prof. Jos\u00e9 Jorge Nader [&hellip;]<\/p>\n","protected":false},"author":1197,"featured_media":0,"parent":0,"menu_order":0,"comment_status":"closed","ping_status":"closed","template":"","meta":{"footnotes":"","_links_to":"","_links_to_target":""},"class_list":["post-1464","page","type-page","status-publish","hentry"],"_links":{"self":[{"href":"https:\/\/sites.usp.br\/pef1\/wp-json\/wp\/v2\/pages\/1464","targetHints":{"allow":["GET"]}}],"collection":[{"href":"https:\/\/sites.usp.br\/pef1\/wp-json\/wp\/v2\/pages"}],"about":[{"href":"https:\/\/sites.usp.br\/pef1\/wp-json\/wp\/v2\/types\/page"}],"author":[{"embeddable":true,"href":"https:\/\/sites.usp.br\/pef1\/wp-json\/wp\/v2\/users\/1197"}],"replies":[{"embeddable":true,"href":"https:\/\/sites.usp.br\/pef1\/wp-json\/wp\/v2\/comments?post=1464"}],"version-history":[{"count":0,"href":"https:\/\/sites.usp.br\/pef1\/wp-json\/wp\/v2\/pages\/1464\/revisions"}],"wp:attachment":[{"href":"https:\/\/sites.usp.br\/pef1\/wp-json\/wp\/v2\/media?parent=1464"}],"curies":[{"name":"wp","href":"https:\/\/api.w.org\/{rel}","templated":true}]}}