{"id":362,"date":"2020-08-25T03:25:05","date_gmt":"2020-08-25T05:25:05","guid":{"rendered":"http:\/\/sites.usp.br\/pef\/?page_id=362"},"modified":"2020-08-25T03:25:05","modified_gmt":"2020-08-25T05:25:05","slug":"missao-e-valores","status":"publish","type":"page","link":"https:\/\/sites.usp.br\/pef1\/missao-e-valores\/","title":{"rendered":"Miss\u00e3o, Vis\u00e3o e Valores"},"content":{"rendered":"<p><span style=\"font-family: arial, helvetica, sans-serif\"><strong>MISS\u00c3O<\/strong><\/span><\/p>\n<p><span style=\"font-family: arial, helvetica, sans-serif;font-size: 10pt\">Contribuir para a excel\u00eancia na forma\u00e7\u00e3o t\u00e9cnica, cient\u00edfica e human\u00edstica de engenheiros (em especial civis e ambientais), arquitetos e ge\u00f3logos, para que possam se tornar profissionais competentes e desempenhar papel de lideran\u00e7a no desenvolvimento e difus\u00e3o do conhecimento em sua \u00e1rea de atua\u00e7\u00e3o, visando ao progresso e bem-estar da Sociedade e \u00e0 preserva\u00e7\u00e3o do Meio-Ambiente. Tamb\u00e9m \u00e9 miss\u00e3o do PEF colaborar com o desenvolvimento do Estado de S\u00e3o Paulo e do pa\u00eds por meio de uma ampla atua\u00e7\u00e3o nas atividades-fim da Universidade de S\u00e3o Paulo.<\/span><\/p>\n<p><span style=\"font-family: arial, helvetica, sans-serif;font-size: 12pt\"><strong>VIS\u00c3O<\/strong><\/span><\/p>\n<p><span style=\"font-family: arial, helvetica, sans-serif;font-size: 10pt\">Ser um departamento acad\u00eamico de vanguarda nas engenharias de estruturas e geot\u00e9cnica, com protagonismo nacional e proje\u00e7\u00e3o internacional.<\/span><\/p>\n<p><span style=\"font-family: arial, helvetica, sans-serif;font-size: 12pt\"><strong>VALORES<\/strong><\/span><\/p>\n<ul>\n<li><span style=\"font-family: arial, helvetica, sans-serif;font-size: 10pt\">Excel\u00eancia t\u00e9cnica e cient\u00edfica<\/span><\/li>\n<li><span style=\"font-family: arial, helvetica, sans-serif;font-size: 10pt\">\u00c9tica<\/span><\/li>\n<li><span style=\"font-family: arial, helvetica, sans-serif;font-size: 10pt\">Responsabilidade social<\/span><\/li>\n<li><span style=\"font-family: arial, helvetica, sans-serif;font-size: 10pt\">Engajamento institucional<\/span><\/li>\n<\/ul>\n<p>&nbsp;<\/p>\n<p>&nbsp;<\/p>\n","protected":false},"excerpt":{"rendered":"<p>MISS\u00c3O Contribuir para a excel\u00eancia na forma\u00e7\u00e3o t\u00e9cnica, cient\u00edfica e human\u00edstica de engenheiros (em especial civis e ambientais), arquitetos e ge\u00f3logos, para que possam se tornar profissionais competentes e desempenhar papel de lideran\u00e7a no desenvolvimento e difus\u00e3o do conhecimento em sua \u00e1rea de atua\u00e7\u00e3o, visando ao progresso e bem-estar da Sociedade e \u00e0 preserva\u00e7\u00e3o do [&hellip;]<\/p>\n","protected":false},"author":1197,"featured_media":0,"parent":0,"menu_order":0,"comment_status":"closed","ping_status":"closed","template":"","meta":{"footnotes":"","_links_to":"","_links_to_target":""},"class_list":["post-362","page","type-page","status-publish","hentry"],"_links":{"self":[{"href":"https:\/\/sites.usp.br\/pef1\/wp-json\/wp\/v2\/pages\/362","targetHints":{"allow":["GET"]}}],"collection":[{"href":"https:\/\/sites.usp.br\/pef1\/wp-json\/wp\/v2\/pages"}],"about":[{"href":"https:\/\/sites.usp.br\/pef1\/wp-json\/wp\/v2\/types\/page"}],"author":[{"embeddable":true,"href":"https:\/\/sites.usp.br\/pef1\/wp-json\/wp\/v2\/users\/1197"}],"replies":[{"embeddable":true,"href":"https:\/\/sites.usp.br\/pef1\/wp-json\/wp\/v2\/comments?post=362"}],"version-history":[{"count":0,"href":"https:\/\/sites.usp.br\/pef1\/wp-json\/wp\/v2\/pages\/362\/revisions"}],"wp:attachment":[{"href":"https:\/\/sites.usp.br\/pef1\/wp-json\/wp\/v2\/media?parent=362"}],"curies":[{"name":"wp","href":"https:\/\/api.w.org\/{rel}","templated":true}]}}