{"id":1805,"date":"2019-06-13T15:57:12","date_gmt":"2019-06-13T18:57:12","guid":{"rendered":"http:\/\/sites.usp.br\/peq_epusp\/?page_id=1805"},"modified":"2026-02-03T18:26:49","modified_gmt":"2026-02-03T21:26:49","slug":"disciplinas","status":"publish","type":"page","link":"https:\/\/sites.usp.br\/peq_epusp\/disciplinas\/","title":{"rendered":"Disciplinas"},"content":{"rendered":"\t\t<div data-elementor-type=\"wp-page\" data-elementor-id=\"1805\" class=\"elementor elementor-1805\" data-elementor-post-type=\"page\">\n\t\t\t\t\t\t<section class=\"elementor-section elementor-top-section elementor-element elementor-element-c9fbaf7 elementor-section-stretched elementor-section-boxed elementor-section-height-default elementor-section-height-default\" data-id=\"c9fbaf7\" data-element_type=\"section\" data-settings=\"{&quot;background_background&quot;:&quot;classic&quot;,&quot;stretch_section&quot;:&quot;section-stretched&quot;}\">\n\t\t\t\t\t\t<div class=\"elementor-container elementor-column-gap-default\">\n\t\t\t\t\t<div class=\"elementor-column elementor-col-100 elementor-top-column elementor-element elementor-element-5e196dc\" data-id=\"5e196dc\" data-element_type=\"column\">\n\t\t\t<div class=\"elementor-widget-wrap elementor-element-populated\">\n\t\t\t\t\t\t<div class=\"elementor-element elementor-element-8072462 elementor-widget elementor-widget-spacer\" data-id=\"8072462\" data-element_type=\"widget\" data-widget_type=\"spacer.default\">\n\t\t\t\t<div class=\"elementor-widget-container\">\n\t\t\t\t\t<div class=\"elementor-spacer\">\n\t\t\t<div class=\"elementor-spacer-inner\"><\/div>\n\t\t<\/div>\n\t\t\t\t<\/div>\n\t\t\t\t<\/div>\n\t\t\t\t<div class=\"elementor-element elementor-element-d460561 elementor-widget elementor-widget-heading\" data-id=\"d460561\" data-element_type=\"widget\" data-widget_type=\"heading.default\">\n\t\t\t\t<div class=\"elementor-widget-container\">\n\t\t\t<h2 class=\"elementor-heading-title elementor-size-default\">DISCIPLINAS<\/h2>\t\t<\/div>\n\t\t\t\t<\/div>\n\t\t\t\t\t<\/div>\n\t\t<\/div>\n\t\t\t\t\t<\/div>\n\t\t<\/section>\n\t\t\t\t<section class=\"elementor-section elementor-top-section elementor-element elementor-element-1f8b45a elementor-section-stretched elementor-section-boxed elementor-section-height-default elementor-section-height-default\" data-id=\"1f8b45a\" data-element_type=\"section\" data-settings=\"{&quot;stretch_section&quot;:&quot;section-stretched&quot;,&quot;background_background&quot;:&quot;classic&quot;,&quot;shape_divider_bottom&quot;:&quot;wave-brush&quot;}\">\n\t\t\t\t\t<div class=\"elementor-shape elementor-shape-bottom\" data-negative=\"false\">\n\t\t\t<svg xmlns=\"http:\/\/www.w3.org\/2000\/svg\" viewBox=\"0 0 283.5 27.8\" preserveAspectRatio=\"none\">\n\t<path class=\"elementor-shape-fill\" d=\"M283.5,9.7c0,0-7.3,4.3-14,4.6c-6.8,0.3-12.6,0-20.9-1.5c-11.3-2-33.1-10.1-44.7-5.7\ts-12.1,4.6-18,7.4c-6.6,3.2-20,9.6-36.6,9.3C131.6,23.5,99.5,7.2,86.3,8c-1.4,0.1-6.6,0.8-10.5,2c-3.8,1.2-9.4,3.8-17,4.7\tc-3.2,0.4-8.3,1.1-14.2,0.9c-1.5-0.1-6.3-0.4-12-1.6c-5.7-1.2-11-3.1-15.8-3.7C6.5,9.2,0,10.8,0,10.8V0h283.5V9.7z M260.8,11.3\tc-0.7-1-2-0.4-4.3-0.4c-2.3,0-6.1-1.2-5.8-1.1c0.3,0.1,3.1,1.5,6,1.9C259.7,12.2,261.4,12.3,260.8,11.3z M242.4,8.6\tc0,0-2.4-0.2-5.6-0.9c-3.2-0.8-10.3-2.8-15.1-3.5c-8.2-1.1-15.8,0-15.1,0.1c0.8,0.1,9.6-0.6,17.6,1.1c3.3,0.7,9.3,2.2,12.4,2.7\tC239.9,8.7,242.4,8.6,242.4,8.6z M185.2,8.5c1.7-0.7-13.3,4.7-18.5,6.1c-2.1,0.6-6.2,1.6-10,2c-3.9,0.4-8.9,0.4-8.8,0.5\tc0,0.2,5.8,0.8,11.2,0c5.4-0.8,5.2-1.1,7.6-1.6C170.5,14.7,183.5,9.2,185.2,8.5z M199.1,6.9c0.2,0-0.8-0.4-4.8,1.1\tc-4,1.5-6.7,3.5-6.9,3.7c-0.2,0.1,3.5-1.8,6.6-3C197,7.5,199,6.9,199.1,6.9z M283,6c-0.1,0.1-1.9,1.1-4.8,2.5s-6.9,2.8-6.7,2.7\tc0.2,0,3.5-0.6,7.4-2.5C282.8,6.8,283.1,5.9,283,6z M31.3,11.6c0.1-0.2-1.9-0.2-4.5-1.2s-5.4-1.6-7.8-2C15,7.6,7.3,8.5,7.7,8.6\tC8,8.7,15.9,8.3,20.2,9.3c2.2,0.5,2.4,0.5,5.7,1.6S31.2,11.9,31.3,11.6z M73,9.2c0.4-0.1,3.5-1.6,8.4-2.6c4.9-1.1,8.9-0.5,8.9-0.8\tc0-0.3-1-0.9-6.2-0.3S72.6,9.3,73,9.2z M71.6,6.7C71.8,6.8,75,5.4,77.3,5c2.3-0.3,1.9-0.5,1.9-0.6c0-0.1-1.1-0.2-2.7,0.2\tC74.8,5.1,71.4,6.6,71.6,6.7z M93.6,4.4c0.1,0.2,3.5,0.8,5.6,1.8c2.1,1,1.8,0.6,1.9,0.5c0.1-0.1-0.8-0.8-2.4-1.3\tC97.1,4.8,93.5,4.2,93.6,4.4z M65.4,11.1c-0.1,0.3,0.3,0.5,1.9-0.2s2.6-1.3,2.2-1.2s-0.9,0.4-2.5,0.8C65.3,10.9,65.5,10.8,65.4,11.1\tz M34.5,12.4c-0.2,0,2.1,0.8,3.3,0.9c1.2,0.1,2,0.1,2-0.2c0-0.3-0.1-0.5-1.6-0.4C36.6,12.8,34.7,12.4,34.5,12.4z M152.2,21.1\tc-0.1,0.1-2.4-0.3-7.5-0.3c-5,0-13.6-2.4-17.2-3.5c-3.6-1.1,10,3.9,16.5,4.1C150.5,21.6,152.3,21,152.2,21.1z\"\/>\n\t<path class=\"elementor-shape-fill\" d=\"M269.6,18c-0.1-0.1-4.6,0.3-7.2,0c-7.3-0.7-17-3.2-16.6-2.9c0.4,0.3,13.7,3.1,17,3.3\tC267.7,18.8,269.7,18,269.6,18z\"\/>\n\t<path class=\"elementor-shape-fill\" d=\"M227.4,9.8c-0.2-0.1-4.5-1-9.5-1.2c-5-0.2-12.7,0.6-12.3,0.5c0.3-0.1,5.9-1.8,13.3-1.2\tS227.6,9.9,227.4,9.8z\"\/>\n\t<path class=\"elementor-shape-fill\" d=\"M204.5,13.4c-0.1-0.1,2-1,3.2-1.1c1.2-0.1,2,0,2,0.3c0,0.3-0.1,0.5-1.6,0.4\tC206.4,12.9,204.6,13.5,204.5,13.4z\"\/>\n\t<path class=\"elementor-shape-fill\" d=\"M201,10.6c0-0.1-4.4,1.2-6.3,2.2c-1.9,0.9-6.2,3.1-6.1,3.1c0.1,0.1,4.2-1.6,6.3-2.6\tS201,10.7,201,10.6z\"\/>\n\t<path class=\"elementor-shape-fill\" d=\"M154.5,26.7c-0.1-0.1-4.6,0.3-7.2,0c-7.3-0.7-17-3.2-16.6-2.9c0.4,0.3,13.7,3.1,17,3.3\tC152.6,27.5,154.6,26.8,154.5,26.7z\"\/>\n\t<path class=\"elementor-shape-fill\" d=\"M41.9,19.3c0,0,1.2-0.3,2.9-0.1c1.7,0.2,5.8,0.9,8.2,0.7c4.2-0.4,7.4-2.7,7-2.6\tc-0.4,0-4.3,2.2-8.6,1.9c-1.8-0.1-5.1-0.5-6.7-0.4S41.9,19.3,41.9,19.3z\"\/>\n\t<path class=\"elementor-shape-fill\" d=\"M75.5,12.6c0.2,0.1,2-0.8,4.3-1.1c2.3-0.2,2.1-0.3,2.1-0.5c0-0.1-1.8-0.4-3.4,0\tC76.9,11.5,75.3,12.5,75.5,12.6z\"\/>\n\t<path class=\"elementor-shape-fill\" d=\"M15.6,13.2c0-0.1,4.3,0,6.7,0.5c2.4,0.5,5,1.9,5,2c0,0.1-2.7-0.8-5.1-1.4\tC19.9,13.7,15.7,13.3,15.6,13.2z\"\/>\n<\/svg>\t\t<\/div>\n\t\t\t\t\t<div class=\"elementor-container elementor-column-gap-default\">\n\t\t\t\t\t<div class=\"elementor-column elementor-col-100 elementor-top-column elementor-element elementor-element-52c3cca\" data-id=\"52c3cca\" data-element_type=\"column\">\n\t\t\t<div class=\"elementor-widget-wrap elementor-element-populated\">\n\t\t\t\t\t\t<div class=\"elementor-element elementor-element-4fb4860 elementor-widget elementor-widget-spacer\" data-id=\"4fb4860\" data-element_type=\"widget\" data-widget_type=\"spacer.default\">\n\t\t\t\t<div class=\"elementor-widget-container\">\n\t\t\t\t\t<div class=\"elementor-spacer\">\n\t\t\t<div class=\"elementor-spacer-inner\"><\/div>\n\t\t<\/div>\n\t\t\t\t<\/div>\n\t\t\t\t<\/div>\n\t\t\t\t\t<\/div>\n\t\t<\/div>\n\t\t\t\t\t<\/div>\n\t\t<\/section>\n\t\t\t\t<section class=\"elementor-section elementor-top-section elementor-element elementor-element-de17d1f elementor-section-boxed elementor-section-height-default elementor-section-height-default\" data-id=\"de17d1f\" data-element_type=\"section\">\n\t\t\t\t\t\t<div class=\"elementor-container elementor-column-gap-default\">\n\t\t\t\t\t<div class=\"elementor-column elementor-col-100 elementor-top-column elementor-element elementor-element-b45cda0\" data-id=\"b45cda0\" data-element_type=\"column\">\n\t\t\t<div class=\"elementor-widget-wrap elementor-element-populated\">\n\t\t\t\t\t\t<div class=\"elementor-element elementor-element-25dace9 elementor-widget elementor-widget-spacer\" data-id=\"25dace9\" data-element_type=\"widget\" data-widget_type=\"spacer.default\">\n\t\t\t\t<div class=\"elementor-widget-container\">\n\t\t\t\t\t<div class=\"elementor-spacer\">\n\t\t\t<div class=\"elementor-spacer-inner\"><\/div>\n\t\t<\/div>\n\t\t\t\t<\/div>\n\t\t\t\t<\/div>\n\t\t\t\t\t<\/div>\n\t\t<\/div>\n\t\t\t\t\t<\/div>\n\t\t<\/section>\n\t\t\t\t<section class=\"elementor-section elementor-top-section elementor-element elementor-element-035922d elementor-section-boxed elementor-section-height-default elementor-section-height-default\" data-id=\"035922d\" data-element_type=\"section\">\n\t\t\t\t\t\t<div class=\"elementor-container elementor-column-gap-default\">\n\t\t\t\t\t<div class=\"elementor-column elementor-col-100 elementor-top-column elementor-element elementor-element-857fc99\" data-id=\"857fc99\" data-element_type=\"column\">\n\t\t\t<div class=\"elementor-widget-wrap elementor-element-populated\">\n\t\t\t\t\t\t<div class=\"elementor-element elementor-element-63e699c elementor-widget elementor-widget-heading\" data-id=\"63e699c\" data-element_type=\"widget\" data-widget_type=\"heading.default\">\n\t\t\t\t<div class=\"elementor-widget-container\">\n\t\t\t<h2 class=\"elementor-heading-title elementor-size-default\">Disciplinas Oferecidas<\/h2>\t\t<\/div>\n\t\t\t\t<\/div>\n\t\t\t\t<div class=\"elementor-element elementor-element-fc21243 elementor-widget elementor-widget-text-editor\" data-id=\"fc21243\" data-element_type=\"widget\" data-widget_type=\"text-editor.default\">\n\t\t\t\t<div class=\"elementor-widget-container\">\n\t\t\t\t\t\t\t<p>O sistema <a href=\"http:\/\/uspdigital.usp.br\/janus\/componente\/disciplinasOferecidasInicial.jsf?action=2&amp;codcpg=3&amp;codare=3137\" target=\"_blank\" rel=\"noopener noreferrer\">Janus<\/a>\u00a0\u00e9 o sistema de gest\u00e3o administrativa e de informa\u00e7\u00e3o da p\u00f3s-gradua\u00e7\u00e3o da USP.<\/p><p>Informa\u00e7\u00f5es sobre disciplinas oferecidas no PEQ\/EPUSP:<\/p><p><span style=\"font-family: Poppins, sans-serif; font-size: 16px; font-style: normal; font-variant-ligatures: normal; font-variant-caps: normal; font-weight: 400; background-color: inherit;\">&#8211;\u00a0<\/span><a href=\"http:\/\/sites.usp.br\/peq_epusp\/wp-content\/uploads\/sites\/126\/2026\/02\/Disciplinas_1e2_2026_vs6-1.pdf\">Disciplinas 2026 (Per\u00edodos 1 e 2)<\/a><br \/><span style=\"font-family: Poppins, sans-serif; font-size: 16px; font-style: normal; font-variant-ligatures: normal; font-variant-caps: normal; font-weight: 400;\">&#8211;\u00a0<\/span><a style=\"font-variant-ligatures: normal; font-variant-caps: normal; font-family: Poppins, sans-serif; font-size: 16px; font-style: normal; font-weight: 400; background-color: #ffffff; transition-property: all;\" href=\"https:\/\/sites.usp.br\/peq_epusp\/wp-content\/uploads\/sites\/126\/2025\/06\/Disciplinas_2025_3.pdf\">Disciplinas 2025 (Per\u00edodo 3)<\/a><br \/>&#8211; <a href=\"https:\/\/sites.usp.br\/peq_epusp\/wp-content\/uploads\/sites\/126\/2025\/02\/DISCIPLINAS-1-e-2-_PERIODO_2025-_-atualizado.pdf\">Disciplinas 2025 (Per\u00edodos 1 e 2)<\/a><br \/><span style=\"font-family: Poppins, sans-serif; font-size: 16px; font-style: normal; font-variant-ligatures: normal; font-variant-caps: normal; font-weight: 400;\">\u2013 <\/span><a style=\"font-family: Poppins, sans-serif; font-size: 16px; font-style: normal; font-variant-ligatures: normal; font-variant-caps: normal; font-weight: 400; background-color: #ffffff;\" href=\"https:\/\/sites.usp.br\/peq_epusp\/wp-content\/uploads\/sites\/126\/2024\/06\/DISCIPLINAS-3_PERIODO_2024.pdf\"> Disciplinas 2024 (Per\u00edodo 3)<\/a><br \/><span style=\"font-size: 16px;\">\u2013 <\/span><a style=\"font-size: 16px; background-color: #ffffff;\" href=\"https:\/\/sites.usp.br\/peq_epusp\/wp-content\/uploads\/sites\/126\/2024\/01\/DISCIPLINAS_1_e_2_periodo_2024_v3.pdf\" target=\"_blank\" rel=\"noopener\">Disciplinas 2024 (Per\u00edodos 1 e 2)<\/a><br \/><span style=\"font-size: 16px;\">\u2013\u00a0<\/span><a style=\"font-size: 16px; background-color: #ffffff;\" href=\"https:\/\/sites.usp.br\/peq_epusp\/wp-content\/uploads\/sites\/126\/2023\/07\/disciplinas-3-periodo-2023.pdf\" target=\"_blank\" rel=\"noopener\">Disciplinas 2023 (Per\u00edodo 3)<\/a><br \/><span style=\"font-size: 16px;\">\u2013\u00a0<\/span><a style=\"font-size: 16px; background-color: #ffffff;\" href=\"https:\/\/sites.usp.br\/peq_epusp\/wp-content\/uploads\/sites\/126\/2023\/06\/disciplinas-1-e-2-periodo-2023-v3.pdf\" target=\"_blank\" rel=\"noopener\">Disciplinas 2023 (Per\u00edodos 1 e 2)<\/a><br \/><span style=\"font-size: 16px;\">\u2013\u00a0<\/span><a style=\"font-size: 16px; background-color: #ffffff;\" href=\"https:\/\/sites.usp.br\/peq_epusp\/wp-content\/uploads\/sites\/126\/2022\/09\/disciplinas-3periodo2022_v4.pdf\">Disciplinas 2022 (Per\u00edodo 3)<\/a><br \/><span style=\"font-size: 16px;\">\u2013\u00a0<\/span><a style=\"font-size: 16px; background-color: #ffffff;\" href=\"https:\/\/sites.usp.br\/peq_epusp\/wp-content\/uploads\/sites\/126\/2022\/02\/DISCIPLINAS_1_e_2_periodo-2022-v1.pdf\" target=\"_blank\" rel=\"noopener\">Disciplinas 2022 (Per\u00edodos 1 e 2)<\/a><br \/><span style=\"font-size: 16px;\">\u2013\u00a0<\/span><a style=\"font-size: 16px; background-color: #ffffff;\" href=\"https:\/\/sites.usp.br\/peq_epusp\/wp-content\/uploads\/sites\/126\/2021\/07\/DISCIPLINAS_3_periodo-2021c.pdf\">Disciplinas 2021 (Per\u00edodo 3)<\/a><br \/><span style=\"font-size: 16px;\">\u2013\u00a0<\/span><a style=\"font-size: 16px; background-color: #ffffff;\" href=\"https:\/\/sites.usp.br\/peq_epusp\/wp-content\/uploads\/sites\/126\/2021\/04\/DISCIPLINAS_1_e_2_per%C3%ADodo-2021-v2.1.pdf\" target=\"_blank\" rel=\"noopener noreferrer\">Disciplinas 2021 (Per\u00edodos 1 e 2)<\/a><\/p><div>\u00a0<\/div><p>Informa\u00e7\u00f5es de disciplinas por todos os programas da USP pode ser pesquisadas neste\u00a0<a href=\"http:\/\/uspdigital.usp.br\/janus\/componente\/catalogoDisciplinasInicial.jsf\" target=\"_blank\" rel=\"noopener noreferrer\">link<\/a>.<\/p>\t\t\t\t\t\t<\/div>\n\t\t\t\t<\/div>\n\t\t\t\t\t<\/div>\n\t\t<\/div>\n\t\t\t\t\t<\/div>\n\t\t<\/section>\n\t\t\t\t<section class=\"elementor-section elementor-top-section elementor-element elementor-element-a9f841b elementor-section-boxed elementor-section-height-default elementor-section-height-default\" data-id=\"a9f841b\" data-element_type=\"section\">\n\t\t\t\t\t\t<div class=\"elementor-container elementor-column-gap-default\">\n\t\t\t\t\t<div class=\"elementor-column elementor-col-100 elementor-top-column elementor-element elementor-element-f54f69c\" data-id=\"f54f69c\" data-element_type=\"column\">\n\t\t\t<div class=\"elementor-widget-wrap elementor-element-populated\">\n\t\t\t\t\t\t<div class=\"elementor-element elementor-element-d9ea530 elementor-widget elementor-widget-spacer\" data-id=\"d9ea530\" data-element_type=\"widget\" data-widget_type=\"spacer.default\">\n\t\t\t\t<div class=\"elementor-widget-container\">\n\t\t\t\t\t<div class=\"elementor-spacer\">\n\t\t\t<div class=\"elementor-spacer-inner\"><\/div>\n\t\t<\/div>\n\t\t\t\t<\/div>\n\t\t\t\t<\/div>\n\t\t\t\t\t<\/div>\n\t\t<\/div>\n\t\t\t\t\t<\/div>\n\t\t<\/section>\n\t\t\t\t<section class=\"elementor-section elementor-top-section elementor-element elementor-element-92538df elementor-section-boxed elementor-section-height-default elementor-section-height-default\" data-id=\"92538df\" data-element_type=\"section\">\n\t\t\t\t\t\t<div class=\"elementor-container elementor-column-gap-default\">\n\t\t\t\t\t<div class=\"elementor-column elementor-col-100 elementor-top-column elementor-element elementor-element-a466a58\" data-id=\"a466a58\" data-element_type=\"column\">\n\t\t\t<div class=\"elementor-widget-wrap elementor-element-populated\">\n\t\t\t\t\t\t<div class=\"elementor-element elementor-element-6bc4b2b elementor-widget elementor-widget-heading\" data-id=\"6bc4b2b\" data-element_type=\"widget\" data-widget_type=\"heading.default\">\n\t\t\t\t<div class=\"elementor-widget-container\">\n\t\t\t<h2 class=\"elementor-heading-title elementor-size-default\">Cat\u00e1logo de disciplinas do PEQ-EPUSP e ementas<\/h2>\t\t<\/div>\n\t\t\t\t<\/div>\n\t\t\t\t<div class=\"elementor-element elementor-element-cd9fe60 elementor-widget elementor-widget-text-editor\" data-id=\"cd9fe60\" data-element_type=\"widget\" data-widget_type=\"text-editor.default\">\n\t\t\t\t<div class=\"elementor-widget-container\">\n\t\t\t\t\t\t\t<p>\u2013\u00a0<a href=\"https:\/\/uspdigital.usp.br\/janus\/publico\/disciplina\/C\/PQI5783\" target=\"_blank\" rel=\"noopener\">PQI5783<\/a>\u00a0An\u00e1lise de Sistemas em Engenharia Qu\u00edmica I<br \/>\u2013\u00a0<a href=\"https:\/\/uspdigital.usp.br\/janus\/publico\/disciplina\/C\/PQI5784\" target=\"_blank\" rel=\"noopener\">PQI5784<\/a>\u00a0An\u00e1lise de Sistemas em Engenharia Qu\u00edmica II<br \/>\u2013\u00a0<a href=\"https:\/\/uspdigital.usp.br\/janus\/publico\/disciplina\/C\/PQI5785\" target=\"_blank\" rel=\"noopener\">PQI5785<\/a>\u00a0An\u00e1lise de Sistemas em Engenharia Qu\u00edmica III<br \/>\u2013\u00a0<a href=\"https:\/\/uspdigital.usp.br\/janus\/publico\/disciplina\/C\/PQI5858\" target=\"_blank\" rel=\"noopener\">PQI5858<\/a>\u00a0An\u00e1lise Estat\u00edstica Multivari\u00e1vel Aplicada a Processos Qu\u00edmicos<br \/>\u2013\u00a0<a href=\"https:\/\/uspdigital.usp.br\/janus\/publico\/disciplina\/C\/PQI5866\" target=\"_blank\" rel=\"noopener\">PQI5866<\/a> Modelagem e Simula\u00e7\u00e3o para Projeto de Processos\u00a0<br \/>\u2013\u00a0<a href=\"https:\/\/uspdigital.usp.br\/janus\/publico\/disciplina\/C\/PQI5889\" target=\"_blank\" rel=\"noopener\">PQI5889<\/a>\u00a0Biorremedia\u00e7\u00e3o: Fundamentos<br \/>\u2013\u00a0<a href=\"https:\/\/uspdigital.usp.br\/janus\/publico\/disciplina\/C\/PQI5895\" target=\"_blank\" rel=\"noopener\">PQI5895<\/a>\u00a0Circularidade e Engenharia de Pol\u00edmeros<br \/>\u2013\u00a0<a href=\"https:\/\/uspdigital.usp.br\/janus\/publico\/disciplina\/C\/PQI5780\" target=\"_blank\" rel=\"noopener\">PQI5780<\/a>\u00a0Controle de Processos Qu\u00edmicos I<br \/>\u2013\u00a0<a href=\"https:\/\/uspdigital.usp.br\/janus\/publico\/disciplina\/C\/PQI5781\" target=\"_blank\" rel=\"noopener\">PQI5781<\/a>\u00a0Controle de Processos Qu\u00edmicos II<br \/>\u2013\u00a0<a href=\"https:\/\/uspdigital.usp.br\/janus\/publico\/disciplina\/C\/PQI5892\" target=\"_blank\" rel=\"noopener\">PQI5892<\/a>\u00a0Controle Preditivo N\u00e3o Linear<br \/>\u2013\u00a0<a href=\"https:\/\/uspdigital.usp.br\/janus\/publico\/disciplina\/C\/PQI5760\" target=\"_blank\" rel=\"noopener\">PQI5760<\/a>\u00a0Corros\u00e3o na Ind\u00fastria Qu\u00edmica: Mecanismos e Preven\u00e7\u00e3o<br \/>\u2013\u00a0<a href=\"https:\/\/uspdigital.usp.br\/janus\/publico\/disciplina\/C\/PQI5810\" target=\"_blank\" rel=\"noopener\">PQI5810<\/a>\u00a0Delineamento Experimental Aplicado ao Desenvolvimento e Melhoria de Processos<br \/>\u2013\u00a0<a href=\"https:\/\/uspdigital.usp.br\/janus\/publico\/disciplina\/C\/PQI5883\" target=\"_blank\" rel=\"noopener\">PQI5883<\/a>\u00a0Engenharia de Processos em Biorrefinarias<br \/>\u2013\u00a0<a href=\"https:\/\/uspdigital.usp.br\/janus\/publico\/disciplina\/C\/PQI5824\" target=\"_blank\" rel=\"noopener\">PQI5824<\/a>\u00a0Engenharia de Rea\u00e7\u00f5es de Polimeriza\u00e7\u00e3o<br \/>\u2013\u00a0<a href=\"https:\/\/uspdigital.usp.br\/janus\/publico\/disciplina\/C\/PQI5859\" target=\"_blank\" rel=\"noopener\">PQI5859<\/a>\u00a0Engenharia de Rea\u00e7\u00f5es de Polimeriza\u00e7\u00e3o II<br \/>\u2013\u00a0<a href=\"https:\/\/uspdigital.usp.br\/janus\/publico\/disciplina\/C\/PQI5776\" target=\"_blank\" rel=\"noopener\">PQI5776<\/a>\u00a0Fen\u00f4menos de Transporte I<br \/>\u2013\u00a0<a href=\"https:\/\/uspdigital.usp.br\/janus\/publico\/disciplina\/C\/PQI5888\" target=\"_blank\" rel=\"noopener\">PQI5888<\/a>\u00a0Fisiologia e Biotecnologia de Leveduras no Contexto Industrial<br \/>\u2013\u00a0<a href=\"https:\/\/uspdigital.usp.br\/janus\/publico\/disciplina\/C\/PQI5871\" target=\"_blank\" rel=\"noopener\">PQI5871<\/a>\u00a0Fluidodin\u00e2mica Computacional<br \/>\u2013\u00a0<a href=\"https:\/\/uspdigital.usp.br\/janus\/publico\/disciplina\/C\/PQI5878\" target=\"_blank\" rel=\"noopener\">PQI5878<\/a>\u00a0Fundamentos de Cristaliza\u00e7\u00e3o e Precipita\u00e7\u00e3o a partir de Solu\u00e7\u00f5es<br \/>\u2013\u00a0<a href=\"https:\/\/uspdigital.usp.br\/janus\/publico\/disciplina\/C\/PQI5880\" target=\"_blank\" rel=\"noopener\">PQI5880<\/a>\u00a0Fundamentos de Engenharia<br \/>\u2013\u00a0<a href=\"https:\/\/uspdigital.usp.br\/janus\/publico\/disciplina\/C\/PQI5869\" target=\"_blank\" rel=\"noopener\">PQI5869<\/a>\u00a0Fundamentos de Processos de Separa\u00e7\u00e3o<br \/>\u2013\u00a0<a href=\"https:\/\/uspdigital.usp.br\/janus\/publico\/disciplina\/C\/PQI5820\" target=\"_blank\" rel=\"noopener\">PQI5820<\/a>\u00a0Fundamentos de Processos em Engenharia Qu\u00edmica I<br \/>\u2013\u00a0<a href=\"https:\/\/uspdigital.usp.br\/janus\/publico\/disciplina\/C\/PQI5835\" target=\"_blank\" rel=\"noopener\">PQI5835<\/a>\u00a0Identifica\u00e7\u00e3o de Sistemas. Obten\u00e7\u00e3o de Modelos Matem\u00e1ticos a partir de Dados de Laborat\u00f3rio e de Opera\u00e7\u00e3o Industrial<br \/>\u2013\u00a0<a href=\"https:\/\/uspdigital.usp.br\/janus\/publico\/disciplina\/C\/PQI5894\" target=\"_blank\" rel=\"noopener\">PQI5894<\/a>\u00a0Introdu\u00e7\u00e3o \u00e0 Termodin\u00e2mica Computacional<br \/>\u2013\u00a0<a href=\"https:\/\/uspdigital.usp.br\/janus\/publico\/disciplina\/C\/PQI5882\" target=\"_blank\" rel=\"noopener\">PQI5882<\/a>\u00a0Nanotecnologia Aplicada \u00e0 Engenharia Qu\u00edmica<br \/>\u2013\u00a0<a href=\"https:\/\/uspdigital.usp.br\/janus\/publico\/disciplina\/C\/PQI5893\" target=\"_blank\" rel=\"noopener\">PQI5893<\/a>\u00a0Otimiza\u00e7\u00e3o Estrutural de Processos N\u00e3o Linear Mista Inteira<br \/>\u2013\u00a0<a href=\"https:\/\/uspdigital.usp.br\/janus\/publico\/disciplina\/C\/PQI5887\" target=\"_blank\" rel=\"noopener\">PQI5887<\/a>\u00a0Problemas Especiais em Nanotecnologia Aplicada<br \/>\u2013\u00a0<a href=\"https:\/\/uspdigital.usp.br\/janus\/publico\/disciplina\/C\/PQI5884\" target=\"_blank\" rel=\"noopener\">PQI5884<\/a>\u00a0Programa\u00e7\u00e3o Inteira Mista Aplicada \u00e0 Otimiza\u00e7\u00e3o de Processos<br \/>\u2013\u00a0<a href=\"https:\/\/uspdigital.usp.br\/janus\/publico\/disciplina\/C\/PQI5870\" target=\"_blank\" rel=\"noopener\">PQI5870<\/a>\u00a0Prote\u00ednas Recombinantes: Aspectos Moleculares e Desenvolvimento de Processos<br \/>\u2013\u00a0<a href=\"https:\/\/uspdigital.usp.br\/janus\/publico\/disciplina\/C\/PQI5896\" target=\"_blank\" rel=\"noopener\">PQI5896<\/a>\u00a0Recupera\u00e7\u00e3o de Compostos Qu\u00edmicos em Solu\u00e7\u00f5es Aquosas por Membranas<br \/>\u2013\u00a0<a href=\"https:\/\/uspdigital.usp.br\/janus\/publico\/disciplina\/C\/PQI5881\" target=\"_blank\" rel=\"noopener\">PQI5881<\/a>\u00a0Res\u00edduos S\u00f3lidos Urbanos e Industriais<br \/>\u2013\u00a0<a href=\"https:\/\/uspdigital.usp.br\/janus\/publico\/disciplina\/C\/PQI5848\" target=\"_blank\" rel=\"noopener\">PQI5848<\/a>\u00a0Sistemas Particulados em Processos Qu\u00edmicos<br \/>\u2013\u00a0<a href=\"https:\/\/uspdigital.usp.br\/janus\/publico\/disciplina\/C\/PQI5849\" target=\"_blank\" rel=\"noopener\">PQI5849<\/a>\u00a0Sustentabilidade aplicada a Ind\u00fastria de Processos Qu\u00edmicos<br \/>\u2013\u00a0<a href=\"https:\/\/uspdigital.usp.br\/janus\/publico\/disciplina\/C\/PQI5886\" target=\"_blank\" rel=\"noopener\">PQI5886<\/a>\u00a0T\u00e9cnicas Anal\u00edticas em Engenharia Qu\u00edmica Ambiental I<br \/>\u2013\u00a0<a href=\"https:\/\/uspdigital.usp.br\/janus\/publico\/disciplina\/C\/PQI5891\" target=\"_blank\" rel=\"noopener\">PQI5891<\/a>\u00a0T\u00e9cnicas Anal\u00edticas em Engenharia Qu\u00edmica Ambiental II<br \/>\u2013\u00a0<a href=\"https:\/\/uspdigital.usp.br\/janus\/publico\/disciplina\/C\/PQI5890\" target=\"_blank\" rel=\"noopener\">PQI5890<\/a>\u00a0Termodin\u00e2mica de Equil\u00edbrio de Fases na Industria Qu\u00edmica e de Alimentos<br \/>\u2013\u00a0<a href=\"https:\/\/uspdigital.usp.br\/janus\/publico\/disciplina\/C\/PQI5821\" target=\"_blank\" rel=\"noopener\">PQI5821<\/a>\u00a0Termodin\u00e2mica para a Engenharia Qu\u00edmica<br \/>\u2013\u00a0<a href=\"https:\/\/uspdigital.usp.br\/janus\/publico\/disciplina\/C\/PQI5875\" target=\"_blank\" rel=\"noopener\">PQI5875<\/a>\u00a0T\u00f3picos Avan\u00e7ados de Pesquisa em Engenharia Qu\u00edmica I<br \/>\u2013\u00a0<a href=\"https:\/\/uspdigital.usp.br\/janus\/publico\/disciplina\/C\/PQI5876\" target=\"_blank\" rel=\"noopener\">PQI5876<\/a>\u00a0T\u00f3picos Avan\u00e7ados de Pesquisa em Engenharia Qu\u00edmica II<br \/>\u2013\u00a0<a href=\"https:\/\/uspdigital.usp.br\/janus\/publico\/disciplina\/C\/PQI5874\" target=\"_blank\" rel=\"noopener\">PQI5874<\/a>\u00a0T\u00f3picos de Pesquisa em Engenharia Qu\u00edmica<br \/>\u2013\u00a0<a href=\"https:\/\/uspdigital.usp.br\/janus\/publico\/disciplina\/C\/PQI5885\" target=\"_blank\" rel=\"noopener\">PQI5885<\/a>\u00a0T\u00f3picos Especiais em Tecnologia de Refino nas Ind\u00fastrias de Petr\u00f3leo, Metais e Bioprocessos<br \/>\u2013\u00a0<a href=\"https:\/\/uspdigital.usp.br\/janus\/publico\/disciplina\/C\/PQI5861\" target=\"_blank\" rel=\"noopener\">PQI5861<\/a>\u00a0Tratamento de \u00c1gua e Efluentes: Processos Avan\u00e7ados<\/p>\t\t\t\t\t\t<\/div>\n\t\t\t\t<\/div>\n\t\t\t\t\t<\/div>\n\t\t<\/div>\n\t\t\t\t\t<\/div>\n\t\t<\/section>\n\t\t\t\t<section class=\"elementor-section elementor-top-section elementor-element elementor-element-cbb2c72 elementor-section-boxed elementor-section-height-default elementor-section-height-default\" data-id=\"cbb2c72\" data-element_type=\"section\">\n\t\t\t\t\t\t<div class=\"elementor-container elementor-column-gap-default\">\n\t\t\t\t\t<div class=\"elementor-column elementor-col-100 elementor-top-column elementor-element elementor-element-98b2adf\" data-id=\"98b2adf\" data-element_type=\"column\">\n\t\t\t<div class=\"elementor-widget-wrap elementor-element-populated\">\n\t\t\t\t\t\t<div class=\"elementor-element elementor-element-c026f55 elementor-widget elementor-widget-spacer\" data-id=\"c026f55\" data-element_type=\"widget\" data-widget_type=\"spacer.default\">\n\t\t\t\t<div class=\"elementor-widget-container\">\n\t\t\t\t\t<div class=\"elementor-spacer\">\n\t\t\t<div class=\"elementor-spacer-inner\"><\/div>\n\t\t<\/div>\n\t\t\t\t<\/div>\n\t\t\t\t<\/div>\n\t\t\t\t\t<\/div>\n\t\t<\/div>\n\t\t\t\t\t<\/div>\n\t\t<\/section>\n\t\t\t\t<\/div>\n\t\t","protected":false},"excerpt":{"rendered":"<p>DISCIPLINAS Disciplinas Oferecidas O sistema Janus\u00a0\u00e9 o sistema de gest\u00e3o administrativa e de informa\u00e7\u00e3o da p\u00f3s-gradua\u00e7\u00e3o da USP. Informa\u00e7\u00f5es sobre disciplinas oferecidas no PEQ\/EPUSP: &#8211;\u00a0Disciplinas 2026 (Per\u00edodos 1 e 2)&#8211;\u00a0Disciplinas 2025 (Per\u00edodo 3)&#8211; Disciplinas 2025 (Per\u00edodos 1 e 2)\u2013 Disciplinas 2024 (Per\u00edodo 3)\u2013 Disciplinas 2024 (Per\u00edodos 1 e 2)\u2013\u00a0Disciplinas 2023 (Per\u00edodo 3)\u2013\u00a0Disciplinas 2023 (Per\u00edodos 1 [&hellip;]<\/p>\n","protected":false},"author":1200,"featured_media":0,"parent":0,"menu_order":0,"comment_status":"closed","ping_status":"closed","template":"elementor_header_footer","meta":{"footnotes":"","_links_to":"","_links_to_target":""},"class_list":["post-1805","page","type-page","status-publish","hentry","entry"],"_links":{"self":[{"href":"https:\/\/sites.usp.br\/peq_epusp\/wp-json\/wp\/v2\/pages\/1805","targetHints":{"allow":["GET"]}}],"collection":[{"href":"https:\/\/sites.usp.br\/peq_epusp\/wp-json\/wp\/v2\/pages"}],"about":[{"href":"https:\/\/sites.usp.br\/peq_epusp\/wp-json\/wp\/v2\/types\/page"}],"author":[{"embeddable":true,"href":"https:\/\/sites.usp.br\/peq_epusp\/wp-json\/wp\/v2\/users\/1200"}],"replies":[{"embeddable":true,"href":"https:\/\/sites.usp.br\/peq_epusp\/wp-json\/wp\/v2\/comments?post=1805"}],"version-history":[{"count":4,"href":"https:\/\/sites.usp.br\/peq_epusp\/wp-json\/wp\/v2\/pages\/1805\/revisions"}],"predecessor-version":[{"id":5801,"href":"https:\/\/sites.usp.br\/peq_epusp\/wp-json\/wp\/v2\/pages\/1805\/revisions\/5801"}],"wp:attachment":[{"href":"https:\/\/sites.usp.br\/peq_epusp\/wp-json\/wp\/v2\/media?parent=1805"}],"curies":[{"name":"wp","href":"https:\/\/api.w.org\/{rel}","templated":true}]}}