{"id":2573,"date":"2021-07-09T16:53:42","date_gmt":"2021-07-09T19:53:42","guid":{"rendered":"https:\/\/sites.usp.br\/peq_epusp\/?page_id=2573"},"modified":"2023-09-21T02:57:05","modified_gmt":"2023-09-21T05:57:05","slug":"disciplinas-obrigatorias","status":"publish","type":"page","link":"https:\/\/sites.usp.br\/peq_epusp\/disciplinas-obrigatorias\/","title":{"rendered":"Disciplinas obrigat\u00f3rias"},"content":{"rendered":"\t\t<div data-elementor-type=\"wp-page\" data-elementor-id=\"2573\" class=\"elementor elementor-2573\" data-elementor-post-type=\"page\">\n\t\t\t\t\t\t<section class=\"elementor-section elementor-top-section elementor-element elementor-element-26fa85f elementor-section-stretched elementor-section-boxed elementor-section-height-default elementor-section-height-default\" data-id=\"26fa85f\" data-element_type=\"section\" data-settings=\"{&quot;background_background&quot;:&quot;classic&quot;,&quot;stretch_section&quot;:&quot;section-stretched&quot;}\">\n\t\t\t\t\t\t<div class=\"elementor-container elementor-column-gap-default\">\n\t\t\t\t\t<div class=\"elementor-column elementor-col-100 elementor-top-column elementor-element elementor-element-94eb1f6\" data-id=\"94eb1f6\" data-element_type=\"column\">\n\t\t\t<div class=\"elementor-widget-wrap elementor-element-populated\">\n\t\t\t\t\t\t<div class=\"elementor-element elementor-element-691209b elementor-widget elementor-widget-spacer\" data-id=\"691209b\" data-element_type=\"widget\" data-widget_type=\"spacer.default\">\n\t\t\t\t<div class=\"elementor-widget-container\">\n\t\t\t\t\t<div class=\"elementor-spacer\">\n\t\t\t<div class=\"elementor-spacer-inner\"><\/div>\n\t\t<\/div>\n\t\t\t\t<\/div>\n\t\t\t\t<\/div>\n\t\t\t\t<div class=\"elementor-element elementor-element-83293cf elementor-widget elementor-widget-heading\" data-id=\"83293cf\" data-element_type=\"widget\" data-widget_type=\"heading.default\">\n\t\t\t\t<div class=\"elementor-widget-container\">\n\t\t\t<h2 class=\"elementor-heading-title elementor-size-default\">DISCIPLINAS OBRIGAT\u00d3RIAS<\/h2>\t\t<\/div>\n\t\t\t\t<\/div>\n\t\t\t\t\t<\/div>\n\t\t<\/div>\n\t\t\t\t\t<\/div>\n\t\t<\/section>\n\t\t\t\t<section class=\"elementor-section elementor-top-section elementor-element elementor-element-676c888 elementor-section-stretched elementor-section-boxed elementor-section-height-default elementor-section-height-default\" data-id=\"676c888\" data-element_type=\"section\" data-settings=\"{&quot;stretch_section&quot;:&quot;section-stretched&quot;,&quot;background_background&quot;:&quot;classic&quot;,&quot;shape_divider_bottom&quot;:&quot;wave-brush&quot;}\">\n\t\t\t\t\t<div class=\"elementor-shape elementor-shape-bottom\" data-negative=\"false\">\n\t\t\t<svg xmlns=\"http:\/\/www.w3.org\/2000\/svg\" viewBox=\"0 0 283.5 27.8\" preserveAspectRatio=\"none\">\n\t<path class=\"elementor-shape-fill\" d=\"M283.5,9.7c0,0-7.3,4.3-14,4.6c-6.8,0.3-12.6,0-20.9-1.5c-11.3-2-33.1-10.1-44.7-5.7\ts-12.1,4.6-18,7.4c-6.6,3.2-20,9.6-36.6,9.3C131.6,23.5,99.5,7.2,86.3,8c-1.4,0.1-6.6,0.8-10.5,2c-3.8,1.2-9.4,3.8-17,4.7\tc-3.2,0.4-8.3,1.1-14.2,0.9c-1.5-0.1-6.3-0.4-12-1.6c-5.7-1.2-11-3.1-15.8-3.7C6.5,9.2,0,10.8,0,10.8V0h283.5V9.7z M260.8,11.3\tc-0.7-1-2-0.4-4.3-0.4c-2.3,0-6.1-1.2-5.8-1.1c0.3,0.1,3.1,1.5,6,1.9C259.7,12.2,261.4,12.3,260.8,11.3z M242.4,8.6\tc0,0-2.4-0.2-5.6-0.9c-3.2-0.8-10.3-2.8-15.1-3.5c-8.2-1.1-15.8,0-15.1,0.1c0.8,0.1,9.6-0.6,17.6,1.1c3.3,0.7,9.3,2.2,12.4,2.7\tC239.9,8.7,242.4,8.6,242.4,8.6z M185.2,8.5c1.7-0.7-13.3,4.7-18.5,6.1c-2.1,0.6-6.2,1.6-10,2c-3.9,0.4-8.9,0.4-8.8,0.5\tc0,0.2,5.8,0.8,11.2,0c5.4-0.8,5.2-1.1,7.6-1.6C170.5,14.7,183.5,9.2,185.2,8.5z M199.1,6.9c0.2,0-0.8-0.4-4.8,1.1\tc-4,1.5-6.7,3.5-6.9,3.7c-0.2,0.1,3.5-1.8,6.6-3C197,7.5,199,6.9,199.1,6.9z M283,6c-0.1,0.1-1.9,1.1-4.8,2.5s-6.9,2.8-6.7,2.7\tc0.2,0,3.5-0.6,7.4-2.5C282.8,6.8,283.1,5.9,283,6z M31.3,11.6c0.1-0.2-1.9-0.2-4.5-1.2s-5.4-1.6-7.8-2C15,7.6,7.3,8.5,7.7,8.6\tC8,8.7,15.9,8.3,20.2,9.3c2.2,0.5,2.4,0.5,5.7,1.6S31.2,11.9,31.3,11.6z M73,9.2c0.4-0.1,3.5-1.6,8.4-2.6c4.9-1.1,8.9-0.5,8.9-0.8\tc0-0.3-1-0.9-6.2-0.3S72.6,9.3,73,9.2z M71.6,6.7C71.8,6.8,75,5.4,77.3,5c2.3-0.3,1.9-0.5,1.9-0.6c0-0.1-1.1-0.2-2.7,0.2\tC74.8,5.1,71.4,6.6,71.6,6.7z M93.6,4.4c0.1,0.2,3.5,0.8,5.6,1.8c2.1,1,1.8,0.6,1.9,0.5c0.1-0.1-0.8-0.8-2.4-1.3\tC97.1,4.8,93.5,4.2,93.6,4.4z M65.4,11.1c-0.1,0.3,0.3,0.5,1.9-0.2s2.6-1.3,2.2-1.2s-0.9,0.4-2.5,0.8C65.3,10.9,65.5,10.8,65.4,11.1\tz M34.5,12.4c-0.2,0,2.1,0.8,3.3,0.9c1.2,0.1,2,0.1,2-0.2c0-0.3-0.1-0.5-1.6-0.4C36.6,12.8,34.7,12.4,34.5,12.4z M152.2,21.1\tc-0.1,0.1-2.4-0.3-7.5-0.3c-5,0-13.6-2.4-17.2-3.5c-3.6-1.1,10,3.9,16.5,4.1C150.5,21.6,152.3,21,152.2,21.1z\"\/>\n\t<path class=\"elementor-shape-fill\" d=\"M269.6,18c-0.1-0.1-4.6,0.3-7.2,0c-7.3-0.7-17-3.2-16.6-2.9c0.4,0.3,13.7,3.1,17,3.3\tC267.7,18.8,269.7,18,269.6,18z\"\/>\n\t<path class=\"elementor-shape-fill\" d=\"M227.4,9.8c-0.2-0.1-4.5-1-9.5-1.2c-5-0.2-12.7,0.6-12.3,0.5c0.3-0.1,5.9-1.8,13.3-1.2\tS227.6,9.9,227.4,9.8z\"\/>\n\t<path class=\"elementor-shape-fill\" d=\"M204.5,13.4c-0.1-0.1,2-1,3.2-1.1c1.2-0.1,2,0,2,0.3c0,0.3-0.1,0.5-1.6,0.4\tC206.4,12.9,204.6,13.5,204.5,13.4z\"\/>\n\t<path class=\"elementor-shape-fill\" d=\"M201,10.6c0-0.1-4.4,1.2-6.3,2.2c-1.9,0.9-6.2,3.1-6.1,3.1c0.1,0.1,4.2-1.6,6.3-2.6\tS201,10.7,201,10.6z\"\/>\n\t<path class=\"elementor-shape-fill\" d=\"M154.5,26.7c-0.1-0.1-4.6,0.3-7.2,0c-7.3-0.7-17-3.2-16.6-2.9c0.4,0.3,13.7,3.1,17,3.3\tC152.6,27.5,154.6,26.8,154.5,26.7z\"\/>\n\t<path class=\"elementor-shape-fill\" d=\"M41.9,19.3c0,0,1.2-0.3,2.9-0.1c1.7,0.2,5.8,0.9,8.2,0.7c4.2-0.4,7.4-2.7,7-2.6\tc-0.4,0-4.3,2.2-8.6,1.9c-1.8-0.1-5.1-0.5-6.7-0.4S41.9,19.3,41.9,19.3z\"\/>\n\t<path class=\"elementor-shape-fill\" d=\"M75.5,12.6c0.2,0.1,2-0.8,4.3-1.1c2.3-0.2,2.1-0.3,2.1-0.5c0-0.1-1.8-0.4-3.4,0\tC76.9,11.5,75.3,12.5,75.5,12.6z\"\/>\n\t<path class=\"elementor-shape-fill\" d=\"M15.6,13.2c0-0.1,4.3,0,6.7,0.5c2.4,0.5,5,1.9,5,2c0,0.1-2.7-0.8-5.1-1.4\tC19.9,13.7,15.7,13.3,15.6,13.2z\"\/>\n<\/svg>\t\t<\/div>\n\t\t\t\t\t<div class=\"elementor-container elementor-column-gap-default\">\n\t\t\t\t\t<div class=\"elementor-column elementor-col-100 elementor-top-column elementor-element elementor-element-71dbf76\" data-id=\"71dbf76\" data-element_type=\"column\">\n\t\t\t<div class=\"elementor-widget-wrap elementor-element-populated\">\n\t\t\t\t\t\t<div class=\"elementor-element elementor-element-b4b0db4 elementor-widget elementor-widget-spacer\" data-id=\"b4b0db4\" data-element_type=\"widget\" data-widget_type=\"spacer.default\">\n\t\t\t\t<div class=\"elementor-widget-container\">\n\t\t\t\t\t<div class=\"elementor-spacer\">\n\t\t\t<div class=\"elementor-spacer-inner\"><\/div>\n\t\t<\/div>\n\t\t\t\t<\/div>\n\t\t\t\t<\/div>\n\t\t\t\t\t<\/div>\n\t\t<\/div>\n\t\t\t\t\t<\/div>\n\t\t<\/section>\n\t\t\t\t<section class=\"elementor-section elementor-top-section elementor-element elementor-element-554f92d elementor-section-boxed elementor-section-height-default elementor-section-height-default\" data-id=\"554f92d\" data-element_type=\"section\">\n\t\t\t\t\t\t<div class=\"elementor-container elementor-column-gap-default\">\n\t\t\t\t\t<div class=\"elementor-column elementor-col-100 elementor-top-column elementor-element elementor-element-74da955\" data-id=\"74da955\" data-element_type=\"column\">\n\t\t\t<div class=\"elementor-widget-wrap elementor-element-populated\">\n\t\t\t\t\t\t<div class=\"elementor-element elementor-element-5d5a6ef elementor-widget elementor-widget-spacer\" data-id=\"5d5a6ef\" data-element_type=\"widget\" data-widget_type=\"spacer.default\">\n\t\t\t\t<div class=\"elementor-widget-container\">\n\t\t\t\t\t<div class=\"elementor-spacer\">\n\t\t\t<div class=\"elementor-spacer-inner\"><\/div>\n\t\t<\/div>\n\t\t\t\t<\/div>\n\t\t\t\t<\/div>\n\t\t\t\t\t<\/div>\n\t\t<\/div>\n\t\t\t\t\t<\/div>\n\t\t<\/section>\n\t\t\t\t<section class=\"elementor-section elementor-top-section elementor-element elementor-element-bd3f185 elementor-section-boxed elementor-section-height-default elementor-section-height-default\" data-id=\"bd3f185\" data-element_type=\"section\">\n\t\t\t\t\t\t<div class=\"elementor-container elementor-column-gap-default\">\n\t\t\t\t\t<div class=\"elementor-column elementor-col-100 elementor-top-column elementor-element elementor-element-5256724\" data-id=\"5256724\" data-element_type=\"column\">\n\t\t\t<div class=\"elementor-widget-wrap elementor-element-populated\">\n\t\t\t\t\t\t<div class=\"elementor-element elementor-element-99e990e elementor-widget elementor-widget-heading\" data-id=\"99e990e\" data-element_type=\"widget\" data-widget_type=\"heading.default\">\n\t\t\t\t<div class=\"elementor-widget-container\">\n\t\t\t<h2 class=\"elementor-heading-title elementor-size-default\">Disciplinas Fundamentais<\/h2>\t\t<\/div>\n\t\t\t\t<\/div>\n\t\t\t\t<div class=\"elementor-element elementor-element-3a767de elementor-widget elementor-widget-text-editor\" data-id=\"3a767de\" data-element_type=\"widget\" data-widget_type=\"text-editor.default\">\n\t\t\t\t<div class=\"elementor-widget-container\">\n\t\t\t\t\t\t\t<p>No ato da primeira matr\u00edcula como aluno regular de mestrado ou doutorado, deve ser selecionar uma destas disciplinas como \u201cobrigat\u00f3ria fundamental\u201d a ser cursada:<\/p><p>\u2022 <a href=\"https:\/\/uspdigital.usp.br\/janus\/publico\/disciplina\/C\/PQI5776\" target=\"_blank\" rel=\"noopener\">PQI5776<\/a>\u00a0Fen\u00f4menos de Transporte I<br \/>\u2022\u00a0<a href=\"https:\/\/uspdigital.usp.br\/janus\/publico\/disciplina\/C\/PQI5820\" target=\"_blank\" rel=\"noopener\">PQI5820<\/a>\u00a0Fundamentos de Processos em Engenharia Qu\u00edmica I<br \/>\u2022\u00a0<a href=\"https:\/\/uspdigital.usp.br\/janus\/publico\/disciplina\/C\/PQI5821\" target=\"_blank\" rel=\"noopener\">PQI5821<\/a>\u00a0Termodin\u00e2mica para a Engenharia Qu\u00edmica<br \/>\u2022\u00a0<a href=\"https:\/\/uspdigital.usp.br\/janus\/publico\/disciplina\/C\/PQI5880\" target=\"_blank\" rel=\"noopener\">PQI5880<\/a>\u00a0Fundamentos de Engenharia<\/p><p>Estas disciplinas n\u00e3o s\u00e3o excludentes, podendo o aluno cursar mais de uma, mas deve ser feita a sele\u00e7\u00e3o de uma delas como \u201cobrigat\u00f3ria fundamental\u201d.<\/p><p>O aluno que for reprovado na obrigat\u00f3ria fundamental selecionada dever\u00e1 se matricular na mesma disciplina quando do pr\u00f3ximo oferecimento.<\/p><p>Alunos do curso de doutorado ficam dispensados da obrigatoriedade de cursar uma disciplina fundamental caso esta tenha sido cursada no Mestrado.<\/p>\t\t\t\t\t\t<\/div>\n\t\t\t\t<\/div>\n\t\t\t\t\t<\/div>\n\t\t<\/div>\n\t\t\t\t\t<\/div>\n\t\t<\/section>\n\t\t\t\t<section class=\"elementor-section elementor-top-section elementor-element elementor-element-217aa6d elementor-section-boxed elementor-section-height-default elementor-section-height-default\" data-id=\"217aa6d\" data-element_type=\"section\">\n\t\t\t\t\t\t<div class=\"elementor-container elementor-column-gap-default\">\n\t\t\t\t\t<div class=\"elementor-column elementor-col-100 elementor-top-column elementor-element elementor-element-50a61b7\" data-id=\"50a61b7\" data-element_type=\"column\">\n\t\t\t<div class=\"elementor-widget-wrap elementor-element-populated\">\n\t\t\t\t\t\t<div class=\"elementor-element elementor-element-ebe1093 elementor-widget elementor-widget-spacer\" data-id=\"ebe1093\" data-element_type=\"widget\" data-widget_type=\"spacer.default\">\n\t\t\t\t<div class=\"elementor-widget-container\">\n\t\t\t\t\t<div class=\"elementor-spacer\">\n\t\t\t<div class=\"elementor-spacer-inner\"><\/div>\n\t\t<\/div>\n\t\t\t\t<\/div>\n\t\t\t\t<\/div>\n\t\t\t\t\t<\/div>\n\t\t<\/div>\n\t\t\t\t\t<\/div>\n\t\t<\/section>\n\t\t\t\t<section class=\"elementor-section elementor-top-section elementor-element elementor-element-f07bb91 elementor-section-boxed elementor-section-height-default elementor-section-height-default\" data-id=\"f07bb91\" data-element_type=\"section\">\n\t\t\t\t\t\t<div class=\"elementor-container elementor-column-gap-default\">\n\t\t\t\t\t<div class=\"elementor-column elementor-col-100 elementor-top-column elementor-element elementor-element-1216ac1\" data-id=\"1216ac1\" data-element_type=\"column\">\n\t\t\t<div class=\"elementor-widget-wrap elementor-element-populated\">\n\t\t\t\t\t\t<div class=\"elementor-element elementor-element-2b2d979 elementor-widget elementor-widget-heading\" data-id=\"2b2d979\" data-element_type=\"widget\" data-widget_type=\"heading.default\">\n\t\t\t\t<div class=\"elementor-widget-container\">\n\t\t\t<h2 class=\"elementor-heading-title elementor-size-default\">Disciplinas de T\u00f3picos<\/h2>\t\t<\/div>\n\t\t\t\t<\/div>\n\t\t\t\t<div class=\"elementor-element elementor-element-401200f elementor-widget elementor-widget-text-editor\" data-id=\"401200f\" data-element_type=\"widget\" data-widget_type=\"text-editor.default\">\n\t\t\t\t<div class=\"elementor-widget-container\">\n\t\t\t\t\t\t\t<p>Alunos de mestrado devem cursar a disciplina:<br \/>\u2022\u00a0<a href=\"https:\/\/uspdigital.usp.br\/janus\/publico\/disciplina\/C\/PQI5874\" target=\"_blank\" rel=\"noopener\">PQI5874<\/a>\u00a0T\u00f3picos de Pesquisa em Engenharia Qu\u00edmica,<br \/>que \u00e9 oferecida duas vezes ao ano nos Per\u00edodos 1 e 3. Idealmente, PQI5874 deve ser cursada ap\u00f3s 6 meses de mestrado.<\/p><p>Alunos de doutorado e doutorado direto devem cursar as disciplinas:<br \/>\u2022\u00a0<a href=\"https:\/\/uspdigital.usp.br\/janus\/publico\/disciplina\/C\/PQI5875\" target=\"_blank\" rel=\"noopener\">PQI5875<\/a>\u00a0T\u00f3picos Avan\u00e7ados de Pesquisa em Engenharia Qu\u00edmica I,<br \/>\u2022\u00a0<a href=\"https:\/\/uspdigital.usp.br\/janus\/publico\/disciplina\/C\/PQI5876\" target=\"_blank\" rel=\"noopener\">PQI5876<\/a>\u00a0T\u00f3picos Avan\u00e7ados de Pesquisa em Engenharia Qu\u00edmica II,<br \/>que s\u00e3o oferecidas uma vez ao ano no Per\u00edodo 2. Idealmente, PQI5875 deve ser cursada ap\u00f3s um ano de doutorado e PQI5876 ap\u00f3s 2 ou 3 anos de doutorado.<\/p><p>Alunos de doutorado direto ficam dispensados da obrigatoriedade de cursar PQI5876 caso tenham cursado PQI5874 no mestrado antes da transfer\u00eancia para doutorado direto.<\/p><p>O conte\u00fado das disciplinas de T\u00f3picos \u00e9:<br \/>a) participa\u00e7\u00e3o no Workshop do PEQ EPUSP,<br \/>b) participa\u00e7\u00e3o em semin\u00e1rios de professores ou profissionais convidados que s\u00e3o inclu\u00eddos na programa\u00e7\u00e3o da disciplina,<br \/>c) participa\u00e7\u00e3o em palestras abordando pesquisa na p\u00f3s-gradua\u00e7\u00e3o que s\u00e3o inclu\u00eddas na programa\u00e7\u00e3o da disciplina,<br \/>d) apresenta\u00e7\u00e3o da revis\u00e3o bibliogr\u00e1fica da disserta\u00e7\u00e3o ou tese.<\/p><p>\u00a0<\/p><p>Em casos excepcionais e devidamente justificados, pedidos de dispensa ou mudan\u00e7a de disciplinas obrigat\u00f3rias ser\u00e3o analisados pela CCP.<\/p>\t\t\t\t\t\t<\/div>\n\t\t\t\t<\/div>\n\t\t\t\t\t<\/div>\n\t\t<\/div>\n\t\t\t\t\t<\/div>\n\t\t<\/section>\n\t\t\t\t<section class=\"elementor-section elementor-top-section elementor-element elementor-element-af7cceb elementor-section-boxed elementor-section-height-default elementor-section-height-default\" data-id=\"af7cceb\" data-element_type=\"section\">\n\t\t\t\t\t\t<div class=\"elementor-container elementor-column-gap-default\">\n\t\t\t\t\t<div class=\"elementor-column elementor-col-100 elementor-top-column elementor-element elementor-element-6b8a85d\" data-id=\"6b8a85d\" data-element_type=\"column\">\n\t\t\t<div class=\"elementor-widget-wrap elementor-element-populated\">\n\t\t\t\t\t\t<div class=\"elementor-element elementor-element-1058ae7 elementor-widget elementor-widget-spacer\" data-id=\"1058ae7\" data-element_type=\"widget\" data-widget_type=\"spacer.default\">\n\t\t\t\t<div class=\"elementor-widget-container\">\n\t\t\t\t\t<div class=\"elementor-spacer\">\n\t\t\t<div class=\"elementor-spacer-inner\"><\/div>\n\t\t<\/div>\n\t\t\t\t<\/div>\n\t\t\t\t<\/div>\n\t\t\t\t\t<\/div>\n\t\t<\/div>\n\t\t\t\t\t<\/div>\n\t\t<\/section>\n\t\t\t\t<\/div>\n\t\t","protected":false},"excerpt":{"rendered":"<p>DISCIPLINAS OBRIGAT\u00d3RIAS Disciplinas Fundamentais No ato da primeira matr\u00edcula como aluno regular de mestrado ou doutorado, deve ser selecionar uma destas disciplinas como \u201cobrigat\u00f3ria fundamental\u201d a ser cursada: \u2022 PQI5776\u00a0Fen\u00f4menos de Transporte I \u2022\u00a0PQI5820\u00a0Fundamentos de Processos em Engenharia Qu\u00edmica I \u2022\u00a0PQI5821\u00a0Termodin\u00e2mica para a Engenharia Qu\u00edmica \u2022\u00a0PQI5880\u00a0Fundamentos de Engenharia Estas disciplinas n\u00e3o s\u00e3o excludentes, podendo o [&hellip;]<\/p>\n","protected":false},"author":1200,"featured_media":0,"parent":0,"menu_order":0,"comment_status":"closed","ping_status":"closed","template":"elementor_header_footer","meta":{"footnotes":"","_links_to":"","_links_to_target":""},"class_list":["post-2573","page","type-page","status-publish","hentry","entry"],"_links":{"self":[{"href":"https:\/\/sites.usp.br\/peq_epusp\/wp-json\/wp\/v2\/pages\/2573","targetHints":{"allow":["GET"]}}],"collection":[{"href":"https:\/\/sites.usp.br\/peq_epusp\/wp-json\/wp\/v2\/pages"}],"about":[{"href":"https:\/\/sites.usp.br\/peq_epusp\/wp-json\/wp\/v2\/types\/page"}],"author":[{"embeddable":true,"href":"https:\/\/sites.usp.br\/peq_epusp\/wp-json\/wp\/v2\/users\/1200"}],"replies":[{"embeddable":true,"href":"https:\/\/sites.usp.br\/peq_epusp\/wp-json\/wp\/v2\/comments?post=2573"}],"version-history":[{"count":4,"href":"https:\/\/sites.usp.br\/peq_epusp\/wp-json\/wp\/v2\/pages\/2573\/revisions"}],"predecessor-version":[{"id":4497,"href":"https:\/\/sites.usp.br\/peq_epusp\/wp-json\/wp\/v2\/pages\/2573\/revisions\/4497"}],"wp:attachment":[{"href":"https:\/\/sites.usp.br\/peq_epusp\/wp-json\/wp\/v2\/media?parent=2573"}],"curies":[{"name":"wp","href":"https:\/\/api.w.org\/{rel}","templated":true}]}}