{"id":4453,"date":"2023-09-21T01:01:29","date_gmt":"2023-09-21T04:01:29","guid":{"rendered":"https:\/\/sites.usp.br\/peq_epusp\/?page_id=4453"},"modified":"2026-03-11T15:38:07","modified_gmt":"2026-03-11T18:38:07","slug":"para-orientadores","status":"publish","type":"page","link":"https:\/\/sites.usp.br\/peq_epusp\/para-orientadores\/","title":{"rendered":"Para Orientadores"},"content":{"rendered":"<style>\/*! elementor - v3.18.0 - 08-12-2023 *\/<br \/>\n.elementor-column .elementor-spacer-inner{height:var(--spacer-size)}.e-con{--container-widget-width:100%}.e-con-inner>.elementor-widget-spacer,.e-con>.elementor-widget-spacer{width:var(--container-widget-width,var(--spacer-size));--align-self:var(--container-widget-align-self,initial);--flex-shrink:0}.e-con-inner>.elementor-widget-spacer>.elementor-widget-container,.e-con>.elementor-widget-spacer>.elementor-widget-container{height:100%;width:100%}.e-con-inner>.elementor-widget-spacer>.elementor-widget-container>.elementor-spacer,.e-con>.elementor-widget-spacer>.elementor-widget-container>.elementor-spacer{height:100%}.e-con-inner>.elementor-widget-spacer>.elementor-widget-container>.elementor-spacer>.elementor-spacer-inner,.e-con>.elementor-widget-spacer>.elementor-widget-container>.elementor-spacer>.elementor-spacer-inner{height:var(--container-widget-height,var(--spacer-size))}.e-con-inner>.elementor-widget-spacer.elementor-widget-empty,.e-con>.elementor-widget-spacer.elementor-widget-empty{position:relative;min-height:22px;min-width:22px}.e-con-inner>.elementor-widget-spacer.elementor-widget-empty .elementor-widget-empty-icon,.e-con>.elementor-widget-spacer.elementor-widget-empty .elementor-widget-empty-icon{position:absolute;top:0;bottom:0;left:0;right:0;margin:auto;padding:0;width:22px;height:22px}<\/style>\n<style>\/*! elementor - v3.18.0 - 08-12-2023 *\/<br \/>\n.elementor-heading-title{padding:0;margin:0;line-height:1}.elementor-widget-heading .elementor-heading-title[class*=elementor-size-]>a{color:inherit;font-size:inherit;line-height:inherit}.elementor-widget-heading .elementor-heading-title.elementor-size-small{font-size:15px}.elementor-widget-heading .elementor-heading-title.elementor-size-medium{font-size:19px}.elementor-widget-heading .elementor-heading-title.elementor-size-large{font-size:29px}.elementor-widget-heading .elementor-heading-title.elementor-size-xl{font-size:39px}.elementor-widget-heading .elementor-heading-title.elementor-size-xxl{font-size:59px}<\/style>\n<h2>PARA ORIENTADORES<\/h2>\n<h2>Informa\u00e7\u00f5es acad\u00eamicas para orientadores<\/h2>\n<style>\/*! elementor - v3.18.0 - 08-12-2023 *\/<br \/>\n.elementor-accordion{text-align:left}.elementor-accordion .elementor-accordion-item{border:1px solid #d5d8dc}.elementor-accordion .elementor-accordion-item+.elementor-accordion-item{border-top:none}.elementor-accordion .elementor-tab-title{margin:0;padding:15px 20px;font-weight:700;line-height:1;cursor:pointer;outline:none}.elementor-accordion .elementor-tab-title .elementor-accordion-icon{display:inline-block;width:1.5em}.elementor-accordion .elementor-tab-title .elementor-accordion-icon svg{width:1em;height:1em}.elementor-accordion .elementor-tab-title .elementor-accordion-icon.elementor-accordion-icon-right{float:right;text-align:right}.elementor-accordion .elementor-tab-title .elementor-accordion-icon.elementor-accordion-icon-left{float:left;text-align:left}.elementor-accordion .elementor-tab-title .elementor-accordion-icon .elementor-accordion-icon-closed{display:block}.elementor-accordion .elementor-tab-title .elementor-accordion-icon .elementor-accordion-icon-opened,.elementor-accordion .elementor-tab-title.elementor-active .elementor-accordion-icon-closed{display:none}.elementor-accordion .elementor-tab-title.elementor-active .elementor-accordion-icon-opened{display:block}.elementor-accordion .elementor-tab-content{display:none;padding:15px 20px;border-top:1px solid #d5d8dc}@media (max-width:767px){.elementor-accordion .elementor-tab-title{padding:12px 15px}.elementor-accordion .elementor-tab-title .elementor-accordion-icon{width:1.2em}.elementor-accordion .elementor-tab-content{padding:7px 15px}}.e-con-inner>.elementor-widget-accordion,.e-con>.elementor-widget-accordion{width:var(--container-widget-width);--flex-grow:var(--container-widget-flex-grow)}<\/style>\n<p><a tabindex=\"0\">Pedido de banca de defesa<\/a><\/p>\n<p>Concomitante ao dep\u00f3sito da disserta\u00e7\u00e3o ou tese, o orientador encaminha \u00e0 CCP uma proposta de comiss\u00e3o julgadora de defesa e a seguinte comprova\u00e7\u00e3o:<br \/>\na) Mestrado \u2013 submiss\u00e3o de pelo menos 1 trabalho em congresso cient\u00edfico de repercuss\u00e3o nacional ou internacional reconhecido pela comunidade, em coautoria com o orientador, no tema desenvolvido na disserta\u00e7\u00e3o e submetido durante o respectivo curso.<br \/>\nb) Doutorado \u2013 submiss\u00e3o de pelo menos 1 trabalho em peri\u00f3dico cient\u00edfico indexado no ISI Web of Science ou SciElo (ou indicador de produ\u00e7\u00e3o cient\u00edfica equivalente a ser avaliado pela CCP). Este trabalho deve ser em coautoria com o orientador, no tema desenvolvido na tese e submetido durante o respectivo curso.<\/p>\n<p>Para a composi\u00e7\u00e3o da banca:<br \/>\na) Tr\u00eas membros para mestrado e cinco para doutorado. O orientador ser\u00e1 o presidente com direito a voto.<br \/>\nb) A maioria dos membros dever\u00e1 ser externa ao Programa (2 para mestrado e 3 para doutorado), sendo pelo menos 1 externo \u00e0 EPUSP. Coorientadores e ministrantes de disciplinas s\u00e3o considerados internos ao Programa, mesmo sendo de outra institui\u00e7\u00e3o.<br \/>\nc) \u00c9 vedada a participa\u00e7\u00e3o de parente em linha direta ou colateral at\u00e9 quarto grau do aluno, do orientador e dos demais membros da comiss\u00e3o. \u00c9 vedada a participa\u00e7\u00e3o de membros que possuam qualquer rela\u00e7\u00e3o percebida como impeditiva de uma avalia\u00e7\u00e3o isenta.<br \/>\nd) Membros devem estar cadastrados no Sistema Janus. Caso necess\u00e1rio, preencher o Cadastro de professor (<a href=\"https:\/\/www.poli.usp.br\/wp-content\/uploads\/2010\/03\/media_download_posgraduacao_FormsDocentes_4.doc\" target=\"_blank\" rel=\"noopener noreferrer\">portugu\u00eas<\/a>\u00a0ou\u00a0<a href=\"https:\/\/www.poli.usp.br\/wp-content\/uploads\/2010\/03\/media_download_posgraduacao_FormsDocentes_3.doc\" target=\"_blank\" rel=\"noopener noreferrer\">ingl\u00eas<\/a>) e enviar o arquivo para\u00a0<a>pos.pqi.poli@usp.br<\/a>.<br \/>\ne) Na proposta deve haver, no m\u00ednimo, um suplente para cada membro titular.<br \/>\nf) Em caso de dupla-titula\u00e7\u00e3o, a comiss\u00e3o deve ser composta conforme conv\u00eanio.<\/p>\n<p>A realiza\u00e7\u00e3o da defesa pode ser em formato h\u00edbrido, mas com a presen\u00e7a do aluno e seu orientador (presidente da banca) na USP. A CCP e a CPG poder\u00e3o autorizar, em casos excepcionais, mediante apresenta\u00e7\u00e3o de justificativa pelo aluno e orientador, a realiza\u00e7\u00e3o totalmente remota da defesa \u2013\u00a0<a href=\"https:\/\/sites.usp.br\/peq_epusp\/wp-content\/uploads\/sites\/126\/2023\/01\/defesa_qualificacao_remota.docx\" target=\"_blank\" rel=\"noopener\">formul\u00e1rio<\/a>.<\/p>\n<p>Para o pedido de comiss\u00e3o julgadora, entregar na secretaria do PEQ-EPUSP:<br \/>\n\u2013 Formul\u00e1rio de banca de\u00a0<a href=\"https:\/\/www.poli.usp.br\/wp-content\/uploads\/2010\/03\/media_download_posgraduacao_FormsDocentes_5.doc\" target=\"_blank\" rel=\"noopener noreferrer\">mestrado<\/a>\u00a0ou\u00a0<a href=\"https:\/\/www.poli.usp.br\/wp-content\/uploads\/2010\/03\/media_download_posgraduacao_FormsDocentes_6.doc\" target=\"_blank\" rel=\"noopener noreferrer\">doutorado<\/a>\u00a0(enviar tamb\u00e9m o arquivo para\u00a0<a>pos.pqi.poli@usp.br<\/a>).<br \/>\n\u2013 Comprova\u00e7\u00e3o de submiss\u00e3o de trabalho cient\u00edfico correspondente.<\/p>\n<p>A proposta de comiss\u00e3o julgadora ser\u00e1 analisada em reuni\u00e3o da CCP e ser\u00e1 encaminhada para a reuni\u00e3o da CPG apenas ap\u00f3s confirma\u00e7\u00e3o do dep\u00f3sito da disserta\u00e7\u00e3o ou tese na Secretaria de P\u00f3s-gradua\u00e7\u00e3o da EPUSP. A defesa deve ocorrer em at\u00e9 120 dias ap\u00f3s designa\u00e7\u00e3o da comiss\u00e3o.<\/p>\n<p style=\"font-weight: 400;\">Conforme orientado pela Comiss\u00e3o de P\u00f3s-Gradua\u00e7\u00e3o da Escola Polit\u00e9cnica da USP, concomitantemente dever\u00e1 ser entregue tamb\u00e9m o formul\u00e1rio abaixo devidamente preenchido e assinado pelo email\u00a0\u00a0&lt;<a href=\"mailto:pos.pqi.poli@usp.br\">pos.pqi.poli@usp.br<\/a>&gt; com o t\u00edtulo &#8220;<a href=\"http:\/\/sites.usp.br\/peq_epusp\/wp-content\/uploads\/sites\/126\/2026\/03\/Formulario_Deposito_Dissertacao_Tese_PEQ-2026.doc\">Formulario_Deposito_Dissertacao_Tese_PEQ-2026<\/a>&#8220;<\/p>\n<p style=\"font-weight: 400;\">Trata-se de importante elemento de divulga\u00e7\u00e3o cient\u00edfica e do impacto potencial do trabalho desenvolvido no Programa de P\u00f3s-Gradua\u00e7\u00e3o.<\/p>\n<p><a tabindex=\"0\">Credenciamento ou recredenciamento como orientador<\/a><\/p>\n<p>O credenciamento pleno de um docente do departamento como orientador tem validade de 3 anos. O credenciamento pode ser espec\u00edfico para um aluno. Para pedir credenciamento inicial, recredenciamento, ou credenciamento espec\u00edfico, enviar eletronicamente para\u00a0<a>pos.pqi.poli@usp.br<\/a><br \/>\n\u2013 Carta de justificativa.<br \/>\n\u2013\u00a0<a href=\"https:\/\/sites.usp.br\/peq_epusp\/wp-content\/uploads\/sites\/126\/2019\/12\/credenciamento_orientador_2.docx\">Formul\u00e1rio<\/a>\u00a0de credenciamento.<br \/>\n\u2013 CV Lattes atualizado.<br \/>\n\u2013 Plano de pesquisa do aluno, no caso de credenciamento espec\u00edfico.<\/p>\n<p>Crit\u00e9rios para credenciamento pleno inicial \u2013 Item X.5 do\u00a0<a href=\"http:\/\/www.leginf.usp.br\/?resolucao=resolucao-copgr-no-7870-de-25-de-novembro-de-2019\" target=\"_blank\" rel=\"noopener noreferrer\">Regulamento do Programa<\/a>.<br \/>\nCrit\u00e9rios para primeiro recredenciamento \u2013 Item X.6 do\u00a0<a href=\"http:\/\/www.leginf.usp.br\/?resolucao=resolucao-copgr-no-7870-de-25-de-novembro-de-2019\" target=\"_blank\" rel=\"noopener noreferrer\">Regulamento do Programa<\/a>.<br \/>\nCrit\u00e9rios para demais recredenciamentos \u2013 Item X.7 do\u00a0<a href=\"http:\/\/www.leginf.usp.br\/?resolucao=resolucao-copgr-no-7870-de-25-de-novembro-de-2019\" target=\"_blank\" rel=\"noopener noreferrer\">Regulamento do Programa<\/a>.<br \/>\nCrit\u00e9rios para credenciamento espec\u00edfico \u2013 Item X.8 do\u00a0<a href=\"http:\/\/www.leginf.usp.br\/?resolucao=resolucao-copgr-no-7870-de-25-de-novembro-de-2019\" target=\"_blank\" rel=\"noopener noreferrer\">Regulamento do Programa<\/a>.<\/p>\n<p>O pedido ser\u00e1 analisado em reuni\u00e3o da CCP para indica\u00e7\u00e3o de parecerista. O parecer emitido ser\u00e1 analisado na reuni\u00e3o seguinte da CCP. Em caso favor\u00e1vel, o pedido ser\u00e1 encaminhado para reuni\u00e3o da CPG. Vide Calend\u00e1rio de reuni\u00f5es.<\/p>\n<p><a tabindex=\"0\">Credenciamento de coorientador<\/a><\/p>\n<p>Um aluno pode ter um ou mais coorientadores que contribuam com t\u00f3picos espec\u00edficos no desenvolvimento da tese ou disserta\u00e7\u00e3o. O coorientador dever\u00e1 ter t\u00edtulo de doutor. O credenciamento ser\u00e1 espec\u00edfico para um aluno e pode ser realizado em at\u00e9 80% do prazo regulamentar do curso, ou seja, 28,8 meses para mestrado, 43,2 meses para doutorado ou 52,8 meses para doutorado direto. Este prazo m\u00e1ximo n\u00e3o se aplica ao caso de supervisor de est\u00e1gio sandu\u00edche no exterior.<\/p>\n<p>Enviar eletronicamente para\u00a0<a>pos.pqi.poli@usp.br<\/a><br \/>\n\u2013 Carta de justificativa do orientador.<br \/>\n\u2013\u00a0<a href=\"https:\/\/sites.usp.br\/peq_epusp\/wp-content\/uploads\/sites\/126\/2019\/12\/credenciamento_orientador_2.docx\">Formul\u00e1rio<\/a>\u00a0de credenciamento.<br \/>\n\u2013 CV Lattes atualizado.<br \/>\n\u2013 Plano de pesquisa do aluno.<\/p>\n<p>Crit\u00e9rios para credenciamento de coorientador \u2013 Item XI.9 do\u00a0<a href=\"http:\/\/www.leginf.usp.br\/?resolucao=resolucao-copgr-no-7870-de-25-de-novembro-de-2019\" target=\"_blank\" rel=\"noopener noreferrer\">Regulamento do Programa<\/a>.<\/p>\n<p>O pedido ser\u00e1 analisado em reuni\u00e3o da CCP para indica\u00e7\u00e3o de parecerista. O parecer ser\u00e1 analisado na reuni\u00e3o seguinte da CCP. Em caso favor\u00e1vel, o pedido ser\u00e1 encaminhado para reuni\u00e3o da CPG. Vide Calend\u00e1rio de reuni\u00f5es.<\/p>\n<p><a tabindex=\"0\">Credenciamento ou recredenciamento de disciplina<\/a><\/p>\n<p>O credenciamento de disciplinas \u00e9 v\u00e1lido por 3 anos. Para pedir o credenciamento de uma nova disciplina ou o recredenciamento de disciplina existente, enviar eletronicamente para\u00a0<a>pos.pqi.poli@usp.br<\/a><br \/>\n\u2013 Carta de justificativa para o credenciamento ou recredenciamento, e justificativa da participa\u00e7\u00e3o de docentes colaboradores n\u00e3o credenciados no programa.<br \/>\n\u2013 <a href=\"https:\/\/sites.usp.br\/peq_epusp\/wp-content\/uploads\/sites\/126\/2022\/12\/credenciamento_disciplina_pos_2023.docx\">Formul\u00e1rio<\/a>\u00a0para proposta de disciplina (DOC).<br \/>\n\u2013 CV Lattes dos docentes.<\/p>\n<p>O pedido ser\u00e1 analisado em reuni\u00e3o da CCP para indica\u00e7\u00e3o de parecerista. O parecer ser\u00e1 analisado na reuni\u00e3o seguinte da CCP. Em caso favor\u00e1vel, o pedido ser\u00e1 encaminhado para reuni\u00e3o da CPG. Dado o tr\u00e2mite, \u00e9 importante pedir o credenciamento ou recredenciamento com anteced\u00eancia para que a disciplina esteja dispon\u00edvel no sistema Janus para matr\u00edcula. Vide Calend\u00e1rio de reuni\u00f5es.<\/p>\n<p><a tabindex=\"0\">Parecer sobre credenciamento de orientador\/coorientador<\/a><\/p>\n<p>Pedidos de credenciamento e recredenciamento de orientadores s\u00e3o encaminhados pela CCP para um parecerista, que deve levar em conta os crit\u00e9rios constantes no Item XI do\u00a0<a href=\"http:\/\/www.leginf.usp.br\/?resolucao=resolucao-copgr-no-7870-de-25-de-novembro-de-2019\" target=\"_blank\" rel=\"noopener noreferrer\">Regulamento do Programa<\/a>. Docentes externos ao departamento podem ser credenciados em condi\u00e7\u00f5es excepcionais para orienta\u00e7\u00e3o espec\u00edfica ou coorienta\u00e7\u00e3o.<\/p>\n<p>Entregar na secretaria do PEQ-EPUSP:<br \/>\n\u2013\u00a0<a href=\"https:\/\/sites.usp.br\/peq_epusp\/wp-content\/uploads\/sites\/126\/2019\/12\/parecer_credenciamento_pos_2.docx\" target=\"_blank\" rel=\"noopener noreferrer\">Formul\u00e1rio<\/a>\u00a0de parecer sobre credenciamento de orientador.<\/p>\n<p>O parecer ser\u00e1 apreciado em reuni\u00e3o da CCP.<\/p>\n<p><a tabindex=\"0\">Parecer sobre credenciamento de disciplina<\/a><\/p>\n<p>Pedidos de credenciamento e recredenciamento de disciplinas s\u00e3o encaminhados pela CCP para um parecerista, que deve levar em conta os seguintes crit\u00e9rios: a) Coer\u00eancia e clareza do programa da disciplina; b) M\u00e9rito e import\u00e2ncia da disciplina na forma\u00e7\u00e3o do aluno; c) Consist\u00eancia com as linhas de pesquisa do Programa; d) Pertin\u00eancia e atualidade da bibliografia; e) Compet\u00eancia e experi\u00eancia dos docentes respons\u00e1veis.<\/p>\n<p>Entregar na secretaria do PEQ-EPUSP:<br \/>\n\u2013\u00a0<a href=\"https:\/\/sites.usp.br\/peq_epusp\/wp-content\/uploads\/sites\/126\/2022\/01\/parecer_disciplina_pos_2022.docx\">Formul\u00e1rio<\/a>\u00a0de parecer sobre credenciamento de disciplina.<\/p>\n<p>O parecer ser\u00e1 apreciado em reuni\u00e3o da CCP.<\/p>\n<p><a tabindex=\"0\">Retifica\u00e7\u00e3o de conceito e frequ\u00eancia<\/a><\/p>\n<p>Havendo necessidade de retificar conceitos e\/ou frequ\u00eancia de alunos em disciplinas de p\u00f3s-gradua\u00e7\u00e3o, ap\u00f3s a consolida\u00e7\u00e3o no Sistema Janus, entregar na secretaria do PEQ-EPUSP:<br \/>\n\u2013\u00a0<a href=\"https:\/\/sites.usp.br\/peq_epusp\/wp-content\/uploads\/sites\/126\/2019\/06\/retificacao_conceito_freq_disciplina_pos.docx\">Formul\u00e1rio<\/a>\u00a0de retifica\u00e7\u00e3o.<\/p>\n","protected":false},"excerpt":{"rendered":"<p>PARA ORIENTADORES Informa\u00e7\u00f5es acad\u00eamicas para orientadores Pedido de banca de defesa Concomitante ao dep\u00f3sito da disserta\u00e7\u00e3o ou tese, o orientador encaminha \u00e0 CCP uma proposta de comiss\u00e3o julgadora de defesa e a seguinte comprova\u00e7\u00e3o: a) Mestrado \u2013 submiss\u00e3o de pelo menos 1 trabalho em congresso cient\u00edfico de repercuss\u00e3o nacional ou internacional reconhecido pela comunidade, em [&hellip;]<\/p>\n","protected":false},"author":1200,"featured_media":0,"parent":0,"menu_order":0,"comment_status":"closed","ping_status":"closed","template":"elementor_header_footer","meta":{"footnotes":"","_links_to":"","_links_to_target":""},"class_list":["post-4453","page","type-page","status-publish","hentry","entry"],"_links":{"self":[{"href":"https:\/\/sites.usp.br\/peq_epusp\/wp-json\/wp\/v2\/pages\/4453","targetHints":{"allow":["GET"]}}],"collection":[{"href":"https:\/\/sites.usp.br\/peq_epusp\/wp-json\/wp\/v2\/pages"}],"about":[{"href":"https:\/\/sites.usp.br\/peq_epusp\/wp-json\/wp\/v2\/types\/page"}],"author":[{"embeddable":true,"href":"https:\/\/sites.usp.br\/peq_epusp\/wp-json\/wp\/v2\/users\/1200"}],"replies":[{"embeddable":true,"href":"https:\/\/sites.usp.br\/peq_epusp\/wp-json\/wp\/v2\/comments?post=4453"}],"version-history":[{"count":4,"href":"https:\/\/sites.usp.br\/peq_epusp\/wp-json\/wp\/v2\/pages\/4453\/revisions"}],"predecessor-version":[{"id":5846,"href":"https:\/\/sites.usp.br\/peq_epusp\/wp-json\/wp\/v2\/pages\/4453\/revisions\/5846"}],"wp:attachment":[{"href":"https:\/\/sites.usp.br\/peq_epusp\/wp-json\/wp\/v2\/media?parent=4453"}],"curies":[{"name":"wp","href":"https:\/\/api.w.org\/{rel}","templated":true}]}}