{"id":246,"date":"2018-02-05T16:09:07","date_gmt":"2018-02-05T18:09:07","guid":{"rendered":"http:\/\/sites.usp.br\/pequim\/?page_id=246"},"modified":"2018-02-05T17:34:37","modified_gmt":"2018-02-05T19:34:37","slug":"cursos","status":"publish","type":"page","link":"https:\/\/sites.usp.br\/pequim\/cursos\/","title":{"rendered":"Cursos"},"content":{"rendered":"<p><strong>A Qu\u00edmica por meio de Experimenta\u00e7\u00e3o: Propostas para o Ensino de Rea\u00e7\u00f5es Redox &#8211; 2\u00aa Edi\u00e7\u00e3o <\/strong><\/p>\n<p>O curso tem como finalidade oferecer conhecimentos sobre rea\u00e7\u00f5es redox. Al\u00e9m disso, promover reflex\u00f5es sobre a experimenta\u00e7\u00e3o no ensino de qu\u00edmica; discutir as dificuldades de professores do ensino m\u00e9dio em rela\u00e7\u00e3o ao ensino de rea\u00e7\u00f5es redox; discutir de que forma esse conte\u00fado \u00e9 abordado pelos professores em termos de estrat\u00e9gias instrucionais, materiais curriculares utilizados, dificuldades dos seus alunos; e discutir pr\u00e1ticas educativas em rela\u00e7\u00e3o ao desenvolvimento desse conte\u00fado em sala de aula.<\/p>\n<p>O curso ser\u00e1 realizado em seis encontros presenciais, aos s\u00e1bados (10\/03; 24\/03; 14\/04; 28\/04; 12\/05; 26\/05) , no hor\u00e1rio das 8h \u00e0s 13h00.<\/p>\n<p>Endere\u00e7o: \u00a0Instituto de Qu\u00edmica da USP: Av. Prof. Lineu Prestes, 748, Butant\u00e3 &#8211; S\u00e3o Paulo &#8211; SP &#8211; CEP 05508-000<\/p>\n<p>Os interessados dever\u00e3o fazer a inscri\u00e7\u00e3o on-line (<a href=\"https:\/\/uspdigital.usp.br\/apolo\/inscricaoPublicaFormCursosOferecidosListar?oriins=W&amp;codund=46\">clique aqui<\/a>) de 22\/01\/2018 00:00 at\u00e9 14\/02\/2018 23:59 .<\/p>\n","protected":false},"excerpt":{"rendered":"<p>A Qu\u00edmica por meio de Experimenta\u00e7\u00e3o: Propostas para o Ensino de Rea\u00e7\u00f5es Redox &#8211; 2\u00aa Edi\u00e7\u00e3o O curso tem como finalidade oferecer conhecimentos sobre rea\u00e7\u00f5es redox. Al\u00e9m disso, promover reflex\u00f5es sobre a experimenta\u00e7\u00e3o no ensino de qu\u00edmica; discutir as dificuldades de professores do ensino m\u00e9dio em rela\u00e7\u00e3o ao ensino de rea\u00e7\u00f5es redox; discutir de que [&hellip;]<\/p>\n","protected":false},"author":124,"featured_media":0,"parent":0,"menu_order":0,"comment_status":"closed","ping_status":"closed","template":"","meta":{"footnotes":"","_links_to":"","_links_to_target":""},"class_list":["post-246","page","type-page","status-publish","hentry"],"_links":{"self":[{"href":"https:\/\/sites.usp.br\/pequim\/wp-json\/wp\/v2\/pages\/246","targetHints":{"allow":["GET"]}}],"collection":[{"href":"https:\/\/sites.usp.br\/pequim\/wp-json\/wp\/v2\/pages"}],"about":[{"href":"https:\/\/sites.usp.br\/pequim\/wp-json\/wp\/v2\/types\/page"}],"author":[{"embeddable":true,"href":"https:\/\/sites.usp.br\/pequim\/wp-json\/wp\/v2\/users\/124"}],"replies":[{"embeddable":true,"href":"https:\/\/sites.usp.br\/pequim\/wp-json\/wp\/v2\/comments?post=246"}],"version-history":[{"count":4,"href":"https:\/\/sites.usp.br\/pequim\/wp-json\/wp\/v2\/pages\/246\/revisions"}],"predecessor-version":[{"id":285,"href":"https:\/\/sites.usp.br\/pequim\/wp-json\/wp\/v2\/pages\/246\/revisions\/285"}],"wp:attachment":[{"href":"https:\/\/sites.usp.br\/pequim\/wp-json\/wp\/v2\/media?parent=246"}],"curies":[{"name":"wp","href":"https:\/\/api.w.org\/{rel}","templated":true}]}}